{"id":31958,"date":"2025-07-02T03:28:59","date_gmt":"2025-07-02T03:28:59","guid":{"rendered":"https:\/\/volovape.com\/?post_type=product&#038;p=31958"},"modified":"2025-11-19T01:47:08","modified_gmt":"2025-11-19T01:47:08","slug":"mrvi-gemeos-32k","status":"publish","type":"product","link":"https:\/\/volovape.com\/pt\/product\/mrvi-twins-32k\/","title":{"rendered":"MRVI Twins 32K 2 em 1 32000 Puffs | vape descart\u00e1vel de duplo sabor por atacado"},"content":{"rendered":"<h2>MRVI Twins 32K | Duplo Sabor 32000 Puff Vape Descart\u00e1vel<\/h2>\n<p><strong>Duplique o seu sabor. Duplique a sua divers\u00e3o.<\/strong><\/p>\n<p>O <strong>MRVI G\u00e9meos 32K<\/strong> foi concebido para os verdadeiros entusiastas do vapor que anseiam por variedade e contagens de baforadas monstruosas. Com um incr\u00edvel <strong>32.000 baforadas<\/strong> e c\u00e2maras de sabor duplas, pode mudar as coisas em qualquer altura sem ter de trocar de aparelho. Desfrute de uma experi\u00eancia suave e rica gra\u00e7as \u00e0 bobina de malha dupla e a uma generosa <strong>40mL de capacidade de e-l\u00edquido<\/strong> que nos mant\u00e9m activos durante semanas.<\/p>\n<ul>\n<li>Sistema de duplo sabor para infinitas combina\u00e7\u00f5es de sabores<\/li>\n<li>Enorme capacidade de 32 000 baforadas para utilizadores intensivos<\/li>\n<li>Corpo cristalino com ecr\u00e3 inteligente para um toque de estilo<\/li>\n<li>Carregamento r\u00e1pido tipo C para uma alimenta\u00e7\u00e3o f\u00e1cil e fi\u00e1vel<\/li>\n<li>Op\u00e7\u00f5es de nicotina 2% ou 5% para combinar com o seu estilo<\/li>\n<\/ul>\n<p>Quer esteja a abastecer-se para as suas pr\u00f3prias sess\u00f5es ou a encher as suas prateleiras, a MRVI Twins 32K proporciona um sabor, desempenho e valor grossista imbat\u00edveis - tudo numa embalagem elegante e potente.<\/p>\n<h3>Combina\u00e7\u00f5es de sabores<\/h3>\n<table border=\"1\" cellspacing=\"0\" cellpadding=\"6\">\n<thead>\n<tr>\n<th>C\u00e2mara A<\/th>\n<th>C\u00e2mara B<\/th>\n<\/tr>\n<\/thead>\n<tbody>\n<tr>\n<td>Sorvete de banana<\/td>\n<td>Morango Kiwi<\/td>\n<\/tr>\n<tr>\n<td>Sumo de manga<\/td>\n<td>Creme de laranja<\/td>\n<\/tr>\n<tr>\n<td>Gelo de P\u00eassego<\/td>\n<td>Touro Vermelho<\/td>\n<\/tr>\n<tr>\n<td>Gelo de mirtilo<\/td>\n<td>Gelo de Ma\u00e7\u00e3 Vermelha<\/td>\n<\/tr>\n<tr>\n<td>Gelo exuberante<\/td>\n<td>Frutas vermelhas mistas<\/td>\n<\/tr>\n<tr>\n<td>Sorvete de Morango<\/td>\n<td>Gota de arco-\u00edris<\/td>\n<\/tr>\n<tr>\n<td>Cereja efervescente<\/td>\n<td>Gelo Razz Azul<\/td>\n<\/tr>\n<tr>\n<td>Morango Melancia<\/td>\n<td>Uva Cranberry<\/td>\n<\/tr>\n<tr>\n<td>Mel\u00e3o Triplo<\/td>\n<td>picol\u00e9<\/td>\n<\/tr>\n<tr>\n<td>Gelo de Abacaxi<\/td>\n<td>Gelo de uva<\/td>\n<\/tr>\n<\/tbody>\n<\/table>\n<p><strong>Pronto para acabar com o t\u00e9dio do sabor? Conhe\u00e7a o MRVI Twins 32K - o derradeiro vape de duplo sabor para uma satisfa\u00e7\u00e3o impar\u00e1vel.<\/strong><\/p>\n<h3><img data-recalc-dims=\"1\" decoding=\"async\" style=\"color: #555555; font-size: 14.4px;\" src=\"https:\/\/i0.wp.com\/www.mrvivape-store.com\/wp-content\/uploads\/2025\/03\/%E6%B5%B7%E6%8A%A5_M-1-scaled.jpg?ssl=1\" alt=\"MRVI TWINS 32000 Puffs Dupla visualiza\u00e7\u00e3o do n\u00edvel de \u00f3leo e dois sabores--10PCS\/BOX\" title=\"\"><\/h3>","protected":false},"excerpt":{"rendered":"<p>Compre o vape descart\u00e1vel MRVI Twins 32000 com 32.000 baforadas, bobina de malha dupla, sabores duplos e carregamento Tipo C - o derradeiro favorito dos grossistas e ca\u00e7adores de sabores.<\/p>","protected":false},"featured_media":32255,"comment_status":"open","ping_status":"closed","template":"","meta":[],"product_brand":[240],"product_cat":[55,230],"product_tag":[],"class_list":{"0":"post-31958","1":"product","2":"type-product","3":"status-publish","4":"has-post-thumbnail","6":"product_brand-mrvi","7":"product_cat-mrvi","8":"product_cat-new","10":"first","11":"instock","12":"shipping-taxable","13":"purchasable","14":"product-type-variable","15":"has-default-attributes"},"jetpack_sharing_enabled":true,"tiered_pricing_type":"fixed","tiered_pricing_fixed_rules":{"100":6.230000000000000426325641456060111522674560546875,"200":5.86000000000000031974423109204508364200592041015625,"400":5.42999999999999971578290569595992565155029296875},"tiered_pricing_product_settings":{"layout":"default","base_unit_name":{"singular":null,"plural":null},"default_variation":null},"tiered_pricing_minimum_quantity":50,"tiered_pricing_roles_data":[],"tiered_pricing_percentage_rules":[],"tiered_pricing_maximum_quantity":null,"tiered_pricing_quantity_step":"10","_links":{"self":[{"href":"https:\/\/volovape.com\/pt\/wp-json\/wp\/v2\/product\/31958","targetHints":{"allow":["GET"]}}],"collection":[{"href":"https:\/\/volovape.com\/pt\/wp-json\/wp\/v2\/product"}],"about":[{"href":"https:\/\/volovape.com\/pt\/wp-json\/wp\/v2\/types\/product"}],"replies":[{"embeddable":true,"href":"https:\/\/volovape.com\/pt\/wp-json\/wp\/v2\/comments?post=31958"}],"wp:featuredmedia":[{"embeddable":true,"href":"https:\/\/volovape.com\/pt\/wp-json\/wp\/v2\/media\/32255"}],"wp:attachment":[{"href":"https:\/\/volovape.com\/pt\/wp-json\/wp\/v2\/media?parent=31958"}],"wp:term":[{"taxonomy":"product_brand","embeddable":true,"href":"https:\/\/volovape.com\/pt\/wp-json\/wp\/v2\/product_brand?post=31958"},{"taxonomy":"product_cat","embeddable":true,"href":"https:\/\/volovape.com\/pt\/wp-json\/wp\/v2\/product_cat?post=31958"},{"taxonomy":"product_tag","embeddable":true,"href":"https:\/\/volovape.com\/pt\/wp-json\/wp\/v2\/product_tag?post=31958"}],"curies":[{"name":"wp","href":"https:\/\/api.w.org\/{rel}","templated":true}]}}