{"id":31957,"date":"2025-07-02T03:28:59","date_gmt":"2025-07-02T03:28:59","guid":{"rendered":"https:\/\/volovape.com\/?post_type=product&#038;p=31957"},"modified":"2025-11-19T01:46:56","modified_gmt":"2025-11-19T01:46:56","slug":"mrvi-a-crescer-60k","status":"publish","type":"product","link":"https:\/\/volovape.com\/pt\/product\/mrvi-growing-60k\/","title":{"rendered":"MRVI GROWING 60K 3T SPIN 60000 Puffs | vape descart\u00e1vel de triplo sabor por atacado"},"content":{"rendered":"<h2>MRVI Growing 60K Spin | Vape descart\u00e1vel de sabor triplo<\/h2>\n<h3>Por que escolher o MRVI Crescendo 60K Spin? \u2728<\/h3>\n<p>Experimente o m\u00e1ximo em conveni\u00eancia e sabor de vaporiza\u00e7\u00e3o com o <strong>MRVI Crescimento 60K Spin<\/strong> vape descart\u00e1vel! Desfrute de at\u00e9 <strong>60.000 puffs suaves<\/strong> gra\u00e7as ao seu inovador interrutor de triplo sabor, garantindo que as suas papilas gustativas est\u00e3o sempre entretidas. Perfeito para utilizadores intensivos, entusiastas de sabores e propriet\u00e1rios de lojas de vape que procuram um produto de venda grossista de topo.<\/p>\n<ul>\n<li>\ud83d\udd25 <strong>Rota\u00e7\u00e3o tripla de sabores:<\/strong> Alterne entre 3 sabores excitantes a pedido!<\/li>\n<li>\ud83d\udca8 <strong>Enorme capacidade de 48mL de E-l\u00edquido:<\/strong> Mais baforadas, menos recargas, puro prazer.<\/li>\n<li>\u26a1 <strong>Carregamento r\u00e1pido:<\/strong> Equipado com uma bateria recarreg\u00e1vel de 650mAh e uma porta Tipo C.<\/li>\n<li>\ud83d\udda5\ufe0f <strong>Ecr\u00e3 inteligente:<\/strong> Monitoriza facilmente os n\u00edveis da bateria e do e-l\u00edquido.<\/li>\n<li>\ud83d\udc8e <strong>Design Premium:<\/strong> Est\u00e9tica cristalina concebida para impressionar.<\/li>\n<\/ul>\n<h3>Especifica\u00e7\u00f5es do produto \ud83d\udccb<\/h3>\n<ul>\n<li><strong>Contagem de Tragadas:<\/strong> At\u00e9 60.000 baforadas<\/li>\n<li><strong>Capacidade de e-l\u00edquido:<\/strong> 48mL<\/li>\n<li><strong>Bateria:<\/strong> 650mAh (recarreg\u00e1vel)<\/li>\n<li><strong>Porta de carregamento:<\/strong> Tipo C<\/li>\n<li><strong>Carater\u00edsticas:<\/strong> Interruptor de triplo sabor, ecr\u00e3 inteligente<\/li>\n<\/ul>\n<h3>Lista de sabores excitantes \ud83c\udf53\ud83c\udf6c\u2744\ufe0f<\/h3>\n<p>Explore uma gama din\u00e2mica de sabores que mant\u00eam cada baforada fresca e excitante:<\/p>\n<ul>\n<li>Gelo de melancia \ud83c\udf49\u2744\ufe0f<\/li>\n<li>Gummy Bear \ud83d\udc3b\ud83c\udf6d<\/li>\n<li>Cereja Doce de Gelo \ud83c\udf52\ud83c\udf6c\u2744\ufe0f<\/li>\n<li>...e muito mais! (A lista de sabores espec\u00edficos pode ser alargada aqui, se dispon\u00edvel)<\/li>\n<\/ul>","protected":false},"excerpt":{"rendered":"<p><strong>Liberte a liberdade do triplo sabor com a MRVI Growing 60K Spin.<\/strong> Concebido para vapers que querem mais - mais baforadas, mais sabores, mais satisfa\u00e7\u00e3o<\/p>","protected":false},"featured_media":32246,"comment_status":"open","ping_status":"closed","template":"","meta":[],"product_brand":[240],"product_cat":[55,230],"product_tag":[],"class_list":{"0":"post-31957","1":"product","2":"type-product","3":"status-publish","4":"has-post-thumbnail","6":"product_brand-mrvi","7":"product_cat-mrvi","8":"product_cat-new","10":"first","11":"instock","12":"shipping-taxable","13":"purchasable","14":"product-type-variable","15":"has-default-attributes"},"jetpack_sharing_enabled":true,"tiered_pricing_type":"fixed","tiered_pricing_fixed_rules":{"100":6.910000000000000142108547152020037174224853515625,"200":6.54000000000000003552713678800500929355621337890625,"400":6.11000000000000031974423109204508364200592041015625},"tiered_pricing_product_settings":{"layout":"default","base_unit_name":{"singular":null,"plural":null},"default_variation":null},"tiered_pricing_minimum_quantity":50,"tiered_pricing_roles_data":[],"tiered_pricing_percentage_rules":[],"tiered_pricing_maximum_quantity":null,"tiered_pricing_quantity_step":"10","_links":{"self":[{"href":"https:\/\/volovape.com\/pt\/wp-json\/wp\/v2\/product\/31957","targetHints":{"allow":["GET"]}}],"collection":[{"href":"https:\/\/volovape.com\/pt\/wp-json\/wp\/v2\/product"}],"about":[{"href":"https:\/\/volovape.com\/pt\/wp-json\/wp\/v2\/types\/product"}],"replies":[{"embeddable":true,"href":"https:\/\/volovape.com\/pt\/wp-json\/wp\/v2\/comments?post=31957"}],"wp:featuredmedia":[{"embeddable":true,"href":"https:\/\/volovape.com\/pt\/wp-json\/wp\/v2\/media\/32246"}],"wp:attachment":[{"href":"https:\/\/volovape.com\/pt\/wp-json\/wp\/v2\/media?parent=31957"}],"wp:term":[{"taxonomy":"product_brand","embeddable":true,"href":"https:\/\/volovape.com\/pt\/wp-json\/wp\/v2\/product_brand?post=31957"},{"taxonomy":"product_cat","embeddable":true,"href":"https:\/\/volovape.com\/pt\/wp-json\/wp\/v2\/product_cat?post=31957"},{"taxonomy":"product_tag","embeddable":true,"href":"https:\/\/volovape.com\/pt\/wp-json\/wp\/v2\/product_tag?post=31957"}],"curies":[{"name":"wp","href":"https:\/\/api.w.org\/{rel}","templated":true}]}}