{"id":31955,"date":"2025-07-02T03:28:58","date_gmt":"2025-07-02T03:28:58","guid":{"rendered":"https:\/\/volovape.com\/?post_type=product&#038;p=31955"},"modified":"2026-04-14T06:07:29","modified_gmt":"2026-04-14T06:07:29","slug":"fihp-60k-triplo-3-em-1","status":"publish","type":"product","link":"https:\/\/volovape.com\/pt\/product\/fihp-60k-triple-3-in-1\/","title":{"rendered":"FIHP 60K Triple 3-in-1 | 60000 puffs triplo sabor vape descart\u00e1vel a granel"},"content":{"rendered":"<h4>\ud83d\ude80 FIHP 60000 Triple: Vape 3 em 1 para o melhor sabor e valor! \ud83c\udf2c\ufe0f<\/h4>\n<p>Perfeito para entusiastas do sabor e ca\u00e7adores de nuvens, \u00e9 tamb\u00e9m uma escolha imbat\u00edvel para venda por grosso!<\/p>\n<h3>Porque \u00e9 que precisa do FIHP 60000 Triple:<\/h3>\n<ul>\n<li><strong>Divers\u00e3o com triplo sabor:<\/strong> Pode alternar entre 3\ufe0f\u20e3 sabores distintos sempre que quiser.<\/li>\n<li><strong>Grande n\u00famero de baforadas:<\/strong> Obter uma incr\u00edvel <strong>60.000 baforadas<\/strong> para um prazer prolongado.<\/li>\n<li><strong>Sabor e nuvens superiores:<\/strong> Equipado com potentes <strong>bobinas de malha dupla (0,9\u03a9)<\/strong> para um vapor rico e satisfat\u00f3rio.<\/li>\n<li><strong>Inteligente e c\u00f3modo:<\/strong> Mantenha-se informado com a <strong>Ecr\u00e3 inteligente LED<\/strong> para os n\u00edveis da bateria e do e-l\u00edquido.<\/li>\n<li><strong>Carregamento r\u00e1pido:<\/strong> Recarga r\u00e1pida atrav\u00e9s do fi\u00e1vel <strong>Porta tipo C<\/strong>.<\/li>\n<li><strong>Pronto para venda por grosso:<\/strong> Um produto ideal e de grande volume para lojas de vape que procuram impressionar os clientes! \ud83d\udcc8<\/li>\n<\/ul>\n<h3>\ud83d\udd25 Especifica\u00e7\u00f5es principais:<\/h3>\n<ul>\n<li><strong>Capacidade de sopro:<\/strong> 60.000 Puffs<\/li>\n<li><strong>Capacidade de e-l\u00edquido:<\/strong> 54mL total (c\u00e2maras de triplo sabor)<\/li>\n<li><strong>Bateria:<\/strong> 850mAh Recarreg\u00e1vel (Tipo C)<\/li>\n<li><strong>Bobinas:<\/strong> Malha dupla 0,9\u03a9<\/li>\n<li><strong>For\u00e7a da nicotina:<\/strong> 2% \/ 5%<\/li>\n<li><strong>Ecr\u00e3:<\/strong> Ecr\u00e3 LED inteligente<\/li>\n<li><strong>Dimens\u00f5es:<\/strong> 42\u00d742\u00d7110mm<\/li>\n<\/ul>\n<h3>\ud83c\udf6d Explorar as rota\u00e7\u00f5es de sabores:<\/h3>\n<table border=\"1\" cellpadding=\"5\">\n<thead>\n<tr>\n<th>C\u00e2mara A<\/th>\n<th>C\u00e2mara B<\/th>\n<th>C\u00e2mara C<\/th>\n<\/tr>\n<\/thead>\n<tbody>\n<tr>\n<td>Gelo de melancia<\/td>\n<td>Touro Vermelho<\/td>\n<td>Morango Kiwi<\/td>\n<\/tr>\n<tr>\n<td>Lim\u00e3o Lima<\/td>\n<td>Morango Melancia<\/td>\n<td>Gelo de mirtilo<\/td>\n<\/tr>\n<tr>\n<td>Morango Banana<\/td>\n<td>Ma\u00e7\u00e3 Dupla<\/td>\n<td>Framboesa Melancia<\/td>\n<\/tr>\n<tr>\n<td>Morango Kiwi<\/td>\n<td>Abacaxi de manga azeda<\/td>\n<td>Touro Vermelho<\/td>\n<\/tr>\n<tr>\n<td>Frutas Tropicais<\/td>\n<td>Morango Melancia<\/td>\n<td>Lim\u00e3o P\u00eassego<\/td>\n<\/tr>\n<tr>\n<td>Abacaxi Coco<\/td>\n<td>Razz Azul<\/td>\n<td>Morango Banana<\/td>\n<\/tr>\n<tr>\n<td>Morango Framboesa<\/td>\n<td>Mel\u00e3o Triplo<\/td>\n<td>Abacaxi de manga azeda<\/td>\n<\/tr>\n<tr>\n<td>Frutas vermelhas mistas<\/td>\n<td>Framboesa Melancia<\/td>\n<td>Manga P\u00eassego<\/td>\n<\/tr>\n<tr>\n<td>Mirtilo Framboesa<\/td>\n<td>Coca-Cola de morango e baunilha<\/td>\n<td>Lim\u00e3o Lima<\/td>\n<\/tr>\n<tr>\n<td>Gelo de melancia<\/td>\n<td>P\u00eassego Berry<\/td>\n<td>Mel\u00e3o Triplo<\/td>\n<\/tr>\n<\/tbody>\n<\/table>","protected":false},"excerpt":{"rendered":"<p>Experimente o m\u00e1ximo em vaporiza\u00e7\u00e3o com o FIHP 60000 Triple 3 em 1! Este dispositivo inovador oferece umas espantosas 60.000 baforadas e permite-lhe alternar entre tr\u00eas sabores incr\u00edveis a pedido.<\/p>","protected":false},"featured_media":32219,"comment_status":"open","ping_status":"closed","template":"","meta":[],"product_brand":[238],"product_cat":[18,231,21,39,20,23,24,22,25,26,27,28,29,30,31,32,33,34,35,46,230,40],"product_tag":[],"class_list":{"0":"post-31955","1":"product","2":"type-product","3":"status-publish","4":"has-post-thumbnail","6":"product_brand-fihp","7":"product_cat-different-puffs-of-disposable-vapes","8":"product_cat-60000-puffs-disposable-vape","9":"product_cat-big-puffs-vapes","10":"product_cat-digital-box-vapes","11":"product_cat-disposable-vape-types","12":"product_cat-disposable-vapes-in-austria","13":"product_cat-disposable-vapes-in-belgium","14":"product_cat-disposable-vapes-in-europe","15":"product_cat-disposable-vapes-in-france","16":"product_cat-disposable-vapes-in-germany","17":"product_cat-disposable-vapes-in-hungary","18":"product_cat-disposable-vapes-in-ltaly","19":"product_cat-disposable-vapes-in-netherlands","20":"product_cat-disposable-vapes-in-norway","21":"product_cat-disposable-vapes-in-poland","22":"product_cat-disposable-vapes-in-portugal","23":"product_cat-disposable-vapes-in-spain","24":"product_cat-disposable-vapes-in-sweden","25":"product_cat-disposable-vapes-in-switzerland","26":"product_cat-fihp","27":"product_cat-new","28":"product_cat-smart-screen-vapes","30":"first","31":"instock","32":"shipping-taxable","33":"purchasable","34":"product-type-variable","35":"has-default-attributes"},"jetpack_sharing_enabled":true,"tiered_pricing_type":"fixed","tiered_pricing_fixed_rules":{"30":8.17999999999999971578290569595992565155029296875,"50":7.78000000000000024868995751603506505489349365234375,"100":7.28000000000000024868995751603506505489349365234375,"200":6.6699999999999999289457264239899814128875732421875,"400":6.36000000000000031974423109204508364200592041015625},"tiered_pricing_product_settings":{"layout":"default","base_unit_name":{"singular":null,"plural":null},"default_variation":null},"tiered_pricing_minimum_quantity":10,"tiered_pricing_roles_data":[],"tiered_pricing_percentage_rules":[],"tiered_pricing_maximum_quantity":null,"tiered_pricing_quantity_step":"10","_links":{"self":[{"href":"https:\/\/volovape.com\/pt\/wp-json\/wp\/v2\/product\/31955","targetHints":{"allow":["GET"]}}],"collection":[{"href":"https:\/\/volovape.com\/pt\/wp-json\/wp\/v2\/product"}],"about":[{"href":"https:\/\/volovape.com\/pt\/wp-json\/wp\/v2\/types\/product"}],"replies":[{"embeddable":true,"href":"https:\/\/volovape.com\/pt\/wp-json\/wp\/v2\/comments?post=31955"}],"wp:featuredmedia":[{"embeddable":true,"href":"https:\/\/volovape.com\/pt\/wp-json\/wp\/v2\/media\/32219"}],"wp:attachment":[{"href":"https:\/\/volovape.com\/pt\/wp-json\/wp\/v2\/media?parent=31955"}],"wp:term":[{"taxonomy":"product_brand","embeddable":true,"href":"https:\/\/volovape.com\/pt\/wp-json\/wp\/v2\/product_brand?post=31955"},{"taxonomy":"product_cat","embeddable":true,"href":"https:\/\/volovape.com\/pt\/wp-json\/wp\/v2\/product_cat?post=31955"},{"taxonomy":"product_tag","embeddable":true,"href":"https:\/\/volovape.com\/pt\/wp-json\/wp\/v2\/product_tag?post=31955"}],"curies":[{"name":"wp","href":"https:\/\/api.w.org\/{rel}","templated":true}]}}