{"id":31954,"date":"2025-07-02T03:28:58","date_gmt":"2025-07-02T03:28:58","guid":{"rendered":"https:\/\/volovape.com\/?post_type=product&#038;p=31954"},"modified":"2025-08-06T11:48:33","modified_gmt":"2025-08-06T11:48:33","slug":"fumot-randm-tornado-30000-puffs","status":"publish","type":"product","link":"https:\/\/volovape.com\/pt\/product\/fumot-randm-tornado-30000-puffs\/","title":{"rendered":"Fumot RandM Tornado 30000 | luzes reactivas \u00e0 m\u00fasica, bobina de malha, vape descart\u00e1vel por atacado"},"content":{"rendered":"<h2>Fumot RandM Tornado 30000 | Vape descart\u00e1vel reativo \u00e0 m\u00fasica<\/h2>\n<h3>Porqu\u00ea escolher o Fumot RandM Tornado 30000? \ud83d\ude80<\/h3>\n<p>Melhore a sua experi\u00eancia de vaporiza\u00e7\u00e3o com o <strong>Fumot RandM Tornado 30000<\/strong>! Isto n\u00e3o \u00e9 apenas um vape; \u00e9 uma festa no teu bolso. Desfruta de um surpreendente <strong>30.000 baforadas<\/strong> de sabor rico, alimentado por uma enorme capacidade de e-l\u00edquido de 30mL e uma avan\u00e7ada bobina de malha de 1,0\u03a9 para uma extra\u00e7\u00e3o consistentemente suave. O que o distingue verdadeiramente? O seu exclusivo <strong>luzes LED reactivas \u00e0 m\u00fasica<\/strong> \ud83c\udfb6 que se sincronizam com as suas batidas, transformando cada sess\u00e3o num vibrante espet\u00e1culo de luzes! Al\u00e9m disso, com uma bateria recarreg\u00e1vel confi\u00e1vel de 600mAh e carregamento Tipo C, voc\u00ea obt\u00e9m divers\u00e3o sem fim com menos desperd\u00edcio. Perfeito para vapers que buscam desempenho, divers\u00e3o e conveni\u00eancia. \u2728<\/p>\n<h3>Principais carater\u00edsticas e especifica\u00e7\u00f5es \ud83d\udccb<\/h3>\n<ul>\n<li><strong>Contagem de Tragadas:<\/strong> 30.000 baforadas (maci\u00e7o e duradouro)<\/li>\n<li><strong>Capacidade de e-l\u00edquido:<\/strong> 30mL (pr\u00e9-cheio)<\/li>\n<li><strong>Op\u00e7\u00f5es de nicotina:<\/strong> 2% e 5% (sal de nic)<\/li>\n<li><strong>Tipo de bobina:<\/strong> Bobina de malha de 1.0\u03a9 (sabor e vapor melhorados)<\/li>\n<li><strong>Bateria:<\/strong> 600mAh recarreg\u00e1vel (carregamento tipo C)<\/li>\n<li><strong>Destaque especial:<\/strong> Luzes LED reactivas \u00e0 m\u00fasica (din\u00e2micas e divertidas)<\/li>\n<li><strong>Tipo de produto:<\/strong> Vape descart\u00e1vel (dispon\u00edvel por grosso)<\/li>\n<\/ul>\n<h3>Explore mais de 30 sabores irresist\u00edveis! \ud83c\udf53\ud83e\udd6d\ud83e\uddca<\/h3>\n<p>Descubra o seu pr\u00f3ximo vape favorito a partir da nossa extensa sele\u00e7\u00e3o de mais de 30 sabores que agradam ao p\u00fablico. Se voc\u00ea deseja algo frutado, gelado ou doce, o Fumot RandM Tornado 30000 tem um sabor para todos os gostos! \ud83c\udf08<\/p>\n<p><em>Os sabores populares incluem:<\/em><\/p>\n<ul>\n<li>Blue Razz Ice \ud83d\udd35\u2744\ufe0f<\/li>\n<li>P\u00eassego Manga Anan\u00e1s \ud83c\udf51\ud83e\udd6d\ud83c\udf4d<\/li>\n<li>Lush Ice \ud83c\udf49\u2744\ufe0f<\/li>\n<li>Melancia com morango \ud83c\udf53\ud83c\udf49<\/li>\n<li>E muito mais!<\/li>\n<\/ul>\n<p><strong>Prepara-te para viver a derradeira aventura vape! Pegue no seu Fumot RandM Tornado 30000 hoje mesmo!<\/strong> \ud83d\udd25<\/p>","protected":false},"excerpt":{"rendered":"<p>Eleve a sua experi\u00eancia de vaporiza\u00e7\u00e3o com o Fumot RandM Tornado 30000! Este n\u00e3o \u00e9 apenas um vape; \u00e9 uma festa no seu bolso.<\/p>","protected":false},"featured_media":32209,"comment_status":"open","ping_status":"closed","template":"","meta":[],"product_brand":[237],"product_cat":[63,230,52],"product_tag":[],"class_list":{"0":"post-31954","1":"product","2":"type-product","3":"status-publish","4":"has-post-thumbnail","6":"product_brand-randm","7":"product_cat-30000-puffs-disposable-vape","8":"product_cat-new","9":"product_cat-randm","11":"first","12":"instock","13":"featured","14":"shipping-taxable","15":"purchasable","16":"product-type-variable","17":"has-default-attributes"},"jetpack_sharing_enabled":true,"tiered_pricing_type":"fixed","tiered_pricing_fixed_rules":{"2000":5.9900000000000002131628207280300557613372802734375},"tiered_pricing_product_settings":{"layout":"default","base_unit_name":{"singular":null,"plural":null},"default_variation":null},"tiered_pricing_minimum_quantity":1000,"tiered_pricing_roles_data":[],"tiered_pricing_percentage_rules":[],"tiered_pricing_maximum_quantity":null,"tiered_pricing_quantity_step":"10","_links":{"self":[{"href":"https:\/\/volovape.com\/pt\/wp-json\/wp\/v2\/product\/31954","targetHints":{"allow":["GET"]}}],"collection":[{"href":"https:\/\/volovape.com\/pt\/wp-json\/wp\/v2\/product"}],"about":[{"href":"https:\/\/volovape.com\/pt\/wp-json\/wp\/v2\/types\/product"}],"replies":[{"embeddable":true,"href":"https:\/\/volovape.com\/pt\/wp-json\/wp\/v2\/comments?post=31954"}],"wp:featuredmedia":[{"embeddable":true,"href":"https:\/\/volovape.com\/pt\/wp-json\/wp\/v2\/media\/32209"}],"wp:attachment":[{"href":"https:\/\/volovape.com\/pt\/wp-json\/wp\/v2\/media?parent=31954"}],"wp:term":[{"taxonomy":"product_brand","embeddable":true,"href":"https:\/\/volovape.com\/pt\/wp-json\/wp\/v2\/product_brand?post=31954"},{"taxonomy":"product_cat","embeddable":true,"href":"https:\/\/volovape.com\/pt\/wp-json\/wp\/v2\/product_cat?post=31954"},{"taxonomy":"product_tag","embeddable":true,"href":"https:\/\/volovape.com\/pt\/wp-json\/wp\/v2\/product_tag?post=31954"}],"curies":[{"name":"wp","href":"https:\/\/api.w.org\/{rel}","templated":true}]}}