{"id":31953,"date":"2025-07-02T03:28:57","date_gmt":"2025-07-02T03:28:57","guid":{"rendered":"https:\/\/volovape.com\/?post_type=product&#038;p=31953"},"modified":"2026-04-14T06:13:29","modified_gmt":"2026-04-14T06:13:29","slug":"bang-leader-80k-puffs","status":"publish","type":"product","link":"https:\/\/volovape.com\/pt\/product\/bang-leader-80k-puffs\/","title":{"rendered":"Bang Leader 80K Puffs | vape descart\u00e1vel de malha dupla de triplo sabor"},"content":{"rendered":"<h2>Bang L\u00edder 80K Puffs | Vape descart\u00e1vel de sabor triplo \ud83d\ude80<\/h2>\n<p>Experimente o m\u00e1ximo em conveni\u00eancia e variedade de vaporizadores com o <b>Bang L\u00edder 80K Puffs<\/b> vape descart\u00e1vel! Desfrute de 80.000 baforadas e de um sistema inteligente de sabores 3 em 1 que lhe permite alternar entre sabores fant\u00e1sticos em tempo real. Projetado para vapers que exigem grande capacidade, sabores ousados e conveni\u00eancia incompar\u00e1vel.<\/p>\n<p>Alimentado por uma bateria recarreg\u00e1vel dur\u00e1vel de 850mAh com carregamento Tipo C e uma bobina de malha dupla premium, cada tragada \u00e9 densa, suave e satisfat\u00f3ria. Diga adeus \u00e0 fadiga do sabor e mantenha suas sess\u00f5es frescas e emocionantes! \u2728<\/p>\n<h2>Principais caracter\u00edsticas:<\/h2>\n<ul>\n<li>\ud83d\udd25 <b>At\u00e9 80.000 baforadas:<\/b> Prazer vaporizador de longa dura\u00e7\u00e3o.<\/li>\n<li>\ud83d\udd04 <b>Sistema de rota\u00e7\u00e3o de sabores 3 em 1:<\/b> Mudan\u00e7a instant\u00e2nea de sabor.<\/li>\n<li>\ud83c\udf2c\ufe0f <b>Bobina de malha dupla:<\/b> Para uma produ\u00e7\u00e3o de vapor rica e suave.<\/li>\n<li>\u26a1 <b>Bateria recarreg\u00e1vel de 850mAh:<\/b> Com carregamento r\u00e1pido do tipo C.<\/li>\n<li>\ud83e\uddea <b>Dosagens de nicotina:<\/b> Dispon\u00edvel em 0%, 2%, 3%, 5%.<\/li>\n<li>\ud83d\udce6 <b>A granel:<\/b> Embalagem de 10 unidades por caixa.<\/li>\n<\/ul>\n<h2>Combina\u00e7\u00f5es de sabores:<\/h2>\n<ul>\n<li>\ud83c\udf49\ud83e\uddca\ud83c\udf53\ud83e\udd6d\ud83c\udf4c Gelo de Melancia + Morango Manga + Banana<\/li>\n<li>\ud83e\uded0\ud83e\uddca\ud83c\udf53\ud83c\udf4c\ud83c\udf47 Gelo de mirtilo + Banana de morango + Bagas mistas<\/li>\n<li>\ud83e\udd64\ud83e\uddca\ud83e\uded0\ud83c\udf53\ud83c\udf51\ud83e\udd6d Melancia Cola Ice + Framboesa Mirtilo + Melancia P\u00eassego Manga<\/li>\n<li>\u044d\u043d\u0435\u0440\u0433\u0438\u0438 \ud83c\udf49\ud83c\udf4e\ud83c\udf50 Red Bull + Melancia de mirtilo + Pera de ma\u00e7\u00e3<\/li>\n<li>...e muitas outras combina\u00e7\u00f5es interessantes! \ud83c\udf08<\/li>\n<\/ul>\n<p>Pronto para elevar a tua experi\u00eancia de vaporiza\u00e7\u00e3o? O Bang Leader 80K, com o seu poder de triplo sabor e enorme n\u00famero de baforadas, \u00e9 o seu pr\u00f3ximo vape! Obtenha o seu a granel e mantenha a festa do sabor! \ud83c\udf89<\/p>","protected":false},"excerpt":{"rendered":"<p>\ud83d\udd25 <strong>Conhe\u00e7a o seu novo l\u00edder de sabor - o Bang Leader 80K!<\/strong> Este potente descart\u00e1vel proporciona uma espantosa <strong>80.000 baforadas<\/strong> mais um <em>sistema inteligente de sabores 3 em 1 que vale a pena experimentar.<\/em><\/p>","protected":false},"featured_media":32197,"comment_status":"open","ping_status":"closed","template":"","meta":[],"product_brand":[227],"product_cat":[231,61,230],"product_tag":[],"class_list":{"0":"post-31953","1":"product","2":"type-product","3":"status-publish","4":"has-post-thumbnail","6":"product_brand-bang","7":"product_cat-60000-puffs-disposable-vape","8":"product_cat-bang","9":"product_cat-new","11":"first","12":"instock","13":"featured","14":"shipping-taxable","15":"purchasable","16":"product-type-variable","17":"has-default-attributes"},"jetpack_sharing_enabled":true,"tiered_pricing_type":"fixed","tiered_pricing_fixed_rules":{"30":7.37999999999999989341858963598497211933135986328125,"50":6.910000000000000142108547152020037174224853515625,"100":6.04999999999999982236431605997495353221893310546875,"200":5.67999999999999971578290569595992565155029296875,"400":5.12000000000000010658141036401502788066864013671875},"tiered_pricing_product_settings":{"layout":"default","base_unit_name":{"singular":null,"plural":null},"default_variation":null},"tiered_pricing_minimum_quantity":10,"tiered_pricing_roles_data":[],"tiered_pricing_percentage_rules":[],"tiered_pricing_maximum_quantity":null,"tiered_pricing_quantity_step":"10","_links":{"self":[{"href":"https:\/\/volovape.com\/pt\/wp-json\/wp\/v2\/product\/31953","targetHints":{"allow":["GET"]}}],"collection":[{"href":"https:\/\/volovape.com\/pt\/wp-json\/wp\/v2\/product"}],"about":[{"href":"https:\/\/volovape.com\/pt\/wp-json\/wp\/v2\/types\/product"}],"replies":[{"embeddable":true,"href":"https:\/\/volovape.com\/pt\/wp-json\/wp\/v2\/comments?post=31953"}],"wp:featuredmedia":[{"embeddable":true,"href":"https:\/\/volovape.com\/pt\/wp-json\/wp\/v2\/media\/32197"}],"wp:attachment":[{"href":"https:\/\/volovape.com\/pt\/wp-json\/wp\/v2\/media?parent=31953"}],"wp:term":[{"taxonomy":"product_brand","embeddable":true,"href":"https:\/\/volovape.com\/pt\/wp-json\/wp\/v2\/product_brand?post=31953"},{"taxonomy":"product_cat","embeddable":true,"href":"https:\/\/volovape.com\/pt\/wp-json\/wp\/v2\/product_cat?post=31953"},{"taxonomy":"product_tag","embeddable":true,"href":"https:\/\/volovape.com\/pt\/wp-json\/wp\/v2\/product_tag?post=31953"}],"curies":[{"name":"wp","href":"https:\/\/api.w.org\/{rel}","templated":true}]}}