{"id":31951,"date":"2025-07-02T03:28:57","date_gmt":"2025-07-02T03:28:57","guid":{"rendered":"https:\/\/volovape.com\/?post_type=product&#038;p=31951"},"modified":"2026-04-14T06:11:16","modified_gmt":"2026-04-14T06:11:16","slug":"bang-blaze-shisha-40000-puffs-40ml-0-6%cf%89-mesh-coil-4-niveis-de-nicotina-bulk-vape-descartavel","status":"publish","type":"product","link":"https:\/\/volovape.com\/pt\/product\/bang-blaze-shisha-40000-puffs-40ml-0-6%cf%89-mesh-coil-4-nicotine-levels-bulk-disposable-vape\/","title":{"rendered":"Bang Blaze Shisha 40000 Puffs | Shisha style bulk wholesale disposable vape"},"content":{"rendered":"<h2>Bang Blaze Shisha 40000 Puffs Vape descart\u00e1vel | Bulk Wholesale<\/h2>\n<p>Experimente o m\u00e1ximo em conveni\u00eancia vaporizadora com o <strong>Bang Blaze Shisha 40000 Puffs<\/strong> vape descart\u00e1vel! Projetado para uma satisfa\u00e7\u00e3o duradoura, este vape estilo shisha oferece incr\u00edveis 40.000 baforadas, tornando-o perfeito para entusiastas e compradores a granel. Desfrute de sabores consistentemente suaves, ricos e aut\u00eanticos gra\u00e7as \u00e0 sua avan\u00e7ada bobina de malha de 0,6\u03a9. Personalize sua experi\u00eancia com quatro n\u00edveis de nicotina (0%, 2%, 3%, 5%) e recarregue rapidamente via Tipo C com a poderosa bateria de 1000mAh. Ideal para atacado, cada pacote de 10 oferece um valor imbat\u00edvel! \ud83d\udca8<\/p>\n<h2>Principais carater\u00edsticas e especifica\u00e7\u00f5es:<\/h2>\n<ul>\n<li>\u2705 <strong>Contagem incompar\u00e1vel de puffs:<\/strong> At\u00e9 40.000 baforadas por dispositivo para um prazer prolongado.<\/li>\n<li>\u2705 <strong>Enorme capacidade de E-l\u00edquido:<\/strong> Pr\u00e9-cheio com 40 ml de e-l\u00edquido de primeira qualidade, minimizando as recargas.<\/li>\n<li>\u2705 <strong>Sabor e Vapor optimizados:<\/strong> Inclui uma bobina de malha de 0,6\u03a9 para obter batidas consistentemente suaves e saborosas.<\/li>\n<li>\u2705 <strong>Recarreg\u00e1vel e de longa dura\u00e7\u00e3o:<\/strong> Equipado com uma bateria recarreg\u00e1vel de 1000mAh e carregamento r\u00e1pido tipo C.<\/li>\n<li>\u2705 <strong>Nicotina personaliz\u00e1vel:<\/strong> Dispon\u00edvel nas dosagens de nicotina 0%, 2%, 3% e 5%.<\/li>\n<li>\u2705 <strong>Pronto para venda por grosso:<\/strong> Dispon\u00edvel em c\u00f3modas embalagens de 10 unidades para compras a granel.<\/li>\n<\/ul>\n<h2>\ud83c\udf08 Linha de Sabores Irresist\u00edveis:<\/h2>\n<p>Melancia, Melancia e Morango, Pina Colada, Gelo de Morango, Red Bull, Gelo de P\u00eassego, Gelo de Mirtilo, Framboesa de Mirtilo, Uvas em Flor de Cerejeira, Ma\u00e7\u00e3s Duplas, Frutas Mistas, Manga e P\u00eassego.<\/p>\n<p>Pronto para elevar a sua viagem vaporizadora? O <strong>Bang Narguil\u00e9 Blaze 40K<\/strong> oferece um sabor, pot\u00eancia e desempenho inigual\u00e1veis. Pegue no seu hoje e prove a diferen\u00e7a! \u2728<\/p>","protected":false},"excerpt":{"rendered":"<p>\ud83d\ude80 Conhe\u00e7a o <strong>Bang Blaze Shisha 40K,<\/strong>\u00a0o seu novo companheiro para um sabor sem fim e nuvens impar\u00e1veis. Com 40mL de e-l\u00edquido, bateria de 1000mAh e 12 sabores irresist\u00edveis.<\/p>","protected":false},"featured_media":32173,"comment_status":"open","ping_status":"closed","template":"","meta":[],"product_brand":[227],"product_cat":[74,61,230],"product_tag":[],"class_list":{"0":"post-31951","1":"product","2":"type-product","3":"status-publish","4":"has-post-thumbnail","6":"product_brand-bang","7":"product_cat-40000-puffs-disposable-vape","8":"product_cat-bang","9":"product_cat-new","11":"first","12":"instock","13":"shipping-taxable","14":"purchasable","15":"product-type-variable","16":"has-default-attributes"},"jetpack_sharing_enabled":true,"tiered_pricing_type":"fixed","tiered_pricing_fixed_rules":{"30":6.480000000000000426325641456060111522674560546875,"50":6.1699999999999999289457264239899814128875732421875,"100":5.42999999999999971578290569595992565155029296875,"200":5.05999999999999960920149533194489777088165283203125,"400":4.5099999999999997868371792719699442386627197265625},"tiered_pricing_product_settings":{"layout":"default","base_unit_name":{"singular":null,"plural":null},"default_variation":null},"tiered_pricing_minimum_quantity":10,"tiered_pricing_roles_data":[],"tiered_pricing_percentage_rules":[],"tiered_pricing_maximum_quantity":null,"tiered_pricing_quantity_step":"10","_links":{"self":[{"href":"https:\/\/volovape.com\/pt\/wp-json\/wp\/v2\/product\/31951","targetHints":{"allow":["GET"]}}],"collection":[{"href":"https:\/\/volovape.com\/pt\/wp-json\/wp\/v2\/product"}],"about":[{"href":"https:\/\/volovape.com\/pt\/wp-json\/wp\/v2\/types\/product"}],"replies":[{"embeddable":true,"href":"https:\/\/volovape.com\/pt\/wp-json\/wp\/v2\/comments?post=31951"}],"wp:featuredmedia":[{"embeddable":true,"href":"https:\/\/volovape.com\/pt\/wp-json\/wp\/v2\/media\/32173"}],"wp:attachment":[{"href":"https:\/\/volovape.com\/pt\/wp-json\/wp\/v2\/media?parent=31951"}],"wp:term":[{"taxonomy":"product_brand","embeddable":true,"href":"https:\/\/volovape.com\/pt\/wp-json\/wp\/v2\/product_brand?post=31951"},{"taxonomy":"product_cat","embeddable":true,"href":"https:\/\/volovape.com\/pt\/wp-json\/wp\/v2\/product_cat?post=31951"},{"taxonomy":"product_tag","embeddable":true,"href":"https:\/\/volovape.com\/pt\/wp-json\/wp\/v2\/product_tag?post=31951"}],"curies":[{"name":"wp","href":"https:\/\/api.w.org\/{rel}","templated":true}]}}