{"id":31950,"date":"2025-07-02T03:28:57","date_gmt":"2025-07-02T03:28:57","guid":{"rendered":"https:\/\/volovape.com\/?post_type=product&#038;p=31950"},"modified":"2026-04-14T06:10:42","modified_gmt":"2026-04-14T06:10:42","slug":"vopk-ultra-40000-puffs","status":"publish","type":"product","link":"https:\/\/volovape.com\/pt\/product\/vopk-ultra-40000-puffs\/","title":{"rendered":"VOPK Ultra 40000 Puffs | Vape descart\u00e1vel de duplo sabor e pot\u00eancia ajust\u00e1vel"},"content":{"rendered":"<h2>VOPK Ultra 40000 Puffs | Vape descart\u00e1vel de pot\u00eancia ajust\u00e1vel de sabor duplo \ud83d\ude80<\/h2>\n<p>Experimente o m\u00e1ximo em vaping com o <b>VOPK Ultra 40000 Puffs<\/b>! Este avan\u00e7ado vape descart\u00e1vel oferece uma combina\u00e7\u00e3o inigual\u00e1vel de inova\u00e7\u00e3o e sabor. Com <b>dois aromas regul\u00e1veis<\/b>, um enorme <b>Capacidade de 40.000 puffs<\/b>e <b>ecr\u00e3s inteligentes em tempo real<\/b>O VOPK Ultra \u00e9 um cigarro de sabor intenso, que proporciona um resultado sempre satisfat\u00f3rio. Perfeito para entusiastas de sabores e vapers pesados, o VOPK Ultra oferece desempenho, seguran\u00e7a e variedade imbat\u00edvel. \ud83d\udcaf<\/p>\n<h3>Principais caracter\u00edsticas:<\/h3>\n<ul>\n<li>\ud83d\udd0b <b>Bateria recarreg\u00e1vel de 850mAh:<\/b> Pot\u00eancia de longa dura\u00e7\u00e3o para sess\u00f5es de vaporiza\u00e7\u00e3o prolongadas.<\/li>\n<li>\ud83c\udf08 <b>C\u00e1psulas de duplo sabor:<\/b> Troque ou combine instantaneamente dois sabores deliciosos.<\/li>\n<li>\u26a1 <b>Modos de pot\u00eancia ajust\u00e1veis:<\/b> Personalize a sua produ\u00e7\u00e3o de vapor de suave a intensa.<\/li>\n<li>\ud83d\udee1\ufe0f <b>Seguran\u00e7a de bloqueio para crian\u00e7as:<\/b> Desfrute de paz de esp\u00edrito com seguran\u00e7a acrescida.<\/li>\n<li>\ud83d\udcca <b>Ecr\u00e3 LED:<\/b> Monitorize facilmente os n\u00edveis de e-l\u00edquido e de bateria em tempo real.<\/li>\n<li>\ud83d\udca8 <b>Capacidade de 36mL de E-l\u00edquido:<\/b> Pr\u00e9-cheio para maior comodidade e utiliza\u00e7\u00e3o prolongada.<\/li>\n<li>\ud83c\udf2c\ufe0f <b>Sistema de bobina de quatro malhas:<\/b> Garante um sabor suave, forte e consistente.<\/li>\n<li>op\u00e7\u00f5es de nicotina de <b>0%-5%<\/b><\/li>\n<\/ul>\n<h3>Combina\u00e7\u00f5es populares de sabor duplo: \ud83c\udf53\ud83c\udf47<\/h3>\n<ul>\n<li>Morango Melancia \/ Kiwi Maracuj\u00e1 Goiaba<\/li>\n<li>Mirtilo Framboesa \/ Manga P\u00eassego Melancia<\/li>\n<li>Gomas Blue Razz \/ Morango Kiwi<\/li>\n<li>Blue Razz Cherry \/ Morango Framboesa<\/li>\n<li>Fizzy Lim\u00e3o e lima \/ Melancia Hortel\u00e3 fresca<\/li>\n<li>Anan\u00e1s Blue Razz \/ Manga Tripla<\/li>\n<li>Bagas de uva \/ Pera, ma\u00e7\u00e3 e framboesa<\/li>\n<li>Morango Cranberry Cherry \/ Anan\u00e1s Passion Lime<\/li>\n<li>Mentol de morango com mirtilo \/ Mentol de framboesa com mirtilo<\/li>\n<\/ul>\n<p>Dispon\u00edvel para venda por grosso em c\u00f3modas embalagens de 10 unidades. Eleve sua experi\u00eancia vape com VOPK Ultra! \u2728<\/p>","protected":false},"excerpt":{"rendered":"<p>\ud83d\ude80 <strong>Experimente uma liberdade de sabor impar\u00e1vel com o VOPK Ultra 40000 Puffs<\/strong> - uma pot\u00eancia de sabor duplo criada para aqueles que se recusam a acomodar-se.<\/p>","protected":false},"featured_media":32160,"comment_status":"open","ping_status":"closed","template":"","meta":[],"product_brand":[233],"product_cat":[74,230,65],"product_tag":[],"class_list":{"0":"post-31950","1":"product","2":"type-product","3":"status-publish","4":"has-post-thumbnail","6":"product_brand-okso","7":"product_cat-40000-puffs-disposable-vape","8":"product_cat-new","9":"product_cat-vopk","11":"first","12":"instock","13":"shipping-taxable","14":"purchasable","15":"product-type-variable","16":"has-default-attributes"},"jetpack_sharing_enabled":true,"tiered_pricing_type":"fixed","tiered_pricing_fixed_rules":{"30":7.839999999999999857891452847979962825775146484375,"50":6.79000000000000003552713678800500929355621337890625,"100":6.1699999999999999289457264239899814128875732421875,"200":5.79999999999999982236431605997495353221893310546875,"400":5.37000000000000010658141036401502788066864013671875},"tiered_pricing_product_settings":{"layout":"default","base_unit_name":{"singular":null,"plural":null},"default_variation":null},"tiered_pricing_minimum_quantity":10,"tiered_pricing_roles_data":[],"tiered_pricing_percentage_rules":[],"tiered_pricing_maximum_quantity":null,"tiered_pricing_quantity_step":"10","_links":{"self":[{"href":"https:\/\/volovape.com\/pt\/wp-json\/wp\/v2\/product\/31950","targetHints":{"allow":["GET"]}}],"collection":[{"href":"https:\/\/volovape.com\/pt\/wp-json\/wp\/v2\/product"}],"about":[{"href":"https:\/\/volovape.com\/pt\/wp-json\/wp\/v2\/types\/product"}],"replies":[{"embeddable":true,"href":"https:\/\/volovape.com\/pt\/wp-json\/wp\/v2\/comments?post=31950"}],"wp:featuredmedia":[{"embeddable":true,"href":"https:\/\/volovape.com\/pt\/wp-json\/wp\/v2\/media\/32160"}],"wp:attachment":[{"href":"https:\/\/volovape.com\/pt\/wp-json\/wp\/v2\/media?parent=31950"}],"wp:term":[{"taxonomy":"product_brand","embeddable":true,"href":"https:\/\/volovape.com\/pt\/wp-json\/wp\/v2\/product_brand?post=31950"},{"taxonomy":"product_cat","embeddable":true,"href":"https:\/\/volovape.com\/pt\/wp-json\/wp\/v2\/product_cat?post=31950"},{"taxonomy":"product_tag","embeddable":true,"href":"https:\/\/volovape.com\/pt\/wp-json\/wp\/v2\/product_tag?post=31950"}],"curies":[{"name":"wp","href":"https:\/\/api.w.org\/{rel}","templated":true}]}}