{"id":31949,"date":"2025-07-02T03:28:56","date_gmt":"2025-07-02T03:28:56","guid":{"rendered":"https:\/\/volovape.com\/?post_type=product&#038;p=31949"},"modified":"2026-04-14T06:17:18","modified_gmt":"2026-04-14T06:17:18","slug":"vopk-triplo-60k-60000-puffs","status":"publish","type":"product","link":"https:\/\/volovape.com\/pt\/product\/vopk-triple-60k-60000-puffs\/","title":{"rendered":"Vopk Triple 60K | 3 em 1 triplo sabor 60000 puffs vape descart\u00e1vel a granel"},"content":{"rendered":"<p>\ud83d\udd25 <b>Vopk Triple 60000 Puffs Vape descart\u00e1vel<\/b>: Experimente o m\u00e1ximo em conveni\u00eancia e sabor! Este inovador vaporizador descart\u00e1vel 3 em 1 oferece umas espantosas 60.000 baforadas, 54 ml de e-l\u00edquido e bobinas de malha tripla para uma viagem de vaporiza\u00e7\u00e3o sem paralelo. Mantenha-se informado com o ecr\u00e3 LED inteligente e ligue-se rapidamente com o carregamento r\u00e1pido Tipo C. Personalize a sua dose com as op\u00e7\u00f5es de nicotina 2% ou 5%. Perfeito para qualquer ocasi\u00e3o, o Vopk Triple 60K oferece nuvens enormes, sabor rico e desempenho imbat\u00edvel. \ud83d\ude80<\/p>\n<h3>\u2728 Carater\u00edsticas principais:<\/h3>\n<ul>\n<li><b>Contagem de Tragadas:<\/b> At\u00e9 60.000 baforadas<\/li>\n<li><b>Capacidade de e-l\u00edquido:<\/b> 54mL pr\u00e9-cheio<\/li>\n<li><b>Tipo de bobina:<\/b> Bobinas de malha tripla<\/li>\n<li><b>Bateria:<\/b> 650mAh recarreg\u00e1vel<\/li>\n<li><b>Carregamento:<\/b> Carregamento r\u00e1pido tipo C<\/li>\n<li><b>Op\u00e7\u00f5es de nicotina:<\/b> 2% (20mg) \/ 5% (50mg) Nicotina salgada<\/li>\n<li><b>Ecr\u00e3:<\/b> Ecr\u00e3 LED inteligente (indicadores de bateria e de l\u00edquido eletr\u00f3nico)<\/li>\n<li><b>Sistema de aromas:<\/b> Rota\u00e7\u00e3o de sabores 3 em 1<\/li>\n<\/ul>\n<h3>\ud83c\udf53\ud83d\udca8 Combos de sabores:<\/h3>\n<ul>\n<li>Gelado de melancia - Gelado triplo de mel\u00e3o - Gelado de morango<\/li>\n<li>Banana com morango - Melancia com framboesa - Anan\u00e1s com coco<\/li>\n<li>Baga de P\u00eassego - Blue Razz Ice - Melancia P\u00eassego Manga<\/li>\n<li>Sour Mango Pineapple - Red Bull Strawberry - Black Currant Ice<\/li>\n<li>Kiwi Maracuj\u00e1 - Morango Cereja - Amor 66<\/li>\n<li>Duplo Apple Ice - Fruta Tropical - Morango Melancia Pastilha el\u00e1stica<\/li>\n<li>Uva Ice - Morango Kiwi - Melancia Red Bull<\/li>\n<li>Morango Melancia - Mirtilo Framboesa - Lim\u00e3o Lima<\/li>\n<li>Banana Anan\u00e1s - Red Bull Ice - Morango Manga<\/li>\n<li>Gomas - Coca-Cola de morango e baunilha - Algod\u00e3o doce de mirtilo<\/li>\n<\/ul>","protected":false},"excerpt":{"rendered":"<p>\ud83d\udd25 <strong>Tr\u00eas sabores, satisfa\u00e7\u00e3o sem fim.<\/strong> O Vopk Triple 60K foi concebido para os vapers que anseiam por uma variedade ininterrupta e um desempenho s\u00e9rio.<\/p>","protected":false},"featured_media":32148,"comment_status":"open","ping_status":"closed","template":"","meta":[],"product_brand":[236],"product_cat":[39,231,21,43,20,230,65],"product_tag":[],"class_list":{"0":"post-31949","1":"product","2":"type-product","3":"status-publish","4":"has-post-thumbnail","6":"product_brand-vopk","7":"product_cat-digital-box-vapes","8":"product_cat-60000-puffs-disposable-vape","9":"product_cat-big-puffs-vapes","10":"product_cat-crystal-vapes","11":"product_cat-disposable-vape-types","12":"product_cat-new","13":"product_cat-vopk","15":"first","16":"instock","17":"featured","18":"shipping-taxable","19":"purchasable","20":"product-type-variable","21":"has-default-attributes"},"jetpack_sharing_enabled":true,"tiered_pricing_type":"fixed","tiered_pricing_fixed_rules":{"30":7.839999999999999857891452847979962825775146484375,"50":7.6500000000000003552713678800500929355621337890625,"100":6.910000000000000142108547152020037174224853515625,"200":6.54000000000000003552713678800500929355621337890625,"400":5.9900000000000002131628207280300557613372802734375},"tiered_pricing_product_settings":{"layout":"default","base_unit_name":{"singular":null,"plural":null},"default_variation":null},"tiered_pricing_minimum_quantity":10,"tiered_pricing_roles_data":[],"tiered_pricing_percentage_rules":[],"tiered_pricing_maximum_quantity":null,"tiered_pricing_quantity_step":"10","_links":{"self":[{"href":"https:\/\/volovape.com\/pt\/wp-json\/wp\/v2\/product\/31949","targetHints":{"allow":["GET"]}}],"collection":[{"href":"https:\/\/volovape.com\/pt\/wp-json\/wp\/v2\/product"}],"about":[{"href":"https:\/\/volovape.com\/pt\/wp-json\/wp\/v2\/types\/product"}],"replies":[{"embeddable":true,"href":"https:\/\/volovape.com\/pt\/wp-json\/wp\/v2\/comments?post=31949"}],"wp:featuredmedia":[{"embeddable":true,"href":"https:\/\/volovape.com\/pt\/wp-json\/wp\/v2\/media\/32148"}],"wp:attachment":[{"href":"https:\/\/volovape.com\/pt\/wp-json\/wp\/v2\/media?parent=31949"}],"wp:term":[{"taxonomy":"product_brand","embeddable":true,"href":"https:\/\/volovape.com\/pt\/wp-json\/wp\/v2\/product_brand?post=31949"},{"taxonomy":"product_cat","embeddable":true,"href":"https:\/\/volovape.com\/pt\/wp-json\/wp\/v2\/product_cat?post=31949"},{"taxonomy":"product_tag","embeddable":true,"href":"https:\/\/volovape.com\/pt\/wp-json\/wp\/v2\/product_tag?post=31949"}],"curies":[{"name":"wp","href":"https:\/\/api.w.org\/{rel}","templated":true}]}}