{"id":31948,"date":"2025-07-02T03:28:56","date_gmt":"2025-07-02T03:28:56","guid":{"rendered":"https:\/\/volovape.com\/?post_type=product&#038;p=31948"},"modified":"2025-07-28T04:26:25","modified_gmt":"2025-07-28T04:26:25","slug":"vapsolo-triple-30000-puffs","status":"publish","type":"product","link":"https:\/\/volovape.com\/pt\/product\/vapsolo-triple-30000-puffs\/","title":{"rendered":"Vapsolo Triple 30K Puffs | 3 em 1 sabor LCD bulk vape descart\u00e1vel"},"content":{"rendered":"<h2>\ud83d\udd25 VapSolo Triple 30K: 3 sabores, 30.000 baforadas - liberdade de vaporiza\u00e7\u00e3o incompar\u00e1vel!<\/h2>\n<p>Diga adeus ao t\u00e9dio do vape e mude o seu sabor a pedido para uma experi\u00eancia nova e excitante a cada tragada. Perfeito para quem gosta de sabores, vapers intensos ou donos de lojas de vape!<\/p>\n<p>Mantenha o controlo com o sistema intuitivo <strong>ecr\u00e3 LCD inteligente<\/strong>O visor mostra rapidamente a dura\u00e7\u00e3o da bateria, a contagem de baforadas e a sele\u00e7\u00e3o de sabores. Alimentado por um robusto <strong>Bateria recarreg\u00e1vel de 650mAh<\/strong> com <strong>Carregamento r\u00e1pido tipo C<\/strong>O VapSolo Triple 30K garante um vapor consistente e rico. O seu avan\u00e7ado <strong>sistema de bobina de malha tripla<\/strong> garante a m\u00e1xima intensidade de sabor e nuvens suaves em todas as ocasi\u00f5es. \ud83c\udf2c\ufe0f<\/p>\n<h3>\ud83d\udccb Especifica\u00e7\u00f5es:<\/h3>\n<ul>\n<li><strong>Contagem de Tragadas:<\/strong> At\u00e9 30.000 baforadas<\/li>\n<li><strong>Capacidade de e-l\u00edquido:<\/strong> 45mL (15mL x 3 c\u00e2maras)<\/li>\n<li><strong>Bateria:<\/strong> 650mAh recarreg\u00e1vel<\/li>\n<li><strong>Carregamento:<\/strong> Carregamento r\u00e1pido tipo C<\/li>\n<li><strong>Sistema de bobinas:<\/strong> Bobinas de malha tripla<\/li>\n<li><strong>Ecr\u00e3:<\/strong> Ecr\u00e3 LCD inteligente (bateria, contagem de baforadas, sabor)<\/li>\n<li><strong>Conce\u00e7\u00e3o:<\/strong> Leve e f\u00e1cil de viajar<\/li>\n<li><strong>Carater\u00edsticas:<\/strong> Rota\u00e7\u00e3o de sabores 3 em 1<\/li>\n<\/ul>\n<h3>\ud83c\udf53 Combina\u00e7\u00f5es de sabores:<\/h3>\n<ul>\n<li>Melancia Ice \/ Morango Kiwi \/ Lim\u00e3o Menta<\/li>\n<li>Blue Razz Ice \/ Manga P\u00eassego \/ Uva Ice<\/li>\n<li>Cola Ice \/ Cereja Rom\u00e3 \/ Ma\u00e7\u00e3 \u00c1cida<\/li>\n<li>Banana com morango \/ Melancia com framboesa \/ Anan\u00e1s com coco<\/li>\n<li>Ponche Tropical \/ Gelado de Morango \/ Ma\u00e7\u00e3 Verde<\/li>\n<li>Mirtilo Hortel\u00e3 \/ Amor 66 \/ Ma\u00e7\u00e3 Dupla<\/li>\n<li>Kiwi Maracuj\u00e1 Goiaba \/ Morango Cereja \/ Lush Ice<\/li>\n<li>Gelo de groselha preta \/ Melancia de lichia \/ Fruta mista<\/li>\n<li>Red Bull \/ Morango Uva \/ Mirtilo Framboesa<\/li>\n<li>Bebida energ\u00e9tica \/ Gelo de p\u00eassego \/ Hortel\u00e3 fresca<\/li>\n<\/ul>","protected":false},"excerpt":{"rendered":"<p>Liberte uma explos\u00e3o de sabor com o vape descart\u00e1vel VapSolo Triple 30K! Experimente uma incr\u00edvel vida \u00fatil de 30.000 baforadas e uma revolucion\u00e1ria rota\u00e7\u00e3o de sabor 3 em 1.<\/p>","protected":false},"featured_media":32127,"comment_status":"open","ping_status":"closed","template":"","meta":[],"product_brand":[235],"product_cat":[63,230,72],"product_tag":[],"class_list":{"0":"post-31948","1":"product","2":"type-product","3":"status-publish","4":"has-post-thumbnail","6":"product_brand-vapsolo","7":"product_cat-30000-puffs-disposable-vape","8":"product_cat-new","9":"product_cat-vapsolo","11":"first","12":"instock","13":"shipping-taxable","14":"purchasable","15":"product-type-variable","16":"has-default-attributes"},"jetpack_sharing_enabled":true,"tiered_pricing_type":"fixed","tiered_pricing_fixed_rules":{"2000":7.6500000000000003552713678800500929355621337890625},"tiered_pricing_product_settings":{"layout":"default","base_unit_name":{"singular":null,"plural":null},"default_variation":null},"tiered_pricing_minimum_quantity":1000,"tiered_pricing_roles_data":[],"tiered_pricing_percentage_rules":[],"tiered_pricing_maximum_quantity":null,"tiered_pricing_quantity_step":"10","_links":{"self":[{"href":"https:\/\/volovape.com\/pt\/wp-json\/wp\/v2\/product\/31948","targetHints":{"allow":["GET"]}}],"collection":[{"href":"https:\/\/volovape.com\/pt\/wp-json\/wp\/v2\/product"}],"about":[{"href":"https:\/\/volovape.com\/pt\/wp-json\/wp\/v2\/types\/product"}],"replies":[{"embeddable":true,"href":"https:\/\/volovape.com\/pt\/wp-json\/wp\/v2\/comments?post=31948"}],"wp:featuredmedia":[{"embeddable":true,"href":"https:\/\/volovape.com\/pt\/wp-json\/wp\/v2\/media\/32127"}],"wp:attachment":[{"href":"https:\/\/volovape.com\/pt\/wp-json\/wp\/v2\/media?parent=31948"}],"wp:term":[{"taxonomy":"product_brand","embeddable":true,"href":"https:\/\/volovape.com\/pt\/wp-json\/wp\/v2\/product_brand?post=31948"},{"taxonomy":"product_cat","embeddable":true,"href":"https:\/\/volovape.com\/pt\/wp-json\/wp\/v2\/product_cat?post=31948"},{"taxonomy":"product_tag","embeddable":true,"href":"https:\/\/volovape.com\/pt\/wp-json\/wp\/v2\/product_tag?post=31948"}],"curies":[{"name":"wp","href":"https:\/\/api.w.org\/{rel}","templated":true}]}}