{"id":31947,"date":"2025-07-02T03:28:56","date_gmt":"2025-07-02T03:28:56","guid":{"rendered":"https:\/\/volovape.com\/?post_type=product&#038;p=31947"},"modified":"2025-11-11T04:39:23","modified_gmt":"2025-11-11T04:39:23","slug":"vapme-digital-30000-puffs","status":"publish","type":"product","link":"https:\/\/volovape.com\/pt\/product\/vapme-digital-30000-puffs\/","title":{"rendered":"Vapme Digital 30000 Puffs | 12 sabores bobina de malha vape descart\u00e1vel a granel"},"content":{"rendered":"<h2>Vapme Digital 30000: O derradeiro Vape descart\u00e1vel! \ud83d\ude80<\/h2>\n<p>Experimente vaporizar como nunca antes com o <strong>Vapme Digital 30000<\/strong>. Perfeito para vapers pesados e compradores a granel, este dispositivo oferece uma <strong>30.000 baforadas<\/strong> de sabor consistente e poderoso. Diga adeus \u00e0s recargas constantes e aos golpes fracos gra\u00e7as ao seu enorme <strong>20mL de capacidade de e-l\u00edquido<\/strong> e robusto <strong>Bateria recarreg\u00e1vel de 850mAh<\/strong> com a comodidade <strong>Carregamento tipo C<\/strong>. Desfrutar da suavidade <strong>Nuvens MTL (Mouth-to-Lung)<\/strong> e vapor rico do avan\u00e7ado <strong>Bobina de malha de 0,6\u03a9<\/strong>. Pronto para impressionar? Obtenha o seu a granel hoje mesmo! \ud83d\udca8<\/p>\n<h3>\ud83d\udcca Especifica\u00e7\u00f5es principais:<\/h3>\n<ul>\n<li><strong>Contagem de Tragadas:<\/strong> At\u00e9 30.000 baforadas \ud83e\udd2f<\/li>\n<li><strong>Capacidade de e-l\u00edquido:<\/strong> 20mL pr\u00e9-cheio<\/li>\n<li><strong>Bobina:<\/strong> Bobina de malha avan\u00e7ada de 0,6\u03a9 para um vapor rico<\/li>\n<li><strong>Bateria:<\/strong> 850mAh recarreg\u00e1vel (Tipo C)<\/li>\n<li><strong>N\u00edveis de nicotina:<\/strong> 0%, 12%, 13%, 15%<\/li>\n<li><strong>Estilo de vaporiza\u00e7\u00e3o:<\/strong> MTL (Boca-a-Pulm\u00e3o)<\/li>\n<li><strong>Op\u00e7\u00f5es de sabor:<\/strong> 12 escolhas incr\u00edveis \ud83c\udf53\ud83e\uded0\ud83e\udd6d<\/li>\n<\/ul>\n<h3>\ud83c\udf08 Mergulhe em 12 sabores deliciosos:<\/h3>\n<p>Descubra o seu novo favorito com a nossa vasta sele\u00e7\u00e3o de sabores vibrantes! Desde suculentos <strong>Mirtilo Framboesa<\/strong> para revigorante <strong>Bebida energ\u00e9tica<\/strong> e ex\u00f3tico <strong>Kiwi Maracuj\u00e1 Goiaba<\/strong>h\u00e1 uma combina\u00e7\u00e3o perfeita para cada estado de esp\u00edrito. A rota\u00e7\u00e3o entre <em>12 sabores satisfat\u00f3rios<\/em> nunca foi t\u00e3o f\u00e1cil! \ud83d\ude0b<\/p>\n<p>Escolha o Vapme Digital 30000 para uma satisfa\u00e7\u00e3o intensa e duradoura e mantenha os seus clientes a voltar para mais!<\/p>","protected":false},"excerpt":{"rendered":"<p>\ud83d\ude80 <strong>Pronto para elevar a sua experi\u00eancia com o vape?<\/strong> Conhe\u00e7a o Vapme Digital 30000 - um vape descart\u00e1vel de alta capacidade concebido para quem procura sabores a s\u00e9rio e para os amantes da nicotina.<\/p>","protected":false},"featured_media":32103,"comment_status":"open","ping_status":"closed","template":"","meta":[],"product_brand":[234],"product_cat":[63,230,49],"product_tag":[],"class_list":{"0":"post-31947","1":"product","2":"type-product","3":"status-publish","4":"has-post-thumbnail","6":"product_brand-vapme","7":"product_cat-30000-puffs-disposable-vape","8":"product_cat-new","9":"product_cat-vapme","11":"first","12":"instock","13":"shipping-taxable","14":"purchasable","15":"product-type-variable","16":"has-default-attributes"},"jetpack_sharing_enabled":true,"tiered_pricing_type":"fixed","tiered_pricing_fixed_rules":{"30":8.6300000000000007815970093361102044582366943359375,"50":7.6500000000000003552713678800500929355621337890625,"100":7.04000000000000003552713678800500929355621337890625,"200":6.6699999999999999289457264239899814128875732421875,"400":6.230000000000000426325641456060111522674560546875},"tiered_pricing_product_settings":{"layout":"default","base_unit_name":{"singular":null,"plural":null},"default_variation":null},"tiered_pricing_minimum_quantity":10,"tiered_pricing_roles_data":[],"tiered_pricing_percentage_rules":[],"tiered_pricing_maximum_quantity":null,"tiered_pricing_quantity_step":"10","_links":{"self":[{"href":"https:\/\/volovape.com\/pt\/wp-json\/wp\/v2\/product\/31947","targetHints":{"allow":["GET"]}}],"collection":[{"href":"https:\/\/volovape.com\/pt\/wp-json\/wp\/v2\/product"}],"about":[{"href":"https:\/\/volovape.com\/pt\/wp-json\/wp\/v2\/types\/product"}],"replies":[{"embeddable":true,"href":"https:\/\/volovape.com\/pt\/wp-json\/wp\/v2\/comments?post=31947"}],"wp:featuredmedia":[{"embeddable":true,"href":"https:\/\/volovape.com\/pt\/wp-json\/wp\/v2\/media\/32103"}],"wp:attachment":[{"href":"https:\/\/volovape.com\/pt\/wp-json\/wp\/v2\/media?parent=31947"}],"wp:term":[{"taxonomy":"product_brand","embeddable":true,"href":"https:\/\/volovape.com\/pt\/wp-json\/wp\/v2\/product_brand?post=31947"},{"taxonomy":"product_cat","embeddable":true,"href":"https:\/\/volovape.com\/pt\/wp-json\/wp\/v2\/product_cat?post=31947"},{"taxonomy":"product_tag","embeddable":true,"href":"https:\/\/volovape.com\/pt\/wp-json\/wp\/v2\/product_tag?post=31947"}],"curies":[{"name":"wp","href":"https:\/\/api.w.org\/{rel}","templated":true}]}}