{"id":31946,"date":"2025-07-02T03:28:55","date_gmt":"2025-07-02T03:28:55","guid":{"rendered":"https:\/\/volovape.com\/?post_type=product&#038;p=31946"},"modified":"2026-04-14T06:24:46","modified_gmt":"2026-04-14T06:24:46","slug":"okso-shisha-max-40000-puffs","status":"publish","type":"product","link":"https:\/\/volovape.com\/pt\/product\/okso-shisha-max-40000-puffs\/","title":{"rendered":"OKSO Shisha Max 40K | bobina de malha, visor LED vape descart\u00e1vel a granel"},"content":{"rendered":"<h2>Por que escolher o OKSO Shisha Max 40K?<\/h2>\n<p>Melhore a sua experi\u00eancia de vaporiza\u00e7\u00e3o com o <strong>OKSO Narguil\u00e9 Max 40K<\/strong>concebido para a m\u00e1xima satisfa\u00e7\u00e3o e controlo. Desfrute de um surpreendente <strong>40.000 baforadas<\/strong> a partir de um \u00fanico dispositivo! \ud83d\ude80 O seu avan\u00e7ado <strong>bobina de malha<\/strong> garante um sabor consistentemente rico e suave, enquanto a tecnologia intuitiva <strong>Visor LED<\/strong> mant\u00e9m-no informado sobre a dura\u00e7\u00e3o da bateria e o n\u00famero de baforadas. Personalize o seu vape com o fluxo de ar ajust\u00e1vel e as defini\u00e7\u00f5es de pot\u00eancia. Com um robusto <strong>Bateria recarreg\u00e1vel de 800mAh<\/strong> e carregamento r\u00e1pido Tipo C, est\u00e1 sempre pronto para partir. Al\u00e9m disso, um <strong>bloqueio para crian\u00e7as<\/strong> proporciona uma paz de esp\u00edrito extra. Perfeito para os vapers que procuram longevidade, sabor e flexibilidade, e uma excelente op\u00e7\u00e3o de venda por grosso para os retalhistas!<\/p>\n<h2>\u2728 Especifica\u00e7\u00f5es do produto:<\/h2>\n<ul>\n<li><strong>Contagem de Tragadas:<\/strong> At\u00e9 40.000 baforadas<\/li>\n<li><strong>Capacidade de e-l\u00edquido:<\/strong> 36mL (pr\u00e9-cheio)<\/li>\n<li><strong>Tipo de bobina:<\/strong> Bobina em malha para um sabor e produ\u00e7\u00e3o de vapor superiores<\/li>\n<li><strong>Ecr\u00e3:<\/strong> Ecr\u00e3 LED (bateria e contagem de baforadas)<\/li>\n<li><strong>Bateria:<\/strong> 800mAh recarreg\u00e1vel<\/li>\n<li><strong>Carregamento:<\/strong> Carregamento r\u00e1pido tipo C<\/li>\n<li><strong>Dosagens de nicotina:<\/strong> 0%, 2%, 3%, 5% (em volume)<\/li>\n<li><strong>Carater\u00edsticas:<\/strong> Fluxo de ar ajust\u00e1vel, pot\u00eancia ajust\u00e1vel, bloqueio para crian\u00e7as<\/li>\n<\/ul>\n<h2>\ud83c\udf53 Lista de sabores:<\/h2>\n<ul>\n<li>Duas Ma\u00e7\u00e3s \ud83c\udf4f\ud83c\udf4f<\/li>\n<li>Hortel\u00e3 Uva \ud83c\udf47\ud83c\udf43<\/li>\n<li>Festa da Cereja \ud83c\udf52\ud83c\udf89<\/li>\n<li>Gelo de p\u00eassego \ud83c\udf51\ud83e\uddca<\/li>\n<li>Amor M\u00e1gico \u2728\u2764\ufe0f<\/li>\n<li>Ponche de morango \ud83c\udf53\ud83d\udca5<\/li>\n<li>Blue Razz Ice \ud83d\udc99\ud83e\uddca<\/li>\n<li>Lush Ice \ud83c\udf49\u2744\ufe0f<\/li>\n<li>Melancia com morango \ud83c\udf53\ud83c\udf49<\/li>\n<li>Hortel\u00e3 Baga \ud83c\udf53\ud83c\udf43<\/li>\n<\/ul>","protected":false},"excerpt":{"rendered":"<p>O vape descart\u00e1vel OKSO Shisha Max 40K proporciona at\u00e9 40.000 baforadas com controlo de pot\u00eancia, ajuste do fluxo de ar e 10 sabores ricos - concebidos para um prazer de vape duradouro, personaliz\u00e1vel e saboroso.<\/p>","protected":false},"featured_media":32093,"comment_status":"open","ping_status":"closed","template":"","meta":[],"product_brand":[233],"product_cat":[74,230,229],"product_tag":[],"class_list":{"0":"post-31946","1":"product","2":"type-product","3":"status-publish","4":"has-post-thumbnail","6":"product_brand-okso","7":"product_cat-40000-puffs-disposable-vape","8":"product_cat-new","9":"product_cat-okso","11":"first","12":"instock","13":"shipping-taxable","14":"purchasable","15":"product-type-variable","16":"has-default-attributes"},"jetpack_sharing_enabled":true,"tiered_pricing_type":"fixed","tiered_pricing_fixed_rules":{"30":7.589999999999999857891452847979962825775146484375,"50":6.519999999999999573674358543939888477325439453125,"100":5.9000000000000003552713678800500929355621337890625,"200":5.53000000000000024868995751603506505489349365234375,"400":5.0999999999999996447286321199499070644378662109375},"tiered_pricing_product_settings":{"layout":"default","base_unit_name":{"singular":null,"plural":null},"default_variation":null},"tiered_pricing_minimum_quantity":10,"tiered_pricing_roles_data":[],"tiered_pricing_percentage_rules":[],"tiered_pricing_maximum_quantity":null,"tiered_pricing_quantity_step":"10","_links":{"self":[{"href":"https:\/\/volovape.com\/pt\/wp-json\/wp\/v2\/product\/31946","targetHints":{"allow":["GET"]}}],"collection":[{"href":"https:\/\/volovape.com\/pt\/wp-json\/wp\/v2\/product"}],"about":[{"href":"https:\/\/volovape.com\/pt\/wp-json\/wp\/v2\/types\/product"}],"replies":[{"embeddable":true,"href":"https:\/\/volovape.com\/pt\/wp-json\/wp\/v2\/comments?post=31946"}],"wp:featuredmedia":[{"embeddable":true,"href":"https:\/\/volovape.com\/pt\/wp-json\/wp\/v2\/media\/32093"}],"wp:attachment":[{"href":"https:\/\/volovape.com\/pt\/wp-json\/wp\/v2\/media?parent=31946"}],"wp:term":[{"taxonomy":"product_brand","embeddable":true,"href":"https:\/\/volovape.com\/pt\/wp-json\/wp\/v2\/product_brand?post=31946"},{"taxonomy":"product_cat","embeddable":true,"href":"https:\/\/volovape.com\/pt\/wp-json\/wp\/v2\/product_cat?post=31946"},{"taxonomy":"product_tag","embeddable":true,"href":"https:\/\/volovape.com\/pt\/wp-json\/wp\/v2\/product_tag?post=31946"}],"curies":[{"name":"wp","href":"https:\/\/api.w.org\/{rel}","templated":true}]}}