{"id":31945,"date":"2025-07-02T03:28:55","date_gmt":"2025-07-02T03:28:55","guid":{"rendered":"https:\/\/volovape.com\/?post_type=product&#038;p=31945"},"modified":"2026-04-14T06:23:17","modified_gmt":"2026-04-14T06:23:17","slug":"okso-magic-mirror-50000-puffs","status":"publish","type":"product","link":"https:\/\/volovape.com\/pt\/product\/okso-magic-mirror-50000-puffs\/","title":{"rendered":"OKSO Magic Mirror 50000 Puffs | LED RGB, rede dupla, ecr\u00e3 LED, vape descart\u00e1vel a granel"},"content":{"rendered":"<p>\ud83d\udd25 <strong>Experimente a redefini\u00e7\u00e3o da vaporiza\u00e7\u00e3o com o OKSO Magic Mirror 50K!<\/strong> Este n\u00e3o \u00e9 apenas mais um vape descart\u00e1vel; \u00e9 uma pe\u00e7a de afirma\u00e7\u00e3o concebida para a m\u00e1xima satisfa\u00e7\u00e3o. Obtenha um surpreendente <strong>50.000 baforadas<\/strong>, um enorme <strong>40mL de capacidade de e-l\u00edquido<\/strong>e a comodidade de um <strong>bateria recarreg\u00e1vel Tipo C<\/strong>. O seu acabamento espelhado apelativo e a din\u00e2mica <strong>Brilho LED RGB<\/strong> fazem-no sobressair, enquanto <strong>bobinas de malha dupla<\/strong> garantem sempre um sabor intenso e nuvens enormes. Perfeito para entusiastas do sabor, ca\u00e7adores de nuvens e retalhistas que procuram vapes descart\u00e1veis de qualidade superior.<\/p>\n<h3>\ud83d\udcca Especifica\u00e7\u00f5es:<\/h3>\n<ul>\n<li>\ud83d\udca8 <strong>Puffs:<\/strong> At\u00e9 50.000<\/li>\n<li>\ud83d\udca7 <strong>E-l\u00edquido:<\/strong> 40mL (pr\u00e9-cheio)<\/li>\n<li>\u2728 <strong>Bobina:<\/strong> Malha dupla para um sabor superior<\/li>\n<li>\ud83d\udd0b <strong>Bateria:<\/strong> 850mAh Recarreg\u00e1vel (Tipo C)<\/li>\n<li>\ud83e\uddea <strong>Dosagens de nicotina:<\/strong> 0%, 2%, 3%, 5% (op\u00e7\u00f5es dispon\u00edveis)<\/li>\n<li>\ud83d\udda5\ufe0f <strong>Ecr\u00e3:<\/strong> Ecr\u00e3 LED para contagem de baforadas e dura\u00e7\u00e3o da bateria<\/li>\n<li>\ud83d\udd12 <strong>Seguran\u00e7a:<\/strong> Fun\u00e7\u00e3o de bloqueio para crian\u00e7as incorporada<\/li>\n<li>\ud83c\udf1f <strong>Conce\u00e7\u00e3o:<\/strong> Acabamento espelhado com efeitos LED RGB<\/li>\n<\/ul>\n<h3>\ud83c\udf6d Sabores dispon\u00edveis:<\/h3>\n<ul>\n<li>Blue Razz Ice \ud83e\uded0\u2744\ufe0f<\/li>\n<li>Lush Ice \ud83c\udf49\u2744\ufe0f<\/li>\n<li>Gelo de morango \ud83c\udf53\u2744\ufe0f<\/li>\n<li>Gelo de uva \ud83c\udf47\u2744\ufe0f<\/li>\n<li>LOVE 66 \u2764\ufe0f\u200d\ud83d\udd25<\/li>\n<li>Lady Killa \ud83d\udc51<\/li>\n<li>Gelo de menta \ud83c\udf43\u2744\ufe0f<\/li>\n<li>Melancia com morango \ud83c\udf53\ud83c\udf49<\/li>\n<li>Kiwi Maracuj\u00e1 \ud83e\udd5d\ud83e\udd6d<\/li>\n<li>Bagas mistas \ud83c\udf53\ud83e\uded0\ud83c\udf47<\/li>\n<\/ul>","protected":false},"excerpt":{"rendered":"<p>Prepare-se para vaporizar com estilo com o OKSO Magic Mirror 50K: 50.000 baforadas, bobinas de malha dupla, LED RGB e 40mL e-l\u00edquido - o vape descart\u00e1vel elegante e poderoso para compradores a granel.<\/p>","protected":false},"featured_media":32025,"comment_status":"open","ping_status":"closed","template":"","meta":[],"product_brand":[233],"product_cat":[74,230,229],"product_tag":[],"class_list":{"0":"post-31945","1":"product","2":"type-product","3":"status-publish","4":"has-post-thumbnail","6":"product_brand-okso","7":"product_cat-40000-puffs-disposable-vape","8":"product_cat-new","9":"product_cat-okso","11":"first","12":"instock","13":"shipping-taxable","14":"purchasable","15":"product-type-variable","16":"has-default-attributes"},"jetpack_sharing_enabled":true,"tiered_pricing_type":"fixed","tiered_pricing_fixed_rules":{"30":8.7400000000000002131628207280300557613372802734375,"60":8.699999999999999289457264239899814128875732421875,"100":8.300000000000000710542735760100185871124267578125,"200":7.9000000000000003552713678800500929355621337890625},"tiered_pricing_product_settings":{"layout":"default","base_unit_name":{"singular":null,"plural":null},"default_variation":null},"tiered_pricing_minimum_quantity":10,"tiered_pricing_roles_data":[],"tiered_pricing_percentage_rules":[],"tiered_pricing_maximum_quantity":null,"tiered_pricing_quantity_step":"10","_links":{"self":[{"href":"https:\/\/volovape.com\/pt\/wp-json\/wp\/v2\/product\/31945","targetHints":{"allow":["GET"]}}],"collection":[{"href":"https:\/\/volovape.com\/pt\/wp-json\/wp\/v2\/product"}],"about":[{"href":"https:\/\/volovape.com\/pt\/wp-json\/wp\/v2\/types\/product"}],"replies":[{"embeddable":true,"href":"https:\/\/volovape.com\/pt\/wp-json\/wp\/v2\/comments?post=31945"}],"wp:featuredmedia":[{"embeddable":true,"href":"https:\/\/volovape.com\/pt\/wp-json\/wp\/v2\/media\/32025"}],"wp:attachment":[{"href":"https:\/\/volovape.com\/pt\/wp-json\/wp\/v2\/media?parent=31945"}],"wp:term":[{"taxonomy":"product_brand","embeddable":true,"href":"https:\/\/volovape.com\/pt\/wp-json\/wp\/v2\/product_brand?post=31945"},{"taxonomy":"product_cat","embeddable":true,"href":"https:\/\/volovape.com\/pt\/wp-json\/wp\/v2\/product_cat?post=31945"},{"taxonomy":"product_tag","embeddable":true,"href":"https:\/\/volovape.com\/pt\/wp-json\/wp\/v2\/product_tag?post=31945"}],"curies":[{"name":"wp","href":"https:\/\/api.w.org\/{rel}","templated":true}]}}