{"id":31944,"date":"2025-07-02T03:28:55","date_gmt":"2025-07-02T03:28:55","guid":{"rendered":"https:\/\/volovape.com\/?post_type=product&#038;p=31944"},"modified":"2026-04-14T06:20:46","modified_gmt":"2026-04-14T06:20:46","slug":"okso-crystal-bar-800-puffs","status":"publish","type":"product","link":"https:\/\/volovape.com\/pt\/product\/okso-crystal-bar-800-puffs\/","title":{"rendered":"OKSO Crystal Bar 800 | bobina de malha RGB vape descart\u00e1vel por atacado"},"content":{"rendered":"<p>OKSO O vape descart\u00e1vel Crystal Bar 800 oferece 800 baforadas suaves, efeitos LED RGB e 10 sabores arrojados num design compacto e elegante - perfeito para o prazer di\u00e1rio de vaporizar em movimento. Pr\u00e9-preenchido com 2 ml de e-l\u00edquido e dispon\u00edvel numa gama de dosagens de nicotina (0-5%), este vape ultra-port\u00e1til tem uma pot\u00eancia satisfat\u00f3ria para at\u00e9 800 baforadas.<\/p>\n<p>Esque\u00e7a as defini\u00e7\u00f5es complicadas - basta agarrar, dar uma passa e desfrutar! Pesando apenas 36 g, a Crystal Bar \u00e9 perfeita para vaping discreto e em movimento, ao mesmo tempo que chama a aten\u00e7\u00e3o com os seus vibrantes efeitos de ilumina\u00e7\u00e3o LED.<\/p>\n<h3>\ud83d\ude80 Porque \u00e9 que vai adorar<\/h3>\n<ul>\n<li>Sabor consistente e intenso com design de bobina de malha<\/li>\n<li>LED RGB colorido para um toque extra<\/li>\n<li>Compacto, leve e f\u00e1cil de transportar<\/li>\n<li>V\u00e1rios n\u00edveis de nicotina para combinar com a sua vibra\u00e7\u00e3o<\/li>\n<li>Sem recargas ou complica\u00e7\u00f5es - 800 baforadas de pura conveni\u00eancia<\/li>\n<\/ul>\n<h3>Op\u00e7\u00f5es de sabor<\/h3>\n<ul>\n<li>Hortel\u00e3<\/li>\n<li>Gelo de P\u00eassego<\/li>\n<li>Lim\u00e3o Rosa<\/li>\n<li>Sangue de Tigre<\/li>\n<li>Gelo de uva<\/li>\n<li>Gelo de melancia<\/li>\n<li>Gelo Razz Azul<\/li>\n<li>P\u00eassego Manga Melancia<\/li>\n<li>Gelo de Cereja<\/li>\n<li>Sorvete de Morango<\/li>\n<\/ul>\n<p>Se quer um vape descart\u00e1vel que tenha um aspeto fant\u00e1stico e um efeito perfeito, o OKSO Crystal Bar 800 \u00e9 o seu novo her\u00f3i de bolso. Perfeito para usu\u00e1rios casuais, iniciantes ou qualquer pessoa que procure uma experi\u00eancia saborosa e sem complica\u00e7\u00f5es - tudo com uma pitada de magia RGB. \ud83c\udf08<\/p>","protected":false},"excerpt":{"rendered":"<p>\u2728 <strong>Pequeno mas poderoso!<\/strong> O OKSO Crystal Bar 800 est\u00e1 aqui para alegrar o seu dia com uma luz RGB colorida e proporcionar um sabor suave e sedoso gra\u00e7as \u00e0 sua tecnologia avan\u00e7ada de bobina de malha.<\/p>","protected":false},"featured_media":32012,"comment_status":"open","ping_status":"closed","template":"","meta":[],"product_brand":[233],"product_cat":[59,230,229],"product_tag":[],"class_list":{"0":"post-31944","1":"product","2":"type-product","3":"status-publish","4":"has-post-thumbnail","6":"product_brand-okso","7":"product_cat-800-puffs-disposable-vape","8":"product_cat-new","9":"product_cat-okso","11":"first","12":"instock","13":"shipping-taxable","14":"purchasable","15":"product-type-variable","16":"has-default-attributes"},"jetpack_sharing_enabled":true,"tiered_pricing_type":"fixed","tiered_pricing_fixed_rules":{"30":4.589999999999999857891452847979962825775146484375,"50":3.4900000000000002131628207280300557613372802734375,"100":2.899999999999999911182158029987476766109466552734375,"200":2.75,"400":2.390000000000000124344978758017532527446746826171875},"tiered_pricing_product_settings":{"layout":"default","base_unit_name":{"singular":null,"plural":null},"default_variation":null},"tiered_pricing_minimum_quantity":10,"tiered_pricing_roles_data":[],"tiered_pricing_percentage_rules":[],"tiered_pricing_maximum_quantity":null,"tiered_pricing_quantity_step":"10","_links":{"self":[{"href":"https:\/\/volovape.com\/pt\/wp-json\/wp\/v2\/product\/31944","targetHints":{"allow":["GET"]}}],"collection":[{"href":"https:\/\/volovape.com\/pt\/wp-json\/wp\/v2\/product"}],"about":[{"href":"https:\/\/volovape.com\/pt\/wp-json\/wp\/v2\/types\/product"}],"replies":[{"embeddable":true,"href":"https:\/\/volovape.com\/pt\/wp-json\/wp\/v2\/comments?post=31944"}],"wp:featuredmedia":[{"embeddable":true,"href":"https:\/\/volovape.com\/pt\/wp-json\/wp\/v2\/media\/32012"}],"wp:attachment":[{"href":"https:\/\/volovape.com\/pt\/wp-json\/wp\/v2\/media?parent=31944"}],"wp:term":[{"taxonomy":"product_brand","embeddable":true,"href":"https:\/\/volovape.com\/pt\/wp-json\/wp\/v2\/product_brand?post=31944"},{"taxonomy":"product_cat","embeddable":true,"href":"https:\/\/volovape.com\/pt\/wp-json\/wp\/v2\/product_cat?post=31944"},{"taxonomy":"product_tag","embeddable":true,"href":"https:\/\/volovape.com\/pt\/wp-json\/wp\/v2\/product_tag?post=31944"}],"curies":[{"name":"wp","href":"https:\/\/api.w.org\/{rel}","templated":true}]}}