{"id":31943,"date":"2025-07-02T03:28:53","date_gmt":"2025-07-02T03:28:53","guid":{"rendered":"https:\/\/volovape.com\/?post_type=product&#038;p=31943"},"modified":"2026-04-14T06:26:05","modified_gmt":"2026-04-14T06:26:05","slug":"okso-shisha-hookah-mega-50000","status":"publish","type":"product","link":"https:\/\/volovape.com\/pt\/product\/okso-shisha-hookah-mega-50000\/","title":{"rendered":"OKSO Cachimbo de \u00e1gua Mega 50K | malha tripla, LED vape descart\u00e1vel a granel"},"content":{"rendered":"<p>Desfrute de uma experi\u00eancia de vaporiza\u00e7\u00e3o sem paralelo com o <strong>OKSO Cachimbo de \u00e1gua Mega 50K<\/strong>! Concebido tanto para os entusiastas do sabor como para os ca\u00e7adores de nuvens, este dispositivo redefine a vaporiza\u00e7\u00e3o descart\u00e1vel. Prepara-te para um surpreendente <strong>50.000 baforadas<\/strong>, refor\u00e7ado por uma tecnologia de ponta <strong>bobina de malha tripla<\/strong> para batidas mais ricas e suaves. \ud83d\ude80<\/p>\n<p>Mantenha o controlo com o visor LED v\u00edvido, que permite controlar facilmente os n\u00edveis da bateria e do e-l\u00edquido. Personalize o seu consumo com o fluxo de ar ajust\u00e1vel, assegurando que cada inala\u00e7\u00e3o \u00e9 perfeita. Quer prefira uma sess\u00e3o de zero nicotina ou uma forte batida na garganta 5%, o OKSO Mega 50K adapta-se \u00e0 sua prefer\u00eancia. A sua enorme capacidade de 40mL de e-l\u00edquido e a bateria recarreg\u00e1vel de 1100mAh garantem uma intensidade duradoura, tornando-o ideal para um prazer cont\u00ednuo ou como um campe\u00e3o de vendas para o seu neg\u00f3cio. \u2728<\/p>\n<h3>\ud83c\udf1f Carater\u00edsticas principais:<\/h3>\n<ul>\n<li><strong>50.000 Puffs:<\/strong> Maior dura\u00e7\u00e3o, menos substitui\u00e7\u00f5es.<\/li>\n<li><strong>Bobina de malha tripla:<\/strong> Sabor e produ\u00e7\u00e3o de vapor superiores.<\/li>\n<li><strong>Recarreg\u00e1vel tipo C:<\/strong> Energia c\u00f3moda e amiga do ambiente.<\/li>\n<li><strong>Ecr\u00e3 LED:<\/strong> Monitorize a bateria e o e-l\u00edquido num relance.<\/li>\n<li><strong>Fluxo de ar ajust\u00e1vel:<\/strong> Personalize o seu desenho perfeito.<\/li>\n<\/ul>\n<h3>\ud83d\ude0b Lista de sabores:<\/h3>\n<ul>\n<li>Gelo exuberante<\/li>\n<li>Duas Ma\u00e7\u00e3s<\/li>\n<li>Morango melancia chiclete<\/li>\n<li>Gelo de P\u00eassego<\/li>\n<li>Mirtilo Framboesa Cereja<\/li>\n<li>Amor 66<\/li>\n<li>Gelo de manga<\/li>\n<li>Morango Kiwi<\/li>\n<li>Senhora Killa<\/li>\n<li>Gelo de uva<\/li>\n<\/ul>\n<p>Eleve a sua viagem vaporizadora com o OKSO Shisha Hookah Mega 50K - a melhor escolha para compradores a granel, fan\u00e1ticos por sabores e utilizadores intensivos! \ud83c\udf2c\ufe0f<\/p>","protected":false},"excerpt":{"rendered":"<p>OKSO Magic Mirror 50K oferece at\u00e9 50.000 baforadas com luzes RGB deslumbrantes, um acabamento espelhado elegante, bobinas de malha dupla e 10 sabores premium - perfeitos para os amantes do sabor e do desempenho.<\/p>","protected":false},"featured_media":31968,"comment_status":"open","ping_status":"closed","template":"","meta":[],"product_brand":[233],"product_cat":[74,230,229],"product_tag":[],"class_list":{"0":"post-31943","1":"product","2":"type-product","3":"status-publish","4":"has-post-thumbnail","6":"product_brand-okso","7":"product_cat-40000-puffs-disposable-vape","8":"product_cat-new","9":"product_cat-okso","11":"first","12":"instock","13":"shipping-taxable","14":"purchasable","15":"product-type-variable","16":"has-default-attributes"},"jetpack_sharing_enabled":true,"tiered_pricing_type":"fixed","tiered_pricing_fixed_rules":{"30":9.5,"50":8.9000000000000003552713678800500929355621337890625,"100":7.9000000000000003552713678800500929355621337890625,"200":7.20000000000000017763568394002504646778106689453125},"tiered_pricing_product_settings":{"layout":"default","base_unit_name":{"singular":null,"plural":null},"default_variation":null},"tiered_pricing_minimum_quantity":10,"tiered_pricing_roles_data":[],"tiered_pricing_percentage_rules":[],"tiered_pricing_maximum_quantity":null,"tiered_pricing_quantity_step":"10","_links":{"self":[{"href":"https:\/\/volovape.com\/pt\/wp-json\/wp\/v2\/product\/31943","targetHints":{"allow":["GET"]}}],"collection":[{"href":"https:\/\/volovape.com\/pt\/wp-json\/wp\/v2\/product"}],"about":[{"href":"https:\/\/volovape.com\/pt\/wp-json\/wp\/v2\/types\/product"}],"replies":[{"embeddable":true,"href":"https:\/\/volovape.com\/pt\/wp-json\/wp\/v2\/comments?post=31943"}],"wp:featuredmedia":[{"embeddable":true,"href":"https:\/\/volovape.com\/pt\/wp-json\/wp\/v2\/media\/31968"}],"wp:attachment":[{"href":"https:\/\/volovape.com\/pt\/wp-json\/wp\/v2\/media?parent=31943"}],"wp:term":[{"taxonomy":"product_brand","embeddable":true,"href":"https:\/\/volovape.com\/pt\/wp-json\/wp\/v2\/product_brand?post=31943"},{"taxonomy":"product_cat","embeddable":true,"href":"https:\/\/volovape.com\/pt\/wp-json\/wp\/v2\/product_cat?post=31943"},{"taxonomy":"product_tag","embeddable":true,"href":"https:\/\/volovape.com\/pt\/wp-json\/wp\/v2\/product_tag?post=31943"}],"curies":[{"name":"wp","href":"https:\/\/api.w.org\/{rel}","templated":true}]}}