{"id":31007,"date":"2025-08-16T11:40:48","date_gmt":"2025-08-16T11:40:48","guid":{"rendered":"https:\/\/volovape.com\/?post_type=product&#038;p=31007"},"modified":"2026-03-16T08:50:07","modified_gmt":"2026-03-16T08:50:07","slug":"vozol-gear-shisha-25000","status":"publish","type":"product","link":"https:\/\/volovape.com\/pt\/product\/vozol-gear-shisha-25000\/","title":{"rendered":"Vozol Gear Shisha 25000 Puffs | Bobina de malha dupla, 24ml e-liquid, chip vape inteligente"},"content":{"rendered":"<p>Prepare-se para experimentar o pr\u00f3ximo n\u00edvel de vaporiza\u00e7\u00e3o com o <strong>Vozol Engrenagem de narguil\u00e9 25000<\/strong> - o primeiro vape pr\u00e9-cheio DTL audio-interativo do mundo. Concebido para simular os sons borbulhantes \u00fanicos da shisha tradicional, este dispositivo traz um novo n\u00edvel de divers\u00e3o \u00e0s suas sess\u00f5es de vape. Quer seja um entusiasta de sabores ou algu\u00e9m que goste de tragos suaves e intensos, o Vozol Gear Shisha oferece modos duplos para uma experi\u00eancia personaliz\u00e1vel. \ud83c\udf2c\ufe0f\ud83d\udca8<\/p>\n<h3>Especifica\u00e7\u00f5es:<\/h3>\n<table>\n<tbody>\n<tr>\n<td><strong>Capacidade de sopro<\/strong><\/td>\n<td>25000 baforadas (Modo Eco)<\/td>\n<\/tr>\n<tr>\n<td><strong>Capacidade de e-l\u00edquido<\/strong><\/td>\n<td>24mL<\/td>\n<\/tr>\n<tr>\n<td><strong>Bateria<\/strong><\/td>\n<td>1000mAh, recarreg\u00e1vel<\/td>\n<\/tr>\n<tr>\n<td><strong>Tipo de bobina<\/strong><\/td>\n<td>Bobina de malha dupla<\/td>\n<\/tr>\n<tr>\n<td><strong>Modos<\/strong><\/td>\n<td>Eco (25000 pastilhas), Power (18000 pastilhas)<\/td>\n<\/tr>\n<tr>\n<td><strong>Fluxo de ar<\/strong><\/td>\n<td>Ajust\u00e1vel<\/td>\n<\/tr>\n<tr>\n<td><strong>Ecr\u00e3<\/strong><\/td>\n<td>Ecr\u00e3 a cores de 2,1 polegadas<\/td>\n<\/tr>\n<tr>\n<td><strong>Tecnologia<\/strong><\/td>\n<td>Chip inteligente S.i.L.C.<\/td>\n<\/tr>\n<\/tbody>\n<\/table>\n<h3>Porqu\u00ea escolher o Vozol Gear Shisha 25000?<\/h3>\n<ul>\n<li><strong>Efeitos de \u00e1udio inovadores:<\/strong> Desfrute de sons realistas de bolhas de narguil\u00e9 com cada baforada para uma experi\u00eancia mais envolvente.<\/li>\n<li><strong>Bobinas de malha dupla:<\/strong> Garanta uma extra\u00e7\u00e3o suave e intensa com a tecnologia de malha dupla.<\/li>\n<li><strong>Modos duplos:<\/strong> Alterne entre o modo Eco para sess\u00f5es de longa dura\u00e7\u00e3o e o modo Power para uma vaporiza\u00e7\u00e3o mais intensa.<\/li>\n<li><strong>Fluxo de ar ajust\u00e1vel:<\/strong> Aperfei\u00e7oe a sua experi\u00eancia de vaporiza\u00e7\u00e3o com defini\u00e7\u00f5es de fluxo de ar personaliz\u00e1veis.<\/li>\n<li><strong>Tecnologia de chip inteligente:<\/strong> Equipado com o chip S.i.L.C. para um melhor desempenho e seguran\u00e7a.<\/li>\n<li><strong>Bateria de longa dura\u00e7\u00e3o:<\/strong> A bateria recarreg\u00e1vel de 1000mAh garante uma utiliza\u00e7\u00e3o prolongada sem necessidade de carregamentos frequentes.<\/li>\n<li><strong>Grande capacidade de E-l\u00edquido:<\/strong> O dep\u00f3sito de 24 ml fornece um amplo l\u00edquido eletr\u00f3nico para sess\u00f5es prolongadas, reduzindo as recargas.<\/li>\n<\/ul>\n<p><strong>Vozol Engrenagem de narguil\u00e9 25000<\/strong> \u00e9 ideal para vapers intensos, perseguidores de sabores e lojas de vape que procuram oferecer aos seus clientes uma experi\u00eancia inovadora. Com a sua bateria recarreg\u00e1vel, modos ajust\u00e1veis e uma impressionante capacidade de e-l\u00edquido, \u00e9 imprescind\u00edvel para a distribui\u00e7\u00e3o por grosso e ambientes de retalho. Actualize a sua cole\u00e7\u00e3o de vape hoje com o Vozol Gear Shisha - onde a tecnologia encontra o sabor!<\/p>\n<p>&nbsp;<\/p>\n<p>&nbsp;<\/p>\n<p><img data-recalc-dims=\"1\" loading=\"lazy\" decoding=\"async\" class=\"alignnone wp-image-31425 size-full\" src=\"https:\/\/i0.wp.com\/volovape.com\/wp-content\/uploads\/2025\/06\/Berry-Ice-2.jpg?resize=1829%2C1920&#038;ssl=1\" alt=\"\" width=\"1829\" height=\"1920\" title=\"\" srcset=\"https:\/\/i0.wp.com\/volovape.com\/wp-content\/uploads\/2025\/06\/Berry-Ice-2.jpg?w=1829&amp;ssl=1 1829w, https:\/\/i0.wp.com\/volovape.com\/wp-content\/uploads\/2025\/06\/Berry-Ice-2.jpg?resize=286%2C300&amp;ssl=1 286w, https:\/\/i0.wp.com\/volovape.com\/wp-content\/uploads\/2025\/06\/Berry-Ice-2.jpg?resize=975%2C1024&amp;ssl=1 975w, https:\/\/i0.wp.com\/volovape.com\/wp-content\/uploads\/2025\/06\/Berry-Ice-2.jpg?resize=768%2C806&amp;ssl=1 768w, https:\/\/i0.wp.com\/volovape.com\/wp-content\/uploads\/2025\/06\/Berry-Ice-2.jpg?resize=1463%2C1536&amp;ssl=1 1463w, https:\/\/i0.wp.com\/volovape.com\/wp-content\/uploads\/2025\/06\/Berry-Ice-2.jpg?resize=11%2C12&amp;ssl=1 11w, https:\/\/i0.wp.com\/volovape.com\/wp-content\/uploads\/2025\/06\/Berry-Ice-2.jpg?resize=800%2C840&amp;ssl=1 800w\" sizes=\"auto, (max-width: 1000px) 100vw, 1000px\" \/><\/p>","protected":false},"excerpt":{"rendered":"<p>Descubra o Vozol Gear Shisha 25000, um vape reutiliz\u00e1vel de \u00faltima gera\u00e7\u00e3o com bobinas de malha dupla, 25000 baforadas e uma capacidade de 24 ml de e-l\u00edquido.<\/p>","protected":false},"featured_media":31008,"comment_status":"open","ping_status":"closed","template":"","meta":[],"product_brand":[],"product_cat":[228],"product_tag":[],"class_list":{"0":"post-31007","1":"product","2":"type-product","3":"status-publish","4":"has-post-thumbnail","6":"product_cat-vozol","8":"first","9":"instock","10":"shipping-taxable","11":"purchasable","12":"product-type-variable","13":"has-default-attributes"},"jetpack_sharing_enabled":true,"tiered_pricing_type":"fixed","tiered_pricing_fixed_rules":{"2000":6.71999999999999975131004248396493494510650634765625},"tiered_pricing_product_settings":{"layout":"default","base_unit_name":{"singular":null,"plural":null},"default_variation":null},"tiered_pricing_minimum_quantity":1000,"tiered_pricing_roles_data":[],"tiered_pricing_percentage_rules":[],"tiered_pricing_maximum_quantity":null,"tiered_pricing_quantity_step":"10","_links":{"self":[{"href":"https:\/\/volovape.com\/pt\/wp-json\/wp\/v2\/product\/31007","targetHints":{"allow":["GET"]}}],"collection":[{"href":"https:\/\/volovape.com\/pt\/wp-json\/wp\/v2\/product"}],"about":[{"href":"https:\/\/volovape.com\/pt\/wp-json\/wp\/v2\/types\/product"}],"replies":[{"embeddable":true,"href":"https:\/\/volovape.com\/pt\/wp-json\/wp\/v2\/comments?post=31007"}],"wp:featuredmedia":[{"embeddable":true,"href":"https:\/\/volovape.com\/pt\/wp-json\/wp\/v2\/media\/31008"}],"wp:attachment":[{"href":"https:\/\/volovape.com\/pt\/wp-json\/wp\/v2\/media?parent=31007"}],"wp:term":[{"taxonomy":"product_brand","embeddable":true,"href":"https:\/\/volovape.com\/pt\/wp-json\/wp\/v2\/product_brand?post=31007"},{"taxonomy":"product_cat","embeddable":true,"href":"https:\/\/volovape.com\/pt\/wp-json\/wp\/v2\/product_cat?post=31007"},{"taxonomy":"product_tag","embeddable":true,"href":"https:\/\/volovape.com\/pt\/wp-json\/wp\/v2\/product_tag?post=31007"}],"curies":[{"name":"wp","href":"https:\/\/api.w.org\/{rel}","templated":true}]}}