{"id":30895,"date":"2025-08-16T11:40:18","date_gmt":"2025-08-16T11:40:18","guid":{"rendered":"https:\/\/volovape.com\/?post_type=product&#038;p=30895"},"modified":"2026-03-16T08:50:06","modified_gmt":"2026-03-16T08:50:06","slug":"gemeos-de-cristal-uwin-40k","status":"publish","type":"product","link":"https:\/\/volovape.com\/pt\/product\/uwin-crystal-twins-40k\/","title":{"rendered":"Uwin Crystal Twins 40K 40000 Puffs | vape descart\u00e1vel de duplo sabor whoelsale"},"content":{"rendered":"<h2><strong>Uwin Crystal Twins 40K - Vape descart\u00e1vel de duplo sabor \ud83c\udf1f<\/strong><\/h2>\n<p>Apresentamos o Uwin Crystal Twins 40K, um divisor de \u00e1guas no mercado dos vape descart\u00e1veis! Com um m\u00e1ximo de 40.000 baforadas de puro prazer de vaporiza\u00e7\u00e3o, este dispositivo apresenta um design \u00fanico de duplo sabor, oferecendo uma excitante combina\u00e7\u00e3o de sabores em cada baforada. Quer seja um perseguidor de sabores ou um vaporizador intenso, este vape proporciona uma experi\u00eancia suave e satisfat\u00f3ria, tudo num corpo elegante e cristalino. Diga adeus \u00e0s recargas e desfrute de conveni\u00eancia como nunca antes. \ud83d\udd25\ud83d\udca8<\/p>\n<h4><strong>Especifica\u00e7\u00f5es:<\/strong><\/h4>\n<table>\n<thead>\n<tr>\n<th><strong>Recurso<\/strong><\/th>\n<th><strong>Detalhes<\/strong><\/th>\n<\/tr>\n<\/thead>\n<tbody>\n<tr>\n<td><strong>Capacidade de sopro<\/strong><\/td>\n<td>40.000 baforadas<\/td>\n<\/tr>\n<tr>\n<td><strong>Capacidade de e-l\u00edquido<\/strong><\/td>\n<td>8mL (por c\u00e2mara)<\/td>\n<\/tr>\n<tr>\n<td><strong>Bateria<\/strong><\/td>\n<td>850mAh, Tipo C<\/td>\n<\/tr>\n<tr>\n<td><strong>Tipo de bobina<\/strong><\/td>\n<td>Bobina de malha de 0,6\u03a9<\/td>\n<\/tr>\n<tr>\n<td><strong>Op\u00e7\u00f5es de nicotina<\/strong><\/td>\n<td>0%, 2%, 3%, 5%<\/td>\n<\/tr>\n<tr>\n<td><strong>Ecr\u00e3<\/strong><\/td>\n<td>Ecr\u00e3 inteligente<\/td>\n<\/tr>\n<tr>\n<td><strong>Projeto<\/strong><\/td>\n<td>Corpo cristalino<\/td>\n<\/tr>\n<\/tbody>\n<\/table>\n<h4><strong>Combina\u00e7\u00f5es de sabores:<\/strong><\/h4>\n<table>\n<thead>\n<tr>\n<th><strong>Sabor A<\/strong><\/th>\n<th><strong>Sabor B<\/strong><\/th>\n<\/tr>\n<\/thead>\n<tbody>\n<tr>\n<td>Mirtilo no gelo<\/td>\n<td>Gelo de P\u00eassego de Ver\u00e3o<\/td>\n<\/tr>\n<tr>\n<td>Kiwi Maracuj\u00e1 Goiaba<\/td>\n<td>Mirtilo Framboesa<\/td>\n<\/tr>\n<tr>\n<td>Morango Kiwi<\/td>\n<td>Gelo de uva<\/td>\n<\/tr>\n<tr>\n<td>Kiwi Maracuj\u00e1 Goiaba<\/td>\n<td>Duas Ma\u00e7\u00e3s<\/td>\n<\/tr>\n<tr>\n<td>Morango Melancia<\/td>\n<td>Lim\u00e3o Lima<\/td>\n<\/tr>\n<tr>\n<td>Mirtilo Framboesa<\/td>\n<td>Gelo de Cereja<\/td>\n<\/tr>\n<tr>\n<td>Morango Framboesa Cereja<\/td>\n<td>Senhor Azul<\/td>\n<\/tr>\n<tr>\n<td>P\u00eassego Manga Abacaxi<\/td>\n<td>Touro Vermelho<\/td>\n<\/tr>\n<tr>\n<td>Gelo de melancia<\/td>\n<td>Frutas vermelhas mistas<\/td>\n<\/tr>\n<tr>\n<td>Morango Banana<\/td>\n<td>Love 66 (Gelado de mel\u00e3o e maracuj\u00e1)<\/td>\n<\/tr>\n<tr>\n<td>Frutos do drag\u00e3o Banana Cereja<\/td>\n<td>Limonada Rosa<\/td>\n<\/tr>\n<tr>\n<td>P\u00eassego Manga<\/td>\n<td>Cola de cereja<\/td>\n<\/tr>\n<tr>\n<td>Sorvete de Morango<\/td>\n<td>Manga no gelo<\/td>\n<\/tr>\n<tr>\n<td>Gelo Razz Azul<\/td>\n<td>Gelo de frutos do drag\u00e3o<\/td>\n<\/tr>\n<tr>\n<td>Morango Red Bull<\/td>\n<td>Gelo de Cereja<\/td>\n<\/tr>\n<\/tbody>\n<\/table>\n<h4><strong>Porqu\u00ea escolher o Uwin Crystal Twins 40K?<\/strong><\/h4>\n<ul>\n<li><strong>Design de duplo sabor:<\/strong> Desfrute de dois sabores distintos em cada baforada para uma experi\u00eancia de vaporiza\u00e7\u00e3o din\u00e2mica.<\/li>\n<li><strong>Grande n\u00famero de baforadas:<\/strong> Obt\u00e9m at\u00e9 40.000 baforadas, durando mais do que a maioria dos vapes descart\u00e1veis.<\/li>\n<li><strong>Op\u00e7\u00f5es com elevado teor de nicotina:<\/strong> Dispon\u00edvel em 0%, 2%, 3% e 5% de nicotina para uma satisfa\u00e7\u00e3o personalizada.<\/li>\n<li><strong>Bobina de malha premium:<\/strong> Experimenta uma produ\u00e7\u00e3o de vapor suave e consistente em cada tragada.<\/li>\n<li><strong>Port\u00e1til e c\u00f3modo:<\/strong> O design cristalino do corpo garante durabilidade e uma apar\u00eancia elegante.<\/li>\n<li><strong>Ecr\u00e3 inteligente:<\/strong> O ecr\u00e3 inteligente de f\u00e1cil leitura mant\u00e9m o registo das suas sess\u00f5es de vaporiza\u00e7\u00e3o.<\/li>\n<\/ul>\n<p>O Uwin Crystal Twins 40K \u00e9 ideal tanto para utilizadores comuns como para compradores a granel, como lojas e distribuidores de vape. Com o seu desempenho duradouro, op\u00e7\u00f5es \u00fanicas de duplo sabor e design elegante, \u00e9 a escolha perfeita para quem procura elevar a sua experi\u00eancia de vaporiza\u00e7\u00e3o. Quer seja um ca\u00e7ador de sabores ou um distribuidor grossista, este dispositivo \u00e9 a escolha perfeita para as suas necessidades.<\/p>\n<p><img data-recalc-dims=\"1\" loading=\"lazy\" decoding=\"async\" class=\"alignnone wp-image-31448 size-full\" src=\"https:\/\/i0.wp.com\/volovape.com\/wp-content\/uploads\/2025\/06\/%E8%81%94%E5%90%8D%E6%B5%B7%E6%8A%A5-2.jpg?resize=1480%2C1810&#038;ssl=1\" alt=\"\" width=\"1480\" height=\"1810\" title=\"\" srcset=\"https:\/\/i0.wp.com\/volovape.com\/wp-content\/uploads\/2025\/06\/%E8%81%94%E5%90%8D%E6%B5%B7%E6%8A%A5-2.jpg?w=1480&amp;ssl=1 1480w, https:\/\/i0.wp.com\/volovape.com\/wp-content\/uploads\/2025\/06\/%E8%81%94%E5%90%8D%E6%B5%B7%E6%8A%A5-2.jpg?resize=245%2C300&amp;ssl=1 245w, https:\/\/i0.wp.com\/volovape.com\/wp-content\/uploads\/2025\/06\/%E8%81%94%E5%90%8D%E6%B5%B7%E6%8A%A5-2.jpg?resize=837%2C1024&amp;ssl=1 837w, https:\/\/i0.wp.com\/volovape.com\/wp-content\/uploads\/2025\/06\/%E8%81%94%E5%90%8D%E6%B5%B7%E6%8A%A5-2.jpg?resize=768%2C939&amp;ssl=1 768w, https:\/\/i0.wp.com\/volovape.com\/wp-content\/uploads\/2025\/06\/%E8%81%94%E5%90%8D%E6%B5%B7%E6%8A%A5-2.jpg?resize=1256%2C1536&amp;ssl=1 1256w, https:\/\/i0.wp.com\/volovape.com\/wp-content\/uploads\/2025\/06\/%E8%81%94%E5%90%8D%E6%B5%B7%E6%8A%A5-2.jpg?resize=10%2C12&amp;ssl=1 10w, https:\/\/i0.wp.com\/volovape.com\/wp-content\/uploads\/2025\/06\/%E8%81%94%E5%90%8D%E6%B5%B7%E6%8A%A5-2.jpg?resize=800%2C978&amp;ssl=1 800w\" sizes=\"auto, (max-width: 1000px) 100vw, 1000px\" \/><\/p>\n<p><img data-recalc-dims=\"1\" loading=\"lazy\" decoding=\"async\" class=\"alignnone wp-image-31447 size-large\" src=\"https:\/\/i0.wp.com\/volovape.com\/wp-content\/uploads\/2025\/06\/40k%E5%8F%A3%E5%91%B3%E6%B5%B7%E6%8A%A5.jpg?resize=905%2C1024&#038;ssl=1\" alt=\"\" width=\"905\" height=\"1024\" title=\"\" srcset=\"https:\/\/i0.wp.com\/volovape.com\/wp-content\/uploads\/2025\/06\/40k%E5%8F%A3%E5%91%B3%E6%B5%B7%E6%8A%A5.jpg?resize=905%2C1024&amp;ssl=1 905w, https:\/\/i0.wp.com\/volovape.com\/wp-content\/uploads\/2025\/06\/40k%E5%8F%A3%E5%91%B3%E6%B5%B7%E6%8A%A5.jpg?resize=265%2C300&amp;ssl=1 265w, https:\/\/i0.wp.com\/volovape.com\/wp-content\/uploads\/2025\/06\/40k%E5%8F%A3%E5%91%B3%E6%B5%B7%E6%8A%A5.jpg?resize=768%2C869&amp;ssl=1 768w, https:\/\/i0.wp.com\/volovape.com\/wp-content\/uploads\/2025\/06\/40k%E5%8F%A3%E5%91%B3%E6%B5%B7%E6%8A%A5.jpg?resize=1358%2C1536&amp;ssl=1 1358w, https:\/\/i0.wp.com\/volovape.com\/wp-content\/uploads\/2025\/06\/40k%E5%8F%A3%E5%91%B3%E6%B5%B7%E6%8A%A5.jpg?resize=11%2C12&amp;ssl=1 11w, https:\/\/i0.wp.com\/volovape.com\/wp-content\/uploads\/2025\/06\/40k%E5%8F%A3%E5%91%B3%E6%B5%B7%E6%8A%A5.jpg?resize=800%2C905&amp;ssl=1 800w, https:\/\/i0.wp.com\/volovape.com\/wp-content\/uploads\/2025\/06\/40k%E5%8F%A3%E5%91%B3%E6%B5%B7%E6%8A%A5.jpg?w=1697&amp;ssl=1 1697w\" sizes=\"auto, (max-width: 905px) 100vw, 905px\" \/><\/p>\n<p><img data-recalc-dims=\"1\" loading=\"lazy\" decoding=\"async\" class=\"alignnone wp-image-31449 size-full\" src=\"https:\/\/i0.wp.com\/volovape.com\/wp-content\/uploads\/2025\/06\/%E7%BD%91%E7%AB%99-Banner-2.jpg?resize=1920%2C656&#038;ssl=1\" alt=\"\" width=\"1920\" height=\"656\" title=\"\" srcset=\"https:\/\/i0.wp.com\/volovape.com\/wp-content\/uploads\/2025\/06\/%E7%BD%91%E7%AB%99-Banner-2.jpg?w=1920&amp;ssl=1 1920w, https:\/\/i0.wp.com\/volovape.com\/wp-content\/uploads\/2025\/06\/%E7%BD%91%E7%AB%99-Banner-2.jpg?resize=300%2C103&amp;ssl=1 300w, https:\/\/i0.wp.com\/volovape.com\/wp-content\/uploads\/2025\/06\/%E7%BD%91%E7%AB%99-Banner-2.jpg?resize=1024%2C350&amp;ssl=1 1024w, https:\/\/i0.wp.com\/volovape.com\/wp-content\/uploads\/2025\/06\/%E7%BD%91%E7%AB%99-Banner-2.jpg?resize=768%2C262&amp;ssl=1 768w, https:\/\/i0.wp.com\/volovape.com\/wp-content\/uploads\/2025\/06\/%E7%BD%91%E7%AB%99-Banner-2.jpg?resize=1536%2C525&amp;ssl=1 1536w, https:\/\/i0.wp.com\/volovape.com\/wp-content\/uploads\/2025\/06\/%E7%BD%91%E7%AB%99-Banner-2.jpg?resize=18%2C6&amp;ssl=1 18w, https:\/\/i0.wp.com\/volovape.com\/wp-content\/uploads\/2025\/06\/%E7%BD%91%E7%AB%99-Banner-2.jpg?resize=800%2C273&amp;ssl=1 800w\" sizes=\"auto, (max-width: 1000px) 100vw, 1000px\" \/><\/p>","protected":false},"excerpt":{"rendered":"<p>Experimente uma satisfa\u00e7\u00e3o duradoura com o Vape descart\u00e1vel Uwin Crystal Twins 40K! 40.000 baforadas, op\u00e7\u00f5es de dois sabores e sabores refrescantes.<\/p>","protected":false},"featured_media":30896,"comment_status":"open","ping_status":"closed","template":"","meta":[],"product_brand":[],"product_cat":[16,224],"product_tag":[],"class_list":{"0":"post-30895","1":"product","2":"type-product","3":"status-publish","4":"has-post-thumbnail","6":"product_cat-volo-vape","7":"product_cat-uwin","9":"first","10":"instock","11":"shipping-taxable","12":"purchasable","13":"product-type-variable","14":"has-default-attributes"},"jetpack_sharing_enabled":true,"tiered_pricing_type":"fixed","tiered_pricing_fixed_rules":{"30":7.589999999999999857891452847979962825775146484375,"50":6.20999999999999996447286321199499070644378662109375,"100":5.88999999999999968025576890795491635799407958984375,"200":5.4900000000000002131628207280300557613372802734375,"400":5.04000000000000003552713678800500929355621337890625},"tiered_pricing_product_settings":{"layout":"default","base_unit_name":{"singular":null,"plural":null},"default_variation":null},"tiered_pricing_minimum_quantity":10,"tiered_pricing_roles_data":[],"tiered_pricing_percentage_rules":[],"tiered_pricing_maximum_quantity":null,"tiered_pricing_quantity_step":"10","_links":{"self":[{"href":"https:\/\/volovape.com\/pt\/wp-json\/wp\/v2\/product\/30895","targetHints":{"allow":["GET"]}}],"collection":[{"href":"https:\/\/volovape.com\/pt\/wp-json\/wp\/v2\/product"}],"about":[{"href":"https:\/\/volovape.com\/pt\/wp-json\/wp\/v2\/types\/product"}],"replies":[{"embeddable":true,"href":"https:\/\/volovape.com\/pt\/wp-json\/wp\/v2\/comments?post=30895"}],"wp:featuredmedia":[{"embeddable":true,"href":"https:\/\/volovape.com\/pt\/wp-json\/wp\/v2\/media\/30896"}],"wp:attachment":[{"href":"https:\/\/volovape.com\/pt\/wp-json\/wp\/v2\/media?parent=30895"}],"wp:term":[{"taxonomy":"product_brand","embeddable":true,"href":"https:\/\/volovape.com\/pt\/wp-json\/wp\/v2\/product_brand?post=30895"},{"taxonomy":"product_cat","embeddable":true,"href":"https:\/\/volovape.com\/pt\/wp-json\/wp\/v2\/product_cat?post=30895"},{"taxonomy":"product_tag","embeddable":true,"href":"https:\/\/volovape.com\/pt\/wp-json\/wp\/v2\/product_tag?post=30895"}],"curies":[{"name":"wp","href":"https:\/\/api.w.org\/{rel}","templated":true}]}}