{"id":30869,"date":"2025-08-16T11:39:59","date_gmt":"2025-08-16T11:39:59","guid":{"rendered":"https:\/\/volovape.com\/?post_type=product&#038;p=30869"},"modified":"2025-10-28T04:51:04","modified_gmt":"2025-10-28T04:51:04","slug":"uwin-randm-tornado-beat-35k","status":"publish","type":"product","link":"https:\/\/volovape.com\/pt\/product\/uwin-randm-tornado-beat-35k\/","title":{"rendered":"Uwin RandM tornado beat 35K: vape descart\u00e1vel de longa dura\u00e7\u00e3o por atacado"},"content":{"rendered":"<h2>Uwin RandM Tornado Beat 35K Descri\u00e7\u00e3o geral e carater\u00edsticas<\/h2>\n<p>O Uwin RandM Tornado Beat 35K \u00e9 um vape descart\u00e1vel de topo, concebido tanto para os entusiastas do sabor como para os utilizadores mais exigentes. Com uma not\u00e1vel capacidade de 35.000 baforadas, proporciona uma experi\u00eancia inigual\u00e1vel em cada sess\u00e3o de vape. Este dispositivo combina carater\u00edsticas de alto desempenho com uma sele\u00e7\u00e3o de sabores de fazer crescer \u00e1gua na boca, quer seja um f\u00e3 de misturas frutadas ou de misturas refrescantes e geladas. Perfeito para quem deseja uma satisfa\u00e7\u00e3o duradoura e batidas suaves.<\/p>\n<p>Especifica\u00e7\u00f5es:<\/p>\n<p>Capacidade de sopro: 35.000 sopros<\/p>\n<p>Capacidade do E-l\u00edquido: 12mL<\/p>\n<p>Bateria: 800mAh, Tipo C<\/p>\n<p>Tipo de bobina: Bobina de malha de 0,8\u03a9<\/p>\n<p>Op\u00e7\u00f5es de nicotina: 0%, 2%, 3%, 5%<\/p>\n<p>Ecr\u00e3: Ecr\u00e3 inteligente<\/p>\n<p>Design: Compacto e ergon\u00f3mico<\/p>\n<h2>Uwin RandM Tornado Beat 35K Sabores em stock:<\/h2>\n<p>Mirtilo Framboesa, Morango Melancia, Mirtilo no Gelo, Gelo Melancia, Gelo P\u00eassego ver\u00e3o, Gelo Cereja, Gelo Morango Framboesa Cereja, Kiwi Maracuj\u00e1 Goiaba, Gelo Morango, Cola Cereja, Bagas Mistas, Mr Blue<\/p>\n<p>Porqu\u00ea escolher Uwin RandM Tornado Beat 35K?<\/p>\n<p>Contagem de baforadas inigual\u00e1vel: Desfrute de at\u00e9 35.000 baforadas, durando muito mais tempo do que os descart\u00e1veis normais.<\/p>\n<p>Op\u00e7\u00f5es de duplo sabor: Dois sabores \u00fanicos num s\u00f3 dispositivo oferecem uma experi\u00eancia verdadeiramente personaliz\u00e1vel.<\/p>\n<p>Op\u00e7\u00f5es de alta nicotina: Escolha entre os n\u00edveis de nicotina 0%, 2%, 3% e 5% de acordo com a sua prefer\u00eancia.<\/p>\n<p>Design elegante e compacto: F\u00e1cil de transportar e com estilo para vaporizar em movimento.<\/p>\n<p>Funcionalidades avan\u00e7adas: Ecr\u00e3 inteligente e carregamento tipo C para m\u00e1xima comodidade.<\/p>\n<p>Vasta sele\u00e7\u00e3o de sabores: Mais de 12 sabores vibrantes e deliciosos \u00e0 escolha.<\/p>\n<h2>Porque \u00e9 que o Uwin RandM Tornado Beat 35K \u00e9 perfeito para si:<\/h2>\n<p>O Uwin RandM Tornado Beat 35K \u00e9 a combina\u00e7\u00e3o perfeita tanto para vapers casuais como para utilizadores intensivos. As suas baforadas de longa dura\u00e7\u00e3o, a versatilidade das concentra\u00e7\u00f5es de nicotina e a impressionante gama de sabores tornam-no ideal para lojas de vape, distribuidores e grossistas. Desfrute de um desempenho de topo e de um sabor rico em cada baforada.<\/p>","protected":false},"excerpt":{"rendered":"<p>O vape descart\u00e1vel Uwin RandM Tornado Beat 35K oferece at\u00e9 35.000 baforadas de sabor incr\u00edvel com um design elegante. Desfrute de sabores premium como mirtilo, framboesa, melancia e muito mais!<\/p>","protected":false},"featured_media":30870,"comment_status":"open","ping_status":"closed","template":"","meta":[],"product_brand":[],"product_cat":[16,224],"product_tag":[],"class_list":{"0":"post-30869","1":"product","2":"type-product","3":"status-publish","4":"has-post-thumbnail","6":"product_cat-volo-vape","7":"product_cat-uwin","9":"first","10":"instock","11":"shipping-taxable","12":"purchasable","13":"product-type-variable","14":"has-default-attributes"},"jetpack_sharing_enabled":true,"tiered_pricing_type":"fixed","tiered_pricing_fixed_rules":{"30":8.21000000000000085265128291212022304534912109375,"50":6.36000000000000031974423109204508364200592041015625,"100":5.7400000000000002131628207280300557613372802734375,"200":5.37000000000000010658141036401502788066864013671875,"400":4.94000000000000039079850466805510222911834716796875},"tiered_pricing_product_settings":{"layout":"default","base_unit_name":{"singular":null,"plural":null},"default_variation":null},"tiered_pricing_minimum_quantity":10,"tiered_pricing_roles_data":[],"tiered_pricing_percentage_rules":[],"tiered_pricing_maximum_quantity":null,"tiered_pricing_quantity_step":"10","_links":{"self":[{"href":"https:\/\/volovape.com\/pt\/wp-json\/wp\/v2\/product\/30869","targetHints":{"allow":["GET"]}}],"collection":[{"href":"https:\/\/volovape.com\/pt\/wp-json\/wp\/v2\/product"}],"about":[{"href":"https:\/\/volovape.com\/pt\/wp-json\/wp\/v2\/types\/product"}],"replies":[{"embeddable":true,"href":"https:\/\/volovape.com\/pt\/wp-json\/wp\/v2\/comments?post=30869"}],"wp:featuredmedia":[{"embeddable":true,"href":"https:\/\/volovape.com\/pt\/wp-json\/wp\/v2\/media\/30870"}],"wp:attachment":[{"href":"https:\/\/volovape.com\/pt\/wp-json\/wp\/v2\/media?parent=30869"}],"wp:term":[{"taxonomy":"product_brand","embeddable":true,"href":"https:\/\/volovape.com\/pt\/wp-json\/wp\/v2\/product_brand?post=30869"},{"taxonomy":"product_cat","embeddable":true,"href":"https:\/\/volovape.com\/pt\/wp-json\/wp\/v2\/product_cat?post=30869"},{"taxonomy":"product_tag","embeddable":true,"href":"https:\/\/volovape.com\/pt\/wp-json\/wp\/v2\/product_tag?post=30869"}],"curies":[{"name":"wp","href":"https:\/\/api.w.org\/{rel}","templated":true}]}}