{"id":29669,"date":"2025-04-24T06:39:08","date_gmt":"2025-04-24T06:39:08","guid":{"rendered":"https:\/\/volovape.com\/?post_type=product&#038;p=29669"},"modified":"2026-04-14T06:31:09","modified_gmt":"2026-04-14T06:31:09","slug":"mrvi-df-40000-puffs","status":"publish","type":"product","link":"https:\/\/volovape.com\/pt\/product\/mrvi-df-40000-puffs\/","title":{"rendered":"MRVI DF 40000 puff vape descart\u00e1vel de duplo sabor | sistema de sabor 2 em 1, 40mL de capacidade maci\u00e7a de ejuice"},"content":{"rendered":"<p><strong>MRVI DF 40000 Vape descart\u00e1vel de duplo sabor<\/strong> - Malha dupla, sabor duplo, prazer m\u00e1ximo.<\/p>\n<p>Apresentando o <strong>MRVI DF 40000<\/strong>um vaporizador descart\u00e1vel revolucion\u00e1rio concebido para aqueles que anseiam por sabor e longevidade. Este inovador dispositivo vape fornece at\u00e9 <strong>40.000 baforadas<\/strong> e combina <em>comuta\u00e7\u00e3o de duplo sabor<\/em> com <strong>bobina de malha dupla<\/strong> que garante uma tra\u00e7\u00e3o suave e um sabor intenso em cada tragada. Equipado com um <strong>bateria recarreg\u00e1vel de 850mAh<\/strong> e um impressionante <strong>40mL de capacidade de e-l\u00edquido<\/strong>\u00e9 constru\u00eddo para ir longe.<\/p>\n<p>Com op\u00e7\u00f5es para <strong>Intensidade de nicotina 5% ou 2%<\/strong>, a <strong>Porta de carregamento tipo C<\/strong>e <strong>10 selec\u00e7\u00f5es de sabores ricos<\/strong>O MRVI DF 40000 \u00e9 perfeito para utilizadores adultos e grossistas de vape que procuram produtos fi\u00e1veis e de elevado desempenho. Quer esteja a vaporizar sozinho ou a armazenar para revenda, este dispositivo oferece qualidade e quantidade num design elegante e compacto.<\/p>\n<h3><strong>MRVI DF 40000 Carater\u00edsticas:<\/strong><\/h3>\n<ul>\n<li>Puffs: At\u00e9 40.000<\/li>\n<li>Capacidade do E-l\u00edquido: 40mL<\/li>\n<li>Bateria: 850mAh (recarreg\u00e1vel)<\/li>\n<li>Carregamento: Tipo C (carga completa em 2 horas)<\/li>\n<li>Bobina: Bobina de malha dupla para um vapor suave e rico<\/li>\n<li>Pontos fortes da nicotina: 5%, 2% (nicotina sem tabaco)<\/li>\n<li>Op\u00e7\u00f5es de sabores: 10 combina\u00e7\u00f5es din\u00e2micas de sabores duplos<\/li>\n<li>Utiliza\u00e7\u00e3o: Inspire para ativar (n\u00e3o \u00e9 necess\u00e1rio bot\u00e3o)<\/li>\n<li>Embalagem: 10 unidades por caixa de exposi\u00e7\u00e3o<\/li>\n<li>Tamanho: 92*41*19mm - F\u00e1cil de transportar e ergon\u00f3mico<\/li>\n<\/ul>","protected":false},"excerpt":{"rendered":"<p>Eleve a sua experi\u00eancia de vaporiza\u00e7\u00e3o com o MRVI DF 40000! Pot\u00eancia de duplo sabor, 40.000 baforadas e tecnologia de bobina de malha dupla. Ideal para uso pessoal ou encomendas por grosso.<\/p>","protected":false},"featured_media":29675,"comment_status":"open","ping_status":"closed","template":"","meta":[],"product_brand":[],"product_cat":[55,74,64,44],"product_tag":[],"class_list":{"0":"post-29669","1":"product","2":"type-product","3":"status-publish","4":"has-post-thumbnail","6":"product_cat-mrvi","7":"product_cat-40000-puffs-disposable-vape","8":"product_cat-dual-flavor-vapes","9":"product_cat-dual-mesh-vapes","11":"first","12":"instock","13":"shipping-taxable","14":"purchasable","15":"product-type-variable","16":"has-default-attributes"},"jetpack_sharing_enabled":true,"tiered_pricing_type":"fixed","tiered_pricing_fixed_rules":{"100":6.730000000000000426325641456060111522674560546875,"200":6.11000000000000031974423109204508364200592041015625,"400":5.79999999999999982236431605997495353221893310546875},"tiered_pricing_product_settings":{"layout":"default","base_unit_name":{"singular":null,"plural":null},"default_variation":null},"tiered_pricing_minimum_quantity":50,"tiered_pricing_roles_data":[],"tiered_pricing_percentage_rules":[],"tiered_pricing_maximum_quantity":null,"tiered_pricing_quantity_step":"10","_links":{"self":[{"href":"https:\/\/volovape.com\/pt\/wp-json\/wp\/v2\/product\/29669","targetHints":{"allow":["GET"]}}],"collection":[{"href":"https:\/\/volovape.com\/pt\/wp-json\/wp\/v2\/product"}],"about":[{"href":"https:\/\/volovape.com\/pt\/wp-json\/wp\/v2\/types\/product"}],"replies":[{"embeddable":true,"href":"https:\/\/volovape.com\/pt\/wp-json\/wp\/v2\/comments?post=29669"}],"wp:featuredmedia":[{"embeddable":true,"href":"https:\/\/volovape.com\/pt\/wp-json\/wp\/v2\/media\/29675"}],"wp:attachment":[{"href":"https:\/\/volovape.com\/pt\/wp-json\/wp\/v2\/media?parent=29669"}],"wp:term":[{"taxonomy":"product_brand","embeddable":true,"href":"https:\/\/volovape.com\/pt\/wp-json\/wp\/v2\/product_brand?post=29669"},{"taxonomy":"product_cat","embeddable":true,"href":"https:\/\/volovape.com\/pt\/wp-json\/wp\/v2\/product_cat?post=29669"},{"taxonomy":"product_tag","embeddable":true,"href":"https:\/\/volovape.com\/pt\/wp-json\/wp\/v2\/product_tag?post=29669"}],"curies":[{"name":"wp","href":"https:\/\/api.w.org\/{rel}","templated":true}]}}