{"id":29610,"date":"2025-04-24T08:23:07","date_gmt":"2025-04-24T08:23:07","guid":{"rendered":"https:\/\/volovape.com\/?post_type=product&#038;p=29610"},"modified":"2026-04-22T01:04:26","modified_gmt":"2026-04-22T01:04:26","slug":"bang-king-50000-vape-descartavel-de-duplo-sabor","status":"publish","type":"product","link":"https:\/\/volovape.com\/pt\/product\/bang-king-50000-double-flavor-disposable-vape\/","title":{"rendered":"Bang King 50000 Puff vape descart\u00e1vel de duplo sabor | 50ml de capacidade, sabor suave, compacto e port\u00e1til"},"content":{"rendered":"<p><strong>Bang King 50000 Vape descart\u00e1vel de duplo sabor<\/strong> - Capacidade m\u00e1xima. Satisfa\u00e7\u00e3o m\u00e1xima.<\/p>\n<p>Experimente o <strong>Bang King 50000 Puffs<\/strong>, um vape descart\u00e1vel de alto desempenho concebido para utilizadores s\u00e9rios. Com um enorme <strong>Dep\u00f3sito de e-l\u00edquido pr\u00e9-cheio de 50 ml<\/strong> e um <strong>bateria de 850mAh de longa dura\u00e7\u00e3o<\/strong>, fornece at\u00e9 <strong>50.000 folhados suaves e saborosos<\/strong>. Apresentando <em>tecnologia de sabor duplo<\/em> em todos os dispositivos e <strong>dosagens de nicotina ajust\u00e1veis (0%, 2%, 3%, 5%)<\/strong>O seu sistema de controlo de qualidade, que permite uma utiliza\u00e7\u00e3o sem problemas, satisfaz todas as prefer\u00eancias de vaporiza\u00e7\u00e3o. Sem bot\u00f5es, sem complica\u00e7\u00f5es - basta agarrar e vaporizar.<\/p>\n<p>Quer esteja a abastecer-se ou a encomendar por atacado, o Bang King 50000 \u00e9 a sua escolha para vaping de qualidade superior e de utiliza\u00e7\u00e3o prolongada.<\/p>\n<h3><strong>Bang King 50000 Vape descart\u00e1vel Carater\u00edsticas:<\/strong><\/h3>\n<ul>\n<li>Puffs: At\u00e9 50.000<\/li>\n<li>Capacidade do e-l\u00edquido: 50mL (pr\u00e9-cheio)<\/li>\n<li>Bateria: 850mAh (incorporada)<\/li>\n<li>Carregamento: N\u00e3o \u00e9 necess\u00e1rio<\/li>\n<li>Pontos fortes da nicotina: 0%, 2%, 3%, 5%<\/li>\n<li>12 combina\u00e7\u00f5es de sabores duplos<\/li>\n<li>Design port\u00e1til e compacto<\/li>\n<\/ul>","protected":false},"excerpt":{"rendered":"<p>Ultrapasse os limites com o Vape descart\u00e1vel Bang King 50000 Puffs! Com dois sabores, um enorme e-l\u00edquido de 50 ml e at\u00e9 50.000 baforadas. Concebido para utilizadores avan\u00e7ados e compradores grossistas.<\/p>","protected":false},"featured_media":29611,"comment_status":"open","ping_status":"closed","template":"","meta":[],"product_brand":[],"product_cat":[16],"product_tag":[],"class_list":{"0":"post-29610","1":"product","2":"type-product","3":"status-publish","4":"has-post-thumbnail","6":"product_cat-volo-vape","8":"first","9":"instock","10":"shipping-taxable","11":"purchasable","12":"product-type-variable","13":"has-default-attributes"},"jetpack_sharing_enabled":true,"tiered_pricing_type":"fixed","tiered_pricing_fixed_rules":{"30":7.37999999999999989341858963598497211933135986328125,"50":6.910000000000000142108547152020037174224853515625,"100":6.1699999999999999289457264239899814128875732421875,"200":5.79999999999999982236431605997495353221893310546875,"400":5.25},"tiered_pricing_product_settings":{"layout":"default","base_unit_name":{"singular":null,"plural":null},"default_variation":null},"tiered_pricing_minimum_quantity":10,"tiered_pricing_roles_data":[],"tiered_pricing_percentage_rules":[],"tiered_pricing_maximum_quantity":null,"tiered_pricing_quantity_step":"10","_links":{"self":[{"href":"https:\/\/volovape.com\/pt\/wp-json\/wp\/v2\/product\/29610","targetHints":{"allow":["GET"]}}],"collection":[{"href":"https:\/\/volovape.com\/pt\/wp-json\/wp\/v2\/product"}],"about":[{"href":"https:\/\/volovape.com\/pt\/wp-json\/wp\/v2\/types\/product"}],"replies":[{"embeddable":true,"href":"https:\/\/volovape.com\/pt\/wp-json\/wp\/v2\/comments?post=29610"}],"wp:featuredmedia":[{"embeddable":true,"href":"https:\/\/volovape.com\/pt\/wp-json\/wp\/v2\/media\/29611"}],"wp:attachment":[{"href":"https:\/\/volovape.com\/pt\/wp-json\/wp\/v2\/media?parent=29610"}],"wp:term":[{"taxonomy":"product_brand","embeddable":true,"href":"https:\/\/volovape.com\/pt\/wp-json\/wp\/v2\/product_brand?post=29610"},{"taxonomy":"product_cat","embeddable":true,"href":"https:\/\/volovape.com\/pt\/wp-json\/wp\/v2\/product_cat?post=29610"},{"taxonomy":"product_tag","embeddable":true,"href":"https:\/\/volovape.com\/pt\/wp-json\/wp\/v2\/product_tag?post=29610"}],"curies":[{"name":"wp","href":"https:\/\/api.w.org\/{rel}","templated":true}]}}