{"id":28648,"date":"2025-03-21T06:47:18","date_gmt":"2025-03-21T06:47:18","guid":{"rendered":"https:\/\/volovape.com\/?post_type=product&#038;p=28648"},"modified":"2026-04-08T01:51:05","modified_gmt":"2026-04-08T01:51:05","slug":"waspe-60000-puffs-3-em-1-vape-descartavel","status":"publish","type":"product","link":"https:\/\/volovape.com\/pt\/product\/waspe-60000-puffs-3-in-1-disposable-vape\/","title":{"rendered":"WASPE 60K 3 em 1 descart\u00e1vel vape | sabores triplos, 60.000 baforadas, atacado a granel"},"content":{"rendered":"<p><strong>Vape descart\u00e1vel 3 em 1 WASPE 60K<\/strong> - O triplo do sabor, o triplo da divers\u00e3o, com 60.000 baforadas sem precedentes. Este revolucion\u00e1rio vape descart\u00e1vel proporciona um espantoso <strong>60.000 baforadas<\/strong>, combinando <strong>tr\u00eas sabores distintos<\/strong> num \u00fanico dispositivo elegante. Inspirado no popular WASPE Crystal, este vape oferece <strong>12 trios de sabores \u00fanicos<\/strong>para todos os paladares. Perfeito para venda por grosso, este dispositivo garante que os seus clientes desfrutem de um prazer de vaporiza\u00e7\u00e3o prolongado e de diversas experi\u00eancias de sabor. O seu design port\u00e1til e a sua elevada capacidade fazem dele uma escolha de destaque tanto para uso pessoal como para venda por grosso.<\/p>\n<h3><strong>WASPE 60K 3 em 1 Carater\u00edsticas:<\/strong><\/h3>\n<ul>\n<li>Puffs: 60,000 Puffs (54ml e-liquid)<\/li>\n<li>Sabores: Design 3 em 1 com Triplo Sabor<\/li>\n<li>Op\u00e7\u00f5es de sabores: 12 trios de sabores \u00fanicos<\/li>\n<li>Design: Elegante e port\u00e1til<\/li>\n<li>Ideal para: Venda por grosso a granel<\/li>\n<\/ul>\n<h4>Perguntas frequentes<\/h4>\n<h5>Como funciona o mecanismo de mudan\u00e7a de sabor 3 em 1?<\/h5>\n<p>O WASPE 60K 3 em 1 possui um mecanismo inovador que permite aos utilizadores alternar facilmente entre os tr\u00eas sabores inclu\u00eddos. Um simples ajuste no dispositivo ativa as diferentes c\u00e2maras de sabor, proporcionando uma experi\u00eancia de vaporiza\u00e7\u00e3o variada e agrad\u00e1vel sem necessidade de v\u00e1rios dispositivos.<\/p>\n<h5>Existe alguma vantagem em vender por grosso o WASPE 60K 3 em 1?<\/h5>\n<p>A venda por grosso a granel garante o acesso priorit\u00e1rio a este produto de elevada procura, assegurando que se encontra entre os primeiros a oferec\u00ea-lo aos seus clientes. Permite-lhe tamb\u00e9m tirar partido de pre\u00e7os a granel rent\u00e1veis, maximizando a sua rentabilidade. Isto garante-lhe a possibilidade de satisfazer a elevada procura inicial e manter um invent\u00e1rio consistente.<\/p>\n<h5>Como \u00e9 que se garante a qualidade e a seguran\u00e7a de um aparelho de t\u00e3o grande capacidade?<\/h5>\n<p>Baseamo-nos na reputa\u00e7\u00e3o estabelecida da WASPE Crystal, garantindo que o WASPE 60K 3-em-1 cumpre rigorosos padr\u00f5es de qualidade e seguran\u00e7a. Cada dispositivo \u00e9 submetido a testes exaustivos para garantir um desempenho consistente e a seguran\u00e7a do utilizador. Tamb\u00e9m apoiamos o pagamento por PayPal e o servi\u00e7o de prote\u00e7\u00e3o do comprador. Tamb\u00e9m pode consultar os nossos coment\u00e1rios em <a href=\"https:\/\/www.trustpilot.com\/review\/volovape.com?utm_medium=trustbox&amp;utm_source=TrustBoxReviewCollector\">TrustPilot<\/a>.<\/p>","protected":false},"excerpt":{"rendered":"<p>Liberta a felicidade do triplo sabor com o Vape descart\u00e1vel WASPE 60K 3 em 1! Desfrute de 60.000 baforadas e 3 sabores \u00fanicos num s\u00f3 dispositivo elegante.<\/p>\n<p><strong>Com\u00e9rcio grossista<\/strong>\u00a0a granel agora e armazenar este produto atualizado <a href=\"https:\/\/volovape.com\/pt\/produto\/waspe-40k-sabor-duplo-gemeos-40000-puffs\/\">WASPE 40k<\/a> vape inspirado com 12 sabores \u00e0 escolha.<\/p>","protected":false},"featured_media":37388,"comment_status":"open","ping_status":"closed","template":"","meta":[],"product_brand":[],"product_cat":[17],"product_tag":[],"class_list":{"0":"post-28648","1":"product","2":"type-product","3":"status-publish","4":"has-post-thumbnail","6":"product_cat-waspe","8":"first","9":"instock","10":"shipping-taxable","11":"purchasable","12":"product-type-variable","13":"has-default-attributes"},"jetpack_sharing_enabled":true,"tiered_pricing_type":"fixed","tiered_pricing_fixed_rules":{"30":8.17999999999999971578290569595992565155029296875,"50":7.78000000000000024868995751603506505489349365234375,"100":7.28000000000000024868995751603506505489349365234375,"200":6.6699999999999999289457264239899814128875732421875,"400":6.36000000000000031974423109204508364200592041015625},"tiered_pricing_product_settings":{"layout":"default","base_unit_name":{"singular":null,"plural":null},"default_variation":null},"tiered_pricing_minimum_quantity":10,"tiered_pricing_roles_data":[],"tiered_pricing_percentage_rules":[],"tiered_pricing_maximum_quantity":null,"tiered_pricing_quantity_step":"10","_links":{"self":[{"href":"https:\/\/volovape.com\/pt\/wp-json\/wp\/v2\/product\/28648","targetHints":{"allow":["GET"]}}],"collection":[{"href":"https:\/\/volovape.com\/pt\/wp-json\/wp\/v2\/product"}],"about":[{"href":"https:\/\/volovape.com\/pt\/wp-json\/wp\/v2\/types\/product"}],"replies":[{"embeddable":true,"href":"https:\/\/volovape.com\/pt\/wp-json\/wp\/v2\/comments?post=28648"}],"wp:featuredmedia":[{"embeddable":true,"href":"https:\/\/volovape.com\/pt\/wp-json\/wp\/v2\/media\/37388"}],"wp:attachment":[{"href":"https:\/\/volovape.com\/pt\/wp-json\/wp\/v2\/media?parent=28648"}],"wp:term":[{"taxonomy":"product_brand","embeddable":true,"href":"https:\/\/volovape.com\/pt\/wp-json\/wp\/v2\/product_brand?post=28648"},{"taxonomy":"product_cat","embeddable":true,"href":"https:\/\/volovape.com\/pt\/wp-json\/wp\/v2\/product_cat?post=28648"},{"taxonomy":"product_tag","embeddable":true,"href":"https:\/\/volovape.com\/pt\/wp-json\/wp\/v2\/product_tag?post=28648"}],"curies":[{"name":"wp","href":"https:\/\/api.w.org\/{rel}","templated":true}]}}