{"id":28647,"date":"2025-03-21T06:47:18","date_gmt":"2025-03-21T06:47:18","guid":{"rendered":"https:\/\/volovape.com\/?post_type=product&#038;p=28647"},"modified":"2026-04-14T06:54:42","modified_gmt":"2026-04-14T06:54:42","slug":"gazzbar-rocket-20000-puffs-vape-descartavel","status":"publish","type":"product","link":"https:\/\/volovape.com\/pt\/product\/gazzbar-rocket-20000-puffs-disposable-vape\/","title":{"rendered":"Gazzbar Rocket 20000 Puffs vape descart\u00e1vel | 14 sabores, 0-5% nicotina, atacado a granel"},"content":{"rendered":"<p><strong>Gazzbar Rocket 20000 Puffs Vape descart\u00e1vel<\/strong> - Coloque a sua experi\u00eancia de vaporiza\u00e7\u00e3o em \u00f3rbita com uma capacidade de sopro inigual\u00e1vel. Este vape descart\u00e1vel de alta capacidade proporciona uma incr\u00edvel <strong>20.000 baforadas<\/strong>, garantindo um prazer duradouro. Com <strong>14 sabores distintos<\/strong> e op\u00e7\u00f5es de nicotina que v\u00e3o desde <strong>0% a 5%<\/strong>O Gazzbar Rocket satisfaz diversas prefer\u00eancias. O <strong>design USB recarreg\u00e1vel<\/strong> proporciona uma maior comodidade, tornando-o perfeito tanto para uso pessoal como para venda por grosso de vape descart\u00e1vel. Cada baforada oferece um sabor consistente e um desempenho fi\u00e1vel, ideal para necessidades de encomendas a granel com 5 unidades por caixa e 200 unidades por caixa.<\/p>\n<h3><strong>Carater\u00edsticas do Gazzbar Rocket 20000:<\/strong><\/h3>\n<ul>\n<li>Puffs: 20.000 Puffs<\/li>\n<li>Nicotina: 0%\/2%\/3%\/5%<\/li>\n<li>Carregamento: Recarreg\u00e1vel por USB<\/li>\n<li>Sabores: 14 sabores \u00fanicos<\/li>\n<li>Embalagem: 5 unidades\/caixa, 200 unidades\/caixa<\/li>\n<\/ul>\n<h4>Perguntas frequentes<\/h4>\n<h5>Como \u00e9 que garante que os sabores se mant\u00eam consistentes ao longo das 20.000 baforadas?<\/h5>\n<p>Utilizamos tecnologia avan\u00e7ada e materiais de alta qualidade para manter a consist\u00eancia do sabor da primeira \u00e0 \u00faltima baforada. O nosso rigoroso controlo de qualidade garante que cada Gazzbar Rocket proporciona uma experi\u00eancia de vaporiza\u00e7\u00e3o satisfat\u00f3ria e uniforme, independentemente do n\u00famero de baforadas.<\/p>\n<h5>Qual \u00e9 a vantagem dos vaporizadores descart\u00e1veis recarreg\u00e1veis por USB como o Gazzbar Rocket?<\/h5>\n<p>Os vapes descart\u00e1veis recarreg\u00e1veis por USB oferecem a vantagem de uma utiliza\u00e7\u00e3o prolongada sem sacrificar a pot\u00eancia. Esta carater\u00edstica permite-lhe utilizar plenamente as 20.000 baforadas, garantindo que desfruta de cada gota de e-l\u00edquido. Tamb\u00e9m reduz os res\u00edduos e proporciona uma op\u00e7\u00e3o de vaporiza\u00e7\u00e3o mais sustent\u00e1vel em compara\u00e7\u00e3o com os descart\u00e1veis n\u00e3o recarreg\u00e1veis.<\/p>\n<h5>Como \u00e9 que sei que a minha encomenda a granel chegar\u00e1 sem danos?<\/h5>\n<p>Damos prioridade \u00e0 entrega segura da sua encomenda a granel. Cada caixa de 200 unidades \u00e9 cuidadosamente embalada para resistir ao tr\u00e2nsito, minimizando o risco de danos. Trabalhamos com parceiros de transporte fi\u00e1veis, como a UPS, DHL, FedEx e DPD, e seleccionamos a melhor op\u00e7\u00e3o com base na sua localiza\u00e7\u00e3o para garantir que a sua encomenda chega em perfeitas condi\u00e7\u00f5es. Tamb\u00e9m apoiamos o pagamento por PayPal e o servi\u00e7o de prote\u00e7\u00e3o do comprador. Tamb\u00e9m pode consultar os nossos coment\u00e1rios em <a href=\"https:\/\/www.trustpilot.com\/review\/volovape.com?utm_medium=trustbox&amp;utm_source=TrustBoxReviewCollector\">TrustPilot<\/a>.<\/p>","protected":false},"excerpt":{"rendered":"<p>Experimente o Vape descart\u00e1vel Gazzbar Rocket 20000 com 20.000 baforadas, 14 sabores exclusivos e op\u00e7\u00f5es de nicotina 0-5%. Recarreg\u00e1vel via USB, este vape pronto para uso em massa oferece longevidade e variedade incompar\u00e1veis. Encomende j\u00e1 por grosso para uma satisfa\u00e7\u00e3o vaporizadora de primeira qualidade!<\/p>","protected":false},"featured_media":28711,"comment_status":"open","ping_status":"closed","template":"","meta":[],"product_brand":[],"product_cat":[225],"product_tag":[],"class_list":{"0":"post-28647","1":"product","2":"type-product","3":"status-publish","4":"has-post-thumbnail","6":"product_cat-gazzbar","8":"first","9":"instock","10":"shipping-taxable","11":"purchasable","12":"product-type-variable","13":"has-default-attributes"},"jetpack_sharing_enabled":true,"tiered_pricing_type":"fixed","tiered_pricing_fixed_rules":{"30":7.269999999999999573674358543939888477325439453125,"60":6.9000000000000003552713678800500929355621337890625,"100":6.5,"200":5.9000000000000003552713678800500929355621337890625},"tiered_pricing_product_settings":{"layout":"default","base_unit_name":{"singular":null,"plural":null},"default_variation":null},"tiered_pricing_minimum_quantity":10,"tiered_pricing_roles_data":[],"tiered_pricing_percentage_rules":[],"tiered_pricing_maximum_quantity":null,"tiered_pricing_quantity_step":"10","_links":{"self":[{"href":"https:\/\/volovape.com\/pt\/wp-json\/wp\/v2\/product\/28647","targetHints":{"allow":["GET"]}}],"collection":[{"href":"https:\/\/volovape.com\/pt\/wp-json\/wp\/v2\/product"}],"about":[{"href":"https:\/\/volovape.com\/pt\/wp-json\/wp\/v2\/types\/product"}],"replies":[{"embeddable":true,"href":"https:\/\/volovape.com\/pt\/wp-json\/wp\/v2\/comments?post=28647"}],"wp:featuredmedia":[{"embeddable":true,"href":"https:\/\/volovape.com\/pt\/wp-json\/wp\/v2\/media\/28711"}],"wp:attachment":[{"href":"https:\/\/volovape.com\/pt\/wp-json\/wp\/v2\/media?parent=28647"}],"wp:term":[{"taxonomy":"product_brand","embeddable":true,"href":"https:\/\/volovape.com\/pt\/wp-json\/wp\/v2\/product_brand?post=28647"},{"taxonomy":"product_cat","embeddable":true,"href":"https:\/\/volovape.com\/pt\/wp-json\/wp\/v2\/product_cat?post=28647"},{"taxonomy":"product_tag","embeddable":true,"href":"https:\/\/volovape.com\/pt\/wp-json\/wp\/v2\/product_tag?post=28647"}],"curies":[{"name":"wp","href":"https:\/\/api.w.org\/{rel}","templated":true}]}}