{"id":28646,"date":"2025-03-21T06:47:18","date_gmt":"2025-03-21T06:47:18","guid":{"rendered":"https:\/\/volovape.com\/?post_type=product&#038;p=28646"},"modified":"2026-03-16T08:57:45","modified_gmt":"2026-03-16T08:57:45","slug":"uwin-crystal-10000-puffs-vape-descartavel","status":"publish","type":"product","link":"https:\/\/volovape.com\/pt\/product\/uwin-crystal-10000-puffs-disposable-vape\/","title":{"rendered":"Uwin Crystal 10000 Puffs vape descart\u00e1vel recarreg\u00e1vel | 15 sabores, 0-5% nicotina, atacado a granel"},"content":{"rendered":"<p><iframe title=\"Reprodutor de v\u00eddeo VideoPress\" aria-label='Reprodutor de v\u00eddeo VideoPress' width='421' height='750' src='https:\/\/videopress.com\/embed\/TT81Wr9Y?hd=0&amp;cover=1' frameborder='0' allowfullscreen allow='clipboard-write'><\/iframe><script src='https:\/\/v0.wordpress.com\/js\/next\/videopress-iframe.js?m=1739540970'><\/script><\/p>\n<p><strong>Uwin Crystal 10000 Puffs Vape descart\u00e1vel recarreg\u00e1vel<\/strong> - Experimente um sabor e uma longevidade inigual\u00e1veis. Abaste\u00e7a-se deste vape descart\u00e1vel de alta capacidade, tanto para uso pessoal como para oportunidades lucrativas de venda por grosso de vape descart\u00e1vel. Com uma enorme <strong>Capacidade de 10.000 puffs<\/strong> e <strong>18ml de e-l\u00edquido premium<\/strong>O Uwin Crystal proporciona um prazer de vaporiza\u00e7\u00e3o prolongado. Escolha entre <strong>30 sabores diversos<\/strong> e dosagens de nicotina de <strong>0%, 2%, 3%, ou 5%<\/strong> para satisfazer todas as prefer\u00eancias. Equipado com um <strong>Bateria recarreg\u00e1vel de 650mAh<\/strong> e <strong>Carregamento tipo C<\/strong>Este dispositivo assegura um desempenho duradouro. O <strong>Bobina de malha de 0,8\u03a9<\/strong> real\u00e7a o sabor e a produ\u00e7\u00e3o de vapor, enquanto a vibrante <strong>Luzes RGB<\/strong> d\u00e3o um toque de estilo. Ideal para encomendas a granel, cada caixa cont\u00e9m 10 unidades e cada cart\u00e3o cont\u00e9m 200 unidades.<\/p>\n<h3><strong>Uwin Crystal 10000 Puffs Carater\u00edsticas:<\/strong><\/h3>\n<ul>\n<li>Puffs: 10.000 Puffs<\/li>\n<li>Capacidade do E-l\u00edquido: 18ml<\/li>\n<li>Intensidade da nicotina: 0%\/2%\/3%\/5%<\/li>\n<li>Bateria: 650mAh recarreg\u00e1vel<\/li>\n<li>Carregamento: Carregamento r\u00e1pido tipo C<\/li>\n<li>Bobina: Bobina de malha de 0,8\u03a9<\/li>\n<li>Luzes: Luzes RGB<\/li>\n<li>Sabores: 30 sabores \u00fanicos<\/li>\n<\/ul>\n<h4>Perguntas frequentes<\/h4>\n<h5>Em quanto tempo posso receber a minha encomenda por grosso?<\/h5>\n<p>Damos prioridade a um envio eficiente e, normalmente, entregamos no prazo de 7 a 15 dias \u00fateis. No entanto, durante os per\u00edodos de ponta ou devido a circunst\u00e2ncias imprevistas, como feriados ou condi\u00e7\u00f5es climat\u00e9ricas adversas, a entrega pode prolongar-se at\u00e9 20 dias \u00fateis. Utilizamos transportadoras de renome, como a UPS, a DHL, a FEDEX e a DPD, selecionando a melhor op\u00e7\u00e3o com base no seu local de entrega, para uma velocidade e fiabilidade ideais.<\/p>\n<h5>A minha encomenda vai deparar-se com problemas alfandeg\u00e1rios ou taxas adicionais?<\/h5>\n<p>Tratamos de todos os processos de desalfandegamento, assegurando-lhe uma experi\u00eancia sem complica\u00e7\u00f5es. Garantimos que 100% dos nossos produtos ser\u00e3o desalfandegados com sucesso e que n\u00e3o incorrer\u00e1 em quaisquer impostos inesperados ou taxas adicionais. A sua encomenda chegar\u00e1 sem problemas e diretamente ao seu destino designado.<\/p>\n<h5>Os sabores e o n\u00famero de puffs indicados est\u00e3o corretamente representados?<\/h5>\n<p>Sim, todas as informa\u00e7\u00f5es relativas a sabores e contagens de baforadas s\u00e3o garantidamente exactas. Seleccionamos e testamos meticulosamente cada produto para garantir que cumpre os nossos rigorosos padr\u00f5es e que fornece exatamente o que \u00e9 anunciado. Com 30 sabores \u00fanicos e uma capacidade confirmada de 10.000 baforadas, receber\u00e1 sempre um produto de alta qualidade. Tamb\u00e9m garantimos a qualidade dos nossos produtos, permitindo-lhe efetuar compras seguras com pagamento via Paypal e disponibilizando coment\u00e1rios em <a href=\"https:\/\/www.trustpilot.com\/review\/volovape.com?utm_medium=trustbox&amp;utm_source=TrustBoxReviewCollector\">TrustPilot<\/a>.<\/p>","protected":false},"excerpt":{"rendered":"<p>Conhe\u00e7a o Vape descart\u00e1vel recarreg\u00e1vel Uwin Crystal 10000 Puffs - at\u00e9 10.000 puffs, 15 sabores ousados e op\u00e7\u00f5es de nicotina 0-5%. Com uma bateria de 650mAh, carregamento Tipo C e luzes RGB, \u00e9 perfeito para pedidos em massa na VoloVape. Abaste\u00e7a-se agora!<\/p>","protected":false},"featured_media":28694,"comment_status":"open","ping_status":"closed","template":"","meta":[],"product_brand":[],"product_cat":[57,224],"product_tag":[],"class_list":{"0":"post-28646","1":"product","2":"type-product","3":"status-publish","4":"has-post-thumbnail","6":"product_cat-10000-puffs-disposable-vape","7":"product_cat-uwin","9":"first","10":"instock","11":"shipping-taxable","12":"purchasable","13":"product-type-variable","14":"has-default-attributes"},"jetpack_sharing_enabled":true,"tiered_pricing_type":"fixed","tiered_pricing_fixed_rules":{"30":5.28000000000000024868995751603506505489349365234375,"50":4.75,"100":4.160000000000000142108547152020037174224853515625,"200":3.979999999999999982236431605997495353221893310546875,"400":3.5800000000000000710542735760100185871124267578125},"tiered_pricing_product_settings":{"layout":"default","base_unit_name":{"singular":null,"plural":null},"default_variation":null},"tiered_pricing_minimum_quantity":10,"tiered_pricing_roles_data":[],"tiered_pricing_percentage_rules":[],"tiered_pricing_maximum_quantity":null,"tiered_pricing_quantity_step":"10","_links":{"self":[{"href":"https:\/\/volovape.com\/pt\/wp-json\/wp\/v2\/product\/28646","targetHints":{"allow":["GET"]}}],"collection":[{"href":"https:\/\/volovape.com\/pt\/wp-json\/wp\/v2\/product"}],"about":[{"href":"https:\/\/volovape.com\/pt\/wp-json\/wp\/v2\/types\/product"}],"replies":[{"embeddable":true,"href":"https:\/\/volovape.com\/pt\/wp-json\/wp\/v2\/comments?post=28646"}],"wp:featuredmedia":[{"embeddable":true,"href":"https:\/\/volovape.com\/pt\/wp-json\/wp\/v2\/media\/28694"}],"wp:attachment":[{"href":"https:\/\/volovape.com\/pt\/wp-json\/wp\/v2\/media?parent=28646"}],"wp:term":[{"taxonomy":"product_brand","embeddable":true,"href":"https:\/\/volovape.com\/pt\/wp-json\/wp\/v2\/product_brand?post=28646"},{"taxonomy":"product_cat","embeddable":true,"href":"https:\/\/volovape.com\/pt\/wp-json\/wp\/v2\/product_cat?post=28646"},{"taxonomy":"product_tag","embeddable":true,"href":"https:\/\/volovape.com\/pt\/wp-json\/wp\/v2\/product_tag?post=28646"}],"curies":[{"name":"wp","href":"https:\/\/api.w.org\/{rel}","templated":true}]}}