{"id":27742,"date":"2025-01-21T03:31:17","date_gmt":"2025-01-21T03:31:17","guid":{"rendered":"https:\/\/volovape.com\/?post_type=product&#038;p=27742"},"modified":"2026-04-29T02:13:28","modified_gmt":"2026-04-29T02:13:28","slug":"waspe-crystal-40k-sabor-duplo-40000-puffs","status":"publish","type":"product","link":"https:\/\/volovape.com\/pt\/product\/waspe-crystal-40k-double-flavor-40000-puffs\/","title":{"rendered":"WASPE Crystal 40K: vape descart\u00e1vel de duplo sabor 40000 puff (duplo sabor) - grossista a granel"},"content":{"rendered":"<p><iframe title=\"Reprodutor de v\u00eddeo VideoPress\" aria-label='Reprodutor de v\u00eddeo VideoPress' width='421' height='750' src='https:\/\/videopress.com\/embed\/xUagakYO?hd=0&amp;cover=1' frameborder='0' allowfullscreen allow='clipboard-write'><\/iframe><script src='https:\/\/v0.wordpress.com\/js\/next\/videopress-iframe.js?m=1739540970'><\/script><\/p>\n<p><strong>Vape descart\u00e1vel WASPE Crystal 40K<\/strong> - Experimente uma longevidade e um sabor inigual\u00e1veis.<\/p>\n<p>O <strong>Cristal WASPE 40K<\/strong> foi concebido para os vapers que procuram uma experi\u00eancia prolongada e saborosa. Com um enorme <strong>40.000 puff<\/strong> capacidade e uma substancial <strong>32 ml de e-l\u00edquido pr\u00e9-carregado<\/strong> este dispositivo minimiza a necessidade de recargas. Alimentado por um robusto <strong>Bateria recarreg\u00e1vel de 850mAh<\/strong> com <strong>Carregamento r\u00e1pido tipo C<\/strong>garante um desempenho duradouro. O avan\u00e7ado <strong>tecnologia de bobina de malha dupla<\/strong> (0,9ohm + 0,9ohm) proporciona um vapor consistentemente suave e rico. Dispon\u00edvel em <strong>Doses de nicotina 0%, 2% e 5%<\/strong> e com emocionantes <strong>combina\u00e7\u00f5es de sabores duplos<\/strong>O WASPE Crystal 40K satisfaz diversas prefer\u00eancias. Ideal tanto para o prazer pessoal como para <strong>vape descart\u00e1vel por atacado<\/strong>, explore as nossas op\u00e7\u00f5es para <strong>encomenda por grosso<\/strong> poupan\u00e7a.<\/p>\n<h3><strong>Carater\u00edsticas do WASPE Crystal 40K:<\/strong><\/h3>\n<ul>\n<li>Puffs: At\u00e9 40.000<\/li>\n<li>Capacidade do E-l\u00edquido: 32ml<\/li>\n<li>Bateria: 850mAh (recarreg\u00e1vel)<\/li>\n<li>Tipo de bobina: Malha dupla (0,9ohm + 0,9ohm)<\/li>\n<li>Pontos fortes da nicotina: 0%, 2%, 5%<\/li>\n<li>Carregamento: Tipo C<\/li>\n<li>Combina\u00e7\u00f5es de duplo sabor<\/li>\n<\/ul>\n<h4>Perguntas frequentes<\/h4>\n<h5>Como \u00e9 que a bobina de malha dupla melhora o sabor e a produ\u00e7\u00e3o de vapor?<\/h5>\n<p>O design da bobina de malha dupla do WASPE Crystal 40K garante um aquecimento uniforme e maximiza a \u00e1rea de superf\u00edcie da bobina em contacto com o e-l\u00edquido. Isto resulta numa maior intensidade do sabor, numa produ\u00e7\u00e3o de vapor mais densa e num tra\u00e7\u00e3o consistentemente suave durante toda a vida \u00fatil do dispositivo.<\/p>\n<h5>Quais s\u00e3o as combina\u00e7\u00f5es de sabores duplos dispon\u00edveis?<\/h5>\n<p>O WASPE Crystal 40K oferece uma gama de combina\u00e7\u00f5es \u00fanicas de sabores duplos, incluindo Watermelon Ice &amp; Lemon Lime, Red Bull Ice &amp; Strawberry Mango, Blueberry Candy &amp; Strawberry Watermelon, Peach Ice &amp; Watermelon Mango Peach e Grape Ice &amp; Black Dragon Ice. Cada combina\u00e7\u00e3o \u00e9 cuidadosamente elaborada para proporcionar uma experi\u00eancia de vaporiza\u00e7\u00e3o emocionante e satisfat\u00f3ria.<\/p>\n<h5>Como posso saber qual a concentra\u00e7\u00e3o de nicotina mais adequada para mim?<\/h5>\n<p>O WASPE Crystal 40K est\u00e1 dispon\u00edvel nas dosagens de nicotina 0%, 2% e 5%. O 0% \u00e9 isento de nicotina, adequado para quem gosta de vaporizar sem nicotina. O 2% proporciona uma ligeira dose de nicotina, ideal para fumadores ligeiros ou para quem est\u00e1 a fazer a transi\u00e7\u00e3o de dosagens mais elevadas. 5% oferece uma experi\u00eancia de nicotina mais forte, adequada para fumadores intensos ou para aqueles que preferem um efeito de nicotina mais pronunciado.<\/p>\n<h5>Como \u00e9 que posso comprar o WASPE Crystal 40K a granel?<\/h5>\n<p>O WASPE Crystal 40K est\u00e1 dispon\u00edvel para compra a granel por grosso. Contacte-nos para obter mais informa\u00e7\u00f5es sobre os pre\u00e7os e as op\u00e7\u00f5es de encomenda a granel, para garantir que obt\u00e9m o melhor valor para as suas necessidades.<\/p>","protected":false},"excerpt":{"rendered":"<p>Experimente uma vaporiza\u00e7\u00e3o inigual\u00e1vel com o WASPE Crystal 40K, um vape descart\u00e1vel revolucion\u00e1rio que oferece umas incr\u00edveis 40.000 baforadas e combina\u00e7\u00f5es inovadoras de duplo sabor. Ideal para compradores por grosso e a granel.<\/p>","protected":false},"featured_media":27772,"comment_status":"open","ping_status":"closed","template":"","meta":[],"product_brand":[],"product_cat":[17,74,21,43,18,39,20,23,24,22,25,26,27,28,29,30,31,32,33,34,35,64,36,40],"product_tag":[],"class_list":{"0":"post-27742","1":"product","2":"type-product","3":"status-publish","4":"has-post-thumbnail","6":"product_cat-waspe","7":"product_cat-40000-puffs-disposable-vape","8":"product_cat-big-puffs-vapes","9":"product_cat-crystal-vapes","10":"product_cat-different-puffs-of-disposable-vapes","11":"product_cat-digital-box-vapes","12":"product_cat-disposable-vape-types","13":"product_cat-disposable-vapes-in-austria","14":"product_cat-disposable-vapes-in-belgium","15":"product_cat-disposable-vapes-in-europe","16":"product_cat-disposable-vapes-in-france","17":"product_cat-disposable-vapes-in-germany","18":"product_cat-disposable-vapes-in-hungary","19":"product_cat-disposable-vapes-in-ltaly","20":"product_cat-disposable-vapes-in-netherlands","21":"product_cat-disposable-vapes-in-norway","22":"product_cat-disposable-vapes-in-poland","23":"product_cat-disposable-vapes-in-portugal","24":"product_cat-disposable-vapes-in-spain","25":"product_cat-disposable-vapes-in-sweden","26":"product_cat-disposable-vapes-in-switzerland","27":"product_cat-dual-flavor-vapes","28":"product_cat-rechargeable-vapes","29":"product_cat-smart-screen-vapes","31":"first","32":"instock","33":"shipping-taxable","34":"purchasable","35":"product-type-variable","36":"has-default-attributes"},"jetpack_sharing_enabled":true,"tiered_pricing_type":"fixed","tiered_pricing_fixed_rules":{"30":6.980000000000000426325641456060111522674560546875,"50":6.20999999999999996447286321199499070644378662109375,"100":5.95999999999999996447286321199499070644378662109375,"200":5.589999999999999857891452847979962825775146484375,"400":5.04000000000000003552713678800500929355621337890625},"tiered_pricing_product_settings":{"layout":"default","base_unit_name":{"singular":null,"plural":null},"default_variation":null},"tiered_pricing_minimum_quantity":10,"tiered_pricing_roles_data":[],"tiered_pricing_percentage_rules":[],"tiered_pricing_maximum_quantity":null,"tiered_pricing_quantity_step":"10","_links":{"self":[{"href":"https:\/\/volovape.com\/pt\/wp-json\/wp\/v2\/product\/27742","targetHints":{"allow":["GET"]}}],"collection":[{"href":"https:\/\/volovape.com\/pt\/wp-json\/wp\/v2\/product"}],"about":[{"href":"https:\/\/volovape.com\/pt\/wp-json\/wp\/v2\/types\/product"}],"replies":[{"embeddable":true,"href":"https:\/\/volovape.com\/pt\/wp-json\/wp\/v2\/comments?post=27742"}],"wp:featuredmedia":[{"embeddable":true,"href":"https:\/\/volovape.com\/pt\/wp-json\/wp\/v2\/media\/27772"}],"wp:attachment":[{"href":"https:\/\/volovape.com\/pt\/wp-json\/wp\/v2\/media?parent=27742"}],"wp:term":[{"taxonomy":"product_brand","embeddable":true,"href":"https:\/\/volovape.com\/pt\/wp-json\/wp\/v2\/product_brand?post=27742"},{"taxonomy":"product_cat","embeddable":true,"href":"https:\/\/volovape.com\/pt\/wp-json\/wp\/v2\/product_cat?post=27742"},{"taxonomy":"product_tag","embeddable":true,"href":"https:\/\/volovape.com\/pt\/wp-json\/wp\/v2\/product_tag?post=27742"}],"curies":[{"name":"wp","href":"https:\/\/api.w.org\/{rel}","templated":true}]}}