{"id":1269,"date":"2024-11-21T03:39:32","date_gmt":"2024-11-21T03:39:32","guid":{"rendered":"https:\/\/volovape.com\/?post_type=product&#038;p=1269"},"modified":"2025-09-08T03:35:43","modified_gmt":"2025-09-08T03:35:43","slug":"waspe-30000-puffs-descartaveis-vape-atacado","status":"publish","type":"product","link":"https:\/\/volovape.com\/pt\/product\/waspe-30000-puffs-disposable-vape-wholesale\/","title":{"rendered":"WASPE 30000 puffs vape descart\u00e1vel de malha dupla com bateria recarreg\u00e1vel de 850mah"},"content":{"rendered":"<p>Vape descart\u00e1vel WASPE 30000 Puffs Dual Mesh - 30.000 puffs, recarreg\u00e1vel<br \/>\n<strong>Vape descart\u00e1vel WASPE 30000 Puffs Dual Mesh<\/strong> - Experimente uma longevidade e um sabor sem precedentes.<\/p>\n<p>Melhore a sua experi\u00eancia de vaporiza\u00e7\u00e3o com o <strong>WASPE 30000<\/strong>um revolucion\u00e1rio vape descart\u00e1vel concebido para o m\u00e1ximo desempenho. Com umas espantosas 30.000 baforadas, uma generosa capacidade de 28 ml de e-l\u00edquido e uma bateria recarreg\u00e1vel de 850 mAh com carregamento de tipo C, este dispositivo garante sess\u00f5es de vaporiza\u00e7\u00e3o prolongadas sem compromissos. A tecnologia avan\u00e7ada da bobina de malha dupla proporciona um vapor consistentemente rico e saboroso, tornando-o perfeito tanto para o prazer pessoal como para encomendas por grosso de vape descart\u00e1vel a granel. Explore 16 op\u00e7\u00f5es de sabores \u00fanicos, cada uma criada na perfei\u00e7\u00e3o, e desfrute da conveni\u00eancia de um dispositivo de alta capacidade pronto a usar.<\/p>\n<h3><strong>Carater\u00edsticas do WASPE 30000\uff1a<\/strong><\/h3>\n<ul>\n<li>Puffs: At\u00e9 30.000 baforadas<\/li>\n<li>Capacidade do E-l\u00edquido: 28ml<\/li>\n<li>Bateria: 850mAh (recarreg\u00e1vel)<\/li>\n<li>Carregamento: Tipo C<\/li>\n<li>Bobina: Bobina de malha dupla<\/li>\n<li>16 sabores \u00fanicos<\/li>\n<li>Dispositivo descart\u00e1vel<\/li>\n<\/ul>\n<h4>Perguntas frequentes<\/h4>\n<h5>Que m\u00e9todos de envio s\u00e3o utilizados?<\/h5>\n<p>Cooperamos com a UPS\/DHL\/FEDEX\/DPD, etc. Escolheremos a op\u00e7\u00e3o de envio adequada em fun\u00e7\u00e3o do pa\u00eds de entrega para garantir que recebe os seus produtos o mais rapidamente poss\u00edvel.<\/p>\n<h5>Quanto tempo demora a chegar?<\/h5>\n<p>Este processo demora normalmente entre 7 e 15 dias \u00fateis, podendo chegar aos 20 dias \u00fateis nos feriados ou em condi\u00e7\u00f5es meteorol\u00f3gicas adversas.<\/p>\n<h5>Poder\u00e1 passar pela alf\u00e2ndega e causar-me-\u00e1 algum problema?<\/h5>\n<p>Garantimos que n\u00e3o ter\u00e1 qualquer problema, uma vez que trataremos do desalfandegamento e n\u00e3o haver\u00e1 impostos ou taxas. Garantimos que 100% dos nossos produtos ser\u00e3o desalfandegados.<\/p>\n<h5>O que torna a tecnologia de bobina de malha dupla especial?<\/h5>\n<p>A bobina de malha dupla do WASPE 30000 melhora o fornecimento de sabor e a produ\u00e7\u00e3o de vapor, proporcionando uma experi\u00eancia de vaporiza\u00e7\u00e3o consistentemente suave e satisfat\u00f3ria a cada tragada, maximizando o potencial de cada sabor.<\/p>\n<h5>Posso confiar nele?<\/h5>\n<p>Apoiamos o pagamento por PayPal e o servi\u00e7o de prote\u00e7\u00e3o do comprador.<br \/>\nTamb\u00e9m pode consultar as nossas cr\u00edticas em <a href=\"https:\/\/www.trustpilot.com\/review\/volovape.com?utm_medium=trustbox&amp;utm_source=TrustBoxReviewCollector\">TrustPilot<\/a><\/p>","protected":false},"excerpt":{"rendered":"<p>Liberta a resist\u00eancia da vaporiza\u00e7\u00e3o com o Vape descart\u00e1vel WASPE 30000 Puffs. Possui 28ml de e-l\u00edquido, bateria de 850mAh, bobinas de malha dupla e 16 sabores. Dispon\u00edvel para venda a granel por grosso, carregamento tipo C.<\/p>","protected":false},"featured_media":1491,"comment_status":"open","ping_status":"closed","template":"","meta":[],"product_brand":[],"product_cat":[46,63,21,18,39,20,23,24,22,25,26,27,28,29,30,31,32,33,34,35,44,36,40,17],"product_tag":[],"class_list":{"0":"post-1269","1":"product","2":"type-product","3":"status-publish","4":"has-post-thumbnail","6":"product_cat-fihp","7":"product_cat-30000-puffs-disposable-vape","8":"product_cat-big-puffs-vapes","9":"product_cat-different-puffs-of-disposable-vapes","10":"product_cat-digital-box-vapes","11":"product_cat-disposable-vape-types","12":"product_cat-disposable-vapes-in-austria","13":"product_cat-disposable-vapes-in-belgium","14":"product_cat-disposable-vapes-in-europe","15":"product_cat-disposable-vapes-in-france","16":"product_cat-disposable-vapes-in-germany","17":"product_cat-disposable-vapes-in-hungary","18":"product_cat-disposable-vapes-in-ltaly","19":"product_cat-disposable-vapes-in-netherlands","20":"product_cat-disposable-vapes-in-norway","21":"product_cat-disposable-vapes-in-poland","22":"product_cat-disposable-vapes-in-portugal","23":"product_cat-disposable-vapes-in-spain","24":"product_cat-disposable-vapes-in-sweden","25":"product_cat-disposable-vapes-in-switzerland","26":"product_cat-dual-mesh-vapes","27":"product_cat-rechargeable-vapes","28":"product_cat-smart-screen-vapes","29":"product_cat-waspe","31":"first","32":"instock","33":"shipping-taxable","34":"purchasable","35":"product-type-variable","36":"has-default-attributes"},"jetpack_sharing_enabled":true,"tiered_pricing_type":"fixed","tiered_pricing_fixed_rules":{"2000":5.5},"tiered_pricing_product_settings":{"layout":"default","base_unit_name":{"singular":null,"plural":null},"default_variation":null},"tiered_pricing_minimum_quantity":1000,"tiered_pricing_roles_data":[],"tiered_pricing_percentage_rules":[],"tiered_pricing_maximum_quantity":null,"tiered_pricing_quantity_step":"10","_links":{"self":[{"href":"https:\/\/volovape.com\/pt\/wp-json\/wp\/v2\/product\/1269","targetHints":{"allow":["GET"]}}],"collection":[{"href":"https:\/\/volovape.com\/pt\/wp-json\/wp\/v2\/product"}],"about":[{"href":"https:\/\/volovape.com\/pt\/wp-json\/wp\/v2\/types\/product"}],"replies":[{"embeddable":true,"href":"https:\/\/volovape.com\/pt\/wp-json\/wp\/v2\/comments?post=1269"}],"wp:featuredmedia":[{"embeddable":true,"href":"https:\/\/volovape.com\/pt\/wp-json\/wp\/v2\/media\/1491"}],"wp:attachment":[{"href":"https:\/\/volovape.com\/pt\/wp-json\/wp\/v2\/media?parent=1269"}],"wp:term":[{"taxonomy":"product_brand","embeddable":true,"href":"https:\/\/volovape.com\/pt\/wp-json\/wp\/v2\/product_brand?post=1269"},{"taxonomy":"product_cat","embeddable":true,"href":"https:\/\/volovape.com\/pt\/wp-json\/wp\/v2\/product_cat?post=1269"},{"taxonomy":"product_tag","embeddable":true,"href":"https:\/\/volovape.com\/pt\/wp-json\/wp\/v2\/product_tag?post=1269"}],"curies":[{"name":"wp","href":"https:\/\/api.w.org\/{rel}","templated":true}]}}