{"id":1242,"date":"2024-11-21T03:39:04","date_gmt":"2024-11-21T03:39:04","guid":{"rendered":"https:\/\/volovape.com\/?post_type=product&#038;p=1242"},"modified":"2025-11-11T03:20:43","modified_gmt":"2025-11-11T03:20:43","slug":"vapme-shisha-pro-max-20000-baforadas","status":"publish","type":"product","link":"https:\/\/volovape.com\/pt\/product\/vapme-shisha-pro-max-20000-puffs\/","title":{"rendered":"VAPME Shisha Pro Max 20000 puffs vape descart\u00e1vel - 28 ml de vapor de sabor inspirado no narguil\u00e9"},"content":{"rendered":"<p><strong>VAPME SHISHA PRO MAX 20000 Puffs Vape descart\u00e1vel<\/strong> - Experimente os sabores inspirados no narguil\u00e9 com uma longevidade inigual\u00e1vel.<\/p>\n<p>Mergulhe no mundo rico e diversificado dos sabores do narguil\u00e9 com o <strong>VAPME SHISHA PRO MAX 20000<\/strong>. Este vape descart\u00e1vel de alta capacidade proporciona umas impressionantes 20.000 baforadas, alimentadas por um enorme reservat\u00f3rio de e-l\u00edquido de 28 ml e uma bateria recarreg\u00e1vel de 650 mAh com carregamento Tipo C. Desfrute de uma experi\u00eancia de vaporiza\u00e7\u00e3o prolongada e satisfat\u00f3ria com 24 op\u00e7\u00f5es de sabor \u00fanicas, concebidas para reproduzir o sabor aut\u00eantico da shisha tradicional. Perfeito para uso pessoal ou para venda por grosso de vape descart\u00e1vel, este dispositivo oferece comodidade e um desempenho excecional.<\/p>\n<h3><strong>Carater\u00edsticas do VAPME SHISHA PRO MAX 20000\uff1a<\/strong><\/h3>\n<ul>\n<li>Puffs: At\u00e9 20.000 baforadas<\/li>\n<li>Capacidade do E-l\u00edquido: 28ml<\/li>\n<li>Bateria: 650mAh (recarreg\u00e1vel)<\/li>\n<li>Carregamento: Tipo C<\/li>\n<li>24 sabores \u00fanicos inspirados no narguil\u00e9<\/li>\n<li>Dispositivo descart\u00e1vel<\/li>\n<\/ul>\n<h4>Perguntas frequentes<\/h4>\n<h5>Que m\u00e9todos de envio s\u00e3o utilizados?<\/h5>\n<p>Cooperamos com a UPS\/DHL\/FEDEX\/DPD, etc. Escolheremos a op\u00e7\u00e3o de envio adequada em fun\u00e7\u00e3o do pa\u00eds de entrega para garantir que recebe os seus produtos o mais rapidamente poss\u00edvel.<\/p>\n<h5>Quanto tempo demora a chegar?<\/h5>\n<p>Este processo demora normalmente entre 7 e 15 dias \u00fateis, podendo chegar aos 20 dias \u00fateis nos feriados ou em condi\u00e7\u00f5es meteorol\u00f3gicas adversas.<\/p>\n<h5>Poder\u00e1 passar pela alf\u00e2ndega e causar-me-\u00e1 algum problema?<\/h5>\n<p>Garantimos que n\u00e3o ter\u00e1 qualquer problema, uma vez que trataremos do desalfandegamento e n\u00e3o haver\u00e1 impostos ou taxas. Garantimos que 100% dos nossos produtos ser\u00e3o desalfandegados.<\/p>\n<h5>Quantos sabores diferentes est\u00e3o dispon\u00edveis?<\/h5>\n<p>O VAPME SHISHA PRO MAX oferece uma vasta sele\u00e7\u00e3o de 24 sabores \u00fanicos, cada um deles cuidadosamente criado para reproduzir o sabor rico e diversificado do narguil\u00e9 tradicional.<\/p>\n<h5>Posso confiar nele?<\/h5>\n<p>Apoiamos o pagamento por PayPal e o servi\u00e7o de prote\u00e7\u00e3o do comprador.<br \/>\nTamb\u00e9m pode consultar as nossas cr\u00edticas em <a href=\"https:\/\/www.trustpilot.com\/review\/volovape.com?utm_medium=trustbox&amp;utm_source=TrustBoxReviewCollector\">TrustPilot<\/a>.<\/p>","protected":false},"excerpt":{"rendered":"<p>Comprar VAPME SHISHA PRO MAX 20000 Puffs Vape descart\u00e1vel a granel. Desfrute de sabores ricos inspirados no narguil\u00e9, 28 ml de e-l\u00edquido, carregamento r\u00e1pido. Perfeito para fornecedores e revendedores de vape por grosso.<\/p>","protected":false},"featured_media":1483,"comment_status":"open","ping_status":"closed","template":"","meta":[],"product_brand":[],"product_cat":[49,42,21,18,20,23,24,22,25,26,27,28,29,30,31,32,33,34,35,36,47,40],"product_tag":[],"class_list":{"0":"post-1242","1":"product","2":"type-product","3":"status-publish","4":"has-post-thumbnail","6":"product_cat-vapme","7":"product_cat-20000-puffs-disposable-vape","8":"product_cat-big-puffs-vapes","9":"product_cat-different-puffs-of-disposable-vapes","10":"product_cat-disposable-vape-types","11":"product_cat-disposable-vapes-in-austria","12":"product_cat-disposable-vapes-in-belgium","13":"product_cat-disposable-vapes-in-europe","14":"product_cat-disposable-vapes-in-france","15":"product_cat-disposable-vapes-in-germany","16":"product_cat-disposable-vapes-in-hungary","17":"product_cat-disposable-vapes-in-ltaly","18":"product_cat-disposable-vapes-in-netherlands","19":"product_cat-disposable-vapes-in-norway","20":"product_cat-disposable-vapes-in-poland","21":"product_cat-disposable-vapes-in-portugal","22":"product_cat-disposable-vapes-in-spain","23":"product_cat-disposable-vapes-in-sweden","24":"product_cat-disposable-vapes-in-switzerland","25":"product_cat-rechargeable-vapes","26":"product_cat-shisha-hookah-vapes","27":"product_cat-smart-screen-vapes","29":"first","30":"instock","31":"shipping-taxable","32":"purchasable","33":"product-type-variable","34":"has-default-attributes"},"jetpack_sharing_enabled":true,"tiered_pricing_type":"fixed","tiered_pricing_fixed_rules":{"2000":5.5999999999999996447286321199499070644378662109375},"tiered_pricing_product_settings":{"layout":"default","base_unit_name":{"singular":null,"plural":null},"default_variation":null},"tiered_pricing_minimum_quantity":1000,"tiered_pricing_roles_data":[],"tiered_pricing_percentage_rules":[],"tiered_pricing_maximum_quantity":null,"tiered_pricing_quantity_step":"10","_links":{"self":[{"href":"https:\/\/volovape.com\/pt\/wp-json\/wp\/v2\/product\/1242","targetHints":{"allow":["GET"]}}],"collection":[{"href":"https:\/\/volovape.com\/pt\/wp-json\/wp\/v2\/product"}],"about":[{"href":"https:\/\/volovape.com\/pt\/wp-json\/wp\/v2\/types\/product"}],"replies":[{"embeddable":true,"href":"https:\/\/volovape.com\/pt\/wp-json\/wp\/v2\/comments?post=1242"}],"wp:featuredmedia":[{"embeddable":true,"href":"https:\/\/volovape.com\/pt\/wp-json\/wp\/v2\/media\/1483"}],"wp:attachment":[{"href":"https:\/\/volovape.com\/pt\/wp-json\/wp\/v2\/media?parent=1242"}],"wp:term":[{"taxonomy":"product_brand","embeddable":true,"href":"https:\/\/volovape.com\/pt\/wp-json\/wp\/v2\/product_brand?post=1242"},{"taxonomy":"product_cat","embeddable":true,"href":"https:\/\/volovape.com\/pt\/wp-json\/wp\/v2\/product_cat?post=1242"},{"taxonomy":"product_tag","embeddable":true,"href":"https:\/\/volovape.com\/pt\/wp-json\/wp\/v2\/product_tag?post=1242"}],"curies":[{"name":"wp","href":"https:\/\/api.w.org\/{rel}","templated":true}]}}