{"id":1240,"date":"2024-11-21T03:39:04","date_gmt":"2024-11-21T03:39:04","guid":{"rendered":"https:\/\/volovape.com\/?post_type=product&#038;p=1240"},"modified":"2025-08-07T08:19:48","modified_gmt":"2025-08-07T08:19:48","slug":"perdeu-mary-mo10000","status":"publish","type":"product","link":"https:\/\/volovape.com\/pt\/product\/lost-mary-mo10000\/","title":{"rendered":"Lost Mary MO10000 Vape descart\u00e1vel - 10.000 baforadas, bobina de malha, preven\u00e7\u00e3o de batidas a seco"},"content":{"rendered":"<p><strong>Lost Mary MO10000 Vape descart\u00e1vel<\/strong> - Experimente 10.000 baforadas de puro sabor com preven\u00e7\u00e3o avan\u00e7ada de batidas a seco.<\/p>\n<p>Mergulhe numa viagem de vaporiza\u00e7\u00e3o prolongada com o Lost Mary MO10000, que proporciona at\u00e9 10.000 baforadas com uma generosa capacidade de 18 ml de e-l\u00edquido. Este vape descart\u00e1vel de alta capacidade \u00e9 alimentado por uma bateria recarreg\u00e1vel de 600mAh, assegurando-lhe energia durante todo o dia. Desfrute de um sabor rico e consistente gra\u00e7as \u00e0 tecnologia refinada da bobina de malha e nunca se preocupe com os golpes queimados com a inovadora fun\u00e7\u00e3o de preven\u00e7\u00e3o de golpes secos. Dispon\u00edvel numa gama diversificada de 15 sabores \u00fanicos, desde Blue Dragon Fruit Peach a Strawberry Grapefruit, este dispositivo satisfaz todos os paladares. Perfeito para uso pessoal ou para encomendas por grosso, o Lost Mary MO10000 combina comodidade com um desempenho superior. O seu design elegante e cintilante acrescenta um toque de eleg\u00e2ncia \u00e0 sua experi\u00eancia de vaporiza\u00e7\u00e3o. Ideal para quem procura um vape descart\u00e1vel de qualidade superior com um desempenho duradouro.<\/p>\n<h3><strong>Lost Mary MO10000 Carater\u00edsticas:<\/strong><\/h3>\n<ul>\n<li>Puffs: At\u00e9 10.000<\/li>\n<li>Capacidade do E-l\u00edquido: 18ml<\/li>\n<li>Bateria: 600mAh (recarreg\u00e1vel)<\/li>\n<li>Carregamento: Tipo C<\/li>\n<li>Bobina: Bobina de malha refinada<\/li>\n<li>Intensidade da nicotina: 5% (20mg\/ml)<\/li>\n<li>Desenho: Ondula\u00e7\u00e3o cintilante<\/li>\n<li>Preven\u00e7\u00e3o inteligente de impacto seco<\/li>\n<\/ul>\n<h4>Perguntas frequentes<\/h4>\n<h5>Como \u00e9 que a preven\u00e7\u00e3o de pancadas secas funciona?<\/h5>\n<p>O Lost Mary MO10000 foi concebido com tecnologia inteligente que monitoriza a bobina e os n\u00edveis de e-l\u00edquido. Este sistema ajusta automaticamente o fornecimento de energia para evitar o sobreaquecimento da bobina, assegurando um sabor consistente e evitando sabores a queimado, proporcionando sempre um vape suave e agrad\u00e1vel.<\/p>\n<h5>Que m\u00e9todos de envio s\u00e3o utilizados?<\/h5>\n<p>Cooperamos com a UPS\/DHL\/FEDEX\/DPD, etc. Escolheremos a op\u00e7\u00e3o de envio adequada em fun\u00e7\u00e3o do pa\u00eds de entrega para garantir que recebe os seus produtos o mais rapidamente poss\u00edvel.<\/p>\n<h5>Quanto tempo demora a chegar?<\/h5>\n<p>Este processo demora normalmente entre 7 e 15 dias \u00fateis, podendo chegar aos 20 dias \u00fateis nos feriados ou em condi\u00e7\u00f5es meteorol\u00f3gicas adversas.<\/p>\n<h5>Poder\u00e1 passar pela alf\u00e2ndega e causar-me-\u00e1 algum problema?<\/h5>\n<p>Garantimos que n\u00e3o ter\u00e1 qualquer problema, uma vez que trataremos do desalfandegamento e n\u00e3o haver\u00e1 impostos ou taxas. Garantimos que 100% dos nossos produtos ser\u00e3o desalfandegados.<\/p>\n<h5>Posso confiar nele?<\/h5>\n<p>Apoiamos o pagamento por PayPal e o servi\u00e7o de prote\u00e7\u00e3o do comprador. Tamb\u00e9m pode consultar os nossos coment\u00e1rios em <a href=\"https:\/\/www.trustpilot.com\/review\/volovape.com?utm_medium=trustbox&amp;utm_source=TrustBoxReviewCollector\">TrustPilot<\/a>.<\/p>","protected":false},"excerpt":{"rendered":"<p>Eleve o n\u00edvel da vaporiza\u00e7\u00e3o com o Vape descart\u00e1vel Lost Mary MO10000. Oferece 18ml de e-l\u00edquido, bateria de 600mAh, bobina de malha, preven\u00e7\u00e3o de batida seca, nicotina 5%. Venda por grosso a granel, v\u00e1rios sabores, carregamento tipo C.<\/p>","protected":false},"featured_media":1437,"comment_status":"open","ping_status":"closed","template":"","meta":[],"product_brand":[],"product_cat":[73,57,21,18,20,23,24,22,25,26,27,28,29,30,31,32,33,34,35,36],"product_tag":[],"class_list":{"0":"post-1240","1":"product","2":"type-product","3":"status-publish","4":"has-post-thumbnail","6":"product_cat-lost-mary","7":"product_cat-10000-puffs-disposable-vape","8":"product_cat-big-puffs-vapes","9":"product_cat-different-puffs-of-disposable-vapes","10":"product_cat-disposable-vape-types","11":"product_cat-disposable-vapes-in-austria","12":"product_cat-disposable-vapes-in-belgium","13":"product_cat-disposable-vapes-in-europe","14":"product_cat-disposable-vapes-in-france","15":"product_cat-disposable-vapes-in-germany","16":"product_cat-disposable-vapes-in-hungary","17":"product_cat-disposable-vapes-in-ltaly","18":"product_cat-disposable-vapes-in-netherlands","19":"product_cat-disposable-vapes-in-norway","20":"product_cat-disposable-vapes-in-poland","21":"product_cat-disposable-vapes-in-portugal","22":"product_cat-disposable-vapes-in-spain","23":"product_cat-disposable-vapes-in-sweden","24":"product_cat-disposable-vapes-in-switzerland","25":"product_cat-rechargeable-vapes","27":"first","28":"instock","29":"shipping-taxable","30":"purchasable","31":"product-type-variable","32":"has-default-attributes"},"jetpack_sharing_enabled":true,"tiered_pricing_type":"fixed","tiered_pricing_fixed_rules":{"2000":6.5},"tiered_pricing_product_settings":{"layout":"default","base_unit_name":{"singular":null,"plural":null},"default_variation":null},"tiered_pricing_minimum_quantity":1000,"tiered_pricing_roles_data":[],"tiered_pricing_percentage_rules":[],"tiered_pricing_maximum_quantity":null,"tiered_pricing_quantity_step":"100","_links":{"self":[{"href":"https:\/\/volovape.com\/pt\/wp-json\/wp\/v2\/product\/1240","targetHints":{"allow":["GET"]}}],"collection":[{"href":"https:\/\/volovape.com\/pt\/wp-json\/wp\/v2\/product"}],"about":[{"href":"https:\/\/volovape.com\/pt\/wp-json\/wp\/v2\/types\/product"}],"replies":[{"embeddable":true,"href":"https:\/\/volovape.com\/pt\/wp-json\/wp\/v2\/comments?post=1240"}],"wp:featuredmedia":[{"embeddable":true,"href":"https:\/\/volovape.com\/pt\/wp-json\/wp\/v2\/media\/1437"}],"wp:attachment":[{"href":"https:\/\/volovape.com\/pt\/wp-json\/wp\/v2\/media?parent=1240"}],"wp:term":[{"taxonomy":"product_brand","embeddable":true,"href":"https:\/\/volovape.com\/pt\/wp-json\/wp\/v2\/product_brand?post=1240"},{"taxonomy":"product_cat","embeddable":true,"href":"https:\/\/volovape.com\/pt\/wp-json\/wp\/v2\/product_cat?post=1240"},{"taxonomy":"product_tag","embeddable":true,"href":"https:\/\/volovape.com\/pt\/wp-json\/wp\/v2\/product_tag?post=1240"}],"curies":[{"name":"wp","href":"https:\/\/api.w.org\/{rel}","templated":true}]}}