{"id":1190,"date":"2024-11-21T03:38:19","date_gmt":"2024-11-21T03:38:19","guid":{"rendered":"https:\/\/volovape.com\/?post_type=product&#038;p=1190"},"modified":"2025-07-17T04:34:15","modified_gmt":"2025-07-17T04:34:15","slug":"barra-de-alimentacao-vapsolo-shisha-15000-puffs","status":"publish","type":"product","link":"https:\/\/volovape.com\/pt\/product\/vapsolo-feed-bar-shisha-15000-puffs\/","title":{"rendered":"Vapsolo FEED BAR Shisha 15000 Puffs Vape descart\u00e1vel - Bobina de malha de 0,6\u03a9, alto fluxo de ar"},"content":{"rendered":"<p><iframe title=\"Reprodutor de v\u00eddeo VideoPress\" aria-label='Reprodutor de v\u00eddeo VideoPress' width='421' height='750' src='https:\/\/videopress.com\/embed\/JWLYAsYP?hd=0&amp;cover=1' frameborder='0' allowfullscreen allow='clipboard-write'><\/iframe><script src='https:\/\/v0.wordpress.com\/js\/next\/videopress-iframe.js?m=1739540970'><\/script><\/p>\n<h2>Vapsolo FEED BAR Shisha 15000 Puffs Vape descart\u00e1vel - Experimente o Vaping inspirado no Shisha com alto fluxo de ar.<\/h2>\n<p>O <strong>Vapsolo FEED BAR Narguil\u00e9 15000 Puffs<\/strong> O vape descart\u00e1vel traz a experi\u00eancia rica e saborosa do narguil\u00e9 para um formato pr\u00e1tico e port\u00e1til. Com um impressionante <strong>15 000 puff<\/strong> capacidade, um enorme <strong>Reservat\u00f3rio de e-l\u00edquido de 25 ml<\/strong>e um robusto <strong>Bateria recarreg\u00e1vel de 650mAh<\/strong>Este aparelho oferece uma utiliza\u00e7\u00e3o prolongada e de grande valor. O <strong>Bobina de malha de 0,6\u03a9<\/strong> \u00e9 optimizado para uma melhor produ\u00e7\u00e3o de vapor, e o <strong>design de elevado caudal de ar<\/strong> assegura um trago suave e arejado que faz lembrar o narguil\u00e9 tradicional. Ideal para o prazer pessoal e <strong>vape descart\u00e1vel por atacado<\/strong>Este dispositivo proporciona uma experi\u00eancia de vaporiza\u00e7\u00e3o de qualidade superior. <strong>Encomenda a granel<\/strong> est\u00e3o dispon\u00edveis para os retalhistas.<\/p>\n<h3><strong>Vapsolo FEED BAR Shisha 15000 Puffs Carater\u00edsticas:<\/strong><\/h3>\n<ul>\n<li>Puffs: At\u00e9 15.000<\/li>\n<li>Capacidade do E-l\u00edquido: 25ml<\/li>\n<li>Bateria: 650mAh (recarreg\u00e1vel)<\/li>\n<li>Carregamento: Tipo C<\/li>\n<li>Bobina: Bobina de malha de 0,6\u03a9<\/li>\n<li>Fluxo de ar: Design de elevado fluxo de ar<\/li>\n<li>Sabores dispon\u00edveis: Two Apple, Blue Razz Lemonade, Peach Ice, Mango Ice, Lush Ice, Lemon Mint, Grape Mint, Strawberry Punch, Blueberry Gum.<\/li>\n<\/ul>\n<h4>Perguntas frequentes<\/h4>\n<h5>Como \u00e9 que a bobina de malha de 0,6\u03a9 melhora a experi\u00eancia inspirada no narguil\u00e9?<\/h5>\n<p>A bobina de malha de 0,6\u03a9 foi especificamente concebida para maximizar a produ\u00e7\u00e3o de vapor e a intensidade do sabor, proporcionando uma nuvem densa e saborosa que imita de perto a experi\u00eancia da shisha tradicional. Esta bobina assegura um aquecimento uniforme e um fornecimento \u00f3timo de sabor.<\/p>\n<h5>Quais s\u00e3o as vantagens do design de elevado fluxo de ar?<\/h5>\n<p>O design de elevado fluxo de ar permite uma extra\u00e7\u00e3o suave e arejada, reproduzindo o estilo de inala\u00e7\u00e3o aberto e descontra\u00eddo associado ao narguil\u00e9. Esta carater\u00edstica melhora a experi\u00eancia geral de vaporiza\u00e7\u00e3o, tornando-a mais confort\u00e1vel e agrad\u00e1vel para aqueles que preferem uma vaporiza\u00e7\u00e3o menos restrita.<\/p>\n<h5>Quanto tempo dura a bateria e com que rapidez \u00e9 recarregada?<\/h5>\n<p>A bateria recarreg\u00e1vel de 650mAh fornece energia de longa dura\u00e7\u00e3o para at\u00e9 15.000 baforadas. Com o carregamento tipo C, pode recarregar o dispositivo de forma r\u00e1pida e eficiente, minimizando o tempo de inatividade e maximizando o prazer de vaporizar.<\/p>\n<h5>Que m\u00e9todos de envio s\u00e3o utilizados?<\/h5>\n<p>Estabelecemos parcerias com transportadoras de renome, como a UPS, a DHL, a FedEx e a DPD, para garantir uma entrega fi\u00e1vel e eficiente. Seleccionamos a melhor op\u00e7\u00e3o de envio com base na sua localiza\u00e7\u00e3o para que a sua encomenda chegue at\u00e9 si o mais rapidamente poss\u00edvel.<\/p>\n<h5>Posso confiar na minha compra?<\/h5>\n<p>Damos prioridade \u00e0 satisfa\u00e7\u00e3o do cliente e oferecemos op\u00e7\u00f5es de pagamento seguras, incluindo PayPal com prote\u00e7\u00e3o do comprador. Tamb\u00e9m pode ler as opini\u00f5es dos nossos clientes satisfeitos no TrustPilot: <a href=\"https:\/\/www.trustpilot.com\/review\/volovape.com?utm_medium=trustbox&amp;utm_source=TrustBoxReviewCollector\">TrustPilot<\/a>.<\/p>","protected":false},"excerpt":{"rendered":"<p>Comprar Vapsolo FEED BAR Shisha 15000 Puffs Vape descart\u00e1vel a granel. Desfrute de 25 ml de e-l\u00edquido, bobina de malha, fluxo de ar suave e nuvens ricas. Ideal para distribuidores e revendedores de vape por grosso.<\/p>","protected":false},"featured_media":1426,"comment_status":"open","ping_status":"closed","template":"","meta":[],"product_brand":[],"product_cat":[72,41,21,18,20,23,24,22,25,26,27,28,29,30,31,32,33,34,35,36,47],"product_tag":[],"class_list":{"0":"post-1190","1":"product","2":"type-product","3":"status-publish","4":"has-post-thumbnail","6":"product_cat-vapsolo","7":"product_cat-15000-puffs-disposable-vape","8":"product_cat-big-puffs-vapes","9":"product_cat-different-puffs-of-disposable-vapes","10":"product_cat-disposable-vape-types","11":"product_cat-disposable-vapes-in-austria","12":"product_cat-disposable-vapes-in-belgium","13":"product_cat-disposable-vapes-in-europe","14":"product_cat-disposable-vapes-in-france","15":"product_cat-disposable-vapes-in-germany","16":"product_cat-disposable-vapes-in-hungary","17":"product_cat-disposable-vapes-in-ltaly","18":"product_cat-disposable-vapes-in-netherlands","19":"product_cat-disposable-vapes-in-norway","20":"product_cat-disposable-vapes-in-poland","21":"product_cat-disposable-vapes-in-portugal","22":"product_cat-disposable-vapes-in-spain","23":"product_cat-disposable-vapes-in-sweden","24":"product_cat-disposable-vapes-in-switzerland","25":"product_cat-rechargeable-vapes","26":"product_cat-shisha-hookah-vapes","28":"first","29":"instock","30":"shipping-taxable","31":"purchasable","32":"product-type-variable","33":"has-default-attributes"},"jetpack_sharing_enabled":true,"tiered_pricing_type":"fixed","tiered_pricing_fixed_rules":{"2000":6.5999999999999996447286321199499070644378662109375},"tiered_pricing_product_settings":{"layout":"default","base_unit_name":{"singular":null,"plural":null},"default_variation":null},"tiered_pricing_minimum_quantity":1000,"tiered_pricing_roles_data":[],"tiered_pricing_percentage_rules":[],"tiered_pricing_maximum_quantity":null,"tiered_pricing_quantity_step":"10","_links":{"self":[{"href":"https:\/\/volovape.com\/pt\/wp-json\/wp\/v2\/product\/1190","targetHints":{"allow":["GET"]}}],"collection":[{"href":"https:\/\/volovape.com\/pt\/wp-json\/wp\/v2\/product"}],"about":[{"href":"https:\/\/volovape.com\/pt\/wp-json\/wp\/v2\/types\/product"}],"replies":[{"embeddable":true,"href":"https:\/\/volovape.com\/pt\/wp-json\/wp\/v2\/comments?post=1190"}],"wp:featuredmedia":[{"embeddable":true,"href":"https:\/\/volovape.com\/pt\/wp-json\/wp\/v2\/media\/1426"}],"wp:attachment":[{"href":"https:\/\/volovape.com\/pt\/wp-json\/wp\/v2\/media?parent=1190"}],"wp:term":[{"taxonomy":"product_brand","embeddable":true,"href":"https:\/\/volovape.com\/pt\/wp-json\/wp\/v2\/product_brand?post=1190"},{"taxonomy":"product_cat","embeddable":true,"href":"https:\/\/volovape.com\/pt\/wp-json\/wp\/v2\/product_cat?post=1190"},{"taxonomy":"product_tag","embeddable":true,"href":"https:\/\/volovape.com\/pt\/wp-json\/wp\/v2\/product_tag?post=1190"}],"curies":[{"name":"wp","href":"https:\/\/api.w.org\/{rel}","templated":true}]}}