{"id":1168,"date":"2024-11-21T03:37:57","date_gmt":"2024-11-21T03:37:57","guid":{"rendered":"https:\/\/volovape.com\/?post_type=product&#038;p=1168"},"modified":"2025-07-13T13:49:52","modified_gmt":"2025-07-13T13:49:52","slug":"vapsolo-tornado-pro-12000-puffs","status":"publish","type":"product","link":"https:\/\/volovape.com\/pt\/product\/vapsolo-tornado-pro-12000-puffs\/","title":{"rendered":"Vapsolo Tornado Pro 12000 Puffs Vape descart\u00e1vel - RGB, fluxo de ar ajust\u00e1vel, bobina de malha"},"content":{"rendered":"<p><iframe title=\"Reprodutor de v\u00eddeo VideoPress\" aria-label='Reprodutor de v\u00eddeo VideoPress' width='421' height='750' src='https:\/\/videopress.com\/embed\/IQNVFUQ9?hd=0&amp;cover=1' frameborder='0' allowfullscreen allow='clipboard-write'><\/iframe><script src='https:\/\/v0.wordpress.com\/js\/next\/videopress-iframe.js?m=1739540970'><\/script><\/p>\n<p><strong>Vapsolo Tornado Pro 12000 Puffs Vape descart\u00e1vel<\/strong> - Vaping personaliz\u00e1vel com ilumina\u00e7\u00e3o RGB e fluxo de ar ajust\u00e1vel.<\/p>\n<p>O <strong>Vapsolo Tornado Pro 12000 Puffs<\/strong> O vape descart\u00e1vel proporciona uma experi\u00eancia de vaporiza\u00e7\u00e3o personalizada com o seu <strong>Fluxo de ar ajust\u00e1vel em 4 n\u00edveis<\/strong> e vibrante <strong>Ilumina\u00e7\u00e3o RGB<\/strong>. Com at\u00e9 <strong>12.000 baforadas<\/strong>, a <strong>Reservat\u00f3rio de 20 ml de e-l\u00edquido<\/strong>, e um <strong>Bateria recarreg\u00e1vel de 650mAh<\/strong>Este aparelho oferece uma longevidade excecional. O <strong>Bobina de malha de 0,9\u03a9<\/strong> assegura um vapor suave e saboroso, enquanto o visor abrangente o mant\u00e9m informado sobre os n\u00edveis da bateria e do e-l\u00edquido. Nota: Embora seja principalmente descart\u00e1vel, a grande capacidade pode permitir 1-2 recargas ap\u00f3s a utiliza\u00e7\u00e3o inicial, embora o desempenho \u00f3timo seja com o e-l\u00edquido pr\u00e9-carregado. Ideal para vapers que procuram personaliza\u00e7\u00e3o e estilo, o Vapsolo Tornado Pro \u00e9 perfeito para uso pessoal e <strong>vape descart\u00e1vel por atacado<\/strong>. <strong>Encomenda a granel<\/strong> est\u00e3o dispon\u00edveis para os retalhistas.<\/p>\n<h3><strong>Vapsolo Tornado Pro 12000 Puffs Carater\u00edsticas:<\/strong><\/h3>\n<ul>\n<li>Puffs: At\u00e9 12.000<\/li>\n<li>Capacidade do E-l\u00edquido: 20ml<\/li>\n<li>Bateria: 650mAh (recarreg\u00e1vel)<\/li>\n<li>Carregamento: Tipo C<\/li>\n<li>Bobina: Bobina de malha de 0,9\u03a9<\/li>\n<li>Fluxo de ar: 4 n\u00edveis ajust\u00e1veis<\/li>\n<li>Ilumina\u00e7\u00e3o: RGB<\/li>\n<li>Ecr\u00e3: Abrangente (n\u00edveis de bateria e de e-l\u00edquido)<\/li>\n<li>Sabores dispon\u00edveis: Melancia Ice, Morango Kiwi, Blue Razz, Cereja Fizzy, Mirtilo Ice, Morango Framboesa Cherry Ice, P\u00eassego Manga Anan\u00e1s, Uva Ice, Framboesa Melancia, Morango Banana.<\/li>\n<\/ul>\n<h4>Perguntas frequentes<\/h4>\n<h5>Como \u00e9 que o fluxo de ar ajust\u00e1vel em 4 n\u00edveis melhora a experi\u00eancia de vaporiza\u00e7\u00e3o?<\/h5>\n<p>O fluxo de ar ajust\u00e1vel em 4 n\u00edveis permite que os utilizadores afinem o seu consumo, alternando entre um estilo MTL (boca a pulm\u00e3o) apertado para um sabor mais concentrado e um estilo DTL (direto a pulm\u00e3o) mais solto para nuvens de vapor maiores. Esta versatilidade vai ao encontro das prefer\u00eancias individuais, proporcionando uma experi\u00eancia de vaporiza\u00e7\u00e3o personalizada e satisfat\u00f3ria.<\/p>\n<h5>Quais s\u00e3o as vantagens da ilumina\u00e7\u00e3o RGB e do ecr\u00e3 completo?<\/h5>\n<p>A ilumina\u00e7\u00e3o RGB vibrante acrescenta um elemento visual elegante e personaliz\u00e1vel, melhorando a experi\u00eancia geral de vaporiza\u00e7\u00e3o. O visor abrangente fornece informa\u00e7\u00f5es em tempo real sobre os n\u00edveis da bateria e do e-l\u00edquido, garantindo que est\u00e1 sempre informado sobre o estado do seu dispositivo.<\/p>\n<h5>Qual \u00e9 o significado da bobina de malha de 0,9\u03a9?<\/h5>\n<p>A bobina de malha de 0,9\u03a9 foi concebida para proporcionar um aquecimento consistente e uniforme, resultando numa produ\u00e7\u00e3o de vapor suave, rica e saborosa. Esta bobina garante que cada baforada seja satisfat\u00f3ria e maximiza o fornecimento de sabor do e-l\u00edquido.<\/p>\n<h5>Que m\u00e9todos de envio s\u00e3o utilizados?<\/h5>\n<p>Estabelecemos parcerias com transportadoras fi\u00e1veis, como a UPS, a DHL, a FedEx e a DPD, para garantir uma entrega eficiente e segura. Seleccionamos o m\u00e9todo de envio mais adequado com base na sua localiza\u00e7\u00e3o para que a sua encomenda chegue at\u00e9 si o mais rapidamente poss\u00edvel.<\/p>\n<h5>Posso confiar na minha compra?<\/h5>\n<p>Damos prioridade \u00e0 satisfa\u00e7\u00e3o do cliente e oferecemos op\u00e7\u00f5es de pagamento seguras, incluindo PayPal com prote\u00e7\u00e3o do comprador. Tamb\u00e9m pode ver as opini\u00f5es dos clientes no TrustPilot: <a href=\"https:\/\/www.trustpilot.com\/review\/volovape.com?utm_medium=trustbox&amp;utm_source=TrustBoxReviewCollector\">TrustPilot<\/a>.<\/p>","protected":false},"excerpt":{"rendered":"<p>Aumente suas vendas de vape com o atacado Vapsolo Tornado Pro 12000 Puffs! Fluxo de ar ajust\u00e1vel, luzes RGB, bobina de malha de 0,9\u03a9, 20ml, recarreg\u00e1vel. Estoque vapes vibrantes e personaliz\u00e1veis.<\/p>","protected":false},"featured_media":1407,"comment_status":"open","ping_status":"closed","template":"","meta":[],"product_brand":[],"product_cat":[72,38,21,18,39,20,23,24,22,25,26,27,28,29,30,31,32,33,34,35,36,40],"product_tag":[],"class_list":{"0":"post-1168","1":"product","2":"type-product","3":"status-publish","4":"has-post-thumbnail","6":"product_cat-vapsolo","7":"product_cat-12000-puffs-disposable-vape","8":"product_cat-big-puffs-vapes","9":"product_cat-different-puffs-of-disposable-vapes","10":"product_cat-digital-box-vapes","11":"product_cat-disposable-vape-types","12":"product_cat-disposable-vapes-in-austria","13":"product_cat-disposable-vapes-in-belgium","14":"product_cat-disposable-vapes-in-europe","15":"product_cat-disposable-vapes-in-france","16":"product_cat-disposable-vapes-in-germany","17":"product_cat-disposable-vapes-in-hungary","18":"product_cat-disposable-vapes-in-ltaly","19":"product_cat-disposable-vapes-in-netherlands","20":"product_cat-disposable-vapes-in-norway","21":"product_cat-disposable-vapes-in-poland","22":"product_cat-disposable-vapes-in-portugal","23":"product_cat-disposable-vapes-in-spain","24":"product_cat-disposable-vapes-in-sweden","25":"product_cat-disposable-vapes-in-switzerland","26":"product_cat-rechargeable-vapes","27":"product_cat-smart-screen-vapes","29":"first","30":"instock","31":"shipping-taxable","32":"purchasable","33":"product-type-variable","34":"has-default-attributes"},"jetpack_sharing_enabled":true,"tiered_pricing_type":"fixed","tiered_pricing_fixed_rules":{"2000":6.4900000000000002131628207280300557613372802734375},"tiered_pricing_product_settings":{"layout":"default","base_unit_name":{"singular":null,"plural":null},"default_variation":null},"tiered_pricing_minimum_quantity":1000,"tiered_pricing_roles_data":[],"tiered_pricing_percentage_rules":[],"tiered_pricing_maximum_quantity":null,"tiered_pricing_quantity_step":"10","_links":{"self":[{"href":"https:\/\/volovape.com\/pt\/wp-json\/wp\/v2\/product\/1168","targetHints":{"allow":["GET"]}}],"collection":[{"href":"https:\/\/volovape.com\/pt\/wp-json\/wp\/v2\/product"}],"about":[{"href":"https:\/\/volovape.com\/pt\/wp-json\/wp\/v2\/types\/product"}],"replies":[{"embeddable":true,"href":"https:\/\/volovape.com\/pt\/wp-json\/wp\/v2\/comments?post=1168"}],"wp:featuredmedia":[{"embeddable":true,"href":"https:\/\/volovape.com\/pt\/wp-json\/wp\/v2\/media\/1407"}],"wp:attachment":[{"href":"https:\/\/volovape.com\/pt\/wp-json\/wp\/v2\/media?parent=1168"}],"wp:term":[{"taxonomy":"product_brand","embeddable":true,"href":"https:\/\/volovape.com\/pt\/wp-json\/wp\/v2\/product_brand?post=1168"},{"taxonomy":"product_cat","embeddable":true,"href":"https:\/\/volovape.com\/pt\/wp-json\/wp\/v2\/product_cat?post=1168"},{"taxonomy":"product_tag","embeddable":true,"href":"https:\/\/volovape.com\/pt\/wp-json\/wp\/v2\/product_tag?post=1168"}],"curies":[{"name":"wp","href":"https:\/\/api.w.org\/{rel}","templated":true}]}}