{"id":1167,"date":"2024-11-21T03:37:57","date_gmt":"2024-11-21T03:37:57","guid":{"rendered":"https:\/\/volovape.com\/?post_type=product&#038;p=1167"},"modified":"2025-07-13T13:48:06","modified_gmt":"2025-07-13T13:48:06","slug":"vapsolo-dg18000-baforadas","status":"publish","type":"product","link":"https:\/\/volovape.com\/pt\/product\/vapsolo-dg18000-puffs\/","title":{"rendered":"Vapsolo DG18000 Puffs Vape Descart\u00e1vel - Capacidade 28ml, Resist\u00eancia 0.9\u03a9"},"content":{"rendered":"<p><iframe title=\"Reprodutor de v\u00eddeo VideoPress\" aria-label='Reprodutor de v\u00eddeo VideoPress' width='500' height='281' src='https:\/\/videopress.com\/embed\/ss3cmXiS?hd=0&amp;cover=1' frameborder='0' allowfullscreen allow='clipboard-write'><\/iframe><script src='https:\/\/v0.wordpress.com\/js\/next\/videopress-iframe.js?m=1739540970'><\/script><\/p>\n<p><strong>Vapsolo DG18000 Puffs Vape Descart\u00e1vel<\/strong> - Longevidade inigual\u00e1vel e vapor suave num dispositivo de elevada capacidade.<\/p>\n<p>O <strong>Vapsolo DG18000 Puffs<\/strong> O vape descart\u00e1vel foi concebido para vapers que exigem uma utiliza\u00e7\u00e3o prolongada e um desempenho superior. Com um impressionante <strong>18.000 puff<\/strong> capacidade, um enorme <strong>Reservat\u00f3rio de e-l\u00edquido de 28 ml<\/strong>, e um <strong>Bateria recarreg\u00e1vel de 650mAh<\/strong>Este dispositivo oferece uma longevidade e comodidade sem paralelo. O sistema optimizado <strong>Resist\u00eancia de 0,9\u03a9<\/strong> garante uma produ\u00e7\u00e3o de vapor consistentemente suave e saborosa. Escolha entre <strong>Dosagens de nicotina 2% e 5%<\/strong>. Ideal para vapers que procuram um prazer duradouro, o Vapsolo DG18000 \u00e9 perfeito para uso pessoal e <strong>vape descart\u00e1vel por atacado<\/strong>. <strong>Encomenda a granel<\/strong> est\u00e3o dispon\u00edveis para os retalhistas.<\/p>\n<h3><strong>Vapsolo DG18000 Puffs Carater\u00edsticas:<\/strong><\/h3>\n<ul>\n<li>Puffs: At\u00e9 18.000<\/li>\n<li>Capacidade do E-l\u00edquido: 28ml<\/li>\n<li>Bateria: 650mAh (recarreg\u00e1vel)<\/li>\n<li>Carregamento: Tipo C<\/li>\n<li>Resist\u00eancia: 0.9\u03a9<\/li>\n<li>Pontos fortes da nicotina: 2%, 5%<\/li>\n<li>Sabores dispon\u00edveis: P\u00eassego Manga Anan\u00e1s, Maracuj\u00e1 Kiwi Ice, Mirtilo Cereja Arando, Melancia Ice, Morango Kiwi, Lima Lim\u00e3o, Morango Banana, Red Bull, Mistura de Frutos Silvestres, Melancia Prime Morango.<\/li>\n<\/ul>\n<h4>Perguntas frequentes<\/h4>\n<h5>Como \u00e9 que a resist\u00eancia de 0,9\u03a9 melhora a experi\u00eancia de vaporiza\u00e7\u00e3o?<\/h5>\n<p>A resist\u00eancia de 0,9\u03a9 foi especificamente concebida para proporcionar um equil\u00edbrio entre o sabor e a produ\u00e7\u00e3o de vapor. Esta resist\u00eancia assegura um vapor consistente e suave, proporcionando sabores ricos e satisfat\u00f3rios em cada tragada. Est\u00e1 optimizado para uma experi\u00eancia de vaporiza\u00e7\u00e3o confort\u00e1vel e agrad\u00e1vel.<\/p>\n<h5>Quais s\u00e3o as vantagens da capacidade de 18 000 baforadas e do reservat\u00f3rio de e-l\u00edquido de 28 ml?<\/h5>\n<p>A capacidade de 18.000 baforadas e o reservat\u00f3rio de e-l\u00edquido de 28 ml oferecem uma utiliza\u00e7\u00e3o prolongada, minimizando a necessidade de substitui\u00e7\u00f5es frequentes. Isto torna o Vapsolo DG18000 ideal para os utilizadores que pretendem uma solu\u00e7\u00e3o de vaporiza\u00e7\u00e3o duradoura e conveniente, perfeita para viagens ou utiliza\u00e7\u00e3o di\u00e1ria.<\/p>\n<h5>Com que rapidez \u00e9 que a bateria de 650mAh recarrega?<\/h5>\n<p>A bateria de 650mAh suporta longas sess\u00f5es de vaporiza\u00e7\u00e3o e recarrega-se rapidamente atrav\u00e9s do carregamento tipo C. Isto garante um tempo de inatividade m\u00ednimo, permitindo-lhe desfrutar do seu dispositivo sem longas esperas.<\/p>\n<h5>Que m\u00e9todos de envio s\u00e3o utilizados?<\/h5>\n<p>Estabelecemos parcerias com transportadoras fi\u00e1veis, como a UPS, a DHL, a FedEx e a DPD, para garantir uma entrega eficiente e segura. Seleccionamos o m\u00e9todo de envio mais adequado com base na sua localiza\u00e7\u00e3o para que a sua encomenda chegue at\u00e9 si o mais rapidamente poss\u00edvel.<\/p>\n<h5>Posso confiar na minha compra?<\/h5>\n<p>Damos prioridade \u00e0 satisfa\u00e7\u00e3o do cliente e oferecemos op\u00e7\u00f5es de pagamento seguras, incluindo PayPal com prote\u00e7\u00e3o do comprador. Tamb\u00e9m pode ver as opini\u00f5es dos clientes no TrustPilot: <a href=\"https:\/\/www.trustpilot.com\/review\/volovape.com?utm_medium=trustbox&amp;utm_source=TrustBoxReviewCollector\">TrustPilot<\/a>.<\/p>","protected":false},"excerpt":{"rendered":"<p>Abaste\u00e7a-se de Vape descart\u00e1vel Vapsolo DG18000 Puffs a granel. Com 28 ml de e-l\u00edquido, op\u00e7\u00f5es de nicotina 2% e 5% e vapor suave, \u00e9 ideal para fornecedores e retalhistas de vape por grosso.<\/p>","protected":false},"featured_media":1388,"comment_status":"open","ping_status":"closed","template":"","meta":[],"product_brand":[],"product_cat":[72,50,21,18,39,20,23,24,22,25,26,27,28,29,30,31,32,33,34,35,36,40],"product_tag":[],"class_list":{"0":"post-1167","1":"product","2":"type-product","3":"status-publish","4":"has-post-thumbnail","6":"product_cat-vapsolo","7":"product_cat-18000-puffs-disposable-vape","8":"product_cat-big-puffs-vapes","9":"product_cat-different-puffs-of-disposable-vapes","10":"product_cat-digital-box-vapes","11":"product_cat-disposable-vape-types","12":"product_cat-disposable-vapes-in-austria","13":"product_cat-disposable-vapes-in-belgium","14":"product_cat-disposable-vapes-in-europe","15":"product_cat-disposable-vapes-in-france","16":"product_cat-disposable-vapes-in-germany","17":"product_cat-disposable-vapes-in-hungary","18":"product_cat-disposable-vapes-in-ltaly","19":"product_cat-disposable-vapes-in-netherlands","20":"product_cat-disposable-vapes-in-norway","21":"product_cat-disposable-vapes-in-poland","22":"product_cat-disposable-vapes-in-portugal","23":"product_cat-disposable-vapes-in-spain","24":"product_cat-disposable-vapes-in-sweden","25":"product_cat-disposable-vapes-in-switzerland","26":"product_cat-rechargeable-vapes","27":"product_cat-smart-screen-vapes","29":"first","30":"instock","31":"shipping-taxable","32":"purchasable","33":"product-type-variable","34":"has-default-attributes"},"jetpack_sharing_enabled":true,"tiered_pricing_type":"fixed","tiered_pricing_fixed_rules":{"2000":6.9900000000000002131628207280300557613372802734375},"tiered_pricing_product_settings":{"layout":"default","base_unit_name":{"singular":null,"plural":null},"default_variation":null},"tiered_pricing_minimum_quantity":1000,"tiered_pricing_roles_data":[],"tiered_pricing_percentage_rules":[],"tiered_pricing_maximum_quantity":null,"tiered_pricing_quantity_step":"10","_links":{"self":[{"href":"https:\/\/volovape.com\/pt\/wp-json\/wp\/v2\/product\/1167","targetHints":{"allow":["GET"]}}],"collection":[{"href":"https:\/\/volovape.com\/pt\/wp-json\/wp\/v2\/product"}],"about":[{"href":"https:\/\/volovape.com\/pt\/wp-json\/wp\/v2\/types\/product"}],"replies":[{"embeddable":true,"href":"https:\/\/volovape.com\/pt\/wp-json\/wp\/v2\/comments?post=1167"}],"wp:featuredmedia":[{"embeddable":true,"href":"https:\/\/volovape.com\/pt\/wp-json\/wp\/v2\/media\/1388"}],"wp:attachment":[{"href":"https:\/\/volovape.com\/pt\/wp-json\/wp\/v2\/media?parent=1167"}],"wp:term":[{"taxonomy":"product_brand","embeddable":true,"href":"https:\/\/volovape.com\/pt\/wp-json\/wp\/v2\/product_brand?post=1167"},{"taxonomy":"product_cat","embeddable":true,"href":"https:\/\/volovape.com\/pt\/wp-json\/wp\/v2\/product_cat?post=1167"},{"taxonomy":"product_tag","embeddable":true,"href":"https:\/\/volovape.com\/pt\/wp-json\/wp\/v2\/product_tag?post=1167"}],"curies":[{"name":"wp","href":"https:\/\/api.w.org\/{rel}","templated":true}]}}