{"id":1121,"date":"2024-11-21T03:37:34","date_gmt":"2024-11-21T03:37:34","guid":{"rendered":"https:\/\/volovape.com\/?post_type=product&#038;p=1121"},"modified":"2025-07-24T07:11:26","modified_gmt":"2025-07-24T07:11:26","slug":"vapsolo-super-15000-puffs","status":"publish","type":"product","link":"https:\/\/volovape.com\/pt\/product\/vapsolo-super-15000-puffs\/","title":{"rendered":"Vapsolo Super 15000 puffs Vape descart\u00e1vel com fluxo de ar ajust\u00e1vel em 4 n\u00edveis - recarreg\u00e1vel com type-c (2%\/5% nicotina)"},"content":{"rendered":"<p><iframe title=\"Reprodutor de v\u00eddeo VideoPress\" aria-label='Reprodutor de v\u00eddeo VideoPress' width='421' height='750' src='https:\/\/videopress.com\/embed\/pTqryXkY?hd=0&amp;cover=1' frameborder='0' allowfullscreen allow='clipboard-write'><\/iframe><script src='https:\/\/v0.wordpress.com\/js\/next\/videopress-iframe.js?m=1739540970'><\/script><\/p>\n<p><strong>Vapsolo Super 15000 Puffs Vape descart\u00e1vel<\/strong> - Vaping personalizado com fluxo de ar ajust\u00e1vel em 4 n\u00edveis.<\/p>\n<p>O <strong>Vapsolo Super 15000 Puffs<\/strong> O vape descart\u00e1vel oferece uma experi\u00eancia de vaporiza\u00e7\u00e3o personaliz\u00e1vel com o seu <strong>Fluxo de ar ajust\u00e1vel em 4 n\u00edveis<\/strong>permitindo-lhe alternar entre os estilos MTL e DTL. Com at\u00e9 <strong>15.000 baforadas<\/strong>, um generoso <strong>Reservat\u00f3rio de e-l\u00edquido de 25 ml<\/strong>, e um <strong>Bateria recarreg\u00e1vel de 650mAh<\/strong>Este aparelho oferece uma longevidade e um conforto excepcionais. O <strong>Bobina de malha de 1,0\u03a9<\/strong> garante um vapor consistentemente suave e saboroso. Escolha entre <strong>Dosagens de nicotina 2% e 5%<\/strong>. Ideal para vapers que gostam de vaporiza\u00e7\u00e3o personalizada, o Vapsolo Super \u00e9 perfeito para uso pessoal e <strong>vape descart\u00e1vel por atacado<\/strong>. <strong>Encomenda a granel<\/strong> est\u00e3o dispon\u00edveis para os retalhistas.<\/p>\n<h3><strong>Vapsolo Super 15000 Puffs Carater\u00edsticas:<\/strong><\/h3>\n<ul>\n<li>Puffs: At\u00e9 15.000<\/li>\n<li>Capacidade do E-l\u00edquido: 25ml<\/li>\n<li>Bateria: 650mAh (recarreg\u00e1vel)<\/li>\n<li>Carregamento: Tipo C<\/li>\n<li>Bobina: 1.0\u03a9 Bobina de malha<\/li>\n<li>Fluxo de ar: 4 n\u00edveis ajust\u00e1veis<\/li>\n<li>Pontos fortes da nicotina: 2%, 5%<\/li>\n<li>Sabores dispon\u00edveis: Blue Razz, Blueberry Ice, Double Apple, Watermelon Ice, Strawberry Kiwi, Mixed Berry, Red Bull, Blueberry Cherry Cranberry, Lemon Lime, Skittles, Strawberry Banana, Raspberry Watermelon, Blueberry Cherry Cola, Black Ice Dragonfruit Strawberry.<\/li>\n<\/ul>\n<h4>Perguntas frequentes<\/h4>\n<h5>Como \u00e9 que o fluxo de ar ajust\u00e1vel em 4 n\u00edveis melhora a experi\u00eancia de vaporiza\u00e7\u00e3o?<\/h5>\n<p>O fluxo de ar ajust\u00e1vel em 4 n\u00edveis permite que os utilizadores personalizem o seu consumo, alternando entre um estilo MTL (boca a pulm\u00e3o) apertado para um sabor mais concentrado e um estilo DTL (direto a pulm\u00e3o) mais solto para nuvens de vapor maiores. Esta versatilidade vai ao encontro das prefer\u00eancias individuais, proporcionando uma experi\u00eancia de vaporiza\u00e7\u00e3o personalizada e satisfat\u00f3ria.<\/p>\n<h5>Quais s\u00e3o as vantagens da bobina de malha de 1,0\u03a9?<\/h5>\n<p>A bobina de malha de 1.0\u03a9 foi concebida para proporcionar um aquecimento consistente e uniforme, resultando numa produ\u00e7\u00e3o de vapor suave, rica e saborosa. Esta bobina garante que cada baforada seja satisfat\u00f3ria e maximiza o fornecimento de sabor do e-l\u00edquido.<\/p>\n<h5>Quanto tempo dura a bateria e com que rapidez \u00e9 recarregada?<\/h5>\n<p>A bateria recarreg\u00e1vel de 650mAh foi concebida para um desempenho duradouro, suportando at\u00e9 15.000 baforadas. Com o carregamento Tipo C, o dispositivo recarrega rapidamente, minimizando o tempo de inatividade e garantindo que pode desfrutar do seu vape sem longas esperas.<\/p>\n<h5>Que m\u00e9todos de envio s\u00e3o utilizados?<\/h5>\n<p>Estabelecemos parcerias com transportadoras fi\u00e1veis, como a UPS, a DHL, a FedEx e a DPD, para garantir uma entrega eficiente e segura. Seleccionamos o m\u00e9todo de envio mais adequado com base na sua localiza\u00e7\u00e3o para que a sua encomenda chegue at\u00e9 si o mais rapidamente poss\u00edvel.<\/p>\n<h5>Posso confiar na minha compra?<\/h5>\n<p>Damos prioridade \u00e0 satisfa\u00e7\u00e3o do cliente e oferecemos op\u00e7\u00f5es de pagamento seguras, incluindo PayPal com prote\u00e7\u00e3o do comprador. Tamb\u00e9m pode ver as opini\u00f5es dos clientes no TrustPilot: <a href=\"https:\/\/www.trustpilot.com\/review\/volovape.com?utm_medium=trustbox&amp;utm_source=TrustBoxReviewCollector\">TrustPilot<\/a>.<\/p>","protected":false},"excerpt":{"rendered":"<p>Desfrute de vaporiza\u00e7\u00e3o personalizada com o Vape descart\u00e1vel Vapsolo Super 15000 Puffs. 15.000 puffs, 25ml, fluxo de ar ajust\u00e1vel, bobina de malha de 1,0\u03a9. Nicotina 2% e 5%. 15 sabores.<\/p>","protected":false},"featured_media":1364,"comment_status":"open","ping_status":"closed","template":"","meta":[],"product_brand":[],"product_cat":[72,41,21,18,20,23,24,22,25,26,27,28,29,30,31,32,33,34,35,36],"product_tag":[],"class_list":{"0":"post-1121","1":"product","2":"type-product","3":"status-publish","4":"has-post-thumbnail","6":"product_cat-vapsolo","7":"product_cat-15000-puffs-disposable-vape","8":"product_cat-big-puffs-vapes","9":"product_cat-different-puffs-of-disposable-vapes","10":"product_cat-disposable-vape-types","11":"product_cat-disposable-vapes-in-austria","12":"product_cat-disposable-vapes-in-belgium","13":"product_cat-disposable-vapes-in-europe","14":"product_cat-disposable-vapes-in-france","15":"product_cat-disposable-vapes-in-germany","16":"product_cat-disposable-vapes-in-hungary","17":"product_cat-disposable-vapes-in-ltaly","18":"product_cat-disposable-vapes-in-netherlands","19":"product_cat-disposable-vapes-in-norway","20":"product_cat-disposable-vapes-in-poland","21":"product_cat-disposable-vapes-in-portugal","22":"product_cat-disposable-vapes-in-spain","23":"product_cat-disposable-vapes-in-sweden","24":"product_cat-disposable-vapes-in-switzerland","25":"product_cat-rechargeable-vapes","27":"first","28":"instock","29":"shipping-taxable","30":"purchasable","31":"product-type-variable","32":"has-default-attributes"},"jetpack_sharing_enabled":true,"tiered_pricing_type":"fixed","tiered_pricing_fixed_rules":{"2000":5.9900000000000002131628207280300557613372802734375},"tiered_pricing_product_settings":{"layout":"default","base_unit_name":{"singular":null,"plural":null},"default_variation":null},"tiered_pricing_minimum_quantity":1000,"tiered_pricing_roles_data":[],"tiered_pricing_percentage_rules":[],"tiered_pricing_maximum_quantity":null,"tiered_pricing_quantity_step":"10","_links":{"self":[{"href":"https:\/\/volovape.com\/pt\/wp-json\/wp\/v2\/product\/1121","targetHints":{"allow":["GET"]}}],"collection":[{"href":"https:\/\/volovape.com\/pt\/wp-json\/wp\/v2\/product"}],"about":[{"href":"https:\/\/volovape.com\/pt\/wp-json\/wp\/v2\/types\/product"}],"replies":[{"embeddable":true,"href":"https:\/\/volovape.com\/pt\/wp-json\/wp\/v2\/comments?post=1121"}],"wp:featuredmedia":[{"embeddable":true,"href":"https:\/\/volovape.com\/pt\/wp-json\/wp\/v2\/media\/1364"}],"wp:attachment":[{"href":"https:\/\/volovape.com\/pt\/wp-json\/wp\/v2\/media?parent=1121"}],"wp:term":[{"taxonomy":"product_brand","embeddable":true,"href":"https:\/\/volovape.com\/pt\/wp-json\/wp\/v2\/product_brand?post=1121"},{"taxonomy":"product_cat","embeddable":true,"href":"https:\/\/volovape.com\/pt\/wp-json\/wp\/v2\/product_cat?post=1121"},{"taxonomy":"product_tag","embeddable":true,"href":"https:\/\/volovape.com\/pt\/wp-json\/wp\/v2\/product_tag?post=1121"}],"curies":[{"name":"wp","href":"https:\/\/api.w.org\/{rel}","templated":true}]}}