{"id":1120,"date":"2024-11-21T03:37:34","date_gmt":"2024-11-21T03:37:34","guid":{"rendered":"https:\/\/volovape.com\/?post_type=product&#038;p=1120"},"modified":"2025-09-08T03:35:10","modified_gmt":"2025-09-08T03:35:10","slug":"vapsolo-twins-20000-puffs-sabor-duplo-descartaveis-atacado","status":"publish","type":"product","link":"https:\/\/volovape.com\/pt\/product\/vapsolo-twins-20000-puffs-dual-flavor-disposable-wholesale\/","title":{"rendered":"VapSolo Twins 20000 puffs vape descart\u00e1vel de duplo sabor - duplo sabor recarreg\u00e1vel com visor"},"content":{"rendered":"<p><iframe title=\"Reprodutor de v\u00eddeo VideoPress\" aria-label='Reprodutor de v\u00eddeo VideoPress' width='421' height='750' src='https:\/\/videopress.com\/embed\/q9MmvkxP?hd=0&amp;cover=1' frameborder='0' allowfullscreen allow='clipboard-write'><\/iframe><script src='https:\/\/v0.wordpress.com\/js\/next\/videopress-iframe.js?m=1739540970'><\/script><\/p>\n<p><strong>VapSolo Twins 20000 Puffs Vape descart\u00e1vel de duplo sabor<\/strong> - Experimente o dobro do sabor, o dobro da satisfa\u00e7\u00e3o.<\/p>\n<p>O <strong>VapSolo Twins 20000 Puffs<\/strong> O vape descart\u00e1vel apresenta um design revolucion\u00e1rio de duplo sabor, que lhe permite alternar entre dois sabores distintos num \u00fanico dispositivo pr\u00e1tico e recarreg\u00e1vel. Com at\u00e9 <strong>20.000 baforadas<\/strong>, um generoso <strong>Capacidade para 25 ml de e-l\u00edquido<\/strong>, e um <strong>Bateria recarreg\u00e1vel de 650mAh<\/strong>Este dispositivo oferece uma longevidade e variedade excepcionais. O visor integrado permite monitorizar em tempo real os n\u00edveis de e-l\u00edquido e de bateria, enquanto o <strong>Bobina de malha de 1\u03a9<\/strong> garante um vapor suave e saboroso. Escolha entre <strong>Dosagens de nicotina 2% e 5%<\/strong>. Ideal para vapers que procuram variedade e desempenho duradouro, o VapSolo Twins \u00e9 perfeito para uso pessoal e <strong>vape descart\u00e1vel por atacado<\/strong>. <strong>Encomenda a granel<\/strong> est\u00e3o dispon\u00edveis para os retalhistas.<\/p>\n<h3><strong>VapSolo Twins 20000 Puffs Carater\u00edsticas:<\/strong><\/h3>\n<ul>\n<li>Puffs: At\u00e9 20.000<\/li>\n<li>Capacidade do E-l\u00edquido: 25ml<\/li>\n<li>Bateria: 650mAh (recarreg\u00e1vel)<\/li>\n<li>Carregamento: Tipo C<\/li>\n<li>Bobina: Bobina de malha (1\u03a9)<\/li>\n<li>Pontos fortes da nicotina: 2%, 5%<\/li>\n<li>Ecr\u00e3: E-l\u00edquido e n\u00edvel da bateria<\/li>\n<li>Tipo de sabor: Sabor duplo<\/li>\n<li>Combina\u00e7\u00f5es de sabores dispon\u00edveis: Lim\u00e3o Lim\u00e3o e Melancia Gelo, Uva Gelo e Morango Kiwi, Anan\u00e1s Coco e Morango Banana, Laranja Manga Melancia e Red Bull, Mirtilo Gelo e Fizzy Cereja, Melancia Gelo e Mistura de Frutos Silvestres, Morango Banana e Fizzy Cereja, Morango Framboesa Cereja Gelo e Uva Gelo, Blue Razz Limonada e Lim\u00e3o Lim\u00e3o, Melancia Gelo e Morango Manga.<\/li>\n<\/ul>\n<h4>Perguntas frequentes<\/h4>\n<h5>Como \u00e9 que o design de duplo sabor melhora a experi\u00eancia de vaporiza\u00e7\u00e3o?<\/h5>\n<p>O design de duplo sabor do VapSolo Twins permite aos utilizadores alternar entre dois sabores distintos sem necessitarem de v\u00e1rios dispositivos. Isto proporciona variedade e evita a fadiga do sabor, tornando-o perfeito para os vapers que gostam de explorar diferentes sabores.<\/p>\n<h5>Quais s\u00e3o as vantagens do ecr\u00e3 integrado?<\/h5>\n<p>O visor integrado permite a monitoriza\u00e7\u00e3o em tempo real dos n\u00edveis de e-l\u00edquido e da bateria, garantindo que est\u00e1 sempre informado sobre o estado do seu dispositivo. Esta carater\u00edstica aumenta a conveni\u00eancia e evita interrup\u00e7\u00f5es inesperadas, permitindo uma experi\u00eancia de vaporiza\u00e7\u00e3o sem interrup\u00e7\u00f5es.<\/p>\n<h5>Como \u00e9 que a bobina de malha de 1\u03a9 contribui para o sabor e a produ\u00e7\u00e3o de vapor?<\/h5>\n<p>A bobina de malha de 1\u03a9 foi concebida para proporcionar um vapor suave, consistente e saboroso. Optimiza a distribui\u00e7\u00e3o do calor e a vaporiza\u00e7\u00e3o do e-l\u00edquido, assegurando que cada baforada \u00e9 rica e satisfat\u00f3ria.<\/p>\n<h5>Que m\u00e9todos de envio s\u00e3o utilizados?<\/h5>\n<p>Estabelecemos parcerias com transportadoras fi\u00e1veis, como a UPS, a DHL, a FedEx e a DPD, para garantir uma entrega eficiente e segura. Seleccionamos o m\u00e9todo de envio mais adequado com base na sua localiza\u00e7\u00e3o para que a sua encomenda chegue at\u00e9 si o mais rapidamente poss\u00edvel.<\/p>\n<h5>Posso confiar na minha compra?<\/h5>\n<p>Damos prioridade \u00e0 satisfa\u00e7\u00e3o do cliente e oferecemos op\u00e7\u00f5es de pagamento seguras, incluindo PayPal com prote\u00e7\u00e3o do comprador. Tamb\u00e9m pode ver as opini\u00f5es dos clientes no TrustPilot: <a href=\"https:\/\/www.trustpilot.com\/review\/volovape.com?utm_medium=trustbox&amp;utm_source=TrustBoxReviewCollector\">TrustPilot<\/a>.<\/p>","protected":false},"excerpt":{"rendered":"<p>Maximize suas vendas de vape com o atacado VapSolo Twins 20000 Puffs! Sabores duplos, 25ml, display, bobina de malha de 1\u03a9. Estocar este descart\u00e1vel \u00fanico e recarreg\u00e1vel hoje.<\/p>","protected":false},"featured_media":1330,"comment_status":"open","ping_status":"closed","template":"","meta":[],"product_brand":[],"product_cat":[72,42,21,18,39,20,23,24,22,25,26,27,28,29,30,31,32,33,34,35,64,36,40],"product_tag":[],"class_list":{"0":"post-1120","1":"product","2":"type-product","3":"status-publish","4":"has-post-thumbnail","6":"product_cat-vapsolo","7":"product_cat-20000-puffs-disposable-vape","8":"product_cat-big-puffs-vapes","9":"product_cat-different-puffs-of-disposable-vapes","10":"product_cat-digital-box-vapes","11":"product_cat-disposable-vape-types","12":"product_cat-disposable-vapes-in-austria","13":"product_cat-disposable-vapes-in-belgium","14":"product_cat-disposable-vapes-in-europe","15":"product_cat-disposable-vapes-in-france","16":"product_cat-disposable-vapes-in-germany","17":"product_cat-disposable-vapes-in-hungary","18":"product_cat-disposable-vapes-in-ltaly","19":"product_cat-disposable-vapes-in-netherlands","20":"product_cat-disposable-vapes-in-norway","21":"product_cat-disposable-vapes-in-poland","22":"product_cat-disposable-vapes-in-portugal","23":"product_cat-disposable-vapes-in-spain","24":"product_cat-disposable-vapes-in-sweden","25":"product_cat-disposable-vapes-in-switzerland","26":"product_cat-dual-flavor-vapes","27":"product_cat-rechargeable-vapes","28":"product_cat-smart-screen-vapes","30":"first","31":"instock","32":"shipping-taxable","33":"purchasable","34":"product-type-variable","35":"has-default-attributes"},"jetpack_sharing_enabled":true,"tiered_pricing_type":"fixed","tiered_pricing_fixed_rules":{"2000":7.20000000000000017763568394002504646778106689453125},"tiered_pricing_product_settings":{"layout":"default","base_unit_name":{"singular":null,"plural":null},"default_variation":null},"tiered_pricing_minimum_quantity":1000,"tiered_pricing_roles_data":[],"tiered_pricing_percentage_rules":[],"tiered_pricing_maximum_quantity":null,"tiered_pricing_quantity_step":"10","_links":{"self":[{"href":"https:\/\/volovape.com\/pt\/wp-json\/wp\/v2\/product\/1120","targetHints":{"allow":["GET"]}}],"collection":[{"href":"https:\/\/volovape.com\/pt\/wp-json\/wp\/v2\/product"}],"about":[{"href":"https:\/\/volovape.com\/pt\/wp-json\/wp\/v2\/types\/product"}],"replies":[{"embeddable":true,"href":"https:\/\/volovape.com\/pt\/wp-json\/wp\/v2\/comments?post=1120"}],"wp:featuredmedia":[{"embeddable":true,"href":"https:\/\/volovape.com\/pt\/wp-json\/wp\/v2\/media\/1330"}],"wp:attachment":[{"href":"https:\/\/volovape.com\/pt\/wp-json\/wp\/v2\/media?parent=1120"}],"wp:term":[{"taxonomy":"product_brand","embeddable":true,"href":"https:\/\/volovape.com\/pt\/wp-json\/wp\/v2\/product_brand?post=1120"},{"taxonomy":"product_cat","embeddable":true,"href":"https:\/\/volovape.com\/pt\/wp-json\/wp\/v2\/product_cat?post=1120"},{"taxonomy":"product_tag","embeddable":true,"href":"https:\/\/volovape.com\/pt\/wp-json\/wp\/v2\/product_tag?post=1120"}],"curies":[{"name":"wp","href":"https:\/\/api.w.org\/{rel}","templated":true}]}}