{"id":94,"date":"2024-11-21T03:26:52","date_gmt":"2024-11-21T03:26:52","guid":{"rendered":"https:\/\/volovape.com\/?post_type=product&#038;p=94"},"modified":"2025-07-07T03:40:21","modified_gmt":"2025-07-07T03:40:21","slug":"elf-box-rgb-14000-pufow","status":"publish","type":"product","link":"https:\/\/volovape.com\/pl\/product\/elf-box-rgb-14000-puffs\/","title":{"rendered":"ELF BOX RGB 14000 Puffs jednorazowy Vape - cewka siatkowa, o\u015bwietlenie RGB, akumulator"},"content":{"rendered":"<p><iframe title=\"Odtwarzacz wideo VideoPress\" aria-label='Odtwarzacz wideo VideoPress' width='500' height='281' src='https:\/\/videopress.com\/embed\/xrUp6ZjL?hd=0&amp;cover=1' frameborder='0' allowfullscreen allow='clipboard-write'><\/iframe><script src='https:\/\/v0.wordpress.com\/js\/next\/videopress-iframe.js?m=1739540970'><\/script><\/p>\n<p><strong>ELF BOX RGB 14000 Puffs Jednorazowy Vape<\/strong> - Do\u015bwiadcz intensywnego wapowania dzi\u0119ki o\u015bwietleniu RGB i precyzyjnej cewce Mesh.<\/p>\n<p>Ten <strong>ELF BOX RGB 14000<\/strong> jednorazowego u\u017cytku \u0142\u0105czy w sobie wysok\u0105 wydajno\u015b\u0107 ze stylowym, przyci\u0105gaj\u0105cym wzrok designem. Ciesz si\u0119 nawet <strong>14 000 zaci\u0105gni\u0119\u0107<\/strong> z hojnym <strong>Pojemno\u015b\u0107 25 ml e-liquidu<\/strong> i <strong>Akumulator 18250 o pojemno\u015bci 600 mAh<\/strong>. The <strong>Cewka o oczkach 1,0\u03a9<\/strong> zapewnia niezmiennie g\u0142adk\u0105 i aromatyczn\u0105 par\u0119, podczas gdy <strong>dynamiczne o\u015bwietlenie RGB<\/strong> dodaje spersonalizowany akcent do wra\u017ce\u0144 z waporyzacji. A <strong>wygodna smycz<\/strong> dla \u0142atwego przenoszenia. Dost\u0119pne w <strong>10 pysznych smak\u00f3w<\/strong>To urz\u0105dzenie jest idealne dla <strong>hurtownia vape jednorazowego u\u017cytku<\/strong>, <strong>zam\u00f3wienia zbiorcze<\/strong>, Lub <strong>u\u017cytek osobisty<\/strong>oferuj\u0105c zar\u00f3wno styl, jak i tre\u015b\u0107.<\/p>\n<h3><strong>ELF BOX RGB 14000 Cechy:<\/strong><\/h3>\n<ul>\n<li>Puffy: Do 14 000 zaci\u0105gni\u0119\u0107<\/li>\n<li>Pojemno\u015b\u0107 e-liquidu: 25 ml<\/li>\n<li>Bateria: 600 mAh 18250 (akumulator)<\/li>\n<li>\u0141adowanie: Typ-C<\/li>\n<li>Cewka: cewka siatkowa 1,0\u03a9<\/li>\n<li>O\u015bwietlenie: RGB<\/li>\n<li>Smycz: W zestawie<\/li>\n<li>Smaki: 10 unikalnych opcji<\/li>\n<li>Wymiary: 35 x 36 x 133,5 mm<\/li>\n<li>Urz\u0105dzenie jednorazowego u\u017cytku<\/li>\n<\/ul>\n<h4>Cz\u0119sto zadawane pytania<\/h4>\n<h5>W jaki spos\u00f3b o\u015bwietlenie RGB poprawia wra\u017cenia z waporyzacji?<\/h5>\n<p>Dynamiczne pod\u015bwietlenie RGB nadaje waporyzatorowi unikalny i spersonalizowany charakter. Zapewnia atrakcyjne wizualnie wra\u017cenia, wyr\u00f3\u017cniaj\u0105c urz\u0105dzenie i dodaj\u0105c zabawny element do sesji waporyzacji.<\/p>\n<h5>Jakie metody wysy\u0142ki s\u0105 stosowane?<\/h5>\n<p>Wsp\u00f3\u0142pracujemy z niezawodnymi przewo\u017anikami, takimi jak UPS, DHL, FedEx i DPD, aby zapewni\u0107 szybk\u0105 i bezpieczn\u0105 dostaw\u0119 zam\u00f3wienia. Najbardziej efektywna metoda wysy\u0142ki jest wybierana na podstawie lokalizacji klienta, aby zoptymalizowa\u0107 szybko\u015b\u0107 i niezawodno\u015b\u0107 dostawy.<\/p>\n<h5>Jak d\u0142ugo trwa dostawa mojego zam\u00f3wienia?<\/h5>\n<p>Dostawa trwa zazwyczaj od 7 do 15 dni roboczych. Prosimy jednak o uwzgl\u0119dnienie do 20 dni roboczych w przypadku \u015bwi\u0105t lub niekorzystnych warunk\u00f3w pogodowych, kt\u00f3re mog\u0105 spowodowa\u0107 niewielkie op\u00f3\u017anienia w dostawie.<\/p>\n<h5>Czy napotkam jakie\u015b problemy celne lub dodatkowe op\u0142aty?<\/h5>\n<p>Zajmujemy si\u0119 wszystkimi procedurami odprawy celnej, gwarantuj\u0105c p\u0142ynne i bezproblemowe do\u015bwiadczenie. Nie poniesiesz \u017cadnych dodatkowych podatk\u00f3w ani op\u0142at. Zapewniamy, \u017ce 100% naszych produkt\u00f3w pomy\u015blnie przejdzie odpraw\u0119 celn\u0105.<\/p>\n<h5>Czy zakupy w witrynie s\u0105 bezpieczne i niezawodne?<\/h5>\n<p>Tak, oferujemy bezpieczne transakcje PayPal z ochron\u0105 kupuj\u0105cego. Mo\u017cesz r\u00f3wnie\u017c zweryfikowa\u0107 nasz\u0105 niezawodno\u015b\u0107, sprawdzaj\u0105c opinie naszych klient\u00f3w na stronie <a href=\"https:\/\/www.trustpilot.com\/review\/volovape.com?utm_medium=trustbox&amp;utm_source=TrustBoxReviewCollector\">TrustPilot<\/a>, gdzie mo\u017cna znale\u017a\u0107 opinie zadowolonych klient\u00f3w.<\/p>","protected":false},"excerpt":{"rendered":"<p>Roz\u015bwietl sw\u00f3j waporyzator dzi\u0119ki ELF BOX RGB 14000 Puffs! Pod\u015bwietlenie RGB, oczko 1,0\u03a9, 25 ml, akumulator, smycz w zestawie. Idealny do u\u017cytku osobistego lub hurtowego, oferuj\u0105cy \u017cyw\u0105, d\u0142ugotrwa\u0142\u0105 przyjemno\u015b\u0107.<\/p>","protected":false},"featured_media":395,"comment_status":"open","ping_status":"closed","template":"","meta":[],"product_brand":[],"product_cat":[54,56,21,18,20,23,24,22,25,26,27,28,29,30,31,32,33,34,35,36],"product_tag":[],"class_list":{"0":"post-94","1":"product","2":"type-product","3":"status-publish","4":"has-post-thumbnail","6":"product_cat-elf-box","7":"product_cat-14000-puffs-disposable-vape","8":"product_cat-big-puffs-vapes","9":"product_cat-different-puffs-of-disposable-vapes","10":"product_cat-disposable-vape-types","11":"product_cat-disposable-vapes-in-austria","12":"product_cat-disposable-vapes-in-belgium","13":"product_cat-disposable-vapes-in-europe","14":"product_cat-disposable-vapes-in-france","15":"product_cat-disposable-vapes-in-germany","16":"product_cat-disposable-vapes-in-hungary","17":"product_cat-disposable-vapes-in-ltaly","18":"product_cat-disposable-vapes-in-netherlands","19":"product_cat-disposable-vapes-in-norway","20":"product_cat-disposable-vapes-in-poland","21":"product_cat-disposable-vapes-in-portugal","22":"product_cat-disposable-vapes-in-spain","23":"product_cat-disposable-vapes-in-sweden","24":"product_cat-disposable-vapes-in-switzerland","25":"product_cat-rechargeable-vapes","27":"first","28":"instock","29":"shipping-taxable","30":"purchasable","31":"product-type-variable","32":"has-default-attributes"},"jetpack_sharing_enabled":true,"tiered_pricing_type":"fixed","tiered_pricing_fixed_rules":{"2000":5.38999999999999968025576890795491635799407958984375},"tiered_pricing_product_settings":{"layout":"default","base_unit_name":{"singular":null,"plural":null},"default_variation":null},"tiered_pricing_minimum_quantity":1000,"tiered_pricing_roles_data":[],"tiered_pricing_percentage_rules":[],"tiered_pricing_maximum_quantity":null,"tiered_pricing_quantity_step":"10","_links":{"self":[{"href":"https:\/\/volovape.com\/pl\/wp-json\/wp\/v2\/product\/94","targetHints":{"allow":["GET"]}}],"collection":[{"href":"https:\/\/volovape.com\/pl\/wp-json\/wp\/v2\/product"}],"about":[{"href":"https:\/\/volovape.com\/pl\/wp-json\/wp\/v2\/types\/product"}],"replies":[{"embeddable":true,"href":"https:\/\/volovape.com\/pl\/wp-json\/wp\/v2\/comments?post=94"}],"wp:featuredmedia":[{"embeddable":true,"href":"https:\/\/volovape.com\/pl\/wp-json\/wp\/v2\/media\/395"}],"wp:attachment":[{"href":"https:\/\/volovape.com\/pl\/wp-json\/wp\/v2\/media?parent=94"}],"wp:term":[{"taxonomy":"product_brand","embeddable":true,"href":"https:\/\/volovape.com\/pl\/wp-json\/wp\/v2\/product_brand?post=94"},{"taxonomy":"product_cat","embeddable":true,"href":"https:\/\/volovape.com\/pl\/wp-json\/wp\/v2\/product_cat?post=94"},{"taxonomy":"product_tag","embeddable":true,"href":"https:\/\/volovape.com\/pl\/wp-json\/wp\/v2\/product_tag?post=94"}],"curies":[{"name":"wp","href":"https:\/\/api.w.org\/{rel}","templated":true}]}}