{"id":93,"date":"2024-11-21T03:26:52","date_gmt":"2024-11-21T03:26:52","guid":{"rendered":"https:\/\/volovape.com\/?post_type=product&#038;p=93"},"modified":"2025-07-04T02:52:09","modified_gmt":"2025-07-04T02:52:09","slug":"elf-box-shisha-16000-zaciagniec","status":"publish","type":"product","link":"https:\/\/volovape.com\/pl\/product\/elf-box-shisha-16000-puffs\/","title":{"rendered":"ELF BOX SHISHA 16000 Puffs jednorazowy Vape - cewka siatkowa, regulowany przep\u0142yw powietrza, wy\u015bwietlacz LED"},"content":{"rendered":"<p><iframe title=\"Odtwarzacz wideo VideoPress\" aria-label='Odtwarzacz wideo VideoPress' width='421' height='750' src='https:\/\/videopress.com\/embed\/y9kkjdtJ?hd=0&amp;cover=1' frameborder='0' allowfullscreen allow='clipboard-write'><\/iframe><script src='https:\/\/v0.wordpress.com\/js\/next\/videopress-iframe.js?m=1739540970'><\/script><\/p>\n<h2>ELF BOX SHISHA 16000 Puffs: Najwy\u017cszej jako\u015bci jednorazowy Vape z cewk\u0105 siatkow\u0105 i regulowanym przep\u0142ywem powietrza<\/h2>\n<p>Jednorazowy waporyzator ELF BOX SHISHA 16000 Puffs zosta\u0142 zaprojektowany z my\u015bl\u0105 o zapewnieniu najwy\u017cszej jako\u015bci wra\u017ce\u0144 z waporyzacji, czerpi\u0105c inspiracj\u0119 z g\u0142adkich, aromatycznych zaci\u0105gni\u0119\u0107 tradycyjn\u0105 shish\u0105. Dzi\u0119ki 16 000 zaci\u0105gni\u0119\u0107, ogromnemu zbiornikowi e-liquidu o pojemno\u015bci 28 ml i akumulatorowi o pojemno\u015bci 600 mAh, urz\u0105dzenie to oferuje wyj\u0105tkow\u0105 trwa\u0142o\u015b\u0107 i wygod\u0119. Bateria <em>Cewka o oczkach 0,6\u03a9<\/em> jest zoptymalizowany dla <em>Intensywny smak i g\u0119sta produkcja pary<\/em>podczas gdy <em>regulowany przep\u0142yw powietrza<\/em> umo\u017cliwia dostosowanie losowania. The <em>Wy\u015bwietlacz LED<\/em> zapewnia szybkie informacje na temat \u017cywotno\u015bci i zu\u017cycia baterii.<\/p>\n<h3>Kluczowe cechy i korzy\u015bci<\/h3>\n<ul>\n<li><strong>Wyj\u0105tkowa liczba zaci\u0105gni\u0119\u0107:<\/strong> Ciesz si\u0119 nawet 16 000 zaci\u0105gni\u0119\u0107, aby uzyska\u0107 niewiarygodnie d\u0142ugotrwa\u0142e doznania z waporyzacji.<\/li>\n<li><strong>Ogromna pojemno\u015b\u0107 e-liquidu:<\/strong> Wst\u0119pnie nape\u0142niony zbiornik o pojemno\u015bci 28 ml minimalizuje potrzeb\u0119 uzupe\u0142niania.<\/li>\n<li><strong>Akumulator:<\/strong> Bateria o pojemno\u015bci 600 mAh z funkcj\u0105 \u0142adowania typu C zapewnia niezawodne zasilanie i szybkie \u0142adowanie.<\/li>\n<li><strong>Intensywny smak i para:<\/strong> Siatkowa cewka 0,6\u03a9 zosta\u0142a zaprojektowana z my\u015bl\u0105 o bogatej, g\u0142adkiej i satysfakcjonuj\u0105cej waporyzacji przypominaj\u0105cej shish\u0119.<\/li>\n<li><strong>Regulowany przep\u0142yw powietrza:<\/strong> Dostosuj swoje doznania z waporyzacji, aby uzyska\u0107 idealne zaci\u0105gni\u0119cie.<\/li>\n<li><strong>Wy\u015bwietlacz LED:<\/strong> \u0141atwe monitorowanie stanu baterii i u\u017cytkowania.<\/li>\n<li><strong>Opcje mocy nikotyny:<\/strong> Wybierz nikotyn\u0119 2% lub 5%, aby dopasowa\u0107 j\u0105 do swoich preferencji.<\/li>\n<li><strong>Przeno\u015bno\u015b\u0107 i wygoda:<\/strong> Gotowy do u\u017cycia po wyj\u0119ciu z pude\u0142ka, bez konieczno\u015bci konserwacji.<\/li>\n<\/ul>\n<h3 id=\"flavor-selection\">Dost\u0119pne smaki<\/h3>\n<p>Rozkoszuj si\u0119 wyborem smak\u00f3w inspirowanych klasycznymi mieszankami shishy:<\/p>\n<ul>\n<li><strong>Blue Razz Ice:<\/strong> Pikantna niebieska malina z ch\u0142odnym mentolowym wyko\u0144czeniem.<\/li>\n<li><strong>L\u00f3d truskawkowy:<\/strong> S\u0142odkie truskawki z orze\u017awiaj\u0105c\u0105 lodow\u0105 nut\u0105.<\/li>\n<li><strong>Peach Ice:<\/strong> S\u0142odka brzoskwinia z ch\u0142odz\u0105cym lodowatym podmuchem.<\/li>\n<li><strong>Kiwi Passion Fruit:<\/strong> Pikantne i s\u0142odkie po\u0142\u0105czenie kiwi i marakui.<\/li>\n<li><strong>Blackberry Ice:<\/strong> Bogaty je\u017cynowy smak z ch\u0142odnym mentolowym wydechem.<\/li>\n<li><strong>Podw\u00f3jne jab\u0142ko:<\/strong> Kultowy smak podw\u00f3jnego jab\u0142ka, podstawa shishy.<\/li>\n<li><strong>Lush Ice:<\/strong> Orze\u017awiaj\u0105cy arbuz z ch\u0142odnym mentolowym wydechem.<\/li>\n<li><strong>Grape Ice:<\/strong> S\u0142odkie winogrona z orze\u017awiaj\u0105c\u0105 mentolow\u0105 nut\u0105.<\/li>\n<li><strong>Cherry Raspberry:<\/strong> Mieszanka s\u0142odkich wi\u015bni i cierpkich malin.<\/li>\n<li><strong>Arbuz truskawkowy:<\/strong> Klasyczne po\u0142\u0105czenie s\u0142odkich truskawek i soczystego arbuza.<\/li>\n<li><strong>Brzoskwinia Mango Ananas:<\/strong> Tropikalna mieszanka brzoskwini, mango i ananasa.<\/li>\n<li><strong>Jagody mieszane:<\/strong> Mieszanka s\u0142odkich i cierpkich smak\u00f3w jagodowych.<\/li>\n<\/ul>\n<h3>Specyfikacje<\/h3>\n<ul>\n<li><strong>Puffy:<\/strong> Do 16 000<\/li>\n<li><strong>Pojemno\u015b\u0107 e-liquidu:<\/strong> 28 ml<\/li>\n<li><strong>Bateria:<\/strong> 600 mAh (akumulator)<\/li>\n<li><strong>\u0141adowanie:<\/strong> Typ-C<\/li>\n<li><strong>Cewka:<\/strong> Cewka siatkowa 0,6\u03a9<\/li>\n<li><strong>Wy\u015bwietlacz:<\/strong> Wy\u015bwietlacz LED<\/li>\n<li><strong>Przep\u0142yw powietrza:<\/strong> Regulowany<\/li>\n<li><strong>Moc nikotyny:<\/strong> 2%, 5%<\/li>\n<\/ul>\n<h3>Informacje hurtowe<\/h3>\n<p>ELF BOX SHISHA 16000 jest dost\u0119pny do hurtowego zakupu hurtowego. Witamy w <a href=\"#addtocartnow\">Z\u0142\u00f3\u017c zam\u00f3wienie<\/a> na tej stronie lub skontaktuj si\u0119 z nami, aby uzyska\u0107 wi\u0119cej informacji i hurtowe ceny hurtowe.<\/p>\n<p><img data-recalc-dims=\"1\" loading=\"lazy\" decoding=\"async\" class=\"alignnone size-full wp-image-7126\" title=\"ELF BOX SHISHA 16000 zaci\u0105gni\u0119\u0107 28 ml E-liquid regulowany przep\u0142yw powietrza 2% 5% Nikotyna \u0142adowalna hurtowo Kup jednorazowe Vape hurtowo VOLO VAPE\" src=\"https:\/\/i0.wp.com\/aiviouvapes.com\/wp-content\/uploads\/2024\/08\/045aa8ed1bb05f3a46cb700b2a048e7.jpg?resize=1920%2C1920&#038;ssl=1\" alt=\"ELF BOX SHISHA 16000 zaci\u0105gni\u0119\u0107 28 ml E-liquid regulowany przep\u0142yw powietrza 2% 5% Nikotyna \u0142adowalna hurtowo Kup jednorazowe Vape hurtowo VOLO VAPE\" width=\"1920\" height=\"1920\" \/><\/p>","protected":false},"excerpt":{"rendered":"<p>Zanurz si\u0119 w waporyzacji w stylu shishy z ELF BOX SHISHA 16000 Puffs. Regulowany przep\u0142yw powietrza, wy\u015bwietlacz LED, oczko 0,6\u03a9, 28 ml, akumulator. Idealny do u\u017cytku osobistego lub hurtowego, zapewniaj\u0105cy intensywne smaki shishy.<\/p>","protected":false},"featured_media":382,"comment_status":"open","ping_status":"closed","template":"","meta":[],"product_brand":[],"product_cat":[54,51,21,18,20,23,24,22,25,26,27,28,29,30,31,32,33,34,35,47],"product_tag":[],"class_list":{"0":"post-93","1":"product","2":"type-product","3":"status-publish","4":"has-post-thumbnail","6":"product_cat-elf-box","7":"product_cat-16000-puffs-disposable-vape","8":"product_cat-big-puffs-vapes","9":"product_cat-different-puffs-of-disposable-vapes","10":"product_cat-disposable-vape-types","11":"product_cat-disposable-vapes-in-austria","12":"product_cat-disposable-vapes-in-belgium","13":"product_cat-disposable-vapes-in-europe","14":"product_cat-disposable-vapes-in-france","15":"product_cat-disposable-vapes-in-germany","16":"product_cat-disposable-vapes-in-hungary","17":"product_cat-disposable-vapes-in-ltaly","18":"product_cat-disposable-vapes-in-netherlands","19":"product_cat-disposable-vapes-in-norway","20":"product_cat-disposable-vapes-in-poland","21":"product_cat-disposable-vapes-in-portugal","22":"product_cat-disposable-vapes-in-spain","23":"product_cat-disposable-vapes-in-sweden","24":"product_cat-disposable-vapes-in-switzerland","25":"product_cat-shisha-hookah-vapes","27":"first","28":"instock","29":"featured","30":"shipping-taxable","31":"purchasable","32":"product-type-variable","33":"has-default-attributes"},"jetpack_sharing_enabled":true,"tiered_pricing_type":"fixed","tiered_pricing_fixed_rules":{"2000":5.589999999999999857891452847979962825775146484375},"tiered_pricing_product_settings":{"layout":"default","base_unit_name":{"singular":null,"plural":null},"default_variation":null},"tiered_pricing_minimum_quantity":1000,"tiered_pricing_roles_data":[],"tiered_pricing_percentage_rules":[],"tiered_pricing_maximum_quantity":null,"tiered_pricing_quantity_step":"10","_links":{"self":[{"href":"https:\/\/volovape.com\/pl\/wp-json\/wp\/v2\/product\/93","targetHints":{"allow":["GET"]}}],"collection":[{"href":"https:\/\/volovape.com\/pl\/wp-json\/wp\/v2\/product"}],"about":[{"href":"https:\/\/volovape.com\/pl\/wp-json\/wp\/v2\/types\/product"}],"replies":[{"embeddable":true,"href":"https:\/\/volovape.com\/pl\/wp-json\/wp\/v2\/comments?post=93"}],"wp:featuredmedia":[{"embeddable":true,"href":"https:\/\/volovape.com\/pl\/wp-json\/wp\/v2\/media\/382"}],"wp:attachment":[{"href":"https:\/\/volovape.com\/pl\/wp-json\/wp\/v2\/media?parent=93"}],"wp:term":[{"taxonomy":"product_brand","embeddable":true,"href":"https:\/\/volovape.com\/pl\/wp-json\/wp\/v2\/product_brand?post=93"},{"taxonomy":"product_cat","embeddable":true,"href":"https:\/\/volovape.com\/pl\/wp-json\/wp\/v2\/product_cat?post=93"},{"taxonomy":"product_tag","embeddable":true,"href":"https:\/\/volovape.com\/pl\/wp-json\/wp\/v2\/product_tag?post=93"}],"curies":[{"name":"wp","href":"https:\/\/api.w.org\/{rel}","templated":true}]}}