{"id":92,"date":"2024-11-21T03:26:52","date_gmt":"2024-11-21T03:26:52","guid":{"rendered":"https:\/\/volovape.com\/?post_type=product&#038;p=92"},"modified":"2025-10-30T05:03:11","modified_gmt":"2025-10-30T05:03:11","slug":"mrvi-18000-buchow","status":"publish","type":"product","link":"https:\/\/volovape.com\/pl\/product\/mrvi-18000-puffs\/","title":{"rendered":"Jednorazowy Vape MRVI 18000 Puffs - podw\u00f3jna cewka siatkowa i regulowane ciep\u0142o (nikotyna 2%\/5%)"},"content":{"rendered":"<p><iframe title=\"Odtwarzacz wideo VideoPress\" aria-label='Odtwarzacz wideo VideoPress' width='421' height='750' src='https:\/\/videopress.com\/embed\/4wiCqhDO?hd=0&amp;cover=1' frameborder='0' allowfullscreen allow='clipboard-write'><\/iframe><script src='https:\/\/v0.wordpress.com\/js\/next\/videopress-iframe.js?m=1739540970'><\/script><\/p>\n<p><strong>MRVI 18000 Puffs Jednorazowy Vape<\/strong> - Mo\u017cliwo\u015b\u0107 dostosowania waporyzacji dzi\u0119ki podw\u00f3jnym cewkom siatkowym i regulowanemu ogrzewaniu.<\/p>\n<p>Ten <strong>MRVI 18000<\/strong> wyznacza nowy standard dla jednorazowych waporyzator\u00f3w, oferuj\u0105c do <strong>18 000 zaci\u0105gni\u0119\u0107<\/strong> i hojny <strong>Pojemno\u015b\u0107 e-liquidu 26 ml<\/strong>. Zasilany przez <strong>Akumulator o pojemno\u015bci 600 mAh<\/strong> i zawieraj\u0105cy <strong>\u0141adowanie typu C<\/strong>To urz\u0105dzenie jest przeznaczone do d\u0142ugotrwa\u0142ego u\u017cytkowania. W sk\u0142ad zestawu wchodz\u0105 <strong>Podw\u00f3jne cewki siatkowe 1,0\u03a9<\/strong> zapewniaj\u0105 bogat\u0105, g\u0142adk\u0105 par\u0119, podczas gdy <strong>cztery regulowane tryby ogrzewania<\/strong> umo\u017cliwiaj\u0105 precyzyjne dostosowanie wra\u017ce\u0144 z waporyzacji. Wybierz pomi\u0119dzy <strong>Moc nikotyny 2% i 5%<\/strong> aby dopasowa\u0107 je do swoich preferencji. Dost\u0119pne w <strong>10 unikalnych smak\u00f3w<\/strong>MRVI 18000 jest idealnym rozwi\u0105zaniem dla <strong>hurtownia vape jednorazowego u\u017cytku<\/strong>, <strong>zam\u00f3wienia zbiorcze<\/strong>, Lub <strong>u\u017cytek osobisty<\/strong>\u0142\u0105cz\u0105c zaawansowan\u0105 technologi\u0119 z najwy\u017csz\u0105 wygod\u0105.<\/p>\n<h3><strong>MRVI 18000 Cechy:<\/strong><\/h3>\n<ul>\n<li>Puffy: Do 18 000 zaci\u0105gni\u0119\u0107<\/li>\n<li>Pojemno\u015b\u0107 e-liquidu: 26 ml<\/li>\n<li>Bateria: 600 mAh (akumulator)<\/li>\n<li>\u0141adowanie: Typ-C<\/li>\n<li>Cewka: Podw\u00f3jne cewki siatkowe 1,0\u03a9<\/li>\n<li>Tryby ogrzewania: 4 regulowane tryby<\/li>\n<li>Si\u0142a nikotyny: 2%, 5%<\/li>\n<li>Smaki: 10 unikalnych opcji<\/li>\n<li>Wymiary: 43 x 23,7 x 99 mm<\/li>\n<li>Urz\u0105dzenie jednorazowego u\u017cytku<\/li>\n<\/ul>\n<h4>Cz\u0119sto zadawane pytania<\/h4>\n<h5>W jaki spos\u00f3b regulowane tryby ogrzewania poprawiaj\u0105 wra\u017cenia z waporyzacji?<\/h5>\n<p>Cztery regulowane tryby ogrzewania pozwalaj\u0105 dostosowa\u0107 intensywno\u015b\u0107 i ciep\u0142o pary. Niezale\u017cnie od tego, czy preferujesz \u0142agodne, p\u0142ynne zaci\u0105ganie si\u0119, czy mocniejsze, intensywne uderzenie, mo\u017cesz \u0142atwo dostosowa\u0107 ustawienia do swoich osobistych preferencji.<\/p>\n<h5>Jakie metody wysy\u0142ki s\u0105 stosowane?<\/h5>\n<p>Wsp\u00f3\u0142pracujemy z niezawodnymi przewo\u017anikami, takimi jak UPS, DHL, FedEx i DPD, aby zapewni\u0107 szybk\u0105 i bezpieczn\u0105 dostaw\u0119 zam\u00f3wienia. Najbardziej efektywna metoda wysy\u0142ki jest wybierana na podstawie lokalizacji klienta, aby zoptymalizowa\u0107 szybko\u015b\u0107 i niezawodno\u015b\u0107 dostawy.<\/p>\n<h5>Jak d\u0142ugo trwa dostawa mojego zam\u00f3wienia?<\/h5>\n<p>Dostawa trwa zazwyczaj od 7 do 15 dni roboczych. Prosimy jednak o uwzgl\u0119dnienie do 20 dni roboczych w przypadku \u015bwi\u0105t lub niekorzystnych warunk\u00f3w pogodowych, kt\u00f3re mog\u0105 spowodowa\u0107 niewielkie op\u00f3\u017anienia w dostawie.<\/p>\n<h5>Czy napotkam jakie\u015b problemy celne lub dodatkowe op\u0142aty?<\/h5>\n<p>Zajmujemy si\u0119 wszystkimi procedurami odprawy celnej, gwarantuj\u0105c p\u0142ynne i bezproblemowe do\u015bwiadczenie. Nie poniesiesz \u017cadnych dodatkowych podatk\u00f3w ani op\u0142at. Zapewniamy, \u017ce 100% naszych produkt\u00f3w pomy\u015blnie przejdzie odpraw\u0119 celn\u0105.<\/p>\n<h5>Czy zakupy w witrynie s\u0105 bezpieczne i niezawodne?<\/h5>\n<p>Tak, oferujemy bezpieczne transakcje PayPal z ochron\u0105 kupuj\u0105cego. Mo\u017cesz r\u00f3wnie\u017c zweryfikowa\u0107 nasz\u0105 niezawodno\u015b\u0107, sprawdzaj\u0105c opinie naszych klient\u00f3w na stronie <a href=\"https:\/\/www.trustpilot.com\/review\/volovape.com?utm_medium=trustbox&amp;utm_source=TrustBoxReviewCollector\">TrustPilot<\/a>, gdzie mo\u017cna znale\u017a\u0107 opinie zadowolonych klient\u00f3w.<\/p>","protected":false},"excerpt":{"rendered":"<p>Spersonalizuj sw\u00f3j waporyzator dzi\u0119ki MRVI 18000 Puffs. Podw\u00f3jne cewki siatkowe, cztery tryby ogrzewania, 26 ml, akumulator. Idealny do u\u017cytku osobistego lub hurtowego, oferuj\u0105cy zaawansowan\u0105 technologi\u0119 waporyzacji.<\/p>","protected":false},"featured_media":371,"comment_status":"open","ping_status":"closed","template":"","meta":[],"product_brand":[],"product_cat":[55,50,21,18,39,20,23,24,22,25,26,27,28,29,30,31,32,33,34,35,44,36,40],"product_tag":[],"class_list":{"0":"post-92","1":"product","2":"type-product","3":"status-publish","4":"has-post-thumbnail","6":"product_cat-mrvi","7":"product_cat-18000-puffs-disposable-vape","8":"product_cat-big-puffs-vapes","9":"product_cat-different-puffs-of-disposable-vapes","10":"product_cat-digital-box-vapes","11":"product_cat-disposable-vape-types","12":"product_cat-disposable-vapes-in-austria","13":"product_cat-disposable-vapes-in-belgium","14":"product_cat-disposable-vapes-in-europe","15":"product_cat-disposable-vapes-in-france","16":"product_cat-disposable-vapes-in-germany","17":"product_cat-disposable-vapes-in-hungary","18":"product_cat-disposable-vapes-in-ltaly","19":"product_cat-disposable-vapes-in-netherlands","20":"product_cat-disposable-vapes-in-norway","21":"product_cat-disposable-vapes-in-poland","22":"product_cat-disposable-vapes-in-portugal","23":"product_cat-disposable-vapes-in-spain","24":"product_cat-disposable-vapes-in-sweden","25":"product_cat-disposable-vapes-in-switzerland","26":"product_cat-dual-mesh-vapes","27":"product_cat-rechargeable-vapes","28":"product_cat-smart-screen-vapes","30":"first","31":"instock","32":"shipping-taxable","33":"purchasable","34":"product-type-variable","35":"has-default-attributes"},"jetpack_sharing_enabled":true,"tiered_pricing_type":"fixed","tiered_pricing_fixed_rules":{"100":6.230000000000000426325641456060111522674560546875,"200":5.4900000000000002131628207280300557613372802734375,"400":5.19000000000000039079850466805510222911834716796875},"tiered_pricing_product_settings":{"layout":"default","base_unit_name":{"singular":null,"plural":null},"default_variation":null},"tiered_pricing_minimum_quantity":50,"tiered_pricing_roles_data":[],"tiered_pricing_percentage_rules":[],"tiered_pricing_maximum_quantity":null,"tiered_pricing_quantity_step":"10","_links":{"self":[{"href":"https:\/\/volovape.com\/pl\/wp-json\/wp\/v2\/product\/92","targetHints":{"allow":["GET"]}}],"collection":[{"href":"https:\/\/volovape.com\/pl\/wp-json\/wp\/v2\/product"}],"about":[{"href":"https:\/\/volovape.com\/pl\/wp-json\/wp\/v2\/types\/product"}],"replies":[{"embeddable":true,"href":"https:\/\/volovape.com\/pl\/wp-json\/wp\/v2\/comments?post=92"}],"wp:featuredmedia":[{"embeddable":true,"href":"https:\/\/volovape.com\/pl\/wp-json\/wp\/v2\/media\/371"}],"wp:attachment":[{"href":"https:\/\/volovape.com\/pl\/wp-json\/wp\/v2\/media?parent=92"}],"wp:term":[{"taxonomy":"product_brand","embeddable":true,"href":"https:\/\/volovape.com\/pl\/wp-json\/wp\/v2\/product_brand?post=92"},{"taxonomy":"product_cat","embeddable":true,"href":"https:\/\/volovape.com\/pl\/wp-json\/wp\/v2\/product_cat?post=92"},{"taxonomy":"product_tag","embeddable":true,"href":"https:\/\/volovape.com\/pl\/wp-json\/wp\/v2\/product_tag?post=92"}],"curies":[{"name":"wp","href":"https:\/\/api.w.org\/{rel}","templated":true}]}}