{"id":91,"date":"2024-11-21T03:26:52","date_gmt":"2024-11-21T03:26:52","guid":{"rendered":"https:\/\/volovape.com\/?post_type=product&#038;p=91"},"modified":"2025-06-30T01:33:10","modified_gmt":"2025-06-30T01:33:10","slug":"elfia-skrzynka-pulsacyjna-x-25000-zaciagniec","status":"publish","type":"product","link":"https:\/\/volovape.com\/pl\/product\/elf-box-pulse-x-25000-puffs\/","title":{"rendered":"ELF BOX PULSE X 25000 Puff jednorazowy Vape - moc AI, podw\u00f3jna siatka, wy\u015bwietlacz 3D"},"content":{"rendered":"<p><strong>ELF BOX PULSE X 25000 puff\u00f3w jednorazowych Vape<\/strong> - Vaping zasilany sztuczn\u0105 inteligencj\u0105 z rewolucyjnym wy\u015bwietlaczem 3D.<\/p>\n<p>Ten <strong>ELF BOX PULSE X 25000<\/strong> wprowadza now\u0105 er\u0119 jednorazowego wapowania dzi\u0119ki technologii opartej na sztucznej inteligencji i osza\u0142amiaj\u0105cemu zakrzywionemu ekranowi 3D. Ciesz si\u0119 do <strong>25 000 zaci\u0105gni\u0119\u0107 w trybie zwyk\u0142ym<\/strong> Lub <strong>15 000 zaci\u0105gni\u0119\u0107 w trybie pulsacyjnym<\/strong>zapewniaj\u0105c konfigurowalne doznania podczas waporyzacji. Urz\u0105dzenie jest wyposa\u017cone w <strong>Pojemno\u015b\u0107 18 ml e-liquidu<\/strong> i pot\u0119\u017cny <strong>Akumulator o pojemno\u015bci 13 500 mAh<\/strong> do d\u0142u\u017cszego u\u017cytkowania. <strong>Podw\u00f3jne cewki siatkowe 0,8\u03a9<\/strong> w po\u0142\u0105czeniu z <strong>Technologia VPU<\/strong> zapewniaj\u0105 wyj\u0105tkowy smak i produkcj\u0119 pary. The <strong>Zakrzywiony ekran 3D<\/strong> wy\u015bwietla w czasie rzeczywistym informacje o \u017cywotno\u015bci baterii, poziomie e-liquidu, liczbie zaci\u0105gni\u0119\u0107 i trybie, zwi\u0119kszaj\u0105c kontrol\u0119 u\u017cytkownika. Dzi\u0119ki zaawansowanym funkcjom, takim jak <strong>Regulacja mocy AI<\/strong>, <strong>Moc impulsu<\/strong>, I <strong>Super Boost<\/strong>To urz\u0105dzenie oferuje prawdziwie innowacyjne do\u015bwiadczenie waporyzacji. Dost\u0119pne w <strong>10 r\u00f3\u017cnych smak\u00f3w<\/strong>ELF BOX PULSE X 25000 jest idealnym rozwi\u0105zaniem dla <strong>hurtownia vape jednorazowego u\u017cytku<\/strong>, <strong>zam\u00f3wienia zbiorcze<\/strong>, Lub <strong>u\u017cytek osobisty<\/strong>.<\/p>\n<h3><strong>ELF BOX PULSE X 25000 Cechy:<\/strong><\/h3>\n<ul>\n<li>Puffy: Do 25 000 (tryb zwyk\u0142y) \/ 15 000 (tryb pulsacyjny)<\/li>\n<li>Pojemno\u015b\u0107 e-liquidu: 18 ml<\/li>\n<li>Bateria: 13 500 mAh (akumulator)<\/li>\n<li>\u0141adowanie: Typ-C<\/li>\n<li>Cewka: Podw\u00f3jne cewki siatkowe 0,8\u03a9<\/li>\n<li>Wy\u015bwietlacz: Zakrzywiony ekran 3D<\/li>\n<li>Tryby: Tryb zwyk\u0142y, Tryb impulsowy<\/li>\n<li>Cechy: AI Power Adjustment, Pulse Power, Super Boost, Technologia VPU<\/li>\n<li>Smaki: 10 unikalnych opcji<\/li>\n<li>Urz\u0105dzenie jednorazowego u\u017cytku<\/li>\n<\/ul>\n<h4>Cz\u0119sto zadawane pytania<\/h4>\n<h5>W jaki spos\u00f3b funkcja AI Power Adjustment poprawia wra\u017cenia z waporyzacji?<\/h5>\n<p>Funkcja AI Power Adjustment inteligentnie analizuje nawyki u\u017cytkownika i automatycznie optymalizuje moc wyj\u015bciow\u0105, aby zapewni\u0107 sp\u00f3jny smak i produkcj\u0119 pary. Funkcja ta dostosowuje si\u0119 do sposobu u\u017cytkowania, zapewniaj\u0105c spersonalizowane i przyjemne wra\u017cenia z waporyzacji przy ka\u017cdym zaci\u0105gni\u0119ciu.<\/p>\n<h5>Jakie metody wysy\u0142ki s\u0105 stosowane?<\/h5>\n<p>Wsp\u00f3\u0142pracujemy z renomowanymi przewo\u017anikami, takimi jak UPS, DHL, FedEx i DPD, aby dostarcza\u0107 zam\u00f3wienia szybko i bezpiecznie. Najskuteczniejsza metoda wysy\u0142ki jest wybierana na podstawie lokalizacji klienta, aby zapewni\u0107 terminow\u0105 dostaw\u0119.<\/p>\n<h5>Jak d\u0142ugo trwa dostawa mojego zam\u00f3wienia?<\/h5>\n<p>Zam\u00f3wienia zazwyczaj docieraj\u0105 w ci\u0105gu 7-15 dni roboczych. Prosimy jednak o uwzgl\u0119dnienie do 20 dni roboczych w przypadku \u015bwi\u0105t lub niekorzystnych warunk\u00f3w pogodowych, kt\u00f3re mog\u0105 spowodowa\u0107 niewielkie op\u00f3\u017anienia w dostawie.<\/p>\n<h5>Czy napotkam jakie\u015b problemy celne lub dodatkowe op\u0142aty?<\/h5>\n<p>Zajmujemy si\u0119 wszystkimi procedurami odprawy celnej, zapewniaj\u0105c p\u0142ynne i bezproblemowe do\u015bwiadczenie. Nie poniesiesz \u017cadnych dodatkowych podatk\u00f3w ani op\u0142at. Gwarantujemy, \u017ce 100% naszych produkt\u00f3w pomy\u015blnie przejdzie odpraw\u0119 celn\u0105.<\/p>\n<h5>Czy zakupy w witrynie s\u0105 bezpieczne i niezawodne?<\/h5>\n<p>Tak, oferujemy bezpieczne transakcje PayPal z ochron\u0105 kupuj\u0105cego. Mo\u017cesz r\u00f3wnie\u017c zweryfikowa\u0107 nasz\u0105 niezawodno\u015b\u0107, sprawdzaj\u0105c opinie naszych klient\u00f3w na stronie <a href=\"https:\/\/www.trustpilot.com\/review\/volovape.com?utm_medium=trustbox&amp;utm_source=TrustBoxReviewCollector\">TrustPilot<\/a>, gdzie mo\u017cna znale\u017a\u0107 opinie zadowolonych klient\u00f3w.<\/p>","protected":false},"excerpt":{"rendered":"<p>Krok w przysz\u0142o\u015b\u0107 z ELF BOX PULSE X 25000 Puffs. Moc AI, podw\u00f3jna siatka, ekran 3D, bateria 13 500 mAh. Idealny do u\u017cytku osobistego lub hurtowego, oferuj\u0105cy najnowocze\u015bniejsze waporyzatory.<\/p>","protected":false},"featured_media":360,"comment_status":"open","ping_status":"closed","template":"","meta":[],"product_brand":[],"product_cat":[54,45,21,18,39,20,23,24,22,25,26,27,28,29,30,31,32,33,34,35,44,36,40],"product_tag":[],"class_list":{"0":"post-91","1":"product","2":"type-product","3":"status-publish","4":"has-post-thumbnail","6":"product_cat-elf-box","7":"product_cat-25000-puffs-disposable-vape","8":"product_cat-big-puffs-vapes","9":"product_cat-different-puffs-of-disposable-vapes","10":"product_cat-digital-box-vapes","11":"product_cat-disposable-vape-types","12":"product_cat-disposable-vapes-in-austria","13":"product_cat-disposable-vapes-in-belgium","14":"product_cat-disposable-vapes-in-europe","15":"product_cat-disposable-vapes-in-france","16":"product_cat-disposable-vapes-in-germany","17":"product_cat-disposable-vapes-in-hungary","18":"product_cat-disposable-vapes-in-ltaly","19":"product_cat-disposable-vapes-in-netherlands","20":"product_cat-disposable-vapes-in-norway","21":"product_cat-disposable-vapes-in-poland","22":"product_cat-disposable-vapes-in-portugal","23":"product_cat-disposable-vapes-in-spain","24":"product_cat-disposable-vapes-in-sweden","25":"product_cat-disposable-vapes-in-switzerland","26":"product_cat-dual-mesh-vapes","27":"product_cat-rechargeable-vapes","28":"product_cat-smart-screen-vapes","30":"first","31":"instock","32":"featured","33":"shipping-taxable","34":"purchasable","35":"product-type-variable","36":"has-default-attributes"},"jetpack_sharing_enabled":true,"tiered_pricing_type":"fixed","tiered_pricing_fixed_rules":{"2000":7.4900000000000002131628207280300557613372802734375},"tiered_pricing_product_settings":{"layout":"default","base_unit_name":{"singular":null,"plural":null},"default_variation":null},"tiered_pricing_minimum_quantity":1000,"tiered_pricing_roles_data":[],"tiered_pricing_percentage_rules":[],"tiered_pricing_maximum_quantity":null,"tiered_pricing_quantity_step":"10","_links":{"self":[{"href":"https:\/\/volovape.com\/pl\/wp-json\/wp\/v2\/product\/91","targetHints":{"allow":["GET"]}}],"collection":[{"href":"https:\/\/volovape.com\/pl\/wp-json\/wp\/v2\/product"}],"about":[{"href":"https:\/\/volovape.com\/pl\/wp-json\/wp\/v2\/types\/product"}],"replies":[{"embeddable":true,"href":"https:\/\/volovape.com\/pl\/wp-json\/wp\/v2\/comments?post=91"}],"wp:featuredmedia":[{"embeddable":true,"href":"https:\/\/volovape.com\/pl\/wp-json\/wp\/v2\/media\/360"}],"wp:attachment":[{"href":"https:\/\/volovape.com\/pl\/wp-json\/wp\/v2\/media?parent=91"}],"wp:term":[{"taxonomy":"product_brand","embeddable":true,"href":"https:\/\/volovape.com\/pl\/wp-json\/wp\/v2\/product_brand?post=91"},{"taxonomy":"product_cat","embeddable":true,"href":"https:\/\/volovape.com\/pl\/wp-json\/wp\/v2\/product_cat?post=91"},{"taxonomy":"product_tag","embeddable":true,"href":"https:\/\/volovape.com\/pl\/wp-json\/wp\/v2\/product_tag?post=91"}],"curies":[{"name":"wp","href":"https:\/\/api.w.org\/{rel}","templated":true}]}}