{"id":89,"date":"2024-11-21T03:26:52","date_gmt":"2024-11-21T03:26:52","guid":{"rendered":"https:\/\/volovape.com\/?post_type=product&#038;p=89"},"modified":"2025-10-30T05:03:05","modified_gmt":"2025-10-30T05:03:05","slug":"randm-digital-box-12000-zaciagniec","status":"publish","type":"product","link":"https:\/\/volovape.com\/pl\/product\/randm-digital-box-12000-puffs\/","title":{"rendered":"RandM Digital Box 12000 Puff jednorazowy Vape - \u0142adowalny z wy\u015bwietlaczem LCD"},"content":{"rendered":"<p><iframe title=\"Odtwarzacz wideo VideoPress\" aria-label='Odtwarzacz wideo VideoPress' width='500' height='281' src='https:\/\/videopress.com\/embed\/UzJBu0bw?hd=0&amp;cover=1' frameborder='0' allowfullscreen allow='clipboard-write'><\/iframe><script src='https:\/\/v0.wordpress.com\/js\/next\/videopress-iframe.js?m=1739540970'><\/script><\/p>\n<p><strong>RandM Digital Box 12000 puff\u00f3w jednorazowego u\u017cytku Vape<\/strong> - Vaping o wysokiej wydajno\u015bci z inteligentnym monitorowaniem LCD.<\/p>\n<p>Ten <strong>RandM Digital Box 12000<\/strong> wyznacza nowy standard dla jednorazowych vape'\u00f3w, zapewniaj\u0105c imponuj\u0105cy <strong>12 000 zaci\u0105gni\u0119\u0107<\/strong> i hojny <strong>Pojemno\u015b\u0107 20 ml e-liquidu<\/strong>. Wyposa\u017cony w <strong>Akumulator 850mAh<\/strong> I <strong>\u0141adowanie typu C<\/strong>Zapewnia to d\u0142ugotrwa\u0142\u0105 wydajno\u015b\u0107. Wyr\u00f3\u017cniaj\u0105c\u0105 si\u0119 cech\u0105 jest <strong>zintegrowany wy\u015bwietlacz LCD<\/strong>kt\u00f3ry zapewnia aktualizacje w czasie rzeczywistym dotycz\u0105ce \u017cywotno\u015bci baterii i liczby zaci\u0105gni\u0119\u0107, oferuj\u0105c niezr\u00f3wnan\u0105 kontrol\u0119. The <strong>Siatka 1\u03a9<\/strong> gwarantuje g\u0142adk\u0105, aromatyczn\u0105 par\u0119, wzmacniaj\u0105c\u0105 ka\u017cde zaci\u0105gni\u0119cie. Dost\u0119pne w <strong>6 r\u00f3\u017cnych smak\u00f3w<\/strong>Od owocowych mieszanek po orze\u017awiaj\u0105c\u0105 mi\u0119t\u0119, to urz\u0105dzenie zaspokaja r\u00f3\u017cnorodne preferencje. Idealny do <strong>hurtownia vape jednorazowego u\u017cytku<\/strong>, <strong>zam\u00f3wienia zbiorcze<\/strong>, Lub <strong>u\u017cytek osobisty<\/strong>RandM Digital Box 12000 \u0142\u0105czy zaawansowan\u0105 technologi\u0119 z wyj\u0105tkow\u0105 wygod\u0105.<\/p>\n<h3><strong>RandM Digital Box 12000 Cechy:<\/strong><\/h3>\n<ul>\n<li>Puffy: Do 12 000 zaci\u0105gni\u0119\u0107<\/li>\n<li>Pojemno\u015b\u0107 e-liquidu: 20 ml<\/li>\n<li>Bateria: 850 mAh (akumulator)<\/li>\n<li>\u0141adowanie: Typ-C<\/li>\n<li>Cewka: 1\u03a9 cewka siatkowa<\/li>\n<li>Wy\u015bwietlacz: LCD (bateria i liczba zaci\u0105gni\u0119\u0107)<\/li>\n<li>Smaki: 6 unikalnych opcji<\/li>\n<li>Urz\u0105dzenie jednorazowego u\u017cytku<\/li>\n<\/ul>\n<h4>Cz\u0119sto zadawane pytania<\/h4>\n<h5>W jaki spos\u00f3b wy\u015bwietlacz LCD zwi\u0119ksza komfort u\u017cytkowania?<\/h5>\n<p>Wy\u015bwietlacz LCD zapewnia informacje w czasie rzeczywistym na temat poziomu na\u0142adowania baterii i liczby zaci\u0105gni\u0119\u0107, umo\u017cliwiaj\u0105c monitorowanie zu\u017cycia i odpowiednie planowanie. Funkcja ta zapewnia dodatkow\u0105 wygod\u0119 i kontrol\u0119, dzi\u0119ki czemu nigdy nie zostaniesz zaskoczony przez wyczerpan\u0105 bateri\u0119 lub pusty zbiornik.<\/p>\n<h5>Jakie metody wysy\u0142ki s\u0105 stosowane?<\/h5>\n<p>Wsp\u00f3\u0142pracujemy z zaufanymi przewo\u017anikami, takimi jak UPS, DHL, FedEx i DPD, aby szybko dostarcza\u0107 zam\u00f3wienia. Wybieramy najbardziej efektywn\u0105 opcj\u0119 wysy\u0142ki w oparciu o lokalizacj\u0119 klienta, aby zapewni\u0107 szybk\u0105 i niezawodn\u0105 dostaw\u0119.<\/p>\n<h5>Jak d\u0142ugo trwa dostawa mojego zam\u00f3wienia?<\/h5>\n<p>Zam\u00f3wienia s\u0105 zazwyczaj dostarczane w ci\u0105gu 7-15 dni roboczych. Prosimy jednak o uwzgl\u0119dnienie do 20 dni roboczych w przypadku \u015bwi\u0105t pa\u0144stwowych lub niekorzystnych warunk\u00f3w pogodowych, kt\u00f3re mog\u0105 powodowa\u0107 niewielkie op\u00f3\u017anienia.<\/p>\n<h5>Czy napotkam jakie\u015b problemy celne lub dodatkowe op\u0142aty?<\/h5>\n<p>Zajmujemy si\u0119 wszystkimi procedurami odprawy celnej, zapewniaj\u0105c bezproblemowe do\u015bwiadczenie. Nie poniesiesz \u017cadnych dodatkowych podatk\u00f3w ani op\u0142at. Gwarantujemy, \u017ce 100% naszych produkt\u00f3w pomy\u015blnie przejdzie odpraw\u0119 celn\u0105.<\/p>\n<h5>Czy zakupy w witrynie s\u0105 bezpieczne i niezawodne?<\/h5>\n<p>Tak, obs\u0142ugujemy bezpieczne transakcje PayPal z ochron\u0105 kupuj\u0105cego. Mo\u017cesz r\u00f3wnie\u017c zweryfikowa\u0107 nasz\u0105 niezawodno\u015b\u0107, czytaj\u0105c opinie klient\u00f3w na stronie <a href=\"https:\/\/www.trustpilot.com\/review\/volovape.com?utm_medium=trustbox&amp;utm_source=TrustBoxReviewCollector\">TrustPilot<\/a>gdzie mo\u017cna znale\u017a\u0107 opinie zadowolonych klient\u00f3w.<\/p>","protected":false},"excerpt":{"rendered":"<p>Wkrocz w cyfrow\u0105 waporyzacj\u0119 z RandM Digital Box 12000 Puffs. Wy\u015bwietlacz LCD, oczko 1\u03a9, pojemno\u015b\u0107 20 ml, akumulator 850 mAh. Idealny do u\u017cytku osobistego lub hurtowego, zapewniaj\u0105cy p\u0142ynn\u0105, \u015bwiadom\u0105 waporyzacj\u0119.<\/p>","protected":false},"featured_media":341,"comment_status":"open","ping_status":"closed","template":"","meta":[],"product_brand":[],"product_cat":[52,38,21,18,39,20,23,24,22,25,26,27,28,29,30,31,32,33,34,35,36,40],"product_tag":[],"class_list":{"0":"post-89","1":"product","2":"type-product","3":"status-publish","4":"has-post-thumbnail","6":"product_cat-randm","7":"product_cat-12000-puffs-disposable-vape","8":"product_cat-big-puffs-vapes","9":"product_cat-different-puffs-of-disposable-vapes","10":"product_cat-digital-box-vapes","11":"product_cat-disposable-vape-types","12":"product_cat-disposable-vapes-in-austria","13":"product_cat-disposable-vapes-in-belgium","14":"product_cat-disposable-vapes-in-europe","15":"product_cat-disposable-vapes-in-france","16":"product_cat-disposable-vapes-in-germany","17":"product_cat-disposable-vapes-in-hungary","18":"product_cat-disposable-vapes-in-ltaly","19":"product_cat-disposable-vapes-in-netherlands","20":"product_cat-disposable-vapes-in-norway","21":"product_cat-disposable-vapes-in-poland","22":"product_cat-disposable-vapes-in-portugal","23":"product_cat-disposable-vapes-in-spain","24":"product_cat-disposable-vapes-in-sweden","25":"product_cat-disposable-vapes-in-switzerland","26":"product_cat-rechargeable-vapes","27":"product_cat-smart-screen-vapes","29":"first","30":"instock","31":"shipping-taxable","32":"purchasable","33":"product-type-variable","34":"has-default-attributes"},"jetpack_sharing_enabled":true,"tiered_pricing_type":"fixed","tiered_pricing_fixed_rules":{"30":7.32000000000000028421709430404007434844970703125,"50":6.8499999999999996447286321199499070644378662109375,"100":6.2599999999999997868371792719699442386627197265625,"200":5.95999999999999996447286321199499070644378662109375,"400":5.55999999999999960920149533194489777088165283203125},"tiered_pricing_product_settings":{"layout":"default","base_unit_name":{"singular":null,"plural":null},"default_variation":null},"tiered_pricing_minimum_quantity":10,"tiered_pricing_roles_data":[],"tiered_pricing_percentage_rules":[],"tiered_pricing_maximum_quantity":null,"tiered_pricing_quantity_step":"10","_links":{"self":[{"href":"https:\/\/volovape.com\/pl\/wp-json\/wp\/v2\/product\/89","targetHints":{"allow":["GET"]}}],"collection":[{"href":"https:\/\/volovape.com\/pl\/wp-json\/wp\/v2\/product"}],"about":[{"href":"https:\/\/volovape.com\/pl\/wp-json\/wp\/v2\/types\/product"}],"replies":[{"embeddable":true,"href":"https:\/\/volovape.com\/pl\/wp-json\/wp\/v2\/comments?post=89"}],"wp:featuredmedia":[{"embeddable":true,"href":"https:\/\/volovape.com\/pl\/wp-json\/wp\/v2\/media\/341"}],"wp:attachment":[{"href":"https:\/\/volovape.com\/pl\/wp-json\/wp\/v2\/media?parent=89"}],"wp:term":[{"taxonomy":"product_brand","embeddable":true,"href":"https:\/\/volovape.com\/pl\/wp-json\/wp\/v2\/product_brand?post=89"},{"taxonomy":"product_cat","embeddable":true,"href":"https:\/\/volovape.com\/pl\/wp-json\/wp\/v2\/product_cat?post=89"},{"taxonomy":"product_tag","embeddable":true,"href":"https:\/\/volovape.com\/pl\/wp-json\/wp\/v2\/product_tag?post=89"}],"curies":[{"name":"wp","href":"https:\/\/api.w.org\/{rel}","templated":true}]}}