{"id":88,"date":"2024-11-21T03:26:51","date_gmt":"2024-11-21T03:26:51","guid":{"rendered":"https:\/\/volovape.com\/?post_type=product&#038;p=88"},"modified":"2025-07-04T02:52:02","modified_gmt":"2025-07-04T02:52:02","slug":"vapme-fire-9000-zaciagniec","status":"publish","type":"product","link":"https:\/\/volovape.com\/pl\/product\/vapme-fire-9000-puffs\/","title":{"rendered":"VAPME FIRE 9000 Puffs Vape jednorazowe - akumulator, cewka siatkowa 0,8\u03a9"},"content":{"rendered":"<p><strong>VAPME FIRE 9000 Puffs Jednorazowy Vape<\/strong> - Do\u015bwiadcz d\u0142ugotrwa\u0142ego, aromatycznego wapowania dzi\u0119ki \u0142adowalnej kraw\u0119dzi.<\/p>\n<p>Ten <strong>VAPME FIRE 9000<\/strong> zapewnia imponuj\u0105c\u0105 <strong>9000+ zaci\u0105gni\u0119\u0107<\/strong> ze znacznym <strong>Pojemno\u015b\u0107 e-liquidu 15 ml<\/strong>zapewniaj\u0105c d\u0142ugotrwa\u0142\u0105 przyjemno\u015b\u0107 z u\u017cytkowania. Jego <strong>Akumulator 850mAh<\/strong> I <strong>\u0141adowanie typu C<\/strong> oferuj\u0105 wygod\u0119 ci\u0105g\u0142ego u\u017cytkowania bez konieczno\u015bci cz\u0119stej wymiany. W zestawie <strong>Cewka o oczkach 0,8\u03a9<\/strong> zosta\u0142 zaprojektowany z my\u015bl\u0105 o optymalnym smaku i produkcji pary, zapewniaj\u0105c niezmiennie p\u0142ynne doznania podczas waporyzacji. Dzi\u0119ki zr\u00f3\u017cnicowanej gamie <strong>16 unikalnych smak\u00f3w<\/strong>Od owocowych mieszanek po lodowate doznania - to urz\u0105dzenie zaspokoi ka\u017cde podniebienie. Idealny do <strong>hurtownia vape jednorazowego u\u017cytku<\/strong>, <strong>zam\u00f3wienie zbiorcze<\/strong>, Lub <strong>u\u017cytek osobisty<\/strong>VAPME FIRE 9000 \u0142\u0105czy w sobie wysok\u0105 wydajno\u015b\u0107 z najwy\u017csz\u0105 przeno\u015bno\u015bci\u0105.<\/p>\n<p><iframe title=\"Odtwarzacz wideo VideoPress\" aria-label='Odtwarzacz wideo VideoPress' width='421' height='750' src='https:\/\/videopress.com\/embed\/Cl4SK2ke?hd=0&amp;cover=1' frameborder='0' allowfullscreen allow='clipboard-write'><\/iframe><script src='https:\/\/v0.wordpress.com\/js\/next\/videopress-iframe.js?m=1739540970'><\/script><\/p>\n<h3><strong>Cechy VAPME FIRE 9000\uff1a<\/strong><\/h3>\n<ul>\n<li>Puffs: Ponad 9000 Puff\u00f3w<\/li>\n<li>Pojemno\u015b\u0107 e-liquidu: 15 ml<\/li>\n<li>Bateria: 850 mAh (akumulator)<\/li>\n<li>\u0141adowanie: Typ-C<\/li>\n<li>Cewka: cewka siatkowa 0,8\u03a9<\/li>\n<li>Smaki: 16 unikalnych opcji<\/li>\n<li>Urz\u0105dzenie jednorazowego u\u017cytku<\/li>\n<\/ul>\n<h4>Cz\u0119sto zadawane pytania<\/h4>\n<h5>W jaki spos\u00f3b cewka siatkowa 0,8\u03a9 poprawia wra\u017cenia z waporyzacji?<\/h5>\n<p>Siatkowa cewka 0,8\u03a9 zosta\u0142a zaprojektowana tak, aby zapewni\u0107 r\u00f3wnomierne ogrzewanie i zwi\u0119kszon\u0105 powierzchni\u0119, co skutkuje p\u0142ynniejsz\u0105 produkcj\u0105 pary i bardziej intensywnym dostarczaniem smaku. Zapewnia to niezmiennie satysfakcjonuj\u0105c\u0105 waporyzacj\u0119 przy ka\u017cdym zaci\u0105gni\u0119ciu, maksymalizuj\u0105c przyjemno\u015b\u0107 z ka\u017cdego smaku.<\/p>\n<h5>Jakie metody wysy\u0142ki s\u0105 stosowane?<\/h5>\n<p>Wsp\u00f3\u0142pracujemy z wiod\u0105cymi przewo\u017anikami, takimi jak UPS, DHL, FedEx i DPD, aby zapewni\u0107 szybkie i bezpieczne dostarczenie zam\u00f3wienia. Wybieramy najlepsz\u0105 metod\u0119 wysy\u0142ki w oparciu o Twoj\u0105 lokalizacj\u0119, aby zapewni\u0107 optymalny czas dostawy.<\/p>\n<h5>Jak d\u0142ugo trwa dostawa?<\/h5>\n<p>Zazwyczaj dostawa trwa od 7 do 15 dni roboczych. Prosimy jednak o uwzgl\u0119dnienie do 20 dni roboczych w przypadku \u015bwi\u0105t lub niekorzystnych warunk\u00f3w pogodowych, poniewa\u017c mog\u0105 one mie\u0107 wp\u0142yw na harmonogram dostaw.<\/p>\n<h5>Czy napotkam jakie\u015b problemy celne lub dodatkowe op\u0142aty?<\/h5>\n<p>Nie, gwarantujemy sprawny proces odprawy celnej. Zajmujemy si\u0119 wszystkimi procedurami celnymi, a Ty nie ponosisz \u017cadnych dodatkowych podatk\u00f3w ani op\u0142at. Zapewniamy, \u017ce 100% naszych produkt\u00f3w pomy\u015blnie przesz\u0142o odpraw\u0119 celn\u0105.<\/p>\n<h5>Czy mog\u0119 zaufa\u0107 temu produktowi i waszym us\u0142ugom?<\/h5>\n<p>Absolutnie. Obs\u0142ugujemy bezpieczne p\u0142atno\u015bci PayPal z ochron\u0105 kupuj\u0105cego. Mo\u017cesz r\u00f3wnie\u017c zweryfikowa\u0107 nasz\u0105 wiarygodno\u015b\u0107, sprawdzaj\u0105c opinie naszych klient\u00f3w na stronie <a href=\"https:\/\/www.trustpilot.com\/review\/volovape.com?utm_medium=trustbox&amp;utm_source=TrustBoxReviewCollector\">TrustPilot<\/a>gdzie mo\u017cna znale\u017a\u0107 opinie zadowolonych klient\u00f3w.<\/p>","protected":false},"excerpt":{"rendered":"<p>Zapal d\u0142ugotrwa\u0142y smak dzi\u0119ki VAPME FIRE 9000 Puffs. Siatka 0,8\u03a9, 15 ml, akumulator 850 mAh. Idealny do u\u017cytku osobistego lub hurtowego, zapewniaj\u0105cy g\u0142adk\u0105, bogat\u0105 par\u0119.<\/p>","protected":false},"featured_media":333,"comment_status":"open","ping_status":"closed","template":"","meta":[],"product_brand":[],"product_cat":[49,48,21,18,20,23,24,22,25,26,27,28,29,30,31,32,33,34,35,36],"product_tag":[],"class_list":{"0":"post-88","1":"product","2":"type-product","3":"status-publish","4":"has-post-thumbnail","6":"product_cat-vapme","7":"product_cat-9000-puffs-disposable-vape","8":"product_cat-big-puffs-vapes","9":"product_cat-different-puffs-of-disposable-vapes","10":"product_cat-disposable-vape-types","11":"product_cat-disposable-vapes-in-austria","12":"product_cat-disposable-vapes-in-belgium","13":"product_cat-disposable-vapes-in-europe","14":"product_cat-disposable-vapes-in-france","15":"product_cat-disposable-vapes-in-germany","16":"product_cat-disposable-vapes-in-hungary","17":"product_cat-disposable-vapes-in-ltaly","18":"product_cat-disposable-vapes-in-netherlands","19":"product_cat-disposable-vapes-in-norway","20":"product_cat-disposable-vapes-in-poland","21":"product_cat-disposable-vapes-in-portugal","22":"product_cat-disposable-vapes-in-spain","23":"product_cat-disposable-vapes-in-sweden","24":"product_cat-disposable-vapes-in-switzerland","25":"product_cat-rechargeable-vapes","27":"first","28":"instock","29":"shipping-taxable","30":"purchasable","31":"product-type-variable","32":"has-default-attributes"},"jetpack_sharing_enabled":true,"tiered_pricing_type":"fixed","tiered_pricing_fixed_rules":{"2000":5.20000000000000017763568394002504646778106689453125},"tiered_pricing_product_settings":{"layout":"default","base_unit_name":{"singular":null,"plural":null},"default_variation":null},"tiered_pricing_minimum_quantity":1000,"tiered_pricing_roles_data":[],"tiered_pricing_percentage_rules":[],"tiered_pricing_maximum_quantity":null,"tiered_pricing_quantity_step":"10","_links":{"self":[{"href":"https:\/\/volovape.com\/pl\/wp-json\/wp\/v2\/product\/88","targetHints":{"allow":["GET"]}}],"collection":[{"href":"https:\/\/volovape.com\/pl\/wp-json\/wp\/v2\/product"}],"about":[{"href":"https:\/\/volovape.com\/pl\/wp-json\/wp\/v2\/types\/product"}],"replies":[{"embeddable":true,"href":"https:\/\/volovape.com\/pl\/wp-json\/wp\/v2\/comments?post=88"}],"wp:featuredmedia":[{"embeddable":true,"href":"https:\/\/volovape.com\/pl\/wp-json\/wp\/v2\/media\/333"}],"wp:attachment":[{"href":"https:\/\/volovape.com\/pl\/wp-json\/wp\/v2\/media?parent=88"}],"wp:term":[{"taxonomy":"product_brand","embeddable":true,"href":"https:\/\/volovape.com\/pl\/wp-json\/wp\/v2\/product_brand?post=88"},{"taxonomy":"product_cat","embeddable":true,"href":"https:\/\/volovape.com\/pl\/wp-json\/wp\/v2\/product_cat?post=88"},{"taxonomy":"product_tag","embeddable":true,"href":"https:\/\/volovape.com\/pl\/wp-json\/wp\/v2\/product_tag?post=88"}],"curies":[{"name":"wp","href":"https:\/\/api.w.org\/{rel}","templated":true}]}}