{"id":86,"date":"2024-11-21T03:26:51","date_gmt":"2024-11-21T03:26:51","guid":{"rendered":"https:\/\/volovape.com\/?post_type=product&#038;p=86"},"modified":"2025-10-28T03:26:10","modified_gmt":"2025-10-28T03:26:10","slug":"vapme-crystal-7000-zaciagniec","status":"publish","type":"product","link":"https:\/\/volovape.com\/pl\/product\/vapme-crystal-7000-puffs\/","title":{"rendered":"VAPME Crystal 7000 puff\u00f3w jednorazowego u\u017cytku - 30 smak\u00f3w z akumulatorem typu C"},"content":{"rendered":"<p><iframe title=\"Odtwarzacz wideo VideoPress\" aria-label='Odtwarzacz wideo VideoPress' width='421' height='750' src='https:\/\/videopress.com\/embed\/tK1sr4ND?hd=0&amp;cover=1' frameborder='0' allowfullscreen allow='clipboard-write'><\/iframe><script src='https:\/\/v0.wordpress.com\/js\/next\/videopress-iframe.js?m=1739540970'><\/script><\/p>\n<p>VAPME Crystal 7000 Puffs Jednorazowy Vape \u2013 30 smak\u00f3w, 2%\/5% Nikotyna, \u0141adowalny Typ-C, Hurtowa sprzeda\u017c hurtowa<br \/>\n<strong>VAPME Crystal 7000 Puffs Jednorazowy akumulator Vape z 30 smakami<\/strong> - R\u00f3\u017cnorodno\u015b\u0107 smak\u00f3w i d\u0142ugotrwa\u0142e dzia\u0142anie.<\/p>\n<p>Ten <strong>VAPME Crystal 7000 Puffs<\/strong> Jednorazowy vape oferuje bogate do\u015bwiadczenie waporyzacji z maksymalnie <strong>7000 zaci\u0105gni\u0119\u0107<\/strong>, a <strong>Pojemno\u015b\u0107 e-liquidu 14 ml<\/strong>i <strong>Akumulator o pojemno\u015bci 650 mAh<\/strong> z <strong>\u0141adowanie typu C<\/strong>. The <strong>Cewka o oczkach 0,8\u03a9<\/strong> zapewnia sp\u00f3jn\u0105 i aromatyczn\u0105 par\u0119. Do wyboru <strong>Moc nikotyny 2% lub 5%<\/strong> i odkryj imponuj\u0105cy zakres <strong>30 unikalnych smak\u00f3w<\/strong>w tym Strawberry Watermelon Bubblegum i Tropical Fruit Punch. Idealny do u\u017cytku osobistego lub <strong>hurtownia vape jednorazowego u\u017cytku<\/strong>Urz\u0105dzenie to zapewnia zar\u00f3wno r\u00f3\u017cnorodno\u015b\u0107, jak i wygod\u0119. Dla <strong>zam\u00f3wienie zbiorcze<\/strong> prosimy o kontakt.<\/p>\n<h3><strong>VAPME Crystal 7000 Cechy:<\/strong><\/h3>\n<ul>\n<li>Puffy: Do 7000<\/li>\n<li>Pojemno\u015b\u0107 e-liquidu: 14 ml<\/li>\n<li>Bateria: 650 mAh (akumulator)<\/li>\n<li>\u0141adowanie: Typ-C<\/li>\n<li>Cewka: cewka siatkowa 0,8\u03a9<\/li>\n<li>Si\u0142a nikotyny: 2%, 5%<\/li>\n<li>30 opcji smakowych<\/li>\n<\/ul>\n<h4>Cz\u0119sto zadawane pytania<\/h4>\n<h5>W jaki spos\u00f3b cewka siatkowa 0,8\u03a9 poprawia dostarczanie aromatu?<\/h5>\n<p>Siatkowa cewka 0,8\u03a9 zosta\u0142a zaprojektowana w celu optymalizacji dostarczania smaku poprzez zapewnienie sta\u0142ego ogrzewania i wydajnej waporyzacji. Gwarantuje to, \u017ce ka\u017cde zaci\u0105gni\u0119cie jest bogate i satysfakcjonuj\u0105ce, pozwalaj\u0105c w pe\u0142ni cieszy\u0107 si\u0119 szerok\u0105 gam\u0105 oferowanych smak\u00f3w.<\/p>\n<h5>Jakie metody wysy\u0142ki s\u0105 stosowane?<\/h5>\n<p>Wsp\u00f3\u0142pracujemy z niezawodnymi przewo\u017anikami, takimi jak UPS, DHL, FedEx i DPD, aby zapewni\u0107 sprawn\u0105 dostaw\u0119 zam\u00f3wie\u0144. Metoda wysy\u0142ki jest wybierana na podstawie lokalizacji klienta w celu zapewnienia optymalnej szybko\u015bci i niezawodno\u015bci dostawy.<\/p>\n<h5>Jak d\u0142ugo zazwyczaj trwa wysy\u0142ka?<\/h5>\n<p>Wysy\u0142ka trwa zazwyczaj od 7 do 15 dni roboczych. W szczycie sezonu lub przy niekorzystnych warunkach pogodowych mo\u017ce to potrwa\u0107 do 20 dni roboczych.<\/p>\n<h5>Czy napotkam jakie\u015b problemy celne lub dodatkowe op\u0142aty?<\/h5>\n<p>Zajmujemy si\u0119 wszystkimi procedurami odprawy celnej, zapewniaj\u0105c, \u017ce przesy\u0142ka przejdzie bez \u017cadnych problem\u00f3w. Nie poniesiesz \u017cadnych dodatkowych podatk\u00f3w ani op\u0142at. Gwarantujemy odpraw\u0119 celn\u0105 100%.<\/p>\n<h5>Jak mog\u0119 by\u0107 pewny jako\u015bci i niezawodno\u015bci produktu?<\/h5>\n<p>Akceptujemy bezpieczne p\u0142atno\u015bci PayPal z ochron\u0105 kupuj\u0105cego. Mo\u017cesz r\u00f3wnie\u017c przeczyta\u0107 opinie klient\u00f3w na <a href=\"https:\/\/www.trustpilot.com\/review\/volovape.com?utm_medium=trustbox&amp;utm_source=TrustBoxReviewCollector\">TrustPilot<\/a>gdzie wielu klient\u00f3w podzieli\u0142o si\u0119 pozytywnymi do\u015bwiadczeniami z naszymi produktami i us\u0142ugami.<\/p>","protected":false},"excerpt":{"rendered":"<p>VAPME Crystal 7000 Puffs umo\u017cliwia d\u0142u\u017csz\u0105 waporyzacj\u0119. Siatkowa cewka 0,8\u03a9, 14 ml, mo\u017cliwo\u015b\u0107 \u0142adowania. Odkryj 30 smak\u00f3w i wybierz nikotyn\u0119 2% lub 5%. Idealny do u\u017cytku osobistego lub hurtowego.<\/p>","protected":false},"featured_media":310,"comment_status":"open","ping_status":"closed","template":"","meta":[],"product_brand":[],"product_cat":[49,37,21,43,18,20,23,24,22,25,26,27,28,29,30,31,32,33,34,35,36],"product_tag":[],"class_list":{"0":"post-86","1":"product","2":"type-product","3":"status-publish","4":"has-post-thumbnail","6":"product_cat-vapme","7":"product_cat-8000-puffs-disposable-vape","8":"product_cat-big-puffs-vapes","9":"product_cat-crystal-vapes","10":"product_cat-different-puffs-of-disposable-vapes","11":"product_cat-disposable-vape-types","12":"product_cat-disposable-vapes-in-austria","13":"product_cat-disposable-vapes-in-belgium","14":"product_cat-disposable-vapes-in-europe","15":"product_cat-disposable-vapes-in-france","16":"product_cat-disposable-vapes-in-germany","17":"product_cat-disposable-vapes-in-hungary","18":"product_cat-disposable-vapes-in-ltaly","19":"product_cat-disposable-vapes-in-netherlands","20":"product_cat-disposable-vapes-in-norway","21":"product_cat-disposable-vapes-in-poland","22":"product_cat-disposable-vapes-in-portugal","23":"product_cat-disposable-vapes-in-spain","24":"product_cat-disposable-vapes-in-sweden","25":"product_cat-disposable-vapes-in-switzerland","26":"product_cat-rechargeable-vapes","28":"first","29":"instock","30":"shipping-taxable","31":"purchasable","32":"product-type-variable","33":"has-default-attributes"},"jetpack_sharing_enabled":true,"tiered_pricing_type":"fixed","tiered_pricing_fixed_rules":{"30":5.28000000000000024868995751603506505489349365234375,"50":4.75,"100":4.160000000000000142108547152020037174224853515625,"200":3.979999999999999982236431605997495353221893310546875,"400":3.5800000000000000710542735760100185871124267578125},"tiered_pricing_product_settings":{"layout":"default","base_unit_name":{"singular":null,"plural":null},"default_variation":null},"tiered_pricing_minimum_quantity":10,"tiered_pricing_roles_data":[],"tiered_pricing_percentage_rules":[],"tiered_pricing_maximum_quantity":null,"tiered_pricing_quantity_step":"10","_links":{"self":[{"href":"https:\/\/volovape.com\/pl\/wp-json\/wp\/v2\/product\/86","targetHints":{"allow":["GET"]}}],"collection":[{"href":"https:\/\/volovape.com\/pl\/wp-json\/wp\/v2\/product"}],"about":[{"href":"https:\/\/volovape.com\/pl\/wp-json\/wp\/v2\/types\/product"}],"replies":[{"embeddable":true,"href":"https:\/\/volovape.com\/pl\/wp-json\/wp\/v2\/comments?post=86"}],"wp:featuredmedia":[{"embeddable":true,"href":"https:\/\/volovape.com\/pl\/wp-json\/wp\/v2\/media\/310"}],"wp:attachment":[{"href":"https:\/\/volovape.com\/pl\/wp-json\/wp\/v2\/media?parent=86"}],"wp:term":[{"taxonomy":"product_brand","embeddable":true,"href":"https:\/\/volovape.com\/pl\/wp-json\/wp\/v2\/product_brand?post=86"},{"taxonomy":"product_cat","embeddable":true,"href":"https:\/\/volovape.com\/pl\/wp-json\/wp\/v2\/product_cat?post=86"},{"taxonomy":"product_tag","embeddable":true,"href":"https:\/\/volovape.com\/pl\/wp-json\/wp\/v2\/product_tag?post=86"}],"curies":[{"name":"wp","href":"https:\/\/api.w.org\/{rel}","templated":true}]}}