{"id":854,"date":"2024-11-21T03:33:53","date_gmt":"2024-11-21T03:33:53","guid":{"rendered":"https:\/\/volovape.com\/?post_type=product&#038;p=854"},"modified":"2025-07-06T04:15:38","modified_gmt":"2025-07-06T04:15:38","slug":"elfworld-mx-25000-buchow","status":"publish","type":"product","link":"https:\/\/volovape.com\/pl\/product\/elfworld-mx-25000-puffs\/","title":{"rendered":"Jednorazowy vape ELFWORLD MX 25000 puff\u00f3w - cewka siatkowa, cyfrowy wy\u015bwietlacz, regulowany przep\u0142yw powietrza"},"content":{"rendered":"<p><strong>Vape jednorazowe ELFWORLD MX 25000 Puffs<\/strong> - Spersonalizowana waporyzacja z wysok\u0105 wydajno\u015bci\u0105 i cyfrow\u0105 precyzj\u0105.<\/p>\n<p>Ten <strong>ELFWORLD MX 25000 zaci\u0105gni\u0119\u0107<\/strong> Jednorazowy vape oferuje wyj\u0105tkowe wra\u017cenia z waporyzacji z masywnym <strong>25 000 puff<\/strong> pojemno\u015b\u0107, hojny <strong>Zbiornik e-liquidu o pojemno\u015bci 25 ml<\/strong>i pot\u0119\u017cny <strong>Akumulator 850mAh<\/strong>. Zaawansowany <strong>cewka siatkowa<\/strong> technologia zapewnia niezmiennie g\u0142adk\u0105 i aromatyczn\u0105 par\u0119, podczas gdy <strong>wy\u015bwietlacz cyfrowy<\/strong> zapewnia monitorowanie w czasie rzeczywistym poziomu baterii i e-cieczy. Bateria <strong>regulowany przep\u0142yw powietrza<\/strong> pozwala na dostosowanie losowania do indywidualnych preferencji. Do wyboru <strong>Moc nikotyny 0%, 2%, 3% lub 5%<\/strong>. Idealny do u\u017cytku osobistego i <strong>hurtownia vape jednorazowego u\u017cytku<\/strong>To urz\u0105dzenie oferuje zar\u00f3wno wydajno\u015b\u0107, jak i personalizacj\u0119. <strong>Zam\u00f3wienie zbiorcze<\/strong> opcje s\u0105 dost\u0119pne dla sprzedawc\u00f3w detalicznych.<\/p>\n<h3><strong>ELFWORLD MX 25000 Puffs Cechy:<\/strong><\/h3>\n<ul>\n<li>Puffy: Do 25 000<\/li>\n<li>Pojemno\u015b\u0107 e-liquidu: 25 ml<\/li>\n<li>Bateria: 850 mAh (akumulator)<\/li>\n<li>\u0141adowanie: Typ-C<\/li>\n<li>Cewka: Siatkowa cewka<\/li>\n<li>Wy\u015bwietlacz: Wy\u015bwietlacz cyfrowy (poziom na\u0142adowania baterii i poziom e-cieczy)<\/li>\n<li>Przep\u0142yw powietrza: Regulowany<\/li>\n<li>Moc nikotyny: 0%, 2%, 3%, 5%<\/li>\n<li>Dost\u0119pne smaki: Strawberry Ice, Watermelon Ice, Grape Ice, Mint, Double Apple, Juicy Peach Ice, Blue Razz Ice, Pink Lemonade, Mixed Berries, Blueberry Watermelon, Lime Berry Orange, Raspberry Peach Lime, Sour Mango Pineapple, Peach Blue Slushy.<\/li>\n<\/ul>\n<h4>Cz\u0119sto zadawane pytania<\/h4>\n<h5>W jaki spos\u00f3b regulowany przep\u0142yw powietrza poprawia wra\u017cenia z waporyzacji?<\/h5>\n<p>Regulowany przep\u0142yw powietrza pozwala u\u017cytkownikom dostosowa\u0107 op\u00f3r zaci\u0105gania do w\u0142asnych preferencji, zapewniaj\u0105c spersonalizowan\u0105 kontrol\u0119 nad g\u0119sto\u015bci\u0105 pary i intensywno\u015bci\u0105 smaku. Takie dostosowanie zapewnia bardziej satysfakcjonuj\u0105ce i dostosowane do potrzeb doznania podczas waporyzacji.<\/p>\n<h5>Jakie s\u0105 zalety cyfrowego wy\u015bwietlacza w tym urz\u0105dzeniu?<\/h5>\n<p>Cyfrowy wy\u015bwietlacz zapewnia monitorowanie w czasie rzeczywistym poziomu baterii i e-cieczy, umo\u017cliwiaj\u0105c u\u017cytkownikom \u0142atwe \u015bledzenie stanu urz\u0105dzenia. Dzi\u0119ki tej funkcji u\u017cytkownik jest zawsze poinformowany i mo\u017ce odpowiednio zaplanowa\u0107 sesje waporyzacji, zwi\u0119kszaj\u0105c wygod\u0119 i zapobiegaj\u0105c nieoczekiwanym przerwom.<\/p>\n<h5>Jakie korzy\u015bci przynosi u\u017cytkownikom pojemno\u015b\u0107 25 000 zaci\u0105gni\u0119\u0107 i bateria 850 mAh?<\/h5>\n<p>Pojemno\u015b\u0107 25 000 zaci\u0105gni\u0119\u0107 i akumulator 850 mAh zapewniaj\u0105 d\u0142u\u017csze u\u017cytkowanie, minimalizuj\u0105c potrzeb\u0119 cz\u0119stej wymiany lub \u0142adowania. Ta kombinacja zapewnia wyj\u0105tkow\u0105 trwa\u0142o\u015b\u0107 i wygod\u0119, dzi\u0119ki czemu ELFWORLD MX 25000 jest idealny do d\u0142ugotrwa\u0142ych sesji waporyzacji.<\/p>\n<h5>Jakie metody wysy\u0142ki s\u0105 stosowane?<\/h5>\n<p>Wsp\u00f3\u0142pracujemy z niezawodnymi przewo\u017anikami, takimi jak UPS, DHL, FedEx i DPD, aby zapewni\u0107 sprawn\u0105 i bezpieczn\u0105 dostaw\u0119. Wybieramy najodpowiedniejsz\u0105 metod\u0119 wysy\u0142ki w oparciu o lokalizacj\u0119 klienta, aby jak najszybciej dostarczy\u0107 zam\u00f3wienie.<\/p>\n<h5>Czy mog\u0119 zaufa\u0107 mojemu zakupowi?<\/h5>\n<p>Priorytetowo traktujemy zadowolenie klienta i oferujemy bezpieczne opcje p\u0142atno\u015bci, w tym PayPal z ochron\u0105 kupuj\u0105cego. Opinie klient\u00f3w mo\u017cna r\u00f3wnie\u017c znale\u017a\u0107 w serwisie TrustPilot: <a href=\"https:\/\/www.trustpilot.com\/review\/volovape.com?utm_medium=trustbox&amp;utm_source=TrustBoxReviewCollector\">TrustPilot<\/a>.<\/p>","protected":false},"excerpt":{"rendered":"<p>Jednorazowe waporyzatory Stock ELFWORLD MX 25000 Puffs. 25 000 zaci\u0105gni\u0119\u0107, 25 ml e-liquidu, bateria 850 mAh, cewka siatkowa, wy\u015bwietlacz cyfrowy, regulowany przep\u0142yw powietrza. Do wyboru 15 smak\u00f3w.<\/p>","protected":false},"featured_media":1296,"comment_status":"open","ping_status":"closed","template":"","meta":[],"product_brand":[],"product_cat":[69,45,21,18,39,20,23,24,22,25,26,27,28,29,30,31,32,33,34,35,44,36,40],"product_tag":[],"class_list":{"0":"post-854","1":"product","2":"type-product","3":"status-publish","4":"has-post-thumbnail","6":"product_cat-elfworld","7":"product_cat-25000-puffs-disposable-vape","8":"product_cat-big-puffs-vapes","9":"product_cat-different-puffs-of-disposable-vapes","10":"product_cat-digital-box-vapes","11":"product_cat-disposable-vape-types","12":"product_cat-disposable-vapes-in-austria","13":"product_cat-disposable-vapes-in-belgium","14":"product_cat-disposable-vapes-in-europe","15":"product_cat-disposable-vapes-in-france","16":"product_cat-disposable-vapes-in-germany","17":"product_cat-disposable-vapes-in-hungary","18":"product_cat-disposable-vapes-in-ltaly","19":"product_cat-disposable-vapes-in-netherlands","20":"product_cat-disposable-vapes-in-norway","21":"product_cat-disposable-vapes-in-poland","22":"product_cat-disposable-vapes-in-portugal","23":"product_cat-disposable-vapes-in-spain","24":"product_cat-disposable-vapes-in-sweden","25":"product_cat-disposable-vapes-in-switzerland","26":"product_cat-dual-mesh-vapes","27":"product_cat-rechargeable-vapes","28":"product_cat-smart-screen-vapes","30":"first","31":"instock","32":"shipping-taxable","33":"purchasable","34":"product-type-variable","35":"has-default-attributes"},"jetpack_sharing_enabled":true,"tiered_pricing_type":"fixed","tiered_pricing_fixed_rules":{"2000":5.20000000000000017763568394002504646778106689453125},"tiered_pricing_product_settings":{"layout":"default","base_unit_name":{"singular":null,"plural":null},"default_variation":null},"tiered_pricing_minimum_quantity":1000,"tiered_pricing_roles_data":[],"tiered_pricing_percentage_rules":[],"tiered_pricing_maximum_quantity":null,"tiered_pricing_quantity_step":"10","_links":{"self":[{"href":"https:\/\/volovape.com\/pl\/wp-json\/wp\/v2\/product\/854","targetHints":{"allow":["GET"]}}],"collection":[{"href":"https:\/\/volovape.com\/pl\/wp-json\/wp\/v2\/product"}],"about":[{"href":"https:\/\/volovape.com\/pl\/wp-json\/wp\/v2\/types\/product"}],"replies":[{"embeddable":true,"href":"https:\/\/volovape.com\/pl\/wp-json\/wp\/v2\/comments?post=854"}],"wp:featuredmedia":[{"embeddable":true,"href":"https:\/\/volovape.com\/pl\/wp-json\/wp\/v2\/media\/1296"}],"wp:attachment":[{"href":"https:\/\/volovape.com\/pl\/wp-json\/wp\/v2\/media?parent=854"}],"wp:term":[{"taxonomy":"product_brand","embeddable":true,"href":"https:\/\/volovape.com\/pl\/wp-json\/wp\/v2\/product_brand?post=854"},{"taxonomy":"product_cat","embeddable":true,"href":"https:\/\/volovape.com\/pl\/wp-json\/wp\/v2\/product_cat?post=854"},{"taxonomy":"product_tag","embeddable":true,"href":"https:\/\/volovape.com\/pl\/wp-json\/wp\/v2\/product_tag?post=854"}],"curies":[{"name":"wp","href":"https:\/\/api.w.org\/{rel}","templated":true}]}}