{"id":84,"date":"2024-11-21T03:26:51","date_gmt":"2024-11-21T03:26:51","guid":{"rendered":"https:\/\/volovape.com\/?post_type=product&#038;p=84"},"modified":"2025-07-06T04:05:12","modified_gmt":"2025-07-06T04:05:12","slug":"vapme-monster-16000-zaciagniec","status":"publish","type":"product","link":"https:\/\/volovape.com\/pl\/product\/vapme-monster-16000-puffs\/","title":{"rendered":"VAPME MONSTER 16000 zaci\u0105gni\u0119\u0107 jednorazowy vape | akumulator o du\u017cej pojemno\u015bci i d\u0142ugiej \u017cywotno\u015bci"},"content":{"rendered":"<p><strong>VAPME MONSTER 16000 Puffs Jednorazowy Vape o du\u017cej pojemno\u015bci z cewk\u0105 siatkow\u0105<\/strong> - Wyd\u0142u\u017cona wydajno\u015b\u0107 waporyzacji.<\/p>\n<p>Ten <strong>VAPME MONSTER 16000 Puffs<\/strong> Jednorazowy vape oferuje niewiarygodnie d\u0142ugotrwa\u0142e doznania z waporyzacji, a\u017c do <strong>16 000 zaci\u0105gni\u0119\u0107<\/strong>masywny <strong>Pojemno\u015b\u0107 e-liquidu 26 ml<\/strong>oraz <strong>Akumulator 850mAh<\/strong> z <strong>\u0141adowanie typu C<\/strong>. The <strong>Cewka o oczkach 1,0\u03a9<\/strong> zapewnia niezmiennie g\u0142adk\u0105 i aromatyczn\u0105 par\u0119. Do wyboru <strong>Moc nikotyny 2% lub 5%<\/strong> i ciesz si\u0119 szerok\u0105 gam\u0105 smak\u00f3w, w tym Strawberry Red Bull i Kiwi Passion Fruit Guava. Idealny do u\u017cytku osobistego lub <strong>hurtownia vape jednorazowego u\u017cytku<\/strong>Urz\u0105dzenie to zapewnia niezr\u00f3wnan\u0105 trwa\u0142o\u015b\u0107 i wygod\u0119. Dla <strong>zam\u00f3wienie zbiorcze<\/strong> prosimy o kontakt.<\/p>\n<h3><strong>VAPME MONSTER 16000 Cechy:<\/strong><\/h3>\n<ul>\n<li>Puffy: Do 16 000<\/li>\n<li>Pojemno\u015b\u0107 e-liquidu: 26 ml<\/li>\n<li>Bateria: 850 mAh (akumulator)<\/li>\n<li>\u0141adowanie: Typ-C<\/li>\n<li>Cewka: cewka siatkowa 1,0\u03a9<\/li>\n<li>Si\u0142a nikotyny: 2%, 5%<\/li>\n<li>12 opcji smakowych<\/li>\n<\/ul>\n<h4>Cz\u0119sto zadawane pytania<\/h4>\n<h5>W jaki spos\u00f3b cewka siatkowa 1,0\u03a9 wp\u0142ywa na wra\u017cenia z waporyzacji?<\/h5>\n<p>Siatkowa cewka 1,0\u03a9 zosta\u0142a zaprojektowana tak, aby zapewni\u0107 p\u0142ynne i sp\u00f3jne doznania podczas waporyzacji, dostarczaj\u0105c bogate smaki i satysfakcjonuj\u0105c\u0105 produkcj\u0119 pary. Zapewnia wydajne odparowywanie e-cieczy, maksymalizuj\u0105c dostarczanie smaku i og\u00f3ln\u0105 przyjemno\u015b\u0107 przez ca\u0142y okres u\u017cytkowania urz\u0105dzenia.<\/p>\n<h5>Jakie metody wysy\u0142ki s\u0105 stosowane?<\/h5>\n<p>Wsp\u00f3\u0142pracujemy z niezawodnymi przewo\u017anikami, takimi jak UPS, DHL, FedEx i DPD, aby zapewni\u0107 sprawn\u0105 dostaw\u0119 zam\u00f3wie\u0144. Metoda wysy\u0142ki jest wybierana na podstawie lokalizacji klienta w celu zapewnienia optymalnej szybko\u015bci i niezawodno\u015bci dostawy.<\/p>\n<h5>Jak d\u0142ugo zazwyczaj trwa wysy\u0142ka?<\/h5>\n<p>Wysy\u0142ka trwa zazwyczaj od 7 do 15 dni roboczych. W szczycie sezonu lub przy niekorzystnych warunkach pogodowych mo\u017ce to potrwa\u0107 do 20 dni roboczych.<\/p>\n<h5>Czy napotkam jakie\u015b problemy celne lub dodatkowe op\u0142aty?<\/h5>\n<p>Zajmujemy si\u0119 wszystkimi procedurami odprawy celnej, zapewniaj\u0105c, \u017ce przesy\u0142ka przejdzie bez \u017cadnych problem\u00f3w. Nie poniesiesz \u017cadnych dodatkowych podatk\u00f3w ani op\u0142at. Gwarantujemy odpraw\u0119 celn\u0105 100%.<\/p>\n<h5>Jak mog\u0119 by\u0107 pewny jako\u015bci i niezawodno\u015bci produktu?<\/h5>\n<p>Akceptujemy bezpieczne p\u0142atno\u015bci PayPal z ochron\u0105 kupuj\u0105cego. Mo\u017cesz r\u00f3wnie\u017c przeczyta\u0107 opinie klient\u00f3w na <a href=\"https:\/\/www.trustpilot.com\/review\/volovape.com?utm_medium=trustbox&amp;utm_source=TrustBoxReviewCollector\">TrustPilot<\/a>gdzie wielu klient\u00f3w podzieli\u0142o si\u0119 pozytywnymi do\u015bwiadczeniami z naszymi produktami i us\u0142ugami.<\/p>","protected":false},"excerpt":{"rendered":"<p>Uwolnij trwa\u0142y smak dzi\u0119ki VAPME MONSTER 16000 Puffs. Siatka 1,0\u03a9, 26 ml, akumulator 850 mAh. Idealny do u\u017cytku osobistego lub hurtowego, zapewniaj\u0105cy g\u0142adk\u0105 par\u0119 i r\u00f3\u017cnorodne opcje nikotyny.<\/p>","protected":false},"featured_media":284,"comment_status":"open","ping_status":"closed","template":"","meta":[],"product_brand":[],"product_cat":[49,51,21,18,20,23,24,22,25,26,27,28,29,30,31,32,33,34,35,36,40],"product_tag":[],"class_list":{"0":"post-84","1":"product","2":"type-product","3":"status-publish","4":"has-post-thumbnail","6":"product_cat-vapme","7":"product_cat-16000-puffs-disposable-vape","8":"product_cat-big-puffs-vapes","9":"product_cat-different-puffs-of-disposable-vapes","10":"product_cat-disposable-vape-types","11":"product_cat-disposable-vapes-in-austria","12":"product_cat-disposable-vapes-in-belgium","13":"product_cat-disposable-vapes-in-europe","14":"product_cat-disposable-vapes-in-france","15":"product_cat-disposable-vapes-in-germany","16":"product_cat-disposable-vapes-in-hungary","17":"product_cat-disposable-vapes-in-ltaly","18":"product_cat-disposable-vapes-in-netherlands","19":"product_cat-disposable-vapes-in-norway","20":"product_cat-disposable-vapes-in-poland","21":"product_cat-disposable-vapes-in-portugal","22":"product_cat-disposable-vapes-in-spain","23":"product_cat-disposable-vapes-in-sweden","24":"product_cat-disposable-vapes-in-switzerland","25":"product_cat-rechargeable-vapes","26":"product_cat-smart-screen-vapes","28":"first","29":"instock","30":"shipping-taxable","31":"purchasable","32":"product-type-variable","33":"has-default-attributes"},"jetpack_sharing_enabled":true,"tiered_pricing_type":"fixed","tiered_pricing_fixed_rules":{"2000":5.38999999999999968025576890795491635799407958984375},"tiered_pricing_product_settings":{"layout":"default","base_unit_name":{"singular":null,"plural":null},"default_variation":null},"tiered_pricing_minimum_quantity":1000,"tiered_pricing_roles_data":[],"tiered_pricing_percentage_rules":[],"tiered_pricing_maximum_quantity":null,"tiered_pricing_quantity_step":"10","_links":{"self":[{"href":"https:\/\/volovape.com\/pl\/wp-json\/wp\/v2\/product\/84","targetHints":{"allow":["GET"]}}],"collection":[{"href":"https:\/\/volovape.com\/pl\/wp-json\/wp\/v2\/product"}],"about":[{"href":"https:\/\/volovape.com\/pl\/wp-json\/wp\/v2\/types\/product"}],"replies":[{"embeddable":true,"href":"https:\/\/volovape.com\/pl\/wp-json\/wp\/v2\/comments?post=84"}],"wp:featuredmedia":[{"embeddable":true,"href":"https:\/\/volovape.com\/pl\/wp-json\/wp\/v2\/media\/284"}],"wp:attachment":[{"href":"https:\/\/volovape.com\/pl\/wp-json\/wp\/v2\/media?parent=84"}],"wp:term":[{"taxonomy":"product_brand","embeddable":true,"href":"https:\/\/volovape.com\/pl\/wp-json\/wp\/v2\/product_brand?post=84"},{"taxonomy":"product_cat","embeddable":true,"href":"https:\/\/volovape.com\/pl\/wp-json\/wp\/v2\/product_cat?post=84"},{"taxonomy":"product_tag","embeddable":true,"href":"https:\/\/volovape.com\/pl\/wp-json\/wp\/v2\/product_tag?post=84"}],"curies":[{"name":"wp","href":"https:\/\/api.w.org\/{rel}","templated":true}]}}