{"id":83,"date":"2024-11-21T03:26:51","date_gmt":"2024-11-21T03:26:51","guid":{"rendered":"https:\/\/volovape.com\/?post_type=product&#038;p=83"},"modified":"2025-06-30T01:33:31","modified_gmt":"2025-06-30T01:33:31","slug":"vapme-crown-bar-18000-zaciagniec","status":"publish","type":"product","link":"https:\/\/volovape.com\/pl\/product\/vapme-crown-bar-18000-puffs\/","title":{"rendered":"VAPME CROWN BAR 18000 Puff\u00f3w Vape jednorazowego u\u017cytku - pod\u015bwietlenie RGB, cewka siatkowa, akumulator"},"content":{"rendered":"<p><strong>VAPME CROWN BAR 18000 Puff Stylowy jednorazowy Vape z o\u015bwietleniem RGB i cewk\u0105 siatkow\u0105<\/strong> - Vaping o wysokiej wydajno\u015bci i atrakcyjnym wygl\u0105dzie.<\/p>\n<p>Ten <strong>VAPME CROWN BAR 18000 Puff\u00f3w<\/strong> Jednorazowy vape oferuje wyj\u0105tkowe doznania podczas waporyzacji z maksymalnie <strong>18 000 zaci\u0105gni\u0119\u0107<\/strong>du\u017cy <strong>Pojemno\u015b\u0107 25 ml e-liquidu<\/strong>oraz <strong>Akumulator 850mAh<\/strong> z <strong>\u0141adowanie typu C<\/strong>. The <strong>Zaawansowana technologia cewek siatkowych<\/strong> zapewnia niezmiennie g\u0142adk\u0105 i aromatyczn\u0105 par\u0119. W zestawie <strong>\u017bywe o\u015bwietlenie RGB<\/strong> dodaje stylowy i konfigurowalny element wizualny. Do wyboru <strong>Moc nikotyny 2% lub 5%<\/strong> i cieszy\u0107 si\u0119 <strong>12 pysznych smak\u00f3w<\/strong>w tym Blueberry Gum i Sweet Passionfruit. Idealny do u\u017cytku osobistego lub <strong>hurtownia vape jednorazowego u\u017cytku<\/strong>Urz\u0105dzenie to \u0142\u0105czy w sobie wysok\u0105 wydajno\u015b\u0107 z przyci\u0105gaj\u0105c\u0105 wzrok estetyk\u0105. Dla <strong>zam\u00f3wienie zbiorcze<\/strong> prosimy o kontakt.<\/p>\n<h3><strong>VAPME CROWN BAR 18000 Cechy:<\/strong><\/h3>\n<ul>\n<li>Puffy: Do 18 000<\/li>\n<li>Pojemno\u015b\u0107 e-liquidu: 25 ml<\/li>\n<li>Bateria: 850 mAh (akumulator)<\/li>\n<li>\u0141adowanie: Typ-C<\/li>\n<li>Cewka: Siatkowa cewka<\/li>\n<li>O\u015bwietlenie: RGB<\/li>\n<li>Si\u0142a nikotyny: 2%, 5%<\/li>\n<li>12 opcji smakowych<\/li>\n<\/ul>\n<h4>Cz\u0119sto zadawane pytania<\/h4>\n<h5>W jaki spos\u00f3b o\u015bwietlenie RGB poprawia wra\u017cenia z waporyzacji?<\/h5>\n<p>\u017bywe o\u015bwietlenie RGB dodaje stylowy i dynamiczny element wizualny, dzi\u0119ki czemu sesje waporyzacji s\u0105 przyjemniejsze i bardziej spersonalizowane. To wyj\u0105tkowa funkcja, kt\u00f3ra wyr\u00f3\u017cnia VAPME CROWN BAR.<\/p>\n<h5>Jakie metody wysy\u0142ki s\u0105 stosowane?<\/h5>\n<p>Wsp\u00f3\u0142pracujemy z niezawodnymi przewo\u017anikami, takimi jak UPS, DHL, FedEx i DPD, aby zapewni\u0107 sprawn\u0105 dostaw\u0119 zam\u00f3wie\u0144. Metoda wysy\u0142ki jest wybierana na podstawie lokalizacji klienta w celu zapewnienia optymalnej szybko\u015bci i niezawodno\u015bci dostawy.<\/p>\n<h5>Jak d\u0142ugo zazwyczaj trwa wysy\u0142ka?<\/h5>\n<p>Wysy\u0142ka trwa zazwyczaj od 7 do 15 dni roboczych. W szczycie sezonu lub przy niekorzystnych warunkach pogodowych mo\u017ce to potrwa\u0107 do 20 dni roboczych.<\/p>\n<h5>Czy napotkam jakie\u015b problemy celne lub dodatkowe op\u0142aty?<\/h5>\n<p>Zajmujemy si\u0119 wszystkimi procedurami odprawy celnej, zapewniaj\u0105c, \u017ce przesy\u0142ka przejdzie bez \u017cadnych problem\u00f3w. Nie poniesiesz \u017cadnych dodatkowych podatk\u00f3w ani op\u0142at. Gwarantujemy odpraw\u0119 celn\u0105 100%.<\/p>\n<h5>Jak mog\u0119 by\u0107 pewny jako\u015bci i niezawodno\u015bci produktu?<\/h5>\n<p>Akceptujemy bezpieczne p\u0142atno\u015bci PayPal z ochron\u0105 kupuj\u0105cego. Mo\u017cesz r\u00f3wnie\u017c przeczyta\u0107 opinie klient\u00f3w na <a href=\"https:\/\/www.trustpilot.com\/review\/volovape.com?utm_medium=trustbox&amp;utm_source=TrustBoxReviewCollector\">TrustPilot<\/a>gdzie wielu klient\u00f3w podzieli\u0142o si\u0119 pozytywnymi do\u015bwiadczeniami z naszymi produktami i us\u0142ugami.<\/p>","protected":false},"excerpt":{"rendered":"<p>Roz\u015bwietl swoje wapowanie dzi\u0119ki VAPME CROWN BAR 18000 Puffs. O\u015bwietlenie RGB, cewka siatkowa, 25 ml, akumulator 850 mAh. Idealny do u\u017cytku osobistego lub hurtowego.<\/p>","protected":false},"featured_media":270,"comment_status":"open","ping_status":"closed","template":"","meta":[],"product_brand":[],"product_cat":[49,50,21,18,20,23,24,22,25,26,27,28,29,30,31,32,33,34,35,36,47,40],"product_tag":[],"class_list":{"0":"post-83","1":"product","2":"type-product","3":"status-publish","4":"has-post-thumbnail","6":"product_cat-vapme","7":"product_cat-18000-puffs-disposable-vape","8":"product_cat-big-puffs-vapes","9":"product_cat-different-puffs-of-disposable-vapes","10":"product_cat-disposable-vape-types","11":"product_cat-disposable-vapes-in-austria","12":"product_cat-disposable-vapes-in-belgium","13":"product_cat-disposable-vapes-in-europe","14":"product_cat-disposable-vapes-in-france","15":"product_cat-disposable-vapes-in-germany","16":"product_cat-disposable-vapes-in-hungary","17":"product_cat-disposable-vapes-in-ltaly","18":"product_cat-disposable-vapes-in-netherlands","19":"product_cat-disposable-vapes-in-norway","20":"product_cat-disposable-vapes-in-poland","21":"product_cat-disposable-vapes-in-portugal","22":"product_cat-disposable-vapes-in-spain","23":"product_cat-disposable-vapes-in-sweden","24":"product_cat-disposable-vapes-in-switzerland","25":"product_cat-rechargeable-vapes","26":"product_cat-shisha-hookah-vapes","27":"product_cat-smart-screen-vapes","29":"first","30":"instock","31":"shipping-taxable","32":"purchasable","33":"product-type-variable","34":"has-default-attributes"},"jetpack_sharing_enabled":true,"tiered_pricing_type":"fixed","tiered_pricing_fixed_rules":{"2000":4.9900000000000002131628207280300557613372802734375},"tiered_pricing_product_settings":{"layout":"default","base_unit_name":{"singular":null,"plural":null},"default_variation":null},"tiered_pricing_minimum_quantity":1000,"tiered_pricing_roles_data":[],"tiered_pricing_percentage_rules":[],"tiered_pricing_maximum_quantity":null,"tiered_pricing_quantity_step":"100","_links":{"self":[{"href":"https:\/\/volovape.com\/pl\/wp-json\/wp\/v2\/product\/83","targetHints":{"allow":["GET"]}}],"collection":[{"href":"https:\/\/volovape.com\/pl\/wp-json\/wp\/v2\/product"}],"about":[{"href":"https:\/\/volovape.com\/pl\/wp-json\/wp\/v2\/types\/product"}],"replies":[{"embeddable":true,"href":"https:\/\/volovape.com\/pl\/wp-json\/wp\/v2\/comments?post=83"}],"wp:featuredmedia":[{"embeddable":true,"href":"https:\/\/volovape.com\/pl\/wp-json\/wp\/v2\/media\/270"}],"wp:attachment":[{"href":"https:\/\/volovape.com\/pl\/wp-json\/wp\/v2\/media?parent=83"}],"wp:term":[{"taxonomy":"product_brand","embeddable":true,"href":"https:\/\/volovape.com\/pl\/wp-json\/wp\/v2\/product_brand?post=83"},{"taxonomy":"product_cat","embeddable":true,"href":"https:\/\/volovape.com\/pl\/wp-json\/wp\/v2\/product_cat?post=83"},{"taxonomy":"product_tag","embeddable":true,"href":"https:\/\/volovape.com\/pl\/wp-json\/wp\/v2\/product_tag?post=83"}],"curies":[{"name":"wp","href":"https:\/\/api.w.org\/{rel}","templated":true}]}}