{"id":826,"date":"2024-11-21T03:33:30","date_gmt":"2024-11-21T03:33:30","guid":{"rendered":"https:\/\/volovape.com\/?post_type=product&#038;p=826"},"modified":"2025-06-19T03:45:17","modified_gmt":"2025-06-19T03:45:17","slug":"elfworld-al-22000-buchow","status":"publish","type":"product","link":"https:\/\/volovape.com\/pl\/product\/elfworld-al-22000-puffs\/","title":{"rendered":"Vape jednorazowe ELFWORLD AL 22000 Puffs - podw\u00f3jna siatka, cyfrowy wy\u015bwietlacz, regulowany przep\u0142yw powietrza"},"content":{"rendered":"<p><strong>Vape jednorazowe ELFWORLD AL 22000 Puffs<\/strong> - Najwy\u017csza kontrola waporyzacji dzi\u0119ki podw\u00f3jnym cewkom siatkowym i cyfrowemu wy\u015bwietlaczowi.<\/p>\n<p>Ten <strong>ELFWORLD AL 22000 zaci\u0105gni\u0119\u0107<\/strong> jednorazowe vape na nowo definiuje waporyzacj\u0119 dzi\u0119ki wyj\u0105tkowemu <strong>22 000 puff<\/strong> pojemno\u015b\u0107, ogromna <strong>Zbiornik e-liquidu o pojemno\u015bci 26 ml<\/strong>i solidny <strong>Akumulator o pojemno\u015bci 650 mAh<\/strong>. Wyposa\u017cenie <strong>Podw\u00f3jne cewki siatkowe 1,0\u03a9<\/strong>To urz\u0105dzenie zapewnia niezr\u00f3wnany smak i produkcj\u0119 pary. Zintegrowany <strong>wy\u015bwietlacz cyfrowy<\/strong> zapewnia monitorowanie w czasie rzeczywistym poziomu baterii i e-cieczy, podczas gdy <strong>regulowany przep\u0142yw powietrza<\/strong> pozwala na w pe\u0142ni konfigurowalne do\u015bwiadczenie waporyzacji. Do wyboru <strong>Moc nikotyny 0%, 2%, 3% lub 5%<\/strong>. Idealny do u\u017cytku osobistego i <strong>hurtownia vape jednorazowego u\u017cytku<\/strong>To urz\u0105dzenie oferuje szczyt wygody i wydajno\u015bci waporyzacji. <strong>Zam\u00f3wienie zbiorcze<\/strong> opcje s\u0105 dost\u0119pne dla sprzedawc\u00f3w detalicznych.<\/p>\n<h3><strong>ELFWORLD AL 22000 Puffs Cechy:<\/strong><\/h3>\n<ul>\n<li>Puffy: Do 22 000<\/li>\n<li>Pojemno\u015b\u0107 e-liquidu: 26 ml<\/li>\n<li>Bateria: 650 mAh (akumulator)<\/li>\n<li>\u0141adowanie: Typ-C<\/li>\n<li>Cewka: Podw\u00f3jne cewki siatkowe 1,0\u03a9<\/li>\n<li>Wy\u015bwietlacz: Wy\u015bwietlacz cyfrowy (poziom na\u0142adowania baterii i poziom e-cieczy)<\/li>\n<li>Przep\u0142yw powietrza: Regulowany<\/li>\n<li>Moc nikotyny: 0%, 2%, 3%, 5%<\/li>\n<li>Dost\u0119pne smaki: Mango Apple Pear, Cool Mango, Green Apple, Blueberry Ice, Mint, Mix Berries, Grape Ice, Watermelon Ice, Blueberry Mint.<\/li>\n<\/ul>\n<h4>Cz\u0119sto zadawane pytania<\/h4>\n<h5>W jaki spos\u00f3b cewki z podw\u00f3jn\u0105 siatk\u0105 poprawiaj\u0105 wra\u017cenia z waporyzacji?<\/h5>\n<p>Podw\u00f3jne cewki siatkowe 1,0 \u03a9 zapewniaj\u0105 zwi\u0119kszon\u0105 wydajno\u015b\u0107 grzewcz\u0105 i r\u00f3wnomiern\u0105 waporyzacj\u0119, co skutkuje bogatszymi, bardziej intensywnymi smakami i g\u0119stszymi chmurami pary. Technologia ta zapewnia niezmiennie p\u0142ynn\u0105 i satysfakcjonuj\u0105c\u0105 waporyzacj\u0119 przez ca\u0142y okres u\u017cytkowania urz\u0105dzenia.<\/p>\n<h5>Jakie s\u0105 zalety cyfrowego wy\u015bwietlacza i regulowanego przep\u0142ywu powietrza?<\/h5>\n<p>Cyfrowy wy\u015bwietlacz pozwala u\u017cytkownikom monitorowa\u0107 poziom baterii i e-cieczy w czasie rzeczywistym, zapewniaj\u0105c, \u017ce nigdy nie zostan\u0105 zaskoczeni. Regulowany przep\u0142yw powietrza umo\u017cliwia dostosowanie oporu zaci\u0105gania, pozwalaj\u0105c u\u017cytkownikom na precyzyjne dostosowanie wra\u017ce\u0144 z waporyzacji do w\u0142asnych preferencji.<\/p>\n<h5>Jakie korzy\u015bci przynosi u\u017cytkownikom pojemno\u015b\u0107 22 000 zaci\u0105gni\u0119\u0107 i zbiornik e-liquidu o pojemno\u015bci 26 ml?<\/h5>\n<p>Pojemno\u015b\u0107 22 000 zaci\u0105gni\u0119\u0107 i zbiornik e-liquidu o pojemno\u015bci 26 ml zapewniaj\u0105 d\u0142u\u017csze u\u017cytkowanie, minimalizuj\u0105c potrzeb\u0119 cz\u0119stej wymiany. Zapewnia to wyj\u0105tkow\u0105 wygod\u0119 i warto\u015b\u0107, dzi\u0119ki czemu ELFWORLD AL 22000 jest idealny dla u\u017cytkownik\u00f3w, kt\u00f3rzy chc\u0105 d\u0142ugotrwa\u0142ego i bezproblemowego wapowania.<\/p>\n<h5>Jakie metody wysy\u0142ki s\u0105 stosowane?<\/h5>\n<p>Wsp\u00f3\u0142pracujemy z niezawodnymi przewo\u017anikami, takimi jak UPS, DHL, FedEx i DPD, aby zapewni\u0107 sprawn\u0105 i bezpieczn\u0105 dostaw\u0119. Wybieramy najodpowiedniejsz\u0105 metod\u0119 wysy\u0142ki w oparciu o lokalizacj\u0119 klienta, aby jak najszybciej dostarczy\u0107 zam\u00f3wienie.<\/p>\n<h5>Czy mog\u0119 zaufa\u0107 mojemu zakupowi?<\/h5>\n<p>Priorytetowo traktujemy zadowolenie klienta i oferujemy bezpieczne opcje p\u0142atno\u015bci, w tym PayPal z ochron\u0105 kupuj\u0105cego. Opinie klient\u00f3w mo\u017cna r\u00f3wnie\u017c znale\u017a\u0107 w serwisie TrustPilot: <a href=\"https:\/\/www.trustpilot.com\/review\/volovape.com?utm_medium=trustbox&amp;utm_source=TrustBoxReviewCollector\">TrustPilot<\/a>.<\/p>","protected":false},"excerpt":{"rendered":"<p>Kup hurtowo jednorazowe waporyzatory ELFWORLD AL 22000 Puffs. 22 000 zaci\u0105gni\u0119\u0107, 26 ml e-liquidu, podw\u00f3jne cewki siatkowe, cyfrowy wy\u015bwietlacz i regulowany przep\u0142yw powietrza. Poznaj 10 smak\u00f3w.<\/p>","protected":false},"featured_media":1271,"comment_status":"open","ping_status":"closed","template":"","meta":[],"product_brand":[],"product_cat":[69,42,45,21,18,39,20,23,24,22,25,26,27,28,29,30,31,32,33,34,35,44,36,40],"product_tag":[],"class_list":{"0":"post-826","1":"product","2":"type-product","3":"status-publish","4":"has-post-thumbnail","6":"product_cat-elfworld","7":"product_cat-20000-puffs-disposable-vape","8":"product_cat-25000-puffs-disposable-vape","9":"product_cat-big-puffs-vapes","10":"product_cat-different-puffs-of-disposable-vapes","11":"product_cat-digital-box-vapes","12":"product_cat-disposable-vape-types","13":"product_cat-disposable-vapes-in-austria","14":"product_cat-disposable-vapes-in-belgium","15":"product_cat-disposable-vapes-in-europe","16":"product_cat-disposable-vapes-in-france","17":"product_cat-disposable-vapes-in-germany","18":"product_cat-disposable-vapes-in-hungary","19":"product_cat-disposable-vapes-in-ltaly","20":"product_cat-disposable-vapes-in-netherlands","21":"product_cat-disposable-vapes-in-norway","22":"product_cat-disposable-vapes-in-poland","23":"product_cat-disposable-vapes-in-portugal","24":"product_cat-disposable-vapes-in-spain","25":"product_cat-disposable-vapes-in-sweden","26":"product_cat-disposable-vapes-in-switzerland","27":"product_cat-dual-mesh-vapes","28":"product_cat-rechargeable-vapes","29":"product_cat-smart-screen-vapes","31":"first","32":"instock","33":"shipping-taxable","34":"purchasable","35":"product-type-variable","36":"has-default-attributes"},"jetpack_sharing_enabled":true,"tiered_pricing_type":"fixed","tiered_pricing_fixed_rules":{"2000":6.88999999999999968025576890795491635799407958984375},"tiered_pricing_product_settings":{"layout":"default","base_unit_name":{"singular":null,"plural":null},"default_variation":null},"tiered_pricing_minimum_quantity":1000,"tiered_pricing_roles_data":[],"tiered_pricing_percentage_rules":[],"tiered_pricing_maximum_quantity":null,"tiered_pricing_quantity_step":"10","_links":{"self":[{"href":"https:\/\/volovape.com\/pl\/wp-json\/wp\/v2\/product\/826","targetHints":{"allow":["GET"]}}],"collection":[{"href":"https:\/\/volovape.com\/pl\/wp-json\/wp\/v2\/product"}],"about":[{"href":"https:\/\/volovape.com\/pl\/wp-json\/wp\/v2\/types\/product"}],"replies":[{"embeddable":true,"href":"https:\/\/volovape.com\/pl\/wp-json\/wp\/v2\/comments?post=826"}],"wp:featuredmedia":[{"embeddable":true,"href":"https:\/\/volovape.com\/pl\/wp-json\/wp\/v2\/media\/1271"}],"wp:attachment":[{"href":"https:\/\/volovape.com\/pl\/wp-json\/wp\/v2\/media?parent=826"}],"wp:term":[{"taxonomy":"product_brand","embeddable":true,"href":"https:\/\/volovape.com\/pl\/wp-json\/wp\/v2\/product_brand?post=826"},{"taxonomy":"product_cat","embeddable":true,"href":"https:\/\/volovape.com\/pl\/wp-json\/wp\/v2\/product_cat?post=826"},{"taxonomy":"product_tag","embeddable":true,"href":"https:\/\/volovape.com\/pl\/wp-json\/wp\/v2\/product_tag?post=826"}],"curies":[{"name":"wp","href":"https:\/\/api.w.org\/{rel}","templated":true}]}}