{"id":825,"date":"2024-11-21T03:33:30","date_gmt":"2024-11-21T03:33:30","guid":{"rendered":"https:\/\/volovape.com\/?post_type=product&#038;p=825"},"modified":"2025-07-06T04:09:11","modified_gmt":"2025-07-06T04:09:11","slug":"elfworld-plus-20000-buchow","status":"publish","type":"product","link":"https:\/\/volovape.com\/pl\/product\/elfworld-plus-20000-puffs\/","title":{"rendered":"Jednorazowe vape ELFWORLD PLUS+ 20000 zaci\u0105gni\u0119\u0107 - rabat hurtowy, cewka siatkowa, akumulator"},"content":{"rendered":"<p><strong>Vape jednorazowe ELFWORLD PLUS+ 20000 puff\u00f3w<\/strong> - Niezr\u00f3wnana trwa\u0142o\u015b\u0107 i smak dzi\u0119ki zaawansowanej technologii cewek siatkowych.<\/p>\n<p>Ten <strong>ELFWORLD PLUS+ 20000 zaci\u0105gni\u0119\u0107<\/strong> Jednorazowy vape zapewnia wyj\u0105tkowe wra\u017cenia z waporyzacji z imponuj\u0105cym <strong>20 000 puff<\/strong> pojemno\u015b\u0107, hojny <strong>Zbiornik e-liquidu o pojemno\u015bci 22 ml<\/strong>i pot\u0119\u017cny <strong>Akumulator o pojemno\u015bci 650 mAh<\/strong>. Zaawansowany <strong>cewka siatkowa<\/strong> zapewnia niezmiennie g\u0142adk\u0105, bogat\u0105 i satysfakcjonuj\u0105c\u0105 par\u0119, dzi\u0119ki czemu idealnie nadaje si\u0119 do d\u0142ugotrwa\u0142ego u\u017cytkowania. Do wyboru <strong>Moc nikotyny 0%, 2%, 3% lub 5%<\/strong> aby dopasowa\u0107 je do swoich preferencji. Idealny do u\u017cytku osobistego i <strong>hurtownia vape jednorazowego u\u017cytku<\/strong>Urz\u0105dzenie to oferuje zar\u00f3wno d\u0142ug\u0105 \u017cywotno\u015b\u0107, jak i wygod\u0119. <strong>Zam\u00f3wienie zbiorcze<\/strong> opcje s\u0105 dost\u0119pne dla sprzedawc\u00f3w detalicznych.<\/p>\n<h3><strong>ELFWORLD PLUS+ 20000 Puffs Cechy:<\/strong><\/h3>\n<ul>\n<li>Puffy: Do 20 000<\/li>\n<li>Pojemno\u015b\u0107 e-liquidu: 22 ml<\/li>\n<li>Bateria: 650 mAh (akumulator)<\/li>\n<li>\u0141adowanie: Typ-C<\/li>\n<li>Cewka: Siatkowa cewka<\/li>\n<li>Moc nikotyny: 0%, 2%, 3%, 5%<\/li>\n<li>Dost\u0119pne smaki: Grape Lemon, Cherry Bomb, Juicy Peach Ice, Berry Bliss, Blue Razz Ice, Blueberry Watermelon, Pink Lemonade, Mexico Mango, Strawberry Banana, Watermelon Ice, White Gummy Ice, Strawberry Mango, Miami Mint.<\/li>\n<\/ul>\n<h4>Cz\u0119sto zadawane pytania<\/h4>\n<h5>W jaki spos\u00f3b cewka siateczkowa poprawia wra\u017cenia z waporyzacji w tym urz\u0105dzeniu o wysokim poziomie zaci\u0105gni\u0119cia?<\/h5>\n<p>Siatkowa cewka w ELFWORLD PLUS+ 20000 zosta\u0142a zaprojektowana tak, aby zapewni\u0107 r\u00f3wnomierne ogrzewanie i wydajn\u0105 waporyzacj\u0119, zapewniaj\u0105c sta\u0142y smak i produkcj\u0119 pary przez ca\u0142y okres u\u017cytkowania urz\u0105dzenia. Technologia ta zapewnia p\u0142ynne i satysfakcjonuj\u0105ce doznania, nawet przy du\u017cej liczbie zaci\u0105gni\u0119\u0107.<\/p>\n<h5>Jakie s\u0105 korzy\u015bci z pojemno\u015bci 20 000 puszek?<\/h5>\n<p>Pojemno\u015b\u0107 20 000 zaci\u0105gni\u0119\u0107 zapewnia d\u0142u\u017csze u\u017cytkowanie, zmniejszaj\u0105c potrzeb\u0119 cz\u0119stej wymiany. Sprawia to, \u017ce ELFWORLD PLUS+ 20000 jest idealny dla u\u017cytkownik\u00f3w, kt\u00f3rzy chc\u0105 d\u0142ugotrwa\u0142ego i wygodnego rozwi\u0105zania do waporyzacji, idealnego do podr\u00f3\u017cy lub codziennego u\u017cytku.<\/p>\n<h5>Jak szybko \u0142aduje si\u0119 bateria o pojemno\u015bci 650 mAh?<\/h5>\n<p>Bateria o pojemno\u015bci 650 mAh obs\u0142uguje d\u0142ugie sesje waporyzacji i szybko \u0142aduje si\u0119 za pomoc\u0105 \u0142adowania typu C. Zapewnia to minimalny czas przestoju, pozwalaj\u0105c cieszy\u0107 si\u0119 urz\u0105dzeniem bez d\u0142ugiego oczekiwania.<\/p>\n<h5>Jakie metody wysy\u0142ki s\u0105 stosowane?<\/h5>\n<p>Wsp\u00f3\u0142pracujemy z niezawodnymi przewo\u017anikami, takimi jak UPS, DHL, FedEx i DPD, aby zapewni\u0107 sprawn\u0105 i bezpieczn\u0105 dostaw\u0119. Wybieramy najlepsz\u0105 opcj\u0119 wysy\u0142ki w zale\u017cno\u015bci od lokalizacji, aby jak najszybciej dostarczy\u0107 zam\u00f3wienie.<\/p>\n<h5>Czy mog\u0119 zaufa\u0107 mojemu zakupowi?<\/h5>\n<p>Priorytetowo traktujemy zadowolenie klienta i oferujemy bezpieczne opcje p\u0142atno\u015bci, w tym PayPal z ochron\u0105 kupuj\u0105cego. Opinie klient\u00f3w mo\u017cna r\u00f3wnie\u017c znale\u017a\u0107 w serwisie TrustPilot: <a href=\"https:\/\/www.trustpilot.com\/review\/volovape.com?utm_medium=trustbox&amp;utm_source=TrustBoxReviewCollector\">TrustPilot<\/a>.<\/p>","protected":false},"excerpt":{"rendered":"<p>Hurtowa sprzeda\u017c jednorazowych waporyzator\u00f3w ELFWORLD PLUS+ 20000 Puffs. 20 000 zaci\u0105gni\u0119\u0107, 22 ml e-liquidu, cewka siatkowa, akumulator. R\u00f3\u017cnorodne opcje nikotyny. Poznaj 15 smak\u00f3w.<\/p>","protected":false},"featured_media":1254,"comment_status":"open","ping_status":"closed","template":"","meta":[],"product_brand":[],"product_cat":[69,42,21,18,39,20,23,24,22,25,26,27,28,29,30,31,32,33,34,35,44,36,40],"product_tag":[],"class_list":{"0":"post-825","1":"product","2":"type-product","3":"status-publish","4":"has-post-thumbnail","6":"product_cat-elfworld","7":"product_cat-20000-puffs-disposable-vape","8":"product_cat-big-puffs-vapes","9":"product_cat-different-puffs-of-disposable-vapes","10":"product_cat-digital-box-vapes","11":"product_cat-disposable-vape-types","12":"product_cat-disposable-vapes-in-austria","13":"product_cat-disposable-vapes-in-belgium","14":"product_cat-disposable-vapes-in-europe","15":"product_cat-disposable-vapes-in-france","16":"product_cat-disposable-vapes-in-germany","17":"product_cat-disposable-vapes-in-hungary","18":"product_cat-disposable-vapes-in-ltaly","19":"product_cat-disposable-vapes-in-netherlands","20":"product_cat-disposable-vapes-in-norway","21":"product_cat-disposable-vapes-in-poland","22":"product_cat-disposable-vapes-in-portugal","23":"product_cat-disposable-vapes-in-spain","24":"product_cat-disposable-vapes-in-sweden","25":"product_cat-disposable-vapes-in-switzerland","26":"product_cat-dual-mesh-vapes","27":"product_cat-rechargeable-vapes","28":"product_cat-smart-screen-vapes","30":"first","31":"instock","32":"shipping-taxable","33":"purchasable","34":"product-type-variable","35":"has-default-attributes"},"jetpack_sharing_enabled":true,"tiered_pricing_type":"fixed","tiered_pricing_fixed_rules":{"2000":6.19000000000000039079850466805510222911834716796875},"tiered_pricing_product_settings":{"layout":"default","base_unit_name":{"singular":null,"plural":null},"default_variation":null},"tiered_pricing_minimum_quantity":1000,"tiered_pricing_roles_data":[],"tiered_pricing_percentage_rules":[],"tiered_pricing_maximum_quantity":null,"tiered_pricing_quantity_step":"10","_links":{"self":[{"href":"https:\/\/volovape.com\/pl\/wp-json\/wp\/v2\/product\/825","targetHints":{"allow":["GET"]}}],"collection":[{"href":"https:\/\/volovape.com\/pl\/wp-json\/wp\/v2\/product"}],"about":[{"href":"https:\/\/volovape.com\/pl\/wp-json\/wp\/v2\/types\/product"}],"replies":[{"embeddable":true,"href":"https:\/\/volovape.com\/pl\/wp-json\/wp\/v2\/comments?post=825"}],"wp:featuredmedia":[{"embeddable":true,"href":"https:\/\/volovape.com\/pl\/wp-json\/wp\/v2\/media\/1254"}],"wp:attachment":[{"href":"https:\/\/volovape.com\/pl\/wp-json\/wp\/v2\/media?parent=825"}],"wp:term":[{"taxonomy":"product_brand","embeddable":true,"href":"https:\/\/volovape.com\/pl\/wp-json\/wp\/v2\/product_brand?post=825"},{"taxonomy":"product_cat","embeddable":true,"href":"https:\/\/volovape.com\/pl\/wp-json\/wp\/v2\/product_cat?post=825"},{"taxonomy":"product_tag","embeddable":true,"href":"https:\/\/volovape.com\/pl\/wp-json\/wp\/v2\/product_tag?post=825"}],"curies":[{"name":"wp","href":"https:\/\/api.w.org\/{rel}","templated":true}]}}