{"id":824,"date":"2024-11-21T03:33:30","date_gmt":"2024-11-21T03:33:30","guid":{"rendered":"https:\/\/volovape.com\/?post_type=product&#038;p=824"},"modified":"2025-07-06T04:22:09","modified_gmt":"2025-07-06T04:22:09","slug":"elfworld-15pro-12000-buchow","status":"publish","type":"product","link":"https:\/\/volovape.com\/pl\/product\/elfworld-15pro-12000-puffs\/","title":{"rendered":"Jednorazowy vape ELFWORLD 15PRO 12000 puff\u00f3w z cyfrowym wy\u015bwietlaczem i regulowanym przep\u0142ywem powietrza"},"content":{"rendered":"<p><strong>Vape jednorazowe ELFWORLD 15PRO 12000 Puffs<\/strong> - Inteligentne wapowanie z cyfrowym wy\u015bwietlaczem i regulowanym przep\u0142ywem powietrza.<\/p>\n<p>Ten <strong>ELFWORLD 15PRO 12000 zaci\u0105gni\u0119\u0107<\/strong> Jednorazowy vape \u0142\u0105czy wysok\u0105 wydajno\u015b\u0107 z inteligentnymi funkcjami, oferuj\u0105c do <strong>12 000 zaci\u0105gni\u0119\u0107<\/strong>i <strong>Pojemno\u015b\u0107 18 ml e-liquidu<\/strong>i <strong>Akumulator o pojemno\u015bci 600 mAh<\/strong>. Zintegrowany <strong>wy\u015bwietlacz cyfrowy<\/strong> zapewnia monitorowanie w czasie rzeczywistym poziomu baterii i e-cieczy, podczas gdy <strong>regulowany przep\u0142yw powietrza<\/strong> pozwala na spersonalizowan\u0105 waporyzacj\u0119. Zaawansowany <strong>cewka siatkowa<\/strong> zapewnia g\u0142adk\u0105 i aromatyczn\u0105 par\u0119. Do wyboru <strong>Moc nikotyny 0%, 2%, 3% lub 5%<\/strong>. Idealny do u\u017cytku osobistego i <strong>hurtownia vape jednorazowego u\u017cytku<\/strong>Urz\u0105dzenie to oferuje zar\u00f3wno wygod\u0119, jak i kontrol\u0119. <strong>Zam\u00f3wienie zbiorcze<\/strong> opcje s\u0105 dost\u0119pne dla sprzedawc\u00f3w detalicznych.<\/p>\n<h3><strong>ELFWORLD 15PRO 12000 Puffs Cechy:<\/strong><\/h3>\n<ul>\n<li>Puffy: Do 12 000<\/li>\n<li>Pojemno\u015b\u0107 e-liquidu: 18 ml<\/li>\n<li>Bateria: 600 mAh (akumulator)<\/li>\n<li>\u0141adowanie: Typ-C<\/li>\n<li>Cewka: Siatkowa cewka<\/li>\n<li>Wy\u015bwietlacz: Wy\u015bwietlacz cyfrowy (poziom na\u0142adowania baterii i poziom e-cieczy)<\/li>\n<li>Przep\u0142yw powietrza: Regulowany<\/li>\n<li>Moc nikotyny: 0%, 2%, 3%, 5%<\/li>\n<li>Dost\u0119pne smaki: Watermelon Ice, Blue Razz Ice, Strawberry Ice, Vanilla Casta Tobacco, Dragon Fruit Berry, Sakura Grape, Peach Mango, Candy Rainbow, Mint, Mixed Berries, Watermelon Bubble Gum, Kiwi Passionfruit Guava, Raspberry Watermelon, Double Apple, Strawberry Ice Cream.<\/li>\n<\/ul>\n<h4>Cz\u0119sto zadawane pytania<\/h4>\n<h5>W jaki spos\u00f3b cyfrowy wy\u015bwietlacz poprawia wra\u017cenia z waporyzacji?<\/h5>\n<p>Cyfrowy wy\u015bwietlacz zapewnia informacje w czasie rzeczywistym na temat poziomu na\u0142adowania baterii i poziomu e-cieczy, umo\u017cliwiaj\u0105c u\u017cytkownikom monitorowanie stanu urz\u0105dzenia na pierwszy rzut oka. Funkcja ta zapewnia, \u017ce nigdy nie zostaniesz zaskoczony i mo\u017cesz odpowiednio zaplanowa\u0107 sesje waporyzacji, zwi\u0119kszaj\u0105c og\u00f3ln\u0105 wygod\u0119 i kontrol\u0119.<\/p>\n<h5>Jakie s\u0105 zalety regulowanego przep\u0142ywu powietrza?<\/h5>\n<p>Regulowany przep\u0142yw powietrza pozwala u\u017cytkownikom dostosowa\u0107 swoje wra\u017cenia z waporyzacji poprzez precyzyjne dostrojenie oporu zaci\u0105gania. Niezale\u017cnie od tego, czy preferujesz cia\u015bniejsze czy lu\u017aniejsze zaci\u0105ganie, funkcja ta pozwala spersonalizowa\u0107 waporyzacj\u0119 zgodnie z w\u0142asnymi preferencjami, zapewniaj\u0105c bardziej satysfakcjonuj\u0105ce i przyjemne doznania.<\/p>\n<h5>W jaki spos\u00f3b cewka siatkowa wp\u0142ywa na smak i produkcj\u0119 pary?<\/h5>\n<p>Siatkowa cewka zosta\u0142a zaprojektowana w celu zapewnienia r\u00f3wnomiernego ogrzewania i optymalnego odparowywania e-cieczy, co skutkuje niezmiennie g\u0142adk\u0105 i aromatyczn\u0105 par\u0105. Technologia ta poprawia og\u00f3lne wra\u017cenia z waporyzacji, zapewniaj\u0105c bogate, satysfakcjonuj\u0105ce chmury przy ka\u017cdym zaci\u0105gni\u0119ciu.<\/p>\n<h5>Jakie metody wysy\u0142ki s\u0105 stosowane?<\/h5>\n<p>Wsp\u00f3\u0142pracujemy z zaufanymi przewo\u017anikami, takimi jak UPS, DHL, FedEx i DPD, aby zapewni\u0107 niezawodn\u0105 i sprawn\u0105 dostaw\u0119. Wybieramy najodpowiedniejsz\u0105 metod\u0119 wysy\u0142ki w oparciu o lokalizacj\u0119 klienta, aby dostarczy\u0107 zam\u00f3wienie tak szybko, jak to mo\u017cliwe.<\/p>\n<h5>Czy mog\u0119 zaufa\u0107 mojemu zakupowi?<\/h5>\n<p>Priorytetowo traktujemy zadowolenie klienta i oferujemy bezpieczne opcje p\u0142atno\u015bci, w tym PayPal z ochron\u0105 kupuj\u0105cego. Opinie klient\u00f3w mo\u017cna r\u00f3wnie\u017c znale\u017a\u0107 w serwisie TrustPilot: <a href=\"https:\/\/www.trustpilot.com\/review\/volovape.com?utm_medium=trustbox&amp;utm_source=TrustBoxReviewCollector\">TrustPilot<\/a>.<\/p>","protected":false},"excerpt":{"rendered":"<p>Dystrybucja jednorazowych waporyzator\u00f3w ELFWORLD 15PRO 12000 Puffs. 12 000 zaci\u0105gni\u0119\u0107, 18 ml e-liquidu, cyfrowy wy\u015bwietlacz, regulowany przep\u0142yw powietrza, cewka siatkowa. R\u00f3\u017cnorodna nikotyna. Odkryj 15 smak\u00f3w.<\/p>","protected":false},"featured_media":1243,"comment_status":"open","ping_status":"closed","template":"","meta":[],"product_brand":[],"product_cat":[69,38,21,18,39,20,23,24,22,25,26,27,28,29,30,31,32,33,34,35,36,40],"product_tag":[],"class_list":{"0":"post-824","1":"product","2":"type-product","3":"status-publish","4":"has-post-thumbnail","6":"product_cat-elfworld","7":"product_cat-12000-puffs-disposable-vape","8":"product_cat-big-puffs-vapes","9":"product_cat-different-puffs-of-disposable-vapes","10":"product_cat-digital-box-vapes","11":"product_cat-disposable-vape-types","12":"product_cat-disposable-vapes-in-austria","13":"product_cat-disposable-vapes-in-belgium","14":"product_cat-disposable-vapes-in-europe","15":"product_cat-disposable-vapes-in-france","16":"product_cat-disposable-vapes-in-germany","17":"product_cat-disposable-vapes-in-hungary","18":"product_cat-disposable-vapes-in-ltaly","19":"product_cat-disposable-vapes-in-netherlands","20":"product_cat-disposable-vapes-in-norway","21":"product_cat-disposable-vapes-in-poland","22":"product_cat-disposable-vapes-in-portugal","23":"product_cat-disposable-vapes-in-spain","24":"product_cat-disposable-vapes-in-sweden","25":"product_cat-disposable-vapes-in-switzerland","26":"product_cat-rechargeable-vapes","27":"product_cat-smart-screen-vapes","29":"first","30":"instock","31":"shipping-taxable","32":"purchasable","33":"product-type-variable","34":"has-default-attributes"},"jetpack_sharing_enabled":true,"tiered_pricing_type":"fixed","tiered_pricing_fixed_rules":{"2000":5.20000000000000017763568394002504646778106689453125},"tiered_pricing_product_settings":{"layout":"default","base_unit_name":{"singular":null,"plural":null},"default_variation":null},"tiered_pricing_minimum_quantity":1000,"tiered_pricing_roles_data":[],"tiered_pricing_percentage_rules":[],"tiered_pricing_maximum_quantity":null,"tiered_pricing_quantity_step":"10","_links":{"self":[{"href":"https:\/\/volovape.com\/pl\/wp-json\/wp\/v2\/product\/824","targetHints":{"allow":["GET"]}}],"collection":[{"href":"https:\/\/volovape.com\/pl\/wp-json\/wp\/v2\/product"}],"about":[{"href":"https:\/\/volovape.com\/pl\/wp-json\/wp\/v2\/types\/product"}],"replies":[{"embeddable":true,"href":"https:\/\/volovape.com\/pl\/wp-json\/wp\/v2\/comments?post=824"}],"wp:featuredmedia":[{"embeddable":true,"href":"https:\/\/volovape.com\/pl\/wp-json\/wp\/v2\/media\/1243"}],"wp:attachment":[{"href":"https:\/\/volovape.com\/pl\/wp-json\/wp\/v2\/media?parent=824"}],"wp:term":[{"taxonomy":"product_brand","embeddable":true,"href":"https:\/\/volovape.com\/pl\/wp-json\/wp\/v2\/product_brand?post=824"},{"taxonomy":"product_cat","embeddable":true,"href":"https:\/\/volovape.com\/pl\/wp-json\/wp\/v2\/product_cat?post=824"},{"taxonomy":"product_tag","embeddable":true,"href":"https:\/\/volovape.com\/pl\/wp-json\/wp\/v2\/product_tag?post=824"}],"curies":[{"name":"wp","href":"https:\/\/api.w.org\/{rel}","templated":true}]}}