{"id":784,"date":"2024-11-21T03:33:06","date_gmt":"2024-11-21T03:33:06","guid":{"rendered":"https:\/\/volovape.com\/?post_type=product&#038;p=784"},"modified":"2025-06-19T03:45:13","modified_gmt":"2025-06-19T03:45:13","slug":"aivono-mini-boxx-600-bulek","status":"publish","type":"product","link":"https:\/\/volovape.com\/pl\/product\/aivono-mini-boxx-600-puffs\/","title":{"rendered":"Aivono Mini Boxx 600 Puffs jednorazowy Vape - akumulator, cewka siatkowa"},"content":{"rendered":"<p><strong>Aivono Mini Boxx 600 Puffs jednorazowe Vape<\/strong> - Kompaktowy, \u0142adowalny i aromatyczny Vaping w podr\u00f3\u017cy.<\/p>\n<p>Ten <strong>Aivono Mini Boxx 600 zaci\u0105gni\u0119\u0107<\/strong> Jednorazowy vape jest przeznaczony dla tych, kt\u00f3rzy stawiaj\u0105 na przeno\u015bno\u015b\u0107 i wygod\u0119 bez uszczerbku dla smaku. Z maksymalnie <strong>600 zaci\u0105gni\u0119\u0107<\/strong>, a <strong>Pojemno\u015b\u0107 e-liquidu 2 ml<\/strong>i <strong>Akumulator o pojemno\u015bci 400 mAh<\/strong>To urz\u0105dzenie oferuje satysfakcjonuj\u0105ce wra\u017cenia z waporyzacji w eleganckiej, kompaktowej obudowie. Model <strong>Cewka o oczkach 1,2\u03a9<\/strong> zapewnia g\u0142adk\u0105 i aromatyczn\u0105 par\u0119, idealn\u0105 do codziennego u\u017cytku. Do wyboru <strong>Moc nikotyny 0%, 2% lub 5%<\/strong>. Idealny do u\u017cytku osobistego i <strong>hurtownia vape jednorazowego u\u017cytku<\/strong>Aivono Mini Boxx to idealne po\u0142\u0105czenie wygody i wydajno\u015bci. <strong>Zam\u00f3wienie zbiorcze<\/strong> opcje s\u0105 dost\u0119pne dla sprzedawc\u00f3w detalicznych.<\/p>\n<h3><strong>Aivono Mini Boxx 600 Puffs Cechy:<\/strong><\/h3>\n<ul>\n<li>Puffy: Do 600<\/li>\n<li>Pojemno\u015b\u0107 e-liquidu: 2 ml<\/li>\n<li>Bateria: 400 mAh (akumulator)<\/li>\n<li>\u0141adowanie: Typ-C<\/li>\n<li>Cewka: cewka siatkowa 1,2\u03a9<\/li>\n<li>Moc nikotyny: 0%, 2%, 5%<\/li>\n<li>Dost\u0119pne smaki: Strawberry Ice Cream, Lemon Mint, Strawberry Kiwi Ice, Aloe Blackberry Ice, Watermelon Bubble Gum Ice, Strawberry Ice, Energy Drink, White Peach Grapefruit, Cherry Cantaloupe, Pineapple Coconut Ice.<\/li>\n<\/ul>\n<h4>Cz\u0119sto zadawane pytania<\/h4>\n<h5>Co sprawia, \u017ce Aivono Mini Boxx jest idealny do waporyzacji w podr\u00f3\u017cy?<\/h5>\n<p>Aivono Mini Boxx zosta\u0142 zaprojektowany w kompaktowej i lekkiej obudowie, dzi\u0119ki czemu jest niezwykle przeno\u015bny i idealny dla u\u017cytkownik\u00f3w, kt\u00f3rzy potrzebuj\u0105 dyskretnego i wygodnego rozwi\u0105zania do waporyzacji. Jego niewielki rozmiar z \u0142atwo\u015bci\u0105 mie\u015bci si\u0119 w kieszeni lub torbie, dzi\u0119ki czemu mo\u017cesz cieszy\u0107 si\u0119 ulubionymi smakami w dowolnym miejscu i czasie.<\/p>\n<h5>W jaki spos\u00f3b cewka siatkowa 1,2\u03a9 poprawia doznania smakowe?<\/h5>\n<p>Siatkowa cewka 1,2\u03a9 jest zoptymalizowana pod k\u0105tem dostarczania smaku, zapewniaj\u0105c p\u0142ynne i sp\u00f3jne doznania podczas waporyzacji. Cewka ta skutecznie podgrzewa e-ciecz, zapewniaj\u0105c, \u017ce ka\u017cdy zaci\u0105g jest bogaty i aromatyczny, zwi\u0119kszaj\u0105c og\u00f3ln\u0105 satysfakcj\u0119 z ka\u017cdej sesji waporyzacji.<\/p>\n<h5>Jak d\u0142ugo dzia\u0142a bateria i jak szybko si\u0119 \u0142aduje?<\/h5>\n<p>Akumulator o pojemno\u015bci 400 mAh zosta\u0142 zaprojektowany do obs\u0142ugi do 600 zaci\u0105gni\u0119\u0107. Dzi\u0119ki \u0142adowaniu typu C urz\u0105dzenie \u0142aduje si\u0119 szybko, minimalizuj\u0105c przestoje i zapewniaj\u0105c szybszy powr\u00f3t do waporyzacji.<\/p>\n<h5>Jakie metody wysy\u0142ki s\u0105 stosowane?<\/h5>\n<p>Wsp\u00f3\u0142pracujemy z niezawodnymi przewo\u017anikami, takimi jak UPS, DHL, FedEx i DPD, aby zapewni\u0107 sprawn\u0105 i bezpieczn\u0105 dostaw\u0119. Wybieramy najlepsz\u0105 opcj\u0119 wysy\u0142ki w zale\u017cno\u015bci od lokalizacji, aby zapewni\u0107 szybkie dostarczenie zam\u00f3wienia.<\/p>\n<h5>Czy mog\u0119 zaufa\u0107 mojemu zakupowi?<\/h5>\n<p>Priorytetowo traktujemy zadowolenie klienta i oferujemy bezpieczne opcje p\u0142atno\u015bci, w tym PayPal z ochron\u0105 kupuj\u0105cego. Opinie klient\u00f3w mo\u017cna r\u00f3wnie\u017c znale\u017a\u0107 w serwisie TrustPilot: <a href=\"https:\/\/www.trustpilot.com\/review\/volovape.com?utm_medium=trustbox&amp;utm_source=TrustBoxReviewCollector\">TrustPilot<\/a>.<\/p>","protected":false},"excerpt":{"rendered":"<p>Kup jednorazowy waporyzator Aivono Mini Boxx 600 Puffs hurtowo. Wyposa\u017cony w 2 ml e-liquidu, cewk\u0119 siatkow\u0105 i kompaktow\u0105 konstrukcj\u0119, jest idealn\u0105 opcj\u0105 hurtow\u0105 dla dystrybutor\u00f3w vape i sprzedawc\u00f3w detalicznych.<\/p>","protected":false},"featured_media":1203,"comment_status":"open","ping_status":"closed","template":"","meta":[],"product_brand":[],"product_cat":[67,59,18,20,23,24,22,25,26,27,28,29,30,31,32,33,34,35,60],"product_tag":[],"class_list":{"0":"post-784","1":"product","2":"type-product","3":"status-publish","4":"has-post-thumbnail","6":"product_cat-aivono","7":"product_cat-800-puffs-disposable-vape","8":"product_cat-different-puffs-of-disposable-vapes","9":"product_cat-disposable-vape-types","10":"product_cat-disposable-vapes-in-austria","11":"product_cat-disposable-vapes-in-belgium","12":"product_cat-disposable-vapes-in-europe","13":"product_cat-disposable-vapes-in-france","14":"product_cat-disposable-vapes-in-germany","15":"product_cat-disposable-vapes-in-hungary","16":"product_cat-disposable-vapes-in-ltaly","17":"product_cat-disposable-vapes-in-netherlands","18":"product_cat-disposable-vapes-in-norway","19":"product_cat-disposable-vapes-in-poland","20":"product_cat-disposable-vapes-in-portugal","21":"product_cat-disposable-vapes-in-spain","22":"product_cat-disposable-vapes-in-sweden","23":"product_cat-disposable-vapes-in-switzerland","24":"product_cat-mini-puffs-vapes","26":"first","27":"instock","28":"shipping-taxable","29":"purchasable","30":"product-type-variable","31":"has-default-attributes"},"jetpack_sharing_enabled":true,"tiered_pricing_type":"fixed","tiered_pricing_fixed_rules":{"2000":3.45999999999999996447286321199499070644378662109375},"tiered_pricing_product_settings":{"layout":"default","base_unit_name":{"singular":null,"plural":null},"default_variation":null},"tiered_pricing_minimum_quantity":1000,"tiered_pricing_roles_data":[],"tiered_pricing_percentage_rules":[],"tiered_pricing_maximum_quantity":null,"tiered_pricing_quantity_step":"10","_links":{"self":[{"href":"https:\/\/volovape.com\/pl\/wp-json\/wp\/v2\/product\/784","targetHints":{"allow":["GET"]}}],"collection":[{"href":"https:\/\/volovape.com\/pl\/wp-json\/wp\/v2\/product"}],"about":[{"href":"https:\/\/volovape.com\/pl\/wp-json\/wp\/v2\/types\/product"}],"replies":[{"embeddable":true,"href":"https:\/\/volovape.com\/pl\/wp-json\/wp\/v2\/comments?post=784"}],"wp:featuredmedia":[{"embeddable":true,"href":"https:\/\/volovape.com\/pl\/wp-json\/wp\/v2\/media\/1203"}],"wp:attachment":[{"href":"https:\/\/volovape.com\/pl\/wp-json\/wp\/v2\/media?parent=784"}],"wp:term":[{"taxonomy":"product_brand","embeddable":true,"href":"https:\/\/volovape.com\/pl\/wp-json\/wp\/v2\/product_brand?post=784"},{"taxonomy":"product_cat","embeddable":true,"href":"https:\/\/volovape.com\/pl\/wp-json\/wp\/v2\/product_cat?post=784"},{"taxonomy":"product_tag","embeddable":true,"href":"https:\/\/volovape.com\/pl\/wp-json\/wp\/v2\/product_tag?post=784"}],"curies":[{"name":"wp","href":"https:\/\/api.w.org\/{rel}","templated":true}]}}