{"id":783,"date":"2024-11-21T03:33:06","date_gmt":"2024-11-21T03:33:06","guid":{"rendered":"https:\/\/volovape.com\/?post_type=product&#038;p=783"},"modified":"2025-08-06T08:14:48","modified_gmt":"2025-08-06T08:14:48","slug":"aivono-fatman-shisha-15000-zaciagniec","status":"publish","type":"product","link":"https:\/\/volovape.com\/pl\/product\/aivono-fatman-shisha-15000-puffs\/","title":{"rendered":"Aivono Fatman Shisha 15000 puff\u00f3w jednorazowe vape - bogate smaki Shisha, akumulator, rabat hurtowy"},"content":{"rendered":"<p><strong>Aivono Fatman Shisha 15000 Puff\u00f3w jednorazowego u\u017cytku Vape<\/strong> - Do\u015bwiadcz bogatych smak\u00f3w shishy i wysokiej wydajno\u015bci waporyzacji.<\/p>\n<p>Ten <strong>Aivono Fatman Shisha 15000 zaci\u0105gni\u0119\u0107<\/strong> Jednorazowe urz\u0105dzenie vape zapewnia autentyczne doznania podczas palenia shishy dzi\u0119ki imponuj\u0105cym w\u0142a\u015bciwo\u015bciom <strong>15 000 puff<\/strong> pojemno\u015b\u0107, hojny <strong>Zbiornik e-liquidu o pojemno\u015bci 24 ml<\/strong>i niezawodny <strong>Akumulator o pojemno\u015bci 600 mAh<\/strong>. Zoptymalizowany <strong>Cewka o oczkach 0,6\u03a9<\/strong> zapewnia g\u0119st\u0105 par\u0119 i bogate, satysfakcjonuj\u0105ce smaki, odtwarzaj\u0105c esencj\u0119 tradycyjnej shishy. Do wyboru <strong>Moc nikotyny 0%, 2%, 3% lub 5%<\/strong> aby dopasowa\u0107 je do swoich preferencji. To urz\u0105dzenie jest idealne do u\u017cytku osobistego i <strong>hurtownia vape jednorazowego u\u017cytku<\/strong>zapewniaj\u0105c zar\u00f3wno wygod\u0119, jak i wydajno\u015b\u0107. <strong>Zam\u00f3wienie zbiorcze<\/strong> opcje s\u0105 dost\u0119pne dla sprzedawc\u00f3w detalicznych poszukuj\u0105cych wysokiej jako\u015bci jednorazowych waporyzator\u00f3w.<\/p>\n<h3><strong>Aivono Fatman Shisha 15000 Puffs Cechy:<\/strong><\/h3>\n<ul>\n<li>Puffy: Do 15 000<\/li>\n<li>Pojemno\u015b\u0107 e-liquidu: 24 ml<\/li>\n<li>Bateria: 600 mAh (akumulator)<\/li>\n<li>\u0141adowanie: Typ-C<\/li>\n<li>Cewka: cewka siatkowa 0,6\u03a9<\/li>\n<li>Moc nikotyny: 0%, 2%, 3%, 5%<\/li>\n<li>Dost\u0119pne smaki: Strawberry Ice, Watermelon Ice, Strawberry Raspberry, Juicy Peach, Blueberry Ice, Mango Passion Fruit, Cherry Watermelon Jelly.<\/li>\n<\/ul>\n<h4>Cz\u0119sto zadawane pytania<\/h4>\n<h5>W jaki spos\u00f3b cewka siatkowa 0,6\u03a9 poprawia wra\u017cenia z waporyzacji shishy?<\/h5>\n<p>Siatkowa cewka 0,6\u03a9 zosta\u0142a specjalnie zaprojektowana, aby zmaksymalizowa\u0107 produkcj\u0119 pary i intensywno\u015b\u0107 smaku, zapewniaj\u0105c g\u0119st\u0105, aromatyczn\u0105 chmur\u0119, kt\u00f3ra \u015bci\u015ble na\u015bladuje doznania tradycyjnej shishy. Cewka ta zapewnia r\u00f3wnomierne ogrzewanie i optymalne dostarczanie aromatu.<\/p>\n<h5>Jaka jest \u017cywotno\u015b\u0107 baterii i czas \u0142adowania?<\/h5>\n<p>Akumulator o pojemno\u015bci 600 mAh zapewnia d\u0142ugotrwa\u0142\u0105 moc do 15 000 zaci\u0105gni\u0119\u0107. Dzi\u0119ki \u0142adowaniu typu C mo\u017cna szybko i sprawnie na\u0142adowa\u0107 urz\u0105dzenie, minimalizuj\u0105c przestoje i maksymalizuj\u0105c przyjemno\u015b\u0107 z waporyzacji.<\/p>\n<h5>Jakie opcje smakowe s\u0105 dost\u0119pne?<\/h5>\n<p>Aivono Fatman Shisha 15000 oferuje r\u00f3\u017cnorodne smaki inspirowane shish\u0105, w tym Strawberry Ice, Watermelon Ice, Strawberry Raspberry, Juicy Peach, Blueberry Ice, Mango Passion Fruit i Cherry Watermelon Jelly. Ka\u017cdy smak zosta\u0142 opracowany tak, aby zapewni\u0107 wyj\u0105tkowe i satysfakcjonuj\u0105ce doznania podczas waporyzacji.<\/p>\n<h5>Jakie metody wysy\u0142ki s\u0105 stosowane?<\/h5>\n<p>Wsp\u00f3\u0142pracujemy z niezawodnymi przewo\u017anikami, takimi jak UPS, DHL, FedEx i DPD, aby zapewni\u0107 szybk\u0105 i bezpieczn\u0105 dostaw\u0119. Wybieramy najodpowiedniejsz\u0105 metod\u0119 wysy\u0142ki w zale\u017cno\u015bci od lokalizacji, aby jak najszybciej dostarczy\u0107 zam\u00f3wienie.<\/p>\n<h5>Czy mog\u0119 zaufa\u0107 mojemu zakupowi?<\/h5>\n<p>Priorytetowo traktujemy zadowolenie klienta i oferujemy bezpieczne opcje p\u0142atno\u015bci, w tym PayPal z ochron\u0105 kupuj\u0105cego. Opinie klient\u00f3w mo\u017cna r\u00f3wnie\u017c znale\u017a\u0107 w serwisie TrustPilot: <a href=\"https:\/\/www.trustpilot.com\/review\/volovape.com?utm_medium=trustbox&amp;utm_source=TrustBoxReviewCollector\">TrustPilot<\/a>.<\/p>","protected":false},"excerpt":{"rendered":"<p>Hurtowa sprzeda\u017c Aivono Fatman Shisha 15000 Puffs Jednorazowe Vape. 15 000 zaci\u0105gni\u0119\u0107, 24 ml e-liquidu, akumulator. Siatkowa cewka, zr\u00f3\u017cnicowana nikotyna. Poznaj smaki shishy ju\u017c teraz.<\/p>","protected":false},"featured_media":1191,"comment_status":"open","ping_status":"closed","template":"","meta":[],"product_brand":[],"product_cat":[67,41,21,18,20,23,24,22,25,26,27,28,29,30,31,32,33,34,35,36,47],"product_tag":[],"class_list":{"0":"post-783","1":"product","2":"type-product","3":"status-publish","4":"has-post-thumbnail","6":"product_cat-aivono","7":"product_cat-15000-puffs-disposable-vape","8":"product_cat-big-puffs-vapes","9":"product_cat-different-puffs-of-disposable-vapes","10":"product_cat-disposable-vape-types","11":"product_cat-disposable-vapes-in-austria","12":"product_cat-disposable-vapes-in-belgium","13":"product_cat-disposable-vapes-in-europe","14":"product_cat-disposable-vapes-in-france","15":"product_cat-disposable-vapes-in-germany","16":"product_cat-disposable-vapes-in-hungary","17":"product_cat-disposable-vapes-in-ltaly","18":"product_cat-disposable-vapes-in-netherlands","19":"product_cat-disposable-vapes-in-norway","20":"product_cat-disposable-vapes-in-poland","21":"product_cat-disposable-vapes-in-portugal","22":"product_cat-disposable-vapes-in-spain","23":"product_cat-disposable-vapes-in-sweden","24":"product_cat-disposable-vapes-in-switzerland","25":"product_cat-rechargeable-vapes","26":"product_cat-shisha-hookah-vapes","28":"first","29":"instock","30":"shipping-taxable","31":"purchasable","32":"product-type-variable","33":"has-default-attributes"},"jetpack_sharing_enabled":true,"tiered_pricing_type":"fixed","tiered_pricing_fixed_rules":{"2000":5.4900000000000002131628207280300557613372802734375},"tiered_pricing_product_settings":{"layout":"default","base_unit_name":{"singular":null,"plural":null},"default_variation":null},"tiered_pricing_minimum_quantity":1000,"tiered_pricing_roles_data":[],"tiered_pricing_percentage_rules":[],"tiered_pricing_maximum_quantity":null,"tiered_pricing_quantity_step":"10","_links":{"self":[{"href":"https:\/\/volovape.com\/pl\/wp-json\/wp\/v2\/product\/783","targetHints":{"allow":["GET"]}}],"collection":[{"href":"https:\/\/volovape.com\/pl\/wp-json\/wp\/v2\/product"}],"about":[{"href":"https:\/\/volovape.com\/pl\/wp-json\/wp\/v2\/types\/product"}],"replies":[{"embeddable":true,"href":"https:\/\/volovape.com\/pl\/wp-json\/wp\/v2\/comments?post=783"}],"wp:featuredmedia":[{"embeddable":true,"href":"https:\/\/volovape.com\/pl\/wp-json\/wp\/v2\/media\/1191"}],"wp:attachment":[{"href":"https:\/\/volovape.com\/pl\/wp-json\/wp\/v2\/media?parent=783"}],"wp:term":[{"taxonomy":"product_brand","embeddable":true,"href":"https:\/\/volovape.com\/pl\/wp-json\/wp\/v2\/product_brand?post=783"},{"taxonomy":"product_cat","embeddable":true,"href":"https:\/\/volovape.com\/pl\/wp-json\/wp\/v2\/product_cat?post=783"},{"taxonomy":"product_tag","embeddable":true,"href":"https:\/\/volovape.com\/pl\/wp-json\/wp\/v2\/product_tag?post=783"}],"curies":[{"name":"wp","href":"https:\/\/api.w.org\/{rel}","templated":true}]}}