{"id":750,"date":"2024-11-21T03:32:38","date_gmt":"2024-11-21T03:32:38","guid":{"rendered":"https:\/\/volovape.com\/?post_type=product&#038;p=750"},"modified":"2025-07-06T04:26:20","modified_gmt":"2025-07-06T04:26:20","slug":"evappe-shisha-deluxe-bar-18000-zaciagniec","status":"publish","type":"product","link":"https:\/\/volovape.com\/pl\/product\/evappe-shisha-deluxe-bar-18000-puffs\/","title":{"rendered":"EVAPPE Shisha Deluxe Bar 18000 zaci\u0105gni\u0119\u0107 jednorazowy vape - cewka siatkowa 0,6\u03a9, akumulator (nikotyna 0-5%)"},"content":{"rendered":"<p><strong>EVAPPE Shisha Deluxe Bar 18000 puff\u00f3w jednorazowego u\u017cytku Vape<\/strong> - Do\u015bwiadcz waporyzacji inspirowanej szisz\u0105 z niezr\u00f3wnan\u0105 trwa\u0142o\u015bci\u0105.<\/p>\n<p>Ten <strong>EVAPPE Shisha Deluxe Bar 18000 zaci\u0105gni\u0119\u0107<\/strong> Jednorazowy vape przenosi bogate, aromatyczne doznania shishy do wygodnego, przeno\u015bnego formatu. Dzi\u0119ki imponuj\u0105cej <strong>18 000 zaci\u0105gni\u0119\u0107<\/strong>hojny <strong>Pojemno\u015b\u0107 25 ml e-liquidu<\/strong>i solidny <strong>Akumulator o pojemno\u015bci 600 mAh<\/strong>To urz\u0105dzenie zapewnia d\u0142u\u017csze sesje waporyzacji. Zaawansowany <strong>Cewka o oczkach 0,6\u03a9<\/strong> zapewnia niezmiennie g\u0142adk\u0105, g\u0119st\u0105 par\u0119, oddaj\u0105c esencj\u0119 klasycznych smak\u00f3w shishy. Do wyboru <strong>Moc nikotyny 0%, 2%, 3% lub 5%<\/strong> aby dostosowa\u0107 swoje wra\u017cenia. Idealny dla osobistej przyjemno\u015bci i <strong>hurtownia vape jednorazowego u\u017cytku<\/strong>To eleganckie urz\u0105dzenie jest idealne dla os\u00f3b poszukuj\u0105cych wysokiej jako\u015bci waporyzacji. <strong>Zam\u00f3wienie zbiorcze<\/strong> opcje s\u0105 dost\u0119pne dla sprzedawc\u00f3w detalicznych.<\/p>\n<h3><strong>EVAPPE Shisha Deluxe Bar 18000 Puffs Cechy:<\/strong><\/h3>\n<ul>\n<li>Puffy: Do 18 000<\/li>\n<li>Pojemno\u015b\u0107 e-liquidu: 25 ml<\/li>\n<li>Bateria: 600 mAh (akumulator)<\/li>\n<li>\u0141adowanie: Typ-C<\/li>\n<li>Cewka: cewka siatkowa 0,6\u03a9<\/li>\n<li>Moc nikotyny: 0%, 2%, 3%, 5%<\/li>\n<li>Dost\u0119pne smaki: Two Apple, Berry Ice, Blueberry Gum, Grape Mint, Lush Ice, Cherry Raspberry, Peach Ice, Strawberry Punch.<\/li>\n<\/ul>\n<h4>Cz\u0119sto zadawane pytania<\/h4>\n<h5>W jaki spos\u00f3b cewka siatkowa 0,6\u03a9 wzmacnia smak inspirowany shish\u0105?<\/h5>\n<p>Siatkowa cewka 0,6\u03a9 zosta\u0142a zaprojektowana tak, aby zapewni\u0107 optymaln\u0105 dystrybucj\u0119 ciep\u0142a, wzmacniaj\u0105c bogate i z\u0142o\u017cone smaki mieszanek shishy. Skutkuje to g\u0119stsz\u0105, bardziej aromatyczn\u0105 par\u0105, zapewniaj\u0105c prawdziwie wci\u0105gaj\u0105ce doznania przypominaj\u0105ce tradycyjn\u0105 shish\u0119.<\/p>\n<h5>Jakie s\u0105 dost\u0119pne opcje mocy nikotyny?<\/h5>\n<p>EVAPPE Shisha Deluxe Bar 18000 Puffs oferuje moc nikotyny 0%, 2%, 3% i 5%, co pozwala wybra\u0107 poziom, kt\u00f3ry najlepiej odpowiada Twoim preferencjom i potrzebom.<\/p>\n<h5>Jak d\u0142ugo dzia\u0142a bateria i jak szybko si\u0119 \u0142aduje?<\/h5>\n<p>Akumulator o pojemno\u015bci 600 mAh zosta\u0142 zaprojektowany z my\u015bl\u0105 o d\u0142ugotrwa\u0142ej wydajno\u015bci, obs\u0142uguj\u0105c do 18 000 zaci\u0105gni\u0119\u0107. Dzi\u0119ki \u0142adowaniu typu C mo\u017cna szybko i skutecznie na\u0142adowa\u0107 urz\u0105dzenie, minimalizuj\u0105c przestoje.<\/p>\n<h5>Jakie metody wysy\u0142ki s\u0105 stosowane?<\/h5>\n<p>Wsp\u00f3\u0142pracujemy z renomowanymi przewo\u017anikami, takimi jak UPS, DHL, FedEx i DPD, aby zapewni\u0107 niezawodn\u0105 i sprawn\u0105 dostaw\u0119. Wybieramy najlepsz\u0105 opcj\u0119 wysy\u0142ki w zale\u017cno\u015bci od lokalizacji, aby jak najszybciej dostarczy\u0107 zam\u00f3wienie.<\/p>\n<h5>Czy mog\u0119 zaufa\u0107 mojemu zakupowi?<\/h5>\n<p>Priorytetowo traktujemy zadowolenie klient\u00f3w i oferujemy bezpieczne opcje p\u0142atno\u015bci, w tym PayPal, z ochron\u0105 kupuj\u0105cego. Mo\u017cesz r\u00f3wnie\u017c przeczyta\u0107 opinie naszych zadowolonych klient\u00f3w na TrustPilot: <a href=\"https:\/\/www.trustpilot.com\/review\/volovape.com?utm_medium=trustbox&amp;utm_source=TrustBoxReviewCollector\">TrustPilot<\/a>.<\/p>","protected":false},"excerpt":{"rendered":"<p>Kupuj EVAPPE Shisha Deluxe Bar 18000 Puffs jednorazowe Vape luzem. Dzi\u0119ki 25 ml e-liquidu, g\u0142adkiej cewce siatkowej i smakom inspirowanym szisz\u0105, jest to idealne rozwi\u0105zanie dla hurtowych sprzedawc\u00f3w i dostawc\u00f3w vape.<\/p>","protected":false},"featured_media":1169,"comment_status":"open","ping_status":"closed","template":"","meta":[],"product_brand":[],"product_cat":[68,50,21,18,20,23,24,22,25,26,27,28,29,30,31,32,33,34,35,36,47],"product_tag":[],"class_list":{"0":"post-750","1":"product","2":"type-product","3":"status-publish","4":"has-post-thumbnail","6":"product_cat-evappe","7":"product_cat-18000-puffs-disposable-vape","8":"product_cat-big-puffs-vapes","9":"product_cat-different-puffs-of-disposable-vapes","10":"product_cat-disposable-vape-types","11":"product_cat-disposable-vapes-in-austria","12":"product_cat-disposable-vapes-in-belgium","13":"product_cat-disposable-vapes-in-europe","14":"product_cat-disposable-vapes-in-france","15":"product_cat-disposable-vapes-in-germany","16":"product_cat-disposable-vapes-in-hungary","17":"product_cat-disposable-vapes-in-ltaly","18":"product_cat-disposable-vapes-in-netherlands","19":"product_cat-disposable-vapes-in-norway","20":"product_cat-disposable-vapes-in-poland","21":"product_cat-disposable-vapes-in-portugal","22":"product_cat-disposable-vapes-in-spain","23":"product_cat-disposable-vapes-in-sweden","24":"product_cat-disposable-vapes-in-switzerland","25":"product_cat-rechargeable-vapes","26":"product_cat-shisha-hookah-vapes","28":"first","29":"instock","30":"shipping-taxable","31":"purchasable","32":"product-type-variable","33":"has-default-attributes"},"jetpack_sharing_enabled":true,"tiered_pricing_type":"fixed","tiered_pricing_fixed_rules":{"2000":5.70000000000000017763568394002504646778106689453125},"tiered_pricing_product_settings":{"layout":"default","base_unit_name":{"singular":null,"plural":null},"default_variation":null},"tiered_pricing_minimum_quantity":1000,"tiered_pricing_roles_data":[],"tiered_pricing_percentage_rules":[],"tiered_pricing_maximum_quantity":null,"tiered_pricing_quantity_step":"10","_links":{"self":[{"href":"https:\/\/volovape.com\/pl\/wp-json\/wp\/v2\/product\/750","targetHints":{"allow":["GET"]}}],"collection":[{"href":"https:\/\/volovape.com\/pl\/wp-json\/wp\/v2\/product"}],"about":[{"href":"https:\/\/volovape.com\/pl\/wp-json\/wp\/v2\/types\/product"}],"replies":[{"embeddable":true,"href":"https:\/\/volovape.com\/pl\/wp-json\/wp\/v2\/comments?post=750"}],"wp:featuredmedia":[{"embeddable":true,"href":"https:\/\/volovape.com\/pl\/wp-json\/wp\/v2\/media\/1169"}],"wp:attachment":[{"href":"https:\/\/volovape.com\/pl\/wp-json\/wp\/v2\/media?parent=750"}],"wp:term":[{"taxonomy":"product_brand","embeddable":true,"href":"https:\/\/volovape.com\/pl\/wp-json\/wp\/v2\/product_brand?post=750"},{"taxonomy":"product_cat","embeddable":true,"href":"https:\/\/volovape.com\/pl\/wp-json\/wp\/v2\/product_cat?post=750"},{"taxonomy":"product_tag","embeddable":true,"href":"https:\/\/volovape.com\/pl\/wp-json\/wp\/v2\/product_tag?post=750"}],"curies":[{"name":"wp","href":"https:\/\/api.w.org\/{rel}","templated":true}]}}