{"id":75,"date":"2024-11-21T03:26:51","date_gmt":"2024-11-21T03:26:51","guid":{"rendered":"https:\/\/volovape.com\/?post_type=product&#038;p=75"},"modified":"2025-09-08T03:35:16","modified_gmt":"2025-09-08T03:35:16","slug":"waspe-20000-zaciagniec","status":"publish","type":"product","link":"https:\/\/volovape.com\/pl\/product\/waspe-20000-puffs\/","title":{"rendered":"Jednorazowy vape Waspe 20000 puff\u00f3w z podw\u00f3jn\u0105 siatk\u0105 - akumulator z wy\u015bwietlaczem LCD (nikotyna 0-5%)"},"content":{"rendered":"<p><iframe title=\"Odtwarzacz wideo VideoPress\" aria-label='Odtwarzacz wideo VideoPress' width='421' height='750' src='https:\/\/videopress.com\/embed\/TWxHNXPl?hd=0&amp;cover=1' frameborder='0' allowfullscreen allow='clipboard-write'><\/iframe><script src='https:\/\/v0.wordpress.com\/js\/next\/videopress-iframe.js?m=1739540970'><\/script><\/p>\n<p><strong>Waspe 20000 Puffs Dual Mesh Box Akumulator jednorazowy Vape z wy\u015bwietlaczem LCD<\/strong> - Najwy\u017csza wydajno\u015b\u0107 i smak.<\/p>\n<p>Ten <strong>Waspe 20000 Puffs Dual Mesh Box<\/strong> zapewnia wyj\u0105tkowe doznania podczas waporyzacji dzi\u0119ki swojej masywno\u015bci <strong>20 000 puff<\/strong> pojemno\u015b\u0107 i <strong>Zbiornik e-liquidu o pojemno\u015bci 24 ml<\/strong>. Zasilany przez <strong>Akumulator o pojemno\u015bci 900 mAh<\/strong> z <strong>\u0141adowanie typu C<\/strong>zapewnia d\u0142ugotrwa\u0142\u0105 wydajno\u015b\u0107. Innowacyjny <strong>Technologia podw\u00f3jnej cewki siatkowej<\/strong> zapewnia doskona\u0142y smak i produkcj\u0119 pary. Zintegrowany <strong>Wy\u015bwietlacz LCD<\/strong> pozwala \u0142atwo monitorowa\u0107 \u017cywotno\u015b\u0107 baterii i liczb\u0119 zaci\u0105gni\u0119\u0107. Do wyboru <strong>Moc nikotyny 0%, 2%, 3% lub 5%<\/strong> i cieszy\u0107 si\u0119 <strong>12 pysznych smak\u00f3w<\/strong>w tym Kiwi Passion Fruit Guava i Watermelon Bubblegum. Idealny do u\u017cytku osobistego lub <strong>hurtownia vape jednorazowego u\u017cytku<\/strong>To urz\u0105dzenie oferuje niezr\u00f3wnan\u0105 wydajno\u015b\u0107 i wygod\u0119. Dla <strong>zam\u00f3wienie zbiorcze<\/strong> prosimy o kontakt.<\/p>\n<h3><strong>Cechy Waspe 20000:<\/strong><\/h3>\n<ul>\n<li>Puffy: Do 20 000<\/li>\n<li>Pojemno\u015b\u0107 e-liquidu: 24 ml<\/li>\n<li>Bateria: 900 mAh (akumulator)<\/li>\n<li>\u0141adowanie: Typ-C<\/li>\n<li>Cewka: Podw\u00f3jna cewka siatkowa<\/li>\n<li>Moc nikotyny: 0%, 2%, 3%, 5%<\/li>\n<li>Wy\u015bwietlacz: LCD (bateria i liczba zaci\u0105gni\u0119\u0107)<\/li>\n<li>12 opcji smakowych<\/li>\n<\/ul>\n<h4>Cz\u0119sto zadawane pytania<\/h4>\n<h5>W jaki spos\u00f3b technologia podw\u00f3jnej cewki siatkowej poprawia wra\u017cenia z waporyzacji?<\/h5>\n<p>Technologia podw\u00f3jnej cewki siatkowej zapewnia wi\u0119ksz\u0105 powierzchni\u0119 grzewcz\u0105, co skutkuje bardziej r\u00f3wnomiernym ogrzewaniem i lepsz\u0105 produkcj\u0105 aromatu. Zapewnia to sp\u00f3jn\u0105 i bogat\u0105 par\u0119 przy ka\u017cdym zaci\u0105gni\u0119ciu, dostarczaj\u0105c najwy\u017cszej jako\u015bci wra\u017ce\u0144 z waporyzacji.<\/p>\n<h5>Jakie metody wysy\u0142ki s\u0105 dost\u0119pne?<\/h5>\n<p>Wsp\u00f3\u0142pracujemy z niezawodnymi przewo\u017anikami, takimi jak UPS, DHL, FedEx i DPD, aby zapewni\u0107 sprawn\u0105 dostaw\u0119 zam\u00f3wie\u0144. Metoda wysy\u0142ki jest wybierana na podstawie lokalizacji klienta, aby zapewni\u0107 optymaln\u0105 szybko\u015b\u0107 i niezawodno\u015b\u0107 dostawy.<\/p>\n<h5>Jak d\u0142ugo zazwyczaj trwa wysy\u0142ka?<\/h5>\n<p>Wysy\u0142ka trwa zazwyczaj od 7 do 15 dni roboczych. W szczycie sezonu lub przy niekorzystnych warunkach pogodowych mo\u017ce to potrwa\u0107 do 20 dni roboczych.<\/p>\n<h5>Czy napotkam jakie\u015b problemy celne lub dodatkowe op\u0142aty?<\/h5>\n<p>Zajmujemy si\u0119 wszystkimi procedurami odprawy celnej, zapewniaj\u0105c, \u017ce przesy\u0142ka przejdzie bez \u017cadnych problem\u00f3w. Nie poniesiesz \u017cadnych dodatkowych podatk\u00f3w ani op\u0142at. Gwarantujemy odpraw\u0119 celn\u0105 100%.<\/p>\n<h5>Jak mog\u0119 by\u0107 pewny jako\u015bci i niezawodno\u015bci produktu?<\/h5>\n<p>Akceptujemy bezpieczne p\u0142atno\u015bci PayPal z ochron\u0105 kupuj\u0105cego. Mo\u017cesz r\u00f3wnie\u017c przeczyta\u0107 opinie klient\u00f3w na <a href=\"https:\/\/www.trustpilot.com\/review\/volovape.com?utm_medium=trustbox&amp;utm_source=TrustBoxReviewCollector\">TrustPilot<\/a>gdzie wielu klient\u00f3w podzieli\u0142o si\u0119 pozytywnymi do\u015bwiadczeniami z naszymi produktami i us\u0142ugami.<\/p>","protected":false},"excerpt":{"rendered":"<p>Zanurz si\u0119 w doskona\u0142ym wapowaniu z Waspe 20000 Puffs Dual Mesh Box. Podw\u00f3jne cewki siatkowe, wy\u015bwietlacz LCD, 24 ml, akumulator 900 mAh. Idealny do u\u017cytku osobistego lub hurtowego, zapewniaj\u0105cy wyj\u0105tkowy smak.<\/p>","protected":false},"featured_media":169,"comment_status":"open","ping_status":"closed","template":"","meta":[],"product_brand":[],"product_cat":[17,42,21,43,18,39,20,23,24,22,25,26,27,28,29,30,31,32,33,34,35,44,36,40],"product_tag":[],"class_list":{"0":"post-75","1":"product","2":"type-product","3":"status-publish","4":"has-post-thumbnail","6":"product_cat-waspe","7":"product_cat-20000-puffs-disposable-vape","8":"product_cat-big-puffs-vapes","9":"product_cat-crystal-vapes","10":"product_cat-different-puffs-of-disposable-vapes","11":"product_cat-digital-box-vapes","12":"product_cat-disposable-vape-types","13":"product_cat-disposable-vapes-in-austria","14":"product_cat-disposable-vapes-in-belgium","15":"product_cat-disposable-vapes-in-europe","16":"product_cat-disposable-vapes-in-france","17":"product_cat-disposable-vapes-in-germany","18":"product_cat-disposable-vapes-in-hungary","19":"product_cat-disposable-vapes-in-ltaly","20":"product_cat-disposable-vapes-in-netherlands","21":"product_cat-disposable-vapes-in-norway","22":"product_cat-disposable-vapes-in-poland","23":"product_cat-disposable-vapes-in-portugal","24":"product_cat-disposable-vapes-in-spain","25":"product_cat-disposable-vapes-in-sweden","26":"product_cat-disposable-vapes-in-switzerland","27":"product_cat-dual-mesh-vapes","28":"product_cat-rechargeable-vapes","29":"product_cat-smart-screen-vapes","31":"first","32":"instock","33":"shipping-taxable","34":"purchasable","35":"product-type-variable","36":"has-default-attributes"},"jetpack_sharing_enabled":true,"tiered_pricing_type":"fixed","tiered_pricing_fixed_rules":{"2000":5.589999999999999857891452847979962825775146484375},"tiered_pricing_product_settings":{"layout":"default","base_unit_name":{"singular":null,"plural":null},"default_variation":null},"tiered_pricing_minimum_quantity":1000,"tiered_pricing_roles_data":[],"tiered_pricing_percentage_rules":[],"tiered_pricing_maximum_quantity":null,"tiered_pricing_quantity_step":"10","_links":{"self":[{"href":"https:\/\/volovape.com\/pl\/wp-json\/wp\/v2\/product\/75","targetHints":{"allow":["GET"]}}],"collection":[{"href":"https:\/\/volovape.com\/pl\/wp-json\/wp\/v2\/product"}],"about":[{"href":"https:\/\/volovape.com\/pl\/wp-json\/wp\/v2\/types\/product"}],"replies":[{"embeddable":true,"href":"https:\/\/volovape.com\/pl\/wp-json\/wp\/v2\/comments?post=75"}],"wp:featuredmedia":[{"embeddable":true,"href":"https:\/\/volovape.com\/pl\/wp-json\/wp\/v2\/media\/169"}],"wp:attachment":[{"href":"https:\/\/volovape.com\/pl\/wp-json\/wp\/v2\/media?parent=75"}],"wp:term":[{"taxonomy":"product_brand","embeddable":true,"href":"https:\/\/volovape.com\/pl\/wp-json\/wp\/v2\/product_brand?post=75"},{"taxonomy":"product_cat","embeddable":true,"href":"https:\/\/volovape.com\/pl\/wp-json\/wp\/v2\/product_cat?post=75"},{"taxonomy":"product_tag","embeddable":true,"href":"https:\/\/volovape.com\/pl\/wp-json\/wp\/v2\/product_tag?post=75"}],"curies":[{"name":"wp","href":"https:\/\/api.w.org\/{rel}","templated":true}]}}