{"id":748,"date":"2024-11-21T03:32:38","date_gmt":"2024-11-21T03:32:38","guid":{"rendered":"https:\/\/volovape.com\/?post_type=product&#038;p=748"},"modified":"2025-07-13T13:47:58","modified_gmt":"2025-07-13T13:47:58","slug":"fumot-randm-supbliss-bingo-8000-puffow","status":"publish","type":"product","link":"https:\/\/volovape.com\/pl\/product\/fumot-randm-supbliss-bingo-8000-puffs\/","title":{"rendered":"FUMOT RandM Supbliss Bingo 8000 Puffs Jednorazowy Vape - cewka siatkowa, \u0142adowalny"},"content":{"rendered":"<p><iframe title=\"Odtwarzacz wideo VideoPress\" aria-label='Odtwarzacz wideo VideoPress' width='500' height='281' src='https:\/\/videopress.com\/embed\/HYtqBAv2?hd=0&amp;cover=1' frameborder='0' allowfullscreen allow='clipboard-write'><\/iframe><script src='https:\/\/v0.wordpress.com\/js\/next\/videopress-iframe.js?m=1739540970'><\/script><\/p>\n<p><strong>FUMOT RandM Supbliss Bingo 8000 Puffs Mesh Coil Vape jednorazowego u\u017cytku<\/strong> - Ciesz si\u0119 stylowym i d\u0142ugotrwa\u0142ym wapowaniem z FUMOT RandM Supbliss Bingo 8000. Ten jednorazowy waporyzator zapewnia do 8000 zaci\u0105gni\u0119\u0107 i jest wyposa\u017cony w zbiornik e-liquidu o pojemno\u015bci 16 ml oraz akumulator o pojemno\u015bci 600 mAh. Zaawansowana technologia cewki siatkowej zapewnia niezmiennie g\u0142adk\u0105 i aromatyczn\u0105 par\u0119, idealn\u0105 do u\u017cytku osobistego i jednorazowych hurtowych zam\u00f3wie\u0144 vape. Do wyboru s\u0105 modele o mocy nikotyny 0%, 2%, 3% lub 5% oraz 12 pysznych smak\u00f3w.<\/p>\n<h3><strong>FUMOT RandM Supbliss Bingo 8000 Puffs Cechy:<\/strong><\/h3>\n<ul>\n<li>Puffy: 8000 puff\u00f3w<\/li>\n<li>Pojemno\u015b\u0107 e-liquidu: 16 ml<\/li>\n<li>Bateria: 600 mAh (akumulator)<\/li>\n<li>\u0141adowanie: Typ-C<\/li>\n<li>Cewka: Siatkowa cewka<\/li>\n<li>Moc nikotyny: 0%, 2%, 3%, 5%<\/li>\n<li>Opcje smakowe: Energy Drink, Strawberry Kiwi, Strawberry Watermelon, Sakura Grape, Peach Mango, Blue Razz Cherry, Strawberry Ice Cream, Gummy Bear, Honeydew Melon, Mix Fruit, Lychee Cola, Pink Lemon.<\/li>\n<\/ul>\n<h4>Cz\u0119sto zadawane pytania<\/h4>\n<h5>W jaki spos\u00f3b cewka siatkowa poprawia wra\u017cenia z waporyzacji?<\/h5>\n<p>Siatkowa konstrukcja cewki zapewnia wi\u0119ksz\u0105 powierzchni\u0119 grzewcz\u0105, co skutkuje bardziej r\u00f3wnomiernym ogrzewaniem oraz lepsz\u0105 produkcj\u0105 smaku i pary. Technologia ta zapewnia niezmiennie p\u0142ynne i satysfakcjonuj\u0105ce doznania podczas waporyzacji.<\/p>\n<h5>Jakie metody wysy\u0142ki s\u0105 dost\u0119pne?<\/h5>\n<p>Wsp\u00f3\u0142pracujemy z niezawodnymi przewo\u017anikami, w tym UPS, DHL, FedEx i DPD, aby oferowa\u0107 wydajn\u0105 i niezawodn\u0105 wysy\u0142k\u0119. Najbardziej odpowiednia metoda wysy\u0142ki jest wybierana na podstawie lokalizacji dostawy.<\/p>\n<h5>Jak d\u0142ugo zazwyczaj trwa wysy\u0142ka?<\/h5>\n<p>Wysy\u0142ka trwa zwykle od 7 do 15 dni roboczych, ale w okresie \u015bwi\u0105tecznym lub w przypadku niekorzystnych warunk\u00f3w pogodowych czas dostawy mo\u017ce wyd\u0142u\u017cy\u0107 si\u0119 do 20 dni roboczych.<\/p>\n<h5>Czy ponios\u0119 jakiekolwiek op\u0142aty celne lub podatki?<\/h5>\n<p>Zajmujemy si\u0119 wszystkimi odprawami celnymi, gwarantuj\u0105c, \u017ce nie poniesiesz \u017cadnych dodatkowych podatk\u00f3w ani op\u0142at. 100% naszych produkt\u00f3w przechodzi odpraw\u0119 celn\u0105 bez \u017cadnych problem\u00f3w.<\/p>\n<h5>Czy m\u00f3j zakup jest bezpieczny i godny zaufania?<\/h5>\n<p>Oferujemy bezpieczne transakcje dzi\u0119ki ochronie kupuj\u0105cych w systemie PayPal. Mo\u017cesz r\u00f3wnie\u017c zweryfikowa\u0107 nasz\u0105 niezawodno\u015b\u0107, sprawdzaj\u0105c opinie klient\u00f3w na stronie <a href=\"https:\/\/www.trustpilot.com\/review\/volovape.com?utm_medium=trustbox&amp;utm_source=TrustBoxReviewCollector\">TrustPilot<\/a>.<\/p>","protected":false},"excerpt":{"rendered":"<p>Kup FUMOT RandM Supbliss Bingo 8000 Puffs jednorazowy Vape hurtowo. Dzi\u0119ki technologii cewek siatkowych, eleganckiemu wzornictwu i wielu opcjom nikotynowym jest to najlepszy wyb\u00f3r hurtowy dla sprzedawc\u00f3w i dostawc\u00f3w vape.<\/p>","protected":false},"featured_media":1133,"comment_status":"open","ping_status":"closed","template":"","meta":[],"product_brand":[],"product_cat":[52,37,21,18,20,23,24,22,25,26,27,28,29,30,31,32,33,34,35],"product_tag":[],"class_list":{"0":"post-748","1":"product","2":"type-product","3":"status-publish","4":"has-post-thumbnail","6":"product_cat-randm","7":"product_cat-8000-puffs-disposable-vape","8":"product_cat-big-puffs-vapes","9":"product_cat-different-puffs-of-disposable-vapes","10":"product_cat-disposable-vape-types","11":"product_cat-disposable-vapes-in-austria","12":"product_cat-disposable-vapes-in-belgium","13":"product_cat-disposable-vapes-in-europe","14":"product_cat-disposable-vapes-in-france","15":"product_cat-disposable-vapes-in-germany","16":"product_cat-disposable-vapes-in-hungary","17":"product_cat-disposable-vapes-in-ltaly","18":"product_cat-disposable-vapes-in-netherlands","19":"product_cat-disposable-vapes-in-norway","20":"product_cat-disposable-vapes-in-poland","21":"product_cat-disposable-vapes-in-portugal","22":"product_cat-disposable-vapes-in-spain","23":"product_cat-disposable-vapes-in-sweden","24":"product_cat-disposable-vapes-in-switzerland","26":"first","27":"instock","28":"shipping-taxable","29":"purchasable","30":"product-type-variable","31":"has-default-attributes"},"jetpack_sharing_enabled":true,"tiered_pricing_type":"fixed","tiered_pricing_fixed_rules":{"2000":7.9000000000000003552713678800500929355621337890625},"tiered_pricing_product_settings":{"layout":"default","base_unit_name":{"singular":null,"plural":null},"default_variation":null},"tiered_pricing_minimum_quantity":1000,"tiered_pricing_roles_data":[],"tiered_pricing_percentage_rules":[],"tiered_pricing_maximum_quantity":null,"tiered_pricing_quantity_step":"100","_links":{"self":[{"href":"https:\/\/volovape.com\/pl\/wp-json\/wp\/v2\/product\/748","targetHints":{"allow":["GET"]}}],"collection":[{"href":"https:\/\/volovape.com\/pl\/wp-json\/wp\/v2\/product"}],"about":[{"href":"https:\/\/volovape.com\/pl\/wp-json\/wp\/v2\/types\/product"}],"replies":[{"embeddable":true,"href":"https:\/\/volovape.com\/pl\/wp-json\/wp\/v2\/comments?post=748"}],"wp:featuredmedia":[{"embeddable":true,"href":"https:\/\/volovape.com\/pl\/wp-json\/wp\/v2\/media\/1133"}],"wp:attachment":[{"href":"https:\/\/volovape.com\/pl\/wp-json\/wp\/v2\/media?parent=748"}],"wp:term":[{"taxonomy":"product_brand","embeddable":true,"href":"https:\/\/volovape.com\/pl\/wp-json\/wp\/v2\/product_brand?post=748"},{"taxonomy":"product_cat","embeddable":true,"href":"https:\/\/volovape.com\/pl\/wp-json\/wp\/v2\/product_cat?post=748"},{"taxonomy":"product_tag","embeddable":true,"href":"https:\/\/volovape.com\/pl\/wp-json\/wp\/v2\/product_tag?post=748"}],"curies":[{"name":"wp","href":"https:\/\/api.w.org\/{rel}","templated":true}]}}