{"id":74,"date":"2024-11-21T03:26:51","date_gmt":"2024-11-21T03:26:51","guid":{"rendered":"https:\/\/volovape.com\/?post_type=product&#038;p=74"},"modified":"2025-09-08T03:35:12","modified_gmt":"2025-09-08T03:35:12","slug":"waspe-15000-zaciagniec","status":"publish","type":"product","link":"https:\/\/volovape.com\/pl\/product\/waspe-15000-puffs\/","title":{"rendered":"Waspe 15000 Puffs Jednorazowy akumulator Vape z wy\u015bwietlaczem LCD (0-5% Nikotyna)"},"content":{"rendered":"<p><iframe title=\"Odtwarzacz wideo VideoPress\" aria-label='Odtwarzacz wideo VideoPress' width='500' height='281' src='https:\/\/videopress.com\/embed\/8ucqlbSL?hd=0&amp;cover=1' frameborder='0' allowfullscreen allow='clipboard-write'><\/iframe><script src='https:\/\/v0.wordpress.com\/js\/next\/videopress-iframe.js?m=1739540970'><\/script><\/p>\n<p><strong>Waspe 15000 Puffs jednorazowy akumulator Vape z wy\u015bwietlaczem LCD<\/strong> - Vaping o wysokiej wydajno\u015bci z inteligentnym monitorowaniem.<\/p>\n<p>Ten <strong>Waspe 15000 zaci\u0105gni\u0119\u0107<\/strong> Jednorazowy vape zapewnia imponuj\u0105c\u0105 <strong>15 000 zaci\u0105gni\u0119\u0107<\/strong>wyposa\u017cony w du\u017cy <strong>Pojemno\u015b\u0107 e-liquidu 22 ml<\/strong> i <strong>Akumulator 850mAh<\/strong> z <strong>\u0141adowanie typu C<\/strong> do d\u0142u\u017cszego u\u017cytkowania. Zintegrowany <strong>Wy\u015bwietlacz LCD<\/strong> umo\u017cliwia \u0142atwe \u015bledzenie \u017cywotno\u015bci baterii i liczby zaci\u0105gni\u0119\u0107. Bateria <strong>Cewka o oczkach 0,8\u03a9<\/strong> Zapewnia p\u0142ynn\u0105, sta\u0142\u0105 produkcj\u0119 pary, dost\u0119pna w nast\u0119puj\u0105cych wersjach <strong>Moc nikotyny 0%, 2%, 3% lub 5%<\/strong>. Do wyboru <strong>12 r\u00f3\u017cnorodnych smak\u00f3w<\/strong>w tym Orange Soda i Blue Razz Lemon. Idealny dla osobistej przyjemno\u015bci lub <strong>hurtownia vape jednorazowego u\u017cytku<\/strong>To urz\u0105dzenie oferuje zar\u00f3wno wydajno\u015b\u0107, jak i wygod\u0119. Dla <strong>zam\u00f3wienie zbiorcze<\/strong> prosimy o kontakt.<\/p>\n<h3><strong>Cechy Waspe 15000:<\/strong><\/h3>\n<ul>\n<li>Puffy: Do 15 000<\/li>\n<li>Pojemno\u015b\u0107 e-liquidu: 22 ml<\/li>\n<li>Bateria: 850 mAh (akumulator)<\/li>\n<li>\u0141adowanie: Typ-C<\/li>\n<li>Cewka: cewka siatkowa 0,8\u03a9<\/li>\n<li>Moc nikotyny: 0%, 2%, 3%, 5%<\/li>\n<li>Wy\u015bwietlacz: LCD (bateria i liczba zaci\u0105gni\u0119\u0107)<\/li>\n<li>12 opcji smakowych<\/li>\n<\/ul>\n<h4>Cz\u0119sto zadawane pytania<\/h4>\n<h5>W jaki spos\u00f3b wy\u015bwietlacz LCD zwi\u0119ksza u\u017cyteczno\u015b\u0107?<\/h5>\n<p>Wy\u015bwietlacz LCD zapewnia aktualizacje poziomu na\u0142adowania baterii i liczby zaci\u0105gni\u0119\u0107 w czasie rzeczywistym, umo\u017cliwiaj\u0105c monitorowanie zu\u017cycia i efektywne planowanie sesji waporyzacji. Funkcja ta zwi\u0119ksza wygod\u0119 i zapewnia, \u017ce zawsze jeste\u015b \u015bwiadomy stanu swojego urz\u0105dzenia.<\/p>\n<h5>Jakie metody wysy\u0142ki s\u0105 dost\u0119pne?<\/h5>\n<p>Wsp\u00f3\u0142pracujemy z zaufanymi przewo\u017anikami, takimi jak UPS, DHL, FedEx i DPD, aby dostarcza\u0107 zam\u00f3wienia. Najbardziej odpowiednia metoda wysy\u0142ki jest wybierana na podstawie lokalizacji klienta, aby zapewni\u0107 skuteczn\u0105 i niezawodn\u0105 dostaw\u0119.<\/p>\n<h5>Jaki jest typowy czas trwania wysy\u0142ki?<\/h5>\n<p>Wysy\u0142ka trwa zazwyczaj od 7 do 15 dni roboczych. W okresie \u015bwi\u0105t lub niekorzystnych warunk\u00f3w pogodowych mo\u017ce to potrwa\u0107 do 20 dni roboczych.<\/p>\n<h5>Czy s\u0105 jakie\u015b kwestie celne lub dodatkowe op\u0142aty?<\/h5>\n<p>Zarz\u0105dzamy wszystkimi procedurami odprawy celnej, zapewniaj\u0105c, \u017ce przesy\u0142ka przejdzie bez \u017cadnych problem\u00f3w. Nie ma \u017cadnych dodatkowych podatk\u00f3w ani op\u0142at. Gwarantujemy odpraw\u0119 celn\u0105 100%.<\/p>\n<h5>Jak mog\u0119 zweryfikowa\u0107 jako\u015b\u0107 i niezawodno\u015b\u0107 produktu?<\/h5>\n<p>Obs\u0142ugujemy bezpieczne p\u0142atno\u015bci PayPal z ochron\u0105 kupuj\u0105cego. Mo\u017cesz r\u00f3wnie\u017c przeczyta\u0107 opinie klient\u00f3w na <a href=\"https:\/\/www.trustpilot.com\/review\/volovape.com?utm_medium=trustbox&amp;utm_source=TrustBoxReviewCollector\">TrustPilot<\/a>gdzie wielu klient\u00f3w podzieli\u0142o si\u0119 pozytywnymi do\u015bwiadczeniami z naszymi produktami i us\u0142ugami.<\/p>","protected":false},"excerpt":{"rendered":"<p>Do\u015bwiadcz d\u0142u\u017cszego wapowania z Waspe 15000 Puffs. Wy\u015bwietlacz LCD, oczko 0,8\u03a9, pojemno\u015b\u0107 22 ml, akumulator 850 mAh. Idealny do u\u017cytku osobistego lub hurtowego, oferuj\u0105cy g\u0142adk\u0105 par\u0119 i r\u00f3\u017cnorodne opcje nikotyny.<\/p>","protected":false},"featured_media":154,"comment_status":"open","ping_status":"closed","template":"","meta":[],"product_brand":[],"product_cat":[17,41,21,18,20,23,24,22,25,26,27,28,29,30,31,32,33,34,35,36,40],"product_tag":[],"class_list":{"0":"post-74","1":"product","2":"type-product","3":"status-publish","4":"has-post-thumbnail","6":"product_cat-waspe","7":"product_cat-15000-puffs-disposable-vape","8":"product_cat-big-puffs-vapes","9":"product_cat-different-puffs-of-disposable-vapes","10":"product_cat-disposable-vape-types","11":"product_cat-disposable-vapes-in-austria","12":"product_cat-disposable-vapes-in-belgium","13":"product_cat-disposable-vapes-in-europe","14":"product_cat-disposable-vapes-in-france","15":"product_cat-disposable-vapes-in-germany","16":"product_cat-disposable-vapes-in-hungary","17":"product_cat-disposable-vapes-in-ltaly","18":"product_cat-disposable-vapes-in-netherlands","19":"product_cat-disposable-vapes-in-norway","20":"product_cat-disposable-vapes-in-poland","21":"product_cat-disposable-vapes-in-portugal","22":"product_cat-disposable-vapes-in-spain","23":"product_cat-disposable-vapes-in-sweden","24":"product_cat-disposable-vapes-in-switzerland","25":"product_cat-rechargeable-vapes","26":"product_cat-smart-screen-vapes","28":"first","29":"instock","30":"shipping-taxable","31":"purchasable","32":"product-type-variable","33":"has-default-attributes"},"jetpack_sharing_enabled":true,"tiered_pricing_type":"fixed","tiered_pricing_fixed_rules":{"2000":4.75},"tiered_pricing_product_settings":{"layout":"default","base_unit_name":{"singular":null,"plural":null},"default_variation":null},"tiered_pricing_minimum_quantity":1000,"tiered_pricing_roles_data":[],"tiered_pricing_percentage_rules":[],"tiered_pricing_maximum_quantity":null,"tiered_pricing_quantity_step":"10","_links":{"self":[{"href":"https:\/\/volovape.com\/pl\/wp-json\/wp\/v2\/product\/74","targetHints":{"allow":["GET"]}}],"collection":[{"href":"https:\/\/volovape.com\/pl\/wp-json\/wp\/v2\/product"}],"about":[{"href":"https:\/\/volovape.com\/pl\/wp-json\/wp\/v2\/types\/product"}],"replies":[{"embeddable":true,"href":"https:\/\/volovape.com\/pl\/wp-json\/wp\/v2\/comments?post=74"}],"wp:featuredmedia":[{"embeddable":true,"href":"https:\/\/volovape.com\/pl\/wp-json\/wp\/v2\/media\/154"}],"wp:attachment":[{"href":"https:\/\/volovape.com\/pl\/wp-json\/wp\/v2\/media?parent=74"}],"wp:term":[{"taxonomy":"product_brand","embeddable":true,"href":"https:\/\/volovape.com\/pl\/wp-json\/wp\/v2\/product_brand?post=74"},{"taxonomy":"product_cat","embeddable":true,"href":"https:\/\/volovape.com\/pl\/wp-json\/wp\/v2\/product_cat?post=74"},{"taxonomy":"product_tag","embeddable":true,"href":"https:\/\/volovape.com\/pl\/wp-json\/wp\/v2\/product_tag?post=74"}],"curies":[{"name":"wp","href":"https:\/\/api.w.org\/{rel}","templated":true}]}}